{"id":40,"date":"2020-01-16T11:30:27","date_gmt":"2020-01-16T09:30:27","guid":{"rendered":"http:\/\/tejasborja.com\/borjajet\/?page_id=40"},"modified":"2020-01-29T18:30:07","modified_gmt":"2020-01-29T16:30:07","slug":"contacto","status":"publish","type":"page","link":"https:\/\/tejasborja.com\/borjajet\/contacto\/","title":{"rendered":"Contacto"},"content":{"rendered":"<div class=\"fusion-fullwidth fullwidth-box fusion-builder-row-1 nonhundred-percent-fullwidth non-hundred-percent-height-scrolling\" style=\"background-color: rgba(255,255,255,0);background-position: center center;background-repeat: no-repeat;padding-top:0px;padding-right:0px;padding-bottom:0px;padding-left:0px;margin-bottom: 0px;margin-top: 50px;border-width: 0px 0px 0px 0px;border-color:#eae9e9;border-style:solid;\" ><div class=\"fusion-builder-row fusion-row\"><div class=\"fusion-layout-column fusion_builder_column fusion-builder-column-0 fusion_builder_column_2_5 2_5 fusion-two-fifth fusion-column-first\" style=\"width:40%;width:calc(40% - ( ( 4% ) * 0.4 ) );margin-right: 4%;margin-top:0px;margin-bottom:10px;\"><div class=\"fusion-column-wrapper fusion-flex-column-wrapper-legacy\" style=\"background-position:left top;background-repeat:no-repeat;-webkit-background-size:cover;-moz-background-size:cover;-o-background-size:cover;background-size:cover;padding: 0px 0px 0px 0px;\"><div class=\"fusion-text fusion-text-1\"><p><i class=\"fas fa-map-marker-alt\" style=\"font-size: 60px; padding-left: 9vh; margin-bottom: 5px;\"><\/i><br \/>\nCtra. Ll\u00edria a Pedralba Km. 3<br \/>\n46160 Ll\u00edria, Valencia, SPAIN<br \/>\n<strong>T:<\/strong> +34 96 279 80 14<br \/>\n<strong>F<\/strong>: +34 96 278 25 63<br \/>\n<strong>E-mail:<\/strong> <a href=\"mailto:info@tejasborja.com\" target=\"_blank\" rel=\"noopener noreferrer\">info [a] tejasborja.com<\/a><br \/>\n<strong>Horario general:<\/strong> 8:00 \u2013 14:00 \/ 15:30 \u2013 18:30<\/p>\n<\/div><div class=\"fusion-clearfix\"><\/div><\/div><\/div><div class=\"fusion-layout-column fusion_builder_column fusion-builder-column-1 fusion_builder_column_3_5 3_5 fusion-three-fifth fusion-column-last\" style=\"width:60%;width:calc(60% - ( ( 4% ) * 0.6 ) );margin-top:0px;margin-bottom:10px;\"><div class=\"fusion-column-wrapper fusion-flex-column-wrapper-legacy\" style=\"background-position:left top;background-repeat:no-repeat;-webkit-background-size:cover;-moz-background-size:cover;-o-background-size:cover;background-size:cover;padding: 0px 0px 0px 0px;\">\n<div class=\"wpcf7 no-js\" id=\"wpcf7-f170-o1\" lang=\"es-ES\" dir=\"ltr\" data-wpcf7-id=\"170\">\n<div class=\"screen-reader-response\"><p role=\"status\" aria-live=\"polite\" aria-atomic=\"true\"><\/p> <ul><\/ul><\/div>\n<form action=\"\/borjajet\/wp-json\/wp\/v2\/pages\/40#wpcf7-f170-o1\" method=\"post\" class=\"wpcf7-form init\" aria-label=\"Formulario de contacto\" novalidate=\"novalidate\" data-status=\"init\">\n<fieldset class=\"hidden-fields-container\"><input type=\"hidden\" name=\"_wpcf7\" value=\"170\" \/><input type=\"hidden\" name=\"_wpcf7_version\" value=\"6.1.5\" \/><input type=\"hidden\" name=\"_wpcf7_locale\" value=\"es_ES\" \/><input type=\"hidden\" name=\"_wpcf7_unit_tag\" value=\"wpcf7-f170-o1\" \/><input type=\"hidden\" name=\"_wpcf7_container_post\" value=\"0\" \/><input type=\"hidden\" name=\"_wpcf7_posted_data_hash\" value=\"\" \/><input type=\"hidden\" name=\"_wpcf7dtx_version\" value=\"5.0.5\" \/>\n<\/fieldset>\n<div style=\"margin-bottom: 35px; width:100%;\" class=\"fusion-one-half fusion-layout-column fusion-spacing-yes\">\n\t<div class=\"col-xs-12 col-sm-4\">\n\t\t<p><span class=\"wpcf7-form-control-wrap\" data-name=\"your-name\"><input size=\"40\" maxlength=\"400\" class=\"wpcf7-form-control wpcf7-text wpcf7-validates-as-required\" aria-required=\"true\" aria-invalid=\"false\" placeholder=\"nombre\" value=\"\" type=\"text\" name=\"your-name\" \/><\/span>\n\t\t<\/p>\n\t\t<p><span class=\"wpcf7-form-control-wrap\" data-name=\"your-email\"><input size=\"40\" maxlength=\"400\" class=\"wpcf7-form-control wpcf7-email wpcf7-validates-as-required wpcf7-text wpcf7-validates-as-email\" aria-required=\"true\" aria-invalid=\"false\" placeholder=\"e-mail\" value=\"\" type=\"email\" name=\"your-email\" \/><\/span>\n\t\t<\/p>\n\t\t<p><span class=\"wpcf7-form-control-wrap\" data-name=\"provincia\"><input size=\"40\" maxlength=\"400\" class=\"wpcf7-form-control wpcf7-text\" aria-invalid=\"false\" placeholder=\"pais\/provincia\" value=\"\" type=\"text\" name=\"provincia\" \/><\/span>\n\t\t<\/p>\n\t<\/div>\n\t<div class=\"col-xs-12 col-sm-8\">\n\t\t<p><span class=\"wpcf7-form-control-wrap\" data-name=\"your-message\"><textarea cols=\"40\" rows=\"10\" maxlength=\"2000\" class=\"wpcf7-form-control wpcf7-textarea wpcf7-validates-as-required textarea-contacto\" aria-required=\"true\" aria-invalid=\"false\" placeholder=\"comentario\" name=\"your-message\"><\/textarea><\/span>\n\t\t<\/p>\n\t\t<p><span class=\"wpcf7-form-control-wrap\" data-name=\"acceptance-474\"><span class=\"wpcf7-form-control wpcf7-acceptance\"><span class=\"wpcf7-list-item\"><input type=\"checkbox\" name=\"acceptance-474\" value=\"1\" aria-invalid=\"false\" \/><\/span><\/span><\/span> He le\u00eddo y acepto la <a href=\"https:\/\/tejasborja.com\/politica-de-privacidad\/\" target=\"_blank\">pol\u00edtica de privacidad<\/a> de la empresa.\n\t\t<\/p>\n\t<\/div>\n<\/div>\n<div class=\"row\">\n\t<div class=\"col-xs-12 col-sm-12\">\n\t\t<center>\n\t\t\t<p><input class=\"wpcf7-form-control wpcf7-submit has-spinner\" type=\"submit\" value=\"Enviar\" \/>\n\t\t\t<\/p>\n\t\t<\/center>\n\t<\/div>\n<\/div><div class=\"fusion-alert alert custom alert-custom fusion-alert-center wpcf7-response-output fusion-alert-capitalize alert-dismissable\" style=\"border-width:1px;\"><button type=\"button\" class=\"close toggle-alert\" data-dismiss=\"alert\" aria-label=\"Close\">&times;<\/button><div class=\"fusion-alert-content-wrapper\"><span class=\"fusion-alert-content\"><\/span><\/div><\/div>\n<\/form>\n<\/div>\n<div class=\"fusion-clearfix\"><\/div><\/div><\/div><\/div><\/div>\n","protected":false},"excerpt":{"rendered":"","protected":false},"author":1,"featured_media":0,"parent":0,"menu_order":0,"comment_status":"closed","ping_status":"closed","template":"contact.php","meta":{"_acf_changed":false,"_monsterinsights_skip_tracking":false,"_monsterinsights_sitenote_active":false,"_monsterinsights_sitenote_note":"","_monsterinsights_sitenote_category":0,"footnotes":""},"class_list":["post-40","page","type-page","status-publish","hentry"],"acf":[],"yoast_head":"<!-- This site is optimized with the Yoast SEO plugin v27.4 - https:\/\/yoast.com\/product\/yoast-seo-wordpress\/ -->\n<title>Contacto &#8226; Borjajet<\/title>\n<meta name=\"robots\" content=\"index, follow, max-snippet:-1, max-image-preview:large, max-video-preview:-1\" \/>\n<link rel=\"canonical\" href=\"https:\/\/tejasborja.com\/borjajet\/contacto\/\" \/>\n<meta property=\"og:locale\" content=\"es_ES\" \/>\n<meta property=\"og:type\" content=\"article\" \/>\n<meta property=\"og:title\" content=\"Contacto &#8226; Borjajet\" \/>\n<meta property=\"og:url\" content=\"https:\/\/tejasborja.com\/borjajet\/contacto\/\" \/>\n<meta property=\"og:site_name\" content=\"Borjajet\" \/>\n<meta property=\"article:publisher\" content=\"https:\/\/www.facebook.com\/TejasBorjaRoofTiles\/\" \/>\n<meta property=\"article:modified_time\" content=\"2020-01-29T16:30:07+00:00\" \/>\n<meta name=\"twitter:card\" content=\"summary_large_image\" \/>\n<meta name=\"twitter:site\" content=\"@tejasborja\" \/>\n<meta name=\"twitter:label1\" content=\"Tiempo de lectura\" \/>\n\t<meta name=\"twitter:data1\" content=\"3 minutos\" \/>\n<script type=\"application\/ld+json\" class=\"yoast-schema-graph\">{\"@context\":\"https:\\\/\\\/schema.org\",\"@graph\":[{\"@type\":\"WebPage\",\"@id\":\"https:\\\/\\\/tejasborja.com\\\/borjajet\\\/contacto\\\/\",\"url\":\"https:\\\/\\\/tejasborja.com\\\/borjajet\\\/contacto\\\/\",\"name\":\"Contacto &#8226; Borjajet\",\"isPartOf\":{\"@id\":\"https:\\\/\\\/tejasborja.com\\\/borjajet\\\/#website\"},\"datePublished\":\"2020-01-16T09:30:27+00:00\",\"dateModified\":\"2020-01-29T16:30:07+00:00\",\"breadcrumb\":{\"@id\":\"https:\\\/\\\/tejasborja.com\\\/borjajet\\\/contacto\\\/#breadcrumb\"},\"inLanguage\":\"es\",\"potentialAction\":[{\"@type\":\"ReadAction\",\"target\":[\"https:\\\/\\\/tejasborja.com\\\/borjajet\\\/contacto\\\/\"]}]},{\"@type\":\"BreadcrumbList\",\"@id\":\"https:\\\/\\\/tejasborja.com\\\/borjajet\\\/contacto\\\/#breadcrumb\",\"itemListElement\":[{\"@type\":\"ListItem\",\"position\":1,\"name\":\"Portada\",\"item\":\"https:\\\/\\\/tejasborja.com\\\/borjajet\\\/\"},{\"@type\":\"ListItem\",\"position\":2,\"name\":\"Contacto\"}]},{\"@type\":\"WebSite\",\"@id\":\"https:\\\/\\\/tejasborja.com\\\/borjajet\\\/#website\",\"url\":\"https:\\\/\\\/tejasborja.com\\\/borjajet\\\/\",\"name\":\"Borjajet\",\"description\":\"La nueva dimensi\u00f3n en decoraci\u00f3n y dise\u00f1o de tejas cer\u00e1micas\",\"publisher\":{\"@id\":\"https:\\\/\\\/tejasborja.com\\\/borjajet\\\/#organization\"},\"potentialAction\":[{\"@type\":\"SearchAction\",\"target\":{\"@type\":\"EntryPoint\",\"urlTemplate\":\"https:\\\/\\\/tejasborja.com\\\/borjajet\\\/?s={search_term_string}\"},\"query-input\":{\"@type\":\"PropertyValueSpecification\",\"valueRequired\":true,\"valueName\":\"search_term_string\"}}],\"inLanguage\":\"es\"},{\"@type\":\"Organization\",\"@id\":\"https:\\\/\\\/tejasborja.com\\\/borjajet\\\/#organization\",\"name\":\"Tejas Borja\",\"url\":\"https:\\\/\\\/tejasborja.com\\\/borjajet\\\/\",\"logo\":{\"@type\":\"ImageObject\",\"inLanguage\":\"es\",\"@id\":\"https:\\\/\\\/tejasborja.com\\\/borjajet\\\/#\\\/schema\\\/logo\\\/image\\\/\",\"url\":\"https:\\\/\\\/tejasborja.com\\\/borjajet\\\/wp-content\\\/uploads\\\/2020\\\/01\\\/logo-es.jpg\",\"contentUrl\":\"https:\\\/\\\/tejasborja.com\\\/borjajet\\\/wp-content\\\/uploads\\\/2020\\\/01\\\/logo-es.jpg\",\"width\":122,\"height\":50,\"caption\":\"Tejas Borja\"},\"image\":{\"@id\":\"https:\\\/\\\/tejasborja.com\\\/borjajet\\\/#\\\/schema\\\/logo\\\/image\\\/\"},\"sameAs\":[\"https:\\\/\\\/www.facebook.com\\\/TejasBorjaRoofTiles\\\/\",\"https:\\\/\\\/x.com\\\/tejasborja\",\"https:\\\/\\\/www.linkedin.com\\\/company\\\/tejas-borja\",\"https:\\\/\\\/www.pinterest.com\\\/tejasborja\",\"https:\\\/\\\/www.youtube.com\\\/channel\\\/UCvnav_SUJ0caNQW2sHkOPPg\"]}]}<\/script>\n<!-- \/ Yoast SEO plugin. -->","yoast_head_json":{"title":"Contacto &#8226; Borjajet","robots":{"index":"index","follow":"follow","max-snippet":"max-snippet:-1","max-image-preview":"max-image-preview:large","max-video-preview":"max-video-preview:-1"},"canonical":"https:\/\/tejasborja.com\/borjajet\/contacto\/","og_locale":"es_ES","og_type":"article","og_title":"Contacto &#8226; Borjajet","og_url":"https:\/\/tejasborja.com\/borjajet\/contacto\/","og_site_name":"Borjajet","article_publisher":"https:\/\/www.facebook.com\/TejasBorjaRoofTiles\/","article_modified_time":"2020-01-29T16:30:07+00:00","twitter_card":"summary_large_image","twitter_site":"@tejasborja","twitter_misc":{"Tiempo de lectura":"3 minutos"},"schema":{"@context":"https:\/\/schema.org","@graph":[{"@type":"WebPage","@id":"https:\/\/tejasborja.com\/borjajet\/contacto\/","url":"https:\/\/tejasborja.com\/borjajet\/contacto\/","name":"Contacto &#8226; Borjajet","isPartOf":{"@id":"https:\/\/tejasborja.com\/borjajet\/#website"},"datePublished":"2020-01-16T09:30:27+00:00","dateModified":"2020-01-29T16:30:07+00:00","breadcrumb":{"@id":"https:\/\/tejasborja.com\/borjajet\/contacto\/#breadcrumb"},"inLanguage":"es","potentialAction":[{"@type":"ReadAction","target":["https:\/\/tejasborja.com\/borjajet\/contacto\/"]}]},{"@type":"BreadcrumbList","@id":"https:\/\/tejasborja.com\/borjajet\/contacto\/#breadcrumb","itemListElement":[{"@type":"ListItem","position":1,"name":"Portada","item":"https:\/\/tejasborja.com\/borjajet\/"},{"@type":"ListItem","position":2,"name":"Contacto"}]},{"@type":"WebSite","@id":"https:\/\/tejasborja.com\/borjajet\/#website","url":"https:\/\/tejasborja.com\/borjajet\/","name":"Borjajet","description":"La nueva dimensi\u00f3n en decoraci\u00f3n y dise\u00f1o de tejas cer\u00e1micas","publisher":{"@id":"https:\/\/tejasborja.com\/borjajet\/#organization"},"potentialAction":[{"@type":"SearchAction","target":{"@type":"EntryPoint","urlTemplate":"https:\/\/tejasborja.com\/borjajet\/?s={search_term_string}"},"query-input":{"@type":"PropertyValueSpecification","valueRequired":true,"valueName":"search_term_string"}}],"inLanguage":"es"},{"@type":"Organization","@id":"https:\/\/tejasborja.com\/borjajet\/#organization","name":"Tejas Borja","url":"https:\/\/tejasborja.com\/borjajet\/","logo":{"@type":"ImageObject","inLanguage":"es","@id":"https:\/\/tejasborja.com\/borjajet\/#\/schema\/logo\/image\/","url":"https:\/\/tejasborja.com\/borjajet\/wp-content\/uploads\/2020\/01\/logo-es.jpg","contentUrl":"https:\/\/tejasborja.com\/borjajet\/wp-content\/uploads\/2020\/01\/logo-es.jpg","width":122,"height":50,"caption":"Tejas Borja"},"image":{"@id":"https:\/\/tejasborja.com\/borjajet\/#\/schema\/logo\/image\/"},"sameAs":["https:\/\/www.facebook.com\/TejasBorjaRoofTiles\/","https:\/\/x.com\/tejasborja","https:\/\/www.linkedin.com\/company\/tejas-borja","https:\/\/www.pinterest.com\/tejasborja","https:\/\/www.youtube.com\/channel\/UCvnav_SUJ0caNQW2sHkOPPg"]}]}},"_links":{"self":[{"href":"https:\/\/tejasborja.com\/borjajet\/wp-json\/wp\/v2\/pages\/40","targetHints":{"allow":["GET"]}}],"collection":[{"href":"https:\/\/tejasborja.com\/borjajet\/wp-json\/wp\/v2\/pages"}],"about":[{"href":"https:\/\/tejasborja.com\/borjajet\/wp-json\/wp\/v2\/types\/page"}],"author":[{"embeddable":true,"href":"https:\/\/tejasborja.com\/borjajet\/wp-json\/wp\/v2\/users\/1"}],"replies":[{"embeddable":true,"href":"https:\/\/tejasborja.com\/borjajet\/wp-json\/wp\/v2\/comments?post=40"}],"version-history":[{"count":11,"href":"https:\/\/tejasborja.com\/borjajet\/wp-json\/wp\/v2\/pages\/40\/revisions"}],"predecessor-version":[{"id":171,"href":"https:\/\/tejasborja.com\/borjajet\/wp-json\/wp\/v2\/pages\/40\/revisions\/171"}],"wp:attachment":[{"href":"https:\/\/tejasborja.com\/borjajet\/wp-json\/wp\/v2\/media?parent=40"}],"curies":[{"name":"wp","href":"https:\/\/api.w.org\/{rel}","templated":true}]}}