{"id":17854,"date":"2024-06-13T07:24:31","date_gmt":"2024-06-13T05:24:31","guid":{"rendered":"https:\/\/tejasborja.com\/tejas\/"},"modified":"2025-09-09T10:28:01","modified_gmt":"2025-09-09T08:28:01","slug":"roof-tiles","status":"publish","type":"page","link":"https:\/\/tejasborja.com\/en\/roof-tiles\/","title":{"rendered":"Roof tiles"},"content":{"rendered":"\n<div id=\"Header-block_ad989ce88edbd4acd62b897e4600f015\" class=\"v2 Header normal\" style=\"background-color: \">\n\n        <div class=\"d-none d-lg-block\">\n        <div class=\"container\">\n            <div class=\"row align-items-center\">\n                <div class=\"col-12 col-lg-7\">\n                    <div class=\"textos\">\n                                                    <div class=\"titulo\"><p class='text3XL'>Roof tiles<\/p>\n<\/div>\n                                                    <div class=\"subtitulo textXL\"><p class=''>Discover our ceramic roof tiles of the highest quality.<\/p>\n<\/div>\n                                                    <div class=\"texto\"><p>Our selection of <strong>high quality ceramic roof tiles<\/strong> are designed to offer<strong> durability<\/strong>, <strong>aesthetics<\/strong> and <strong>exceptional performance<\/strong> for every project.<\/p>\n<p>From the most classic and traditional designs to the most innovative options, our <strong>roof tiles combine tradition and technology<\/strong> to suit any architectural style, providing an elegant finish and unrivalled reliability.<\/p>\n<\/div>\n                                            <\/div>\n                <\/div>\n                <div class=\"col-12 col-lg-5\">\n                                            <img decoding=\"async\" width=\"264\" height=\"265\" data-src=\"https:\/\/tejasborja.com\/wp-content\/uploads\/2024\/06\/image-10.webp\" class=\"imagen lazyload\" alt=\"\" data-srcset=\"https:\/\/tejasborja.com\/wp-content\/uploads\/2024\/06\/image-10.webp 264w, https:\/\/tejasborja.com\/wp-content\/uploads\/2024\/06\/image-10-150x150.webp 150w\" data-sizes=\"auto, (max-width: 264px) 100vw, 264px\" src=\"data:image\/svg+xml;base64,PHN2ZyB3aWR0aD0iMSIgaGVpZ2h0PSIxIiB4bWxucz0iaHR0cDovL3d3dy53My5vcmcvMjAwMC9zdmciPjwvc3ZnPg==\" style=\"--smush-placeholder-width: 264px; --smush-placeholder-aspect-ratio: 264\/265;\" \/>                                    <\/div>\n            <\/div>\n        <\/div>\n    <\/div>\n    <div class=\"d-block d-lg-none\">\n        <div class=\"container\">\n            <div class=\"row\">\n                <div class=\"col-12\">\n                    <div class=\"textos\">\n                                                    <div class=\"titulo\"><p class='text3XL'>Roof tiles<\/p>\n<\/div>\n                                                    <div class=\"subtitulo textXL\"><p class=''>Discover our ceramic roof tiles of the highest quality.<\/p>\n<\/div>\n                                                    <div class=\"texto\"><p>Our selection of <strong>high quality ceramic roof tiles<\/strong> are designed to offer<strong> durability<\/strong>, <strong>aesthetics<\/strong> and <strong>exceptional performance<\/strong> for every project.<\/p>\n<p>From the most classic and traditional designs to the most innovative options, our <strong>roof tiles combine tradition and technology<\/strong> to suit any architectural style, providing an elegant finish and unrivalled reliability.<\/p>\n<\/div>\n                                            <\/div>\n                <\/div>\n            <\/div>\n        <\/div>\n    <\/div>\n\n\n    \n<\/div>\n\n\n\n<div id=\"DistributivaTarjetas-block_13a928eabd7cba3f2c5fc979aea68d24\" class=\"DistributivaTarjetas v1\" style=\"background-color: \">\n    <div class=\"container\">\n        <div class=\"row\">\n            <div class=\"col-12\">\n                <div class=\"tarjetasGrid\">\n                                                                    <a href=\"https:\/\/tejasborja.com\/en\/roof-tiles\/flat-roof-tiles\/\">\n                            <div data-aos=\"fade-up\" class=\"tarjeta\">\n                                <div class=\"imagen\">\n                                                                        <div class=\"overflow-hidden\">\n                                        <img decoding=\"async\" width=\"410\" height=\"400\" data-src=\"https:\/\/tejasborja.com\/wp-content\/uploads\/2025\/08\/TEJAS-planas.jpg\" class=\"img-fluid lazyload\" alt=\"\" data-srcset=\"https:\/\/tejasborja.com\/wp-content\/uploads\/2025\/08\/TEJAS-planas.jpg 410w, https:\/\/tejasborja.com\/wp-content\/uploads\/2025\/08\/TEJAS-planas-300x293.jpg 300w\" data-sizes=\"auto, (max-width: 410px) 100vw, 410px\" src=\"data:image\/svg+xml;base64,PHN2ZyB3aWR0aD0iMSIgaGVpZ2h0PSIxIiB4bWxucz0iaHR0cDovL3d3dy53My5vcmcvMjAwMC9zdmciPjwvc3ZnPg==\" style=\"--smush-placeholder-width: 410px; --smush-placeholder-aspect-ratio: 410\/400;\" \/>                                    <\/div>\n                                                                        <div class=\"title textXL\"><p>Flat Roof Tiles<\/p>\n<\/div>\n                                    <div class=\"text\"><p>The world&#8217;s largest ceramic roof tile, perfectly flat roof tiles and Marseille roof tiles are available in the Tejas Borja catalogue.<\/p>\n<\/div>\n                                <\/div>\n                                <span class=\"underlineCta mt-0 mt-lg-4\" href=\"https:\/\/tejasborja.com\/en\/roof-tiles\/flat-roof-tiles\/\">\n                                    More information                                    <img decoding=\"async\" alt=\"icon\" class=\"icon lazyload\" data-src=\"https:\/\/tejasborja.com\/wp-content\/themes\/tejasborja\/assets\/images\/right-chevron-primary.svg\" src=\"data:image\/svg+xml;base64,PHN2ZyB3aWR0aD0iMSIgaGVpZ2h0PSIxIiB4bWxucz0iaHR0cDovL3d3dy53My5vcmcvMjAwMC9zdmciPjwvc3ZnPg==\" \/>\n                                <\/span>\n                            <\/div>\n                        <\/a>\n                                                <a href=\"https:\/\/tejasborja.com\/en\/roof-tiles\/s-interlocking-roof-tiles\/\">\n                            <div data-aos=\"fade-up\" class=\"tarjeta\">\n                                <div class=\"imagen\">\n                                                                        <div class=\"overflow-hidden\">\n                                        <img decoding=\"async\" width=\"410\" height=\"400\" data-src=\"https:\/\/tejasborja.com\/wp-content\/uploads\/2025\/08\/TEJAS-mixtas.jpg\" class=\"img-fluid lazyload\" alt=\"\" data-srcset=\"https:\/\/tejasborja.com\/wp-content\/uploads\/2025\/08\/TEJAS-mixtas.jpg 410w, https:\/\/tejasborja.com\/wp-content\/uploads\/2025\/08\/TEJAS-mixtas-300x293.jpg 300w\" data-sizes=\"auto, (max-width: 410px) 100vw, 410px\" src=\"data:image\/svg+xml;base64,PHN2ZyB3aWR0aD0iMSIgaGVpZ2h0PSIxIiB4bWxucz0iaHR0cDovL3d3dy53My5vcmcvMjAwMC9zdmciPjwvc3ZnPg==\" style=\"--smush-placeholder-width: 410px; --smush-placeholder-aspect-ratio: 410\/400;\" \/>                                    <\/div>\n                                                                        <div class=\"title textXL\"><p>S-interlocking roof tiles<\/p>\n<\/div>\n                                    <div class=\"text\"><p>French roof tiles or Spanish S roof tiles. In shape of curved and flat profiles with a wide variety of finishes and maximum installation performance.<\/p>\n<\/div>\n                                <\/div>\n                                <span class=\"underlineCta mt-0 mt-lg-4\" href=\"https:\/\/tejasborja.com\/en\/roof-tiles\/s-interlocking-roof-tiles\/\">\n                                    More information                                    <img decoding=\"async\" alt=\"icon\" class=\"icon lazyload\" data-src=\"https:\/\/tejasborja.com\/wp-content\/themes\/tejasborja\/assets\/images\/right-chevron-primary.svg\" src=\"data:image\/svg+xml;base64,PHN2ZyB3aWR0aD0iMSIgaGVpZ2h0PSIxIiB4bWxucz0iaHR0cDovL3d3dy53My5vcmcvMjAwMC9zdmciPjwvc3ZnPg==\" \/>\n                                <\/span>\n                            <\/div>\n                        <\/a>\n                                                <a href=\"https:\/\/tejasborja.com\/en\/roof-tiles\/curved-roof-tiles\/\">\n                            <div data-aos=\"fade-up\" class=\"tarjeta\">\n                                <div class=\"imagen\">\n                                                                        <div class=\"overflow-hidden\">\n                                        <img decoding=\"async\" width=\"410\" height=\"400\" data-src=\"https:\/\/tejasborja.com\/wp-content\/uploads\/2025\/08\/TEJAS-curvas.jpg\" class=\"img-fluid lazyload\" alt=\"\" data-srcset=\"https:\/\/tejasborja.com\/wp-content\/uploads\/2025\/08\/TEJAS-curvas.jpg 410w, https:\/\/tejasborja.com\/wp-content\/uploads\/2025\/08\/TEJAS-curvas-300x293.jpg 300w\" data-sizes=\"auto, (max-width: 410px) 100vw, 410px\" src=\"data:image\/svg+xml;base64,PHN2ZyB3aWR0aD0iMSIgaGVpZ2h0PSIxIiB4bWxucz0iaHR0cDovL3d3dy53My5vcmcvMjAwMC9zdmciPjwvc3ZnPg==\" style=\"--smush-placeholder-width: 410px; --smush-placeholder-aspect-ratio: 410\/400;\" \/>                                    <\/div>\n                                                                        <div class=\"title textXL\"><p>Curved roof tiles<\/p>\n<\/div>\n                                    <div class=\"text\"><p>The best curved ceramic roof tiles on the market. Available in different sizes, this is a classic Mediterranean roof tile format that never goes out of fashion. Discover Tejas Borja&#8217;s curved roof tiles!<\/p>\n<\/div>\n                                <\/div>\n                                <span class=\"underlineCta mt-0 mt-lg-4\" href=\"https:\/\/tejasborja.com\/en\/roof-tiles\/curved-roof-tiles\/\">\n                                    More information                                    <img decoding=\"async\" alt=\"icon\" class=\"icon lazyload\" data-src=\"https:\/\/tejasborja.com\/wp-content\/themes\/tejasborja\/assets\/images\/right-chevron-primary.svg\" src=\"data:image\/svg+xml;base64,PHN2ZyB3aWR0aD0iMSIgaGVpZ2h0PSIxIiB4bWxucz0iaHR0cDovL3d3dy53My5vcmcvMjAwMC9zdmciPjwvc3ZnPg==\" \/>\n                                <\/span>\n                            <\/div>\n                        <\/a>\n                                                            <\/div>\n            <\/div>\n        <\/div>\n    <\/div>\n<\/div>\n\n\n\n<div id=\"ImagenTexto-block_2b783a883b532f59dae9935c95ac4fb3\" class=\"ImagenTexto\" style=\"background-color: #f5f5f5\">\n\n    <div data-aos=\"fade-up\" class=\"container\">\n        <div class=\"row align-items-center\">\n            <div class=\"imagen col-12 col-lg-5 pb-3 pb-lg-0  izquierda pe-lg-5\">\n                                                        <img decoding=\"async\" width=\"1785\" height=\"1773\" data-src=\"https:\/\/tejasborja.com\/wp-content\/uploads\/2024\/06\/99345aaaa692564e4c4030ad1e441f2e.webp\" class=\"imagen img-fluid normal lazyload\" alt=\"\" data-srcset=\"https:\/\/tejasborja.com\/wp-content\/uploads\/2024\/06\/99345aaaa692564e4c4030ad1e441f2e.webp 1785w, https:\/\/tejasborja.com\/wp-content\/uploads\/2024\/06\/99345aaaa692564e4c4030ad1e441f2e-300x298.webp 300w, https:\/\/tejasborja.com\/wp-content\/uploads\/2024\/06\/99345aaaa692564e4c4030ad1e441f2e-1024x1017.webp 1024w, https:\/\/tejasborja.com\/wp-content\/uploads\/2024\/06\/99345aaaa692564e4c4030ad1e441f2e-150x150.webp 150w, https:\/\/tejasborja.com\/wp-content\/uploads\/2024\/06\/99345aaaa692564e4c4030ad1e441f2e-768x763.webp 768w, https:\/\/tejasborja.com\/wp-content\/uploads\/2024\/06\/99345aaaa692564e4c4030ad1e441f2e-1536x1526.webp 1536w\" data-sizes=\"auto, (max-width: 1785px) 100vw, 1785px\" src=\"data:image\/svg+xml;base64,PHN2ZyB3aWR0aD0iMSIgaGVpZ2h0PSIxIiB4bWxucz0iaHR0cDovL3d3dy53My5vcmcvMjAwMC9zdmciPjwvc3ZnPg==\" style=\"--smush-placeholder-width: 1785px; --smush-placeholder-aspect-ratio: 1785\/1773;\" \/>                                                <\/div>\n            <div class=\"col-12 col-lg-7\">\n                <div class=\"textos\">\n                                        <div class=\"titulo\"><p class=''>BorjaJET<\/p>\n<\/div>\n                    <div class=\"subtitulo\"><p>Ceramic Roof Tiles with InkJet Decoration<\/p>\n<\/div>\n                    <div class=\"texto\"><p>A revolution that redefines roofing, offering unique products with varied finishes and unprecedented quality.<\/p>\n<p>Explore our innovative range of ceramic roof tiles with BorjaJET, Tejas Borja&#8217;s exclusive and unique inkjet technology. We fuse the aesthetics of natural materials, such as slate, stone, marble, wood, rust and more, with the technical advantages of ceramics.<br \/>\nA revolution that redefines roofing, offering unique products with varied finishes and unprecedented quality.<\/p>\n<\/div>\n                                            <a class=\"primaryCta\" href=\"https:\/\/tejasborja.com\/en\/finishings\/ \" target=\"\">Discover the finishings<\/a>\n                                    <\/div>\n            <\/div>\n        <\/div>\n    <\/div>\n\n<\/div>\n","protected":false},"excerpt":{"rendered":"","protected":false},"author":4,"featured_media":0,"parent":0,"menu_order":0,"comment_status":"closed","ping_status":"closed","template":"","meta":{"_acf_changed":false,"_eb_attr":"","footnotes":""},"class_list":["post-17854","page","type-page","status-publish","hentry"],"acf":[],"yoast_head":"<!-- This site is optimized with the Yoast SEO plugin v27.3 - https:\/\/yoast.com\/product\/yoast-seo-wordpress\/ -->\n<title>Roof tiles - Tejas Borja<\/title>\n<meta name=\"robots\" content=\"index, follow, max-snippet:-1, max-image-preview:large, max-video-preview:-1\" \/>\n<link rel=\"canonical\" href=\"https:\/\/tejasborja.com\/en\/roof-tiles\/\" \/>\n<meta property=\"og:locale\" content=\"en_US\" \/>\n<meta property=\"og:type\" content=\"article\" \/>\n<meta property=\"og:title\" content=\"Roof tiles - Tejas Borja\" \/>\n<meta property=\"og:url\" content=\"https:\/\/tejasborja.com\/en\/roof-tiles\/\" \/>\n<meta property=\"og:site_name\" content=\"Tejas Borja\" \/>\n<meta property=\"article:modified_time\" content=\"2025-09-09T08:28:01+00:00\" \/>\n<meta name=\"twitter:card\" content=\"summary_large_image\" \/>\n<script type=\"application\/ld+json\" class=\"yoast-schema-graph\">{\"@context\":\"https:\\\/\\\/schema.org\",\"@graph\":[{\"@type\":\"WebPage\",\"@id\":\"https:\\\/\\\/tejasborja.com\\\/en\\\/roof-tiles\\\/\",\"url\":\"https:\\\/\\\/tejasborja.com\\\/en\\\/roof-tiles\\\/\",\"name\":\"Roof tiles - Tejas Borja\",\"isPartOf\":{\"@id\":\"https:\\\/\\\/tejasborja.com\\\/en\\\/#website\"},\"datePublished\":\"2024-06-13T05:24:31+00:00\",\"dateModified\":\"2025-09-09T08:28:01+00:00\",\"breadcrumb\":{\"@id\":\"https:\\\/\\\/tejasborja.com\\\/en\\\/roof-tiles\\\/#breadcrumb\"},\"inLanguage\":\"en-US\",\"potentialAction\":[{\"@type\":\"ReadAction\",\"target\":[\"https:\\\/\\\/tejasborja.com\\\/en\\\/roof-tiles\\\/\"]}]},{\"@type\":\"BreadcrumbList\",\"@id\":\"https:\\\/\\\/tejasborja.com\\\/en\\\/roof-tiles\\\/#breadcrumb\",\"itemListElement\":[{\"@type\":\"ListItem\",\"position\":1,\"name\":\"Portada\",\"item\":\"https:\\\/\\\/tejasborja.com\\\/en\\\/\"},{\"@type\":\"ListItem\",\"position\":2,\"name\":\"Roof tiles\"}]},{\"@type\":\"WebSite\",\"@id\":\"https:\\\/\\\/tejasborja.com\\\/en\\\/#website\",\"url\":\"https:\\\/\\\/tejasborja.com\\\/en\\\/\",\"name\":\"Tejas Borja\",\"description\":\"TEJAS BORJA la gama m\u00e1s amplia de tejas cer\u00e1micas del mercado. Especialistas en tejas mixtas, tejas planas y tejas curvas tanto para rehabilitaci\u00f3n de cubiertas como para tejados de obra nueva. Una marca con m\u00e1s de 110 a\u00f1os de experiencia....\",\"publisher\":{\"@id\":\"https:\\\/\\\/tejasborja.com\\\/en\\\/#organization\"},\"potentialAction\":[{\"@type\":\"SearchAction\",\"target\":{\"@type\":\"EntryPoint\",\"urlTemplate\":\"https:\\\/\\\/tejasborja.com\\\/en\\\/?s={search_term_string}\"},\"query-input\":{\"@type\":\"PropertyValueSpecification\",\"valueRequired\":true,\"valueName\":\"search_term_string\"}}],\"inLanguage\":\"en-US\"},{\"@type\":\"Organization\",\"@id\":\"https:\\\/\\\/tejasborja.com\\\/en\\\/#organization\",\"name\":\"Tejas Borja\",\"url\":\"https:\\\/\\\/tejasborja.com\\\/en\\\/\",\"logo\":{\"@type\":\"ImageObject\",\"inLanguage\":\"en-US\",\"@id\":\"https:\\\/\\\/tejasborja.com\\\/en\\\/#\\\/schema\\\/logo\\\/image\\\/\",\"url\":\"https:\\\/\\\/tejasborja.com\\\/wp-content\\\/uploads\\\/2025\\\/08\\\/Logo-Tejas-Borja-Blanco-1.png\",\"contentUrl\":\"https:\\\/\\\/tejasborja.com\\\/wp-content\\\/uploads\\\/2025\\\/08\\\/Logo-Tejas-Borja-Blanco-1.png\",\"width\":150,\"height\":50,\"caption\":\"Tejas Borja\"},\"image\":{\"@id\":\"https:\\\/\\\/tejasborja.com\\\/en\\\/#\\\/schema\\\/logo\\\/image\\\/\"}}]}<\/script>\n<!-- \/ Yoast SEO plugin. -->","yoast_head_json":{"title":"Roof tiles - Tejas Borja","robots":{"index":"index","follow":"follow","max-snippet":"max-snippet:-1","max-image-preview":"max-image-preview:large","max-video-preview":"max-video-preview:-1"},"canonical":"https:\/\/tejasborja.com\/en\/roof-tiles\/","og_locale":"en_US","og_type":"article","og_title":"Roof tiles - Tejas Borja","og_url":"https:\/\/tejasborja.com\/en\/roof-tiles\/","og_site_name":"Tejas Borja","article_modified_time":"2025-09-09T08:28:01+00:00","twitter_card":"summary_large_image","schema":{"@context":"https:\/\/schema.org","@graph":[{"@type":"WebPage","@id":"https:\/\/tejasborja.com\/en\/roof-tiles\/","url":"https:\/\/tejasborja.com\/en\/roof-tiles\/","name":"Roof tiles - Tejas Borja","isPartOf":{"@id":"https:\/\/tejasborja.com\/en\/#website"},"datePublished":"2024-06-13T05:24:31+00:00","dateModified":"2025-09-09T08:28:01+00:00","breadcrumb":{"@id":"https:\/\/tejasborja.com\/en\/roof-tiles\/#breadcrumb"},"inLanguage":"en-US","potentialAction":[{"@type":"ReadAction","target":["https:\/\/tejasborja.com\/en\/roof-tiles\/"]}]},{"@type":"BreadcrumbList","@id":"https:\/\/tejasborja.com\/en\/roof-tiles\/#breadcrumb","itemListElement":[{"@type":"ListItem","position":1,"name":"Portada","item":"https:\/\/tejasborja.com\/en\/"},{"@type":"ListItem","position":2,"name":"Roof tiles"}]},{"@type":"WebSite","@id":"https:\/\/tejasborja.com\/en\/#website","url":"https:\/\/tejasborja.com\/en\/","name":"Tejas Borja","description":"TEJAS BORJA la gama m\u00e1s amplia de tejas cer\u00e1micas del mercado. Especialistas en tejas mixtas, tejas planas y tejas curvas tanto para rehabilitaci\u00f3n de cubiertas como para tejados de obra nueva. Una marca con m\u00e1s de 110 a\u00f1os de experiencia....","publisher":{"@id":"https:\/\/tejasborja.com\/en\/#organization"},"potentialAction":[{"@type":"SearchAction","target":{"@type":"EntryPoint","urlTemplate":"https:\/\/tejasborja.com\/en\/?s={search_term_string}"},"query-input":{"@type":"PropertyValueSpecification","valueRequired":true,"valueName":"search_term_string"}}],"inLanguage":"en-US"},{"@type":"Organization","@id":"https:\/\/tejasborja.com\/en\/#organization","name":"Tejas Borja","url":"https:\/\/tejasborja.com\/en\/","logo":{"@type":"ImageObject","inLanguage":"en-US","@id":"https:\/\/tejasborja.com\/en\/#\/schema\/logo\/image\/","url":"https:\/\/tejasborja.com\/wp-content\/uploads\/2025\/08\/Logo-Tejas-Borja-Blanco-1.png","contentUrl":"https:\/\/tejasborja.com\/wp-content\/uploads\/2025\/08\/Logo-Tejas-Borja-Blanco-1.png","width":150,"height":50,"caption":"Tejas Borja"},"image":{"@id":"https:\/\/tejasborja.com\/en\/#\/schema\/logo\/image\/"}}]}},"_links":{"self":[{"href":"https:\/\/tejasborja.com\/en\/wp-json\/wp\/v2\/pages\/17854","targetHints":{"allow":["GET"]}}],"collection":[{"href":"https:\/\/tejasborja.com\/en\/wp-json\/wp\/v2\/pages"}],"about":[{"href":"https:\/\/tejasborja.com\/en\/wp-json\/wp\/v2\/types\/page"}],"author":[{"embeddable":true,"href":"https:\/\/tejasborja.com\/en\/wp-json\/wp\/v2\/users\/4"}],"replies":[{"embeddable":true,"href":"https:\/\/tejasborja.com\/en\/wp-json\/wp\/v2\/comments?post=17854"}],"version-history":[{"count":0,"href":"https:\/\/tejasborja.com\/en\/wp-json\/wp\/v2\/pages\/17854\/revisions"}],"wp:attachment":[{"href":"https:\/\/tejasborja.com\/en\/wp-json\/wp\/v2\/media?parent=17854"}],"curies":[{"name":"wp","href":"https:\/\/api.w.org\/{rel}","templated":true}]}}