{"id":17865,"date":"2024-06-13T07:25:10","date_gmt":"2024-06-13T05:25:10","guid":{"rendered":"https:\/\/tejasborja.com\/tejas\/tejas-solares\/"},"modified":"2025-09-01T12:41:07","modified_gmt":"2025-09-01T10:41:07","slug":"solar-roof-tiles","status":"publish","type":"page","link":"https:\/\/tejasborja.com\/en\/solar-roof-tiles\/","title":{"rendered":"Solar roof tiles"},"content":{"rendered":"\n<div id=\"Header-block_78aee70a24604c691a579b9e6575944f\" class=\"v2 Header normal\" style=\"background-color: \">\n\n        <div class=\"d-none d-lg-block\">\n        <div class=\"container\">\n            <div class=\"row align-items-center\">\n                <div class=\"col-12 col-lg-7\">\n                    <div class=\"textos\">\n                                                    <div class=\"titulo\"><h1 class='text3XL'>Solar roof tiles<\/h1>\n<\/div>\n                                                    <div class=\"subtitulo textXL\"><h2 class=''>An inexhaustible, environmentally friendly and efficient energy source integrated into the roof<\/h2>\n<\/div>\n                                                    <div class=\"texto\"><p><strong>Solar roof tiles<\/strong> represent an <strong>innovative solution<\/strong> that combines the functionality of pitched roofs in general with the capacity to<strong> generate clean, renewable energy<\/strong>.<\/p>\n<p>At <strong>Tejas Borja<\/strong>, we have developed a <strong>range of solar roof tiles<\/strong> that integrate perfectly with ceramic roofs, allowing photovoltaic collection <strong>without compromising the aesthetics of the building<\/strong>.<\/p>\n<p>Opting for <strong>Tejas Borja&#8217;s solar solutions<\/strong> is a commitment to sustainability and energy savings. They contribute to reducing the carbon footprint and dependence on conventional energy sources, offering an ecological and profitable alternative for the future.<\/p>\n<p>Discover how <strong>Tejas Borja solar roof tiles<\/strong> can transform your roof into a clean and efficient energy source, combining tradition and innovation for a more sustainable world.<\/p>\n<p><strong>Innovation and seamless roof integration: Tejas Borja Solar Roof Tiles<\/strong><\/p>\n<\/div>\n                                            <\/div>\n                <\/div>\n                <div class=\"col-12 col-lg-5\">\n                                            <img decoding=\"async\" width=\"414\" height=\"246\" data-src=\"https:\/\/tejasborja.com\/wp-content\/uploads\/2024\/12\/HOME-section-solar.webp\" class=\"imagen lazyload\" alt=\"\" data-srcset=\"https:\/\/tejasborja.com\/wp-content\/uploads\/2024\/12\/HOME-section-solar.webp 414w, https:\/\/tejasborja.com\/wp-content\/uploads\/2024\/12\/HOME-section-solar-300x178.webp 300w\" data-sizes=\"auto, (max-width: 414px) 100vw, 414px\" src=\"data:image\/svg+xml;base64,PHN2ZyB3aWR0aD0iMSIgaGVpZ2h0PSIxIiB4bWxucz0iaHR0cDovL3d3dy53My5vcmcvMjAwMC9zdmciPjwvc3ZnPg==\" style=\"--smush-placeholder-width: 414px; --smush-placeholder-aspect-ratio: 414\/246;\" \/>                                    <\/div>\n            <\/div>\n        <\/div>\n    <\/div>\n    <div class=\"d-block d-lg-none\">\n        <div class=\"container\">\n            <div class=\"row\">\n                <div class=\"col-12\">\n                    <div class=\"textos\">\n                                                    <div class=\"titulo\"><h1 class='text3XL'>Solar roof tiles<\/h1>\n<\/div>\n                                                    <div class=\"subtitulo textXL\"><h2 class=''>An inexhaustible, environmentally friendly and efficient energy source integrated into the roof<\/h2>\n<\/div>\n                                                    <div class=\"texto\"><p><strong>Solar roof tiles<\/strong> represent an <strong>innovative solution<\/strong> that combines the functionality of pitched roofs in general with the capacity to<strong> generate clean, renewable energy<\/strong>.<\/p>\n<p>At <strong>Tejas Borja<\/strong>, we have developed a <strong>range of solar roof tiles<\/strong> that integrate perfectly with ceramic roofs, allowing photovoltaic collection <strong>without compromising the aesthetics of the building<\/strong>.<\/p>\n<p>Opting for <strong>Tejas Borja&#8217;s solar solutions<\/strong> is a commitment to sustainability and energy savings. They contribute to reducing the carbon footprint and dependence on conventional energy sources, offering an ecological and profitable alternative for the future.<\/p>\n<p>Discover how <strong>Tejas Borja solar roof tiles<\/strong> can transform your roof into a clean and efficient energy source, combining tradition and innovation for a more sustainable world.<\/p>\n<p><strong>Innovation and seamless roof integration: Tejas Borja Solar Roof Tiles<\/strong><\/p>\n<\/div>\n                                            <\/div>\n                <\/div>\n            <\/div>\n        <\/div>\n    <\/div>\n\n\n    \n<\/div>\n\n\n\n<div id=\"ListadoTejas-block_3eaf5f2d6a68ef419441f3881ad39908\" class=\"ListadoTejas\" style=\"background-color: \">\n    <div class=\"container\">\n        <div class=\"row\">\n            <div class=\"col-12\">\n                <div class=\"listadoGrid\">\n                                            <a style=\"text-decoration: none\" href=\"https:\/\/tejasborja.com\/en\/solar\/solar-flat-5xl\/\">\n                            <div class=\"producto\">\n                                                                    <img decoding=\"async\" width=\"600\" height=\"500\" data-src=\"https:\/\/tejasborja.com\/wp-content\/uploads\/2024\/09\/TEJAS-FLAT5XL-SOLAR-0.webp\" class=\"image lazyload\" alt=\"SOLAR FLAT-5XL\" data-srcset=\"https:\/\/tejasborja.com\/wp-content\/uploads\/2024\/09\/TEJAS-FLAT5XL-SOLAR-0.webp 600w, https:\/\/tejasborja.com\/wp-content\/uploads\/2024\/09\/TEJAS-FLAT5XL-SOLAR-0-300x250.webp 300w\" data-sizes=\"auto, (max-width: 600px) 100vw, 600px\" src=\"data:image\/svg+xml;base64,PHN2ZyB3aWR0aD0iMSIgaGVpZ2h0PSIxIiB4bWxucz0iaHR0cDovL3d3dy53My5vcmcvMjAwMC9zdmciPjwvc3ZnPg==\" style=\"--smush-placeholder-width: 600px; --smush-placeholder-aspect-ratio: 600\/500;\" \/>                                                                <div class=\"contenido w-100\">\n                                    <div class=\"productTitle textLG\"><h2><span style=\"color: #d92830;\">SOLAR <\/span>FLAT-5XL<\/h2>\n<\/div>\n                                    <div class=\"productDesc\">La perfecta integraci\u00f3n se completa en la instalaci\u00f3n de la cubierta o fachada con las tejas FLAT-5XL y sus Piezas de terminaci\u00f3n.<\/div>\n                                    <div class=\"underlineCta\">\n                                        More information                                        <img decoding=\"async\" alt=\"icon\" class=\"icon lazyload\" data-src=\"https:\/\/tejasborja.com\/wp-content\/themes\/tejasborja\/assets\/images\/right-chevron-primary.svg\" src=\"data:image\/svg+xml;base64,PHN2ZyB3aWR0aD0iMSIgaGVpZ2h0PSIxIiB4bWxucz0iaHR0cDovL3d3dy53My5vcmcvMjAwMC9zdmciPjwvc3ZnPg==\" \/>\n                                    <\/div>\n                                <\/div>\n                            <\/div>\n                        <\/a>\n                                            <a style=\"text-decoration: none\" href=\"https:\/\/tejasborja.com\/en\/solar\/solar-flat-10\/\">\n                            <div class=\"producto\">\n                                                                    <img decoding=\"async\" width=\"600\" height=\"500\" data-src=\"https:\/\/tejasborja.com\/wp-content\/uploads\/2024\/09\/TEJAS-FLAT10-SOLAR-0.webp\" class=\"image lazyload\" alt=\"SOLAR FLAT-10\" data-srcset=\"https:\/\/tejasborja.com\/wp-content\/uploads\/2024\/09\/TEJAS-FLAT10-SOLAR-0.webp 600w, https:\/\/tejasborja.com\/wp-content\/uploads\/2024\/09\/TEJAS-FLAT10-SOLAR-0-300x250.webp 300w\" data-sizes=\"auto, (max-width: 600px) 100vw, 600px\" src=\"data:image\/svg+xml;base64,PHN2ZyB3aWR0aD0iMSIgaGVpZ2h0PSIxIiB4bWxucz0iaHR0cDovL3d3dy53My5vcmcvMjAwMC9zdmciPjwvc3ZnPg==\" style=\"--smush-placeholder-width: 600px; --smush-placeholder-aspect-ratio: 600\/500;\" \/>                                                                <div class=\"contenido w-100\">\n                                    <div class=\"productTitle textLG\"><h2><span style=\"color: #d92830;\">SOLAR <\/span>FLAT-10<\/h2>\n<\/div>\n                                    <div class=\"productDesc\">La durabilidad y rendimiento a lo largo del tiempo est\u00e1n garantizados por la estructura del propio producto y el uso de panel glass-glass (doble capa de vidrio templado) que asegura un encapsulado estanco y duradero.<\/div>\n                                    <div class=\"underlineCta\">\n                                        More information                                        <img decoding=\"async\" alt=\"icon\" class=\"icon lazyload\" data-src=\"https:\/\/tejasborja.com\/wp-content\/themes\/tejasborja\/assets\/images\/right-chevron-primary.svg\" src=\"data:image\/svg+xml;base64,PHN2ZyB3aWR0aD0iMSIgaGVpZ2h0PSIxIiB4bWxucz0iaHR0cDovL3d3dy53My5vcmcvMjAwMC9zdmciPjwvc3ZnPg==\" \/>\n                                    <\/div>\n                                <\/div>\n                            <\/div>\n                        <\/a>\n                                            <a style=\"text-decoration: none\" href=\"https:\/\/tejasborja.com\/en\/solar\/easy-roof-integration\/\">\n                            <div class=\"producto\">\n                                                                    <img decoding=\"async\" width=\"210\" height=\"177\" data-src=\"https:\/\/tejasborja.com\/wp-content\/uploads\/2025\/09\/ERI.webp\" class=\"image lazyload\" alt=\"Easy Roof Integration\" src=\"data:image\/svg+xml;base64,PHN2ZyB3aWR0aD0iMSIgaGVpZ2h0PSIxIiB4bWxucz0iaHR0cDovL3d3dy53My5vcmcvMjAwMC9zdmciPjwvc3ZnPg==\" style=\"--smush-placeholder-width: 210px; --smush-placeholder-aspect-ratio: 210\/177;\" \/>                                                                <div class=\"contenido w-100\">\n                                    <div class=\"productTitle textLG\">Easy Roof Integration<\/div>\n                                    <div class=\"productDesc\">Sistema de fijaci\u00f3n para integrar paneles fotovoltaicos en cubiertas inclinadas con cualquier tipo de teja cer\u00e1mica. <\/div>\n                                    <div class=\"underlineCta\">\n                                        More information                                        <img decoding=\"async\" alt=\"icon\" class=\"icon lazyload\" data-src=\"https:\/\/tejasborja.com\/wp-content\/themes\/tejasborja\/assets\/images\/right-chevron-primary.svg\" src=\"data:image\/svg+xml;base64,PHN2ZyB3aWR0aD0iMSIgaGVpZ2h0PSIxIiB4bWxucz0iaHR0cDovL3d3dy53My5vcmcvMjAwMC9zdmciPjwvc3ZnPg==\" \/>\n                                    <\/div>\n                                <\/div>\n                            <\/div>\n                        <\/a>\n                                    <\/div>\n            <\/div>\n        <\/div>\n    <\/div>\n<\/div>\n\n\n\n<figure class=\"wp-block-image size-full container my-5 pb-5 text-end\"><a href=\"https:\/\/tejasborja.com\/en\/system\/eri\/\"><img decoding=\"async\" width=\"1085\" height=\"348\" data-src=\"https:\/\/tejasborja.com\/wp-content\/uploads\/2025\/01\/banner-eri-ES-1.gif\" alt=\"\" class=\"wp-image-47191 lazyload\" src=\"data:image\/svg+xml;base64,PHN2ZyB3aWR0aD0iMSIgaGVpZ2h0PSIxIiB4bWxucz0iaHR0cDovL3d3dy53My5vcmcvMjAwMC9zdmciPjwvc3ZnPg==\" style=\"--smush-placeholder-width: 1085px; --smush-placeholder-aspect-ratio: 1085\/348;\" \/><\/a><\/figure>\n\n\n<div id=\"FormularioHorario-block_fb682486c76655fe402c0b3b48a61c4e\" class=\"FormularioHorario\" style=\"background-color: #f5f5f5\">\n\n    <div class=\"container\">\n        <div class=\"row\">\n            <div class=\"col-12 col-lg-5 mx-auto\">\n                <div class=\"titulo textXL\"><h3 class=''>Do you need further guidance?<\/h3>\n<\/div>\n                <div class=\"texto textBody\"><p>We offer you advice on the most suitable materials for your roofs and the infinite possibilities of Tejas Borja products, as well as which is our point of sale or the nearest showroom where you can be attended personally by specialised personnel.<\/p>\n<\/div>\n                            <\/div>\n            <div class=\"col-12 col-lg-7 mx-auto\">\n                <div class=\"titulo second textXL\"><\/div>\n                <div class=\"formularioCont novalidate\">\n                                            \n<div class=\"wpcf7 no-js\" id=\"wpcf7-f46273-o1\" lang=\"en-US\" dir=\"ltr\" data-wpcf7-id=\"46273\">\n<div class=\"screen-reader-response\"><p role=\"status\" aria-live=\"polite\" aria-atomic=\"true\"><\/p> <ul><\/ul><\/div>\n<form action=\"\/en\/wp-json\/wp\/v2\/pages\/17865#wpcf7-f46273-o1\" method=\"post\" class=\"wpcf7-form init\" aria-label=\"Contact form\" novalidate=\"novalidate\" data-status=\"init\">\n<fieldset class=\"hidden-fields-container\"><input type=\"hidden\" name=\"_wpcf7\" value=\"46273\" \/><input type=\"hidden\" name=\"_wpcf7_version\" value=\"6.1.5\" \/><input type=\"hidden\" name=\"_wpcf7_locale\" value=\"en_US\" \/><input type=\"hidden\" name=\"_wpcf7_unit_tag\" value=\"wpcf7-f46273-o1\" \/><input type=\"hidden\" name=\"_wpcf7_container_post\" value=\"0\" \/><input type=\"hidden\" name=\"_wpcf7_posted_data_hash\" value=\"\" \/><input type=\"hidden\" name=\"_wpcf7cf_hidden_group_fields\" value=\"[]\" \/><input type=\"hidden\" name=\"_wpcf7cf_hidden_groups\" value=\"[]\" \/><input type=\"hidden\" name=\"_wpcf7cf_visible_groups\" value=\"[]\" \/><input type=\"hidden\" name=\"_wpcf7cf_repeaters\" value=\"[]\" \/><input type=\"hidden\" name=\"_wpcf7cf_steps\" value=\"{}\" \/><input type=\"hidden\" name=\"_wpcf7cf_options\" value=\"{&quot;form_id&quot;:46273,&quot;conditions&quot;:[],&quot;settings&quot;:{&quot;animation&quot;:&quot;yes&quot;,&quot;animation_intime&quot;:200,&quot;animation_outtime&quot;:200,&quot;conditions_ui&quot;:&quot;normal&quot;,&quot;notice_dismissed&quot;:false}}\" \/>\n<\/fieldset>\n<div class=\"row\">\n\t<div class=\"col-12 col-lg-6\">\n\t\t<p><label> Name<br \/>\n<span class=\"wpcf7-form-control-wrap\" data-name=\"your-name\"><input size=\"40\" maxlength=\"400\" class=\"wpcf7-form-control wpcf7-text wpcf7-validates-as-required\" autocomplete=\"name\" aria-required=\"true\" aria-invalid=\"false\" value=\"\" type=\"text\" name=\"your-name\" \/><\/span> <\/label>\n\t\t<\/p>\n\t<\/div>\n\t<div class=\"col-12 col-lg-6\">\n\t\t<p><label> Last name<br \/>\n<span class=\"wpcf7-form-control-wrap\" data-name=\"apellido\"><input size=\"40\" maxlength=\"400\" class=\"wpcf7-form-control wpcf7-text wpcf7-validates-as-required\" autocomplete=\"apellido\" aria-required=\"true\" aria-invalid=\"false\" value=\"\" type=\"text\" name=\"apellido\" \/><\/span> <\/label>\n\t\t<\/p>\n\t<\/div>\n\t<div class=\"col-12 col-lg-6\">\n\t\t<p><label>Zip\/Postal Code*<br \/>\n<span class=\"wpcf7-form-control-wrap\" data-name=\"codigo-postal\"><input class=\"wpcf7-form-control wpcf7-number wpcf7-validates-as-required wpcf7-validates-as-number\" aria-required=\"true\" aria-invalid=\"false\" placeholder=\"Type here\" value=\"\" type=\"number\" name=\"codigo-postal\" \/><\/span> <\/label>\n\t\t<\/p>\n\t<\/div>\n\t<div class=\"col-12 col-lg-6\">\n\t\t<p><label> Email<br \/>\n<span class=\"wpcf7-form-control-wrap\" data-name=\"your-email\"><input size=\"40\" maxlength=\"400\" class=\"wpcf7-form-control wpcf7-email wpcf7-validates-as-required wpcf7-text wpcf7-validates-as-email\" autocomplete=\"email\" aria-required=\"true\" aria-invalid=\"false\" value=\"\" type=\"email\" name=\"your-email\" \/><\/span> <\/label>\n\t\t<\/p>\n\t<\/div>\n\t<div class=\"col-12\">\n\t\t<p><label> Message<br \/>\n<span class=\"wpcf7-form-control-wrap\" data-name=\"mensaje\"><textarea cols=\"40\" rows=\"10\" maxlength=\"2000\" class=\"wpcf7-form-control wpcf7-textarea\" aria-invalid=\"false\" name=\"mensaje\"><\/textarea><\/span> <\/label>\n\t\t<\/p>\n\t\t<p><span class=\"wpcf7-form-control-wrap\" data-name=\"aceptacion\"><span class=\"wpcf7-form-control wpcf7-acceptance\"><span class=\"wpcf7-list-item\"><label><input type=\"checkbox\" name=\"aceptacion\" value=\"1\" aria-invalid=\"false\" \/><span class=\"wpcf7-list-item-label\">I have read and accept the company&#8217;s <a style=\"text-decoration: none;\" href=\"\/en\/privacy-policy\/\">privacy policy<\/a><\/span><\/label><\/span><\/span><\/span>\n\t\t<\/p>\n\t<div class=\"wpcf7-response-output\" aria-hidden=\"true\"><\/div>\n\t\t<div class=\"sentForm\">\n\t\t\t<p><input class=\"wpcf7-form-control wpcf7-submit has-spinner sentForm\" type=\"submit\" value=\"Send\" \/>\n\t\t\t<\/p>\n\t\t<\/div>\n\t<\/div>\n<\/div>\n<\/form>\n<\/div>\n                                    <\/div>\n            <\/div>\n        <\/div>\n    <\/div>\n<\/div>\n","protected":false},"excerpt":{"rendered":"","protected":false},"author":4,"featured_media":0,"parent":0,"menu_order":0,"comment_status":"closed","ping_status":"closed","template":"","meta":{"_acf_changed":false,"_eb_attr":"","footnotes":""},"class_list":["post-17865","page","type-page","status-publish","hentry"],"acf":[],"yoast_head":"<!-- This site is optimized with the Yoast SEO plugin v27.3 - https:\/\/yoast.com\/product\/yoast-seo-wordpress\/ -->\n<title>Solar roof tiles - Tejas Borja<\/title>\n<meta name=\"description\" content=\"Solar roof tiles by Tejas Borja: clean energy with integrated design. Innovation and aesthetics for efficient and sustainable roofs. Find out more!\" \/>\n<meta name=\"robots\" content=\"index, follow, max-snippet:-1, max-image-preview:large, max-video-preview:-1\" \/>\n<link rel=\"canonical\" href=\"https:\/\/tejasborja.com\/en\/solar-roof-tiles\/\" \/>\n<meta property=\"og:locale\" content=\"en_US\" \/>\n<meta property=\"og:type\" content=\"article\" \/>\n<meta property=\"og:title\" content=\"Solar roof tiles - Tejas Borja\" \/>\n<meta property=\"og:description\" content=\"Solar roof tiles by Tejas Borja: clean energy with integrated design. Innovation and aesthetics for efficient and sustainable roofs. Find out more!\" \/>\n<meta property=\"og:url\" content=\"https:\/\/tejasborja.com\/en\/solar-roof-tiles\/\" \/>\n<meta property=\"og:site_name\" content=\"Tejas Borja\" \/>\n<meta property=\"article:modified_time\" content=\"2025-09-01T10:41:07+00:00\" \/>\n<meta property=\"og:image\" content=\"https:\/\/tejasborja.com\/wp-content\/uploads\/2025\/01\/banner-eri-ES-1.gif\" \/>\n<meta name=\"twitter:card\" content=\"summary_large_image\" \/>\n<script type=\"application\/ld+json\" class=\"yoast-schema-graph\">{\"@context\":\"https:\\\/\\\/schema.org\",\"@graph\":[{\"@type\":\"WebPage\",\"@id\":\"https:\\\/\\\/tejasborja.com\\\/en\\\/solar-roof-tiles\\\/\",\"url\":\"https:\\\/\\\/tejasborja.com\\\/en\\\/solar-roof-tiles\\\/\",\"name\":\"Solar roof tiles - Tejas Borja\",\"isPartOf\":{\"@id\":\"https:\\\/\\\/tejasborja.com\\\/en\\\/#website\"},\"primaryImageOfPage\":{\"@id\":\"https:\\\/\\\/tejasborja.com\\\/en\\\/solar-roof-tiles\\\/#primaryimage\"},\"image\":{\"@id\":\"https:\\\/\\\/tejasborja.com\\\/en\\\/solar-roof-tiles\\\/#primaryimage\"},\"thumbnailUrl\":\"https:\\\/\\\/tejasborja.com\\\/wp-content\\\/uploads\\\/2025\\\/01\\\/banner-eri-ES-1.gif\",\"datePublished\":\"2024-06-13T05:25:10+00:00\",\"dateModified\":\"2025-09-01T10:41:07+00:00\",\"description\":\"Solar roof tiles by Tejas Borja: clean energy with integrated design. Innovation and aesthetics for efficient and sustainable roofs. Find out more!\",\"breadcrumb\":{\"@id\":\"https:\\\/\\\/tejasborja.com\\\/en\\\/solar-roof-tiles\\\/#breadcrumb\"},\"inLanguage\":\"en-US\",\"potentialAction\":[{\"@type\":\"ReadAction\",\"target\":[\"https:\\\/\\\/tejasborja.com\\\/en\\\/solar-roof-tiles\\\/\"]}]},{\"@type\":\"ImageObject\",\"inLanguage\":\"en-US\",\"@id\":\"https:\\\/\\\/tejasborja.com\\\/en\\\/solar-roof-tiles\\\/#primaryimage\",\"url\":\"https:\\\/\\\/tejasborja.com\\\/wp-content\\\/uploads\\\/2025\\\/01\\\/banner-eri-ES-1.gif\",\"contentUrl\":\"https:\\\/\\\/tejasborja.com\\\/wp-content\\\/uploads\\\/2025\\\/01\\\/banner-eri-ES-1.gif\"},{\"@type\":\"BreadcrumbList\",\"@id\":\"https:\\\/\\\/tejasborja.com\\\/en\\\/solar-roof-tiles\\\/#breadcrumb\",\"itemListElement\":[{\"@type\":\"ListItem\",\"position\":1,\"name\":\"Portada\",\"item\":\"https:\\\/\\\/tejasborja.com\\\/en\\\/\"},{\"@type\":\"ListItem\",\"position\":2,\"name\":\"Solar roof tiles\"}]},{\"@type\":\"WebSite\",\"@id\":\"https:\\\/\\\/tejasborja.com\\\/en\\\/#website\",\"url\":\"https:\\\/\\\/tejasborja.com\\\/en\\\/\",\"name\":\"Tejas Borja\",\"description\":\"TEJAS BORJA la gama m\u00e1s amplia de tejas cer\u00e1micas del mercado. Especialistas en tejas mixtas, tejas planas y tejas curvas tanto para rehabilitaci\u00f3n de cubiertas como para tejados de obra nueva. Una marca con m\u00e1s de 110 a\u00f1os de experiencia....\",\"publisher\":{\"@id\":\"https:\\\/\\\/tejasborja.com\\\/en\\\/#organization\"},\"potentialAction\":[{\"@type\":\"SearchAction\",\"target\":{\"@type\":\"EntryPoint\",\"urlTemplate\":\"https:\\\/\\\/tejasborja.com\\\/en\\\/?s={search_term_string}\"},\"query-input\":{\"@type\":\"PropertyValueSpecification\",\"valueRequired\":true,\"valueName\":\"search_term_string\"}}],\"inLanguage\":\"en-US\"},{\"@type\":\"Organization\",\"@id\":\"https:\\\/\\\/tejasborja.com\\\/en\\\/#organization\",\"name\":\"Tejas Borja\",\"url\":\"https:\\\/\\\/tejasborja.com\\\/en\\\/\",\"logo\":{\"@type\":\"ImageObject\",\"inLanguage\":\"en-US\",\"@id\":\"https:\\\/\\\/tejasborja.com\\\/en\\\/#\\\/schema\\\/logo\\\/image\\\/\",\"url\":\"https:\\\/\\\/tejasborja.com\\\/wp-content\\\/uploads\\\/2025\\\/08\\\/Logo-Tejas-Borja-Blanco-1.png\",\"contentUrl\":\"https:\\\/\\\/tejasborja.com\\\/wp-content\\\/uploads\\\/2025\\\/08\\\/Logo-Tejas-Borja-Blanco-1.png\",\"width\":150,\"height\":50,\"caption\":\"Tejas Borja\"},\"image\":{\"@id\":\"https:\\\/\\\/tejasborja.com\\\/en\\\/#\\\/schema\\\/logo\\\/image\\\/\"}}]}<\/script>\n<!-- \/ Yoast SEO plugin. -->","yoast_head_json":{"title":"Solar roof tiles - Tejas Borja","description":"Solar roof tiles by Tejas Borja: clean energy with integrated design. Innovation and aesthetics for efficient and sustainable roofs. Find out more!","robots":{"index":"index","follow":"follow","max-snippet":"max-snippet:-1","max-image-preview":"max-image-preview:large","max-video-preview":"max-video-preview:-1"},"canonical":"https:\/\/tejasborja.com\/en\/solar-roof-tiles\/","og_locale":"en_US","og_type":"article","og_title":"Solar roof tiles - Tejas Borja","og_description":"Solar roof tiles by Tejas Borja: clean energy with integrated design. Innovation and aesthetics for efficient and sustainable roofs. Find out more!","og_url":"https:\/\/tejasborja.com\/en\/solar-roof-tiles\/","og_site_name":"Tejas Borja","article_modified_time":"2025-09-01T10:41:07+00:00","og_image":[{"url":"https:\/\/tejasborja.com\/wp-content\/uploads\/2025\/01\/banner-eri-ES-1.gif","type":"","width":"","height":""}],"twitter_card":"summary_large_image","schema":{"@context":"https:\/\/schema.org","@graph":[{"@type":"WebPage","@id":"https:\/\/tejasborja.com\/en\/solar-roof-tiles\/","url":"https:\/\/tejasborja.com\/en\/solar-roof-tiles\/","name":"Solar roof tiles - Tejas Borja","isPartOf":{"@id":"https:\/\/tejasborja.com\/en\/#website"},"primaryImageOfPage":{"@id":"https:\/\/tejasborja.com\/en\/solar-roof-tiles\/#primaryimage"},"image":{"@id":"https:\/\/tejasborja.com\/en\/solar-roof-tiles\/#primaryimage"},"thumbnailUrl":"https:\/\/tejasborja.com\/wp-content\/uploads\/2025\/01\/banner-eri-ES-1.gif","datePublished":"2024-06-13T05:25:10+00:00","dateModified":"2025-09-01T10:41:07+00:00","description":"Solar roof tiles by Tejas Borja: clean energy with integrated design. Innovation and aesthetics for efficient and sustainable roofs. Find out more!","breadcrumb":{"@id":"https:\/\/tejasborja.com\/en\/solar-roof-tiles\/#breadcrumb"},"inLanguage":"en-US","potentialAction":[{"@type":"ReadAction","target":["https:\/\/tejasborja.com\/en\/solar-roof-tiles\/"]}]},{"@type":"ImageObject","inLanguage":"en-US","@id":"https:\/\/tejasborja.com\/en\/solar-roof-tiles\/#primaryimage","url":"https:\/\/tejasborja.com\/wp-content\/uploads\/2025\/01\/banner-eri-ES-1.gif","contentUrl":"https:\/\/tejasborja.com\/wp-content\/uploads\/2025\/01\/banner-eri-ES-1.gif"},{"@type":"BreadcrumbList","@id":"https:\/\/tejasborja.com\/en\/solar-roof-tiles\/#breadcrumb","itemListElement":[{"@type":"ListItem","position":1,"name":"Portada","item":"https:\/\/tejasborja.com\/en\/"},{"@type":"ListItem","position":2,"name":"Solar roof tiles"}]},{"@type":"WebSite","@id":"https:\/\/tejasborja.com\/en\/#website","url":"https:\/\/tejasborja.com\/en\/","name":"Tejas Borja","description":"TEJAS BORJA la gama m\u00e1s amplia de tejas cer\u00e1micas del mercado. Especialistas en tejas mixtas, tejas planas y tejas curvas tanto para rehabilitaci\u00f3n de cubiertas como para tejados de obra nueva. Una marca con m\u00e1s de 110 a\u00f1os de experiencia....","publisher":{"@id":"https:\/\/tejasborja.com\/en\/#organization"},"potentialAction":[{"@type":"SearchAction","target":{"@type":"EntryPoint","urlTemplate":"https:\/\/tejasborja.com\/en\/?s={search_term_string}"},"query-input":{"@type":"PropertyValueSpecification","valueRequired":true,"valueName":"search_term_string"}}],"inLanguage":"en-US"},{"@type":"Organization","@id":"https:\/\/tejasborja.com\/en\/#organization","name":"Tejas Borja","url":"https:\/\/tejasborja.com\/en\/","logo":{"@type":"ImageObject","inLanguage":"en-US","@id":"https:\/\/tejasborja.com\/en\/#\/schema\/logo\/image\/","url":"https:\/\/tejasborja.com\/wp-content\/uploads\/2025\/08\/Logo-Tejas-Borja-Blanco-1.png","contentUrl":"https:\/\/tejasborja.com\/wp-content\/uploads\/2025\/08\/Logo-Tejas-Borja-Blanco-1.png","width":150,"height":50,"caption":"Tejas Borja"},"image":{"@id":"https:\/\/tejasborja.com\/en\/#\/schema\/logo\/image\/"}}]}},"_links":{"self":[{"href":"https:\/\/tejasborja.com\/en\/wp-json\/wp\/v2\/pages\/17865","targetHints":{"allow":["GET"]}}],"collection":[{"href":"https:\/\/tejasborja.com\/en\/wp-json\/wp\/v2\/pages"}],"about":[{"href":"https:\/\/tejasborja.com\/en\/wp-json\/wp\/v2\/types\/page"}],"author":[{"embeddable":true,"href":"https:\/\/tejasborja.com\/en\/wp-json\/wp\/v2\/users\/4"}],"replies":[{"embeddable":true,"href":"https:\/\/tejasborja.com\/en\/wp-json\/wp\/v2\/comments?post=17865"}],"version-history":[{"count":0,"href":"https:\/\/tejasborja.com\/en\/wp-json\/wp\/v2\/pages\/17865\/revisions"}],"wp:attachment":[{"href":"https:\/\/tejasborja.com\/en\/wp-json\/wp\/v2\/media?parent=17865"}],"curies":[{"name":"wp","href":"https:\/\/api.w.org\/{rel}","templated":true}]}}