{"id":34854,"date":"2024-06-13T07:27:38","date_gmt":"2024-06-13T05:27:38","guid":{"rendered":"https:\/\/tejasborja.com\/sistemas\/"},"modified":"2025-09-09T10:33:49","modified_gmt":"2025-09-09T08:33:49","slug":"systems","status":"publish","type":"page","link":"https:\/\/tejasborja.com\/en\/systems\/","title":{"rendered":"Systems"},"content":{"rendered":"\n<div id=\"Header-block_7dab127ff057b2c024dee9fbda215656\" class=\"v2 Header normal\" style=\"background-color: \">\n\n        <div class=\"d-none d-lg-block\">\n        <div class=\"container\">\n            <div class=\"row align-items-center\">\n                <div class=\"col-12 col-lg-7\">\n                    <div class=\"textos\">\n                                                    <div class=\"titulo\"><h1 class='text3XL'>Roofing systems<\/h1>\n<\/div>\n                                                    <div class=\"texto\"><p>Tejas Borja&#8217;s technological revolution goes beyond the manufacture of ceramic roof tiles. Our technical department has developed complete installation systems to achieve the greatest durability, efficiency and simplicity of installation for the roof.<\/p>\n<\/div>\n                                            <\/div>\n                <\/div>\n                <div class=\"col-12 col-lg-5\">\n                                    <\/div>\n            <\/div>\n        <\/div>\n    <\/div>\n    <div class=\"d-block d-lg-none\">\n        <div class=\"container\">\n            <div class=\"row\">\n                <div class=\"col-12\">\n                    <div class=\"textos\">\n                                                    <div class=\"titulo\"><h1 class='text3XL'>Roofing systems<\/h1>\n<\/div>\n                                                    <div class=\"texto\"><p>Tejas Borja&#8217;s technological revolution goes beyond the manufacture of ceramic roof tiles. Our technical department has developed complete installation systems to achieve the greatest durability, efficiency and simplicity of installation for the roof.<\/p>\n<\/div>\n                                            <\/div>\n                <\/div>\n            <\/div>\n        <\/div>\n    <\/div>\n\n\n    \n<\/div>\n\n\n\n<div id=\"DistributivaTarjetas-block_7ecd320cde7893e1dce6a202b73dd0ae\" class=\"DistributivaTarjetas v1\" style=\"background-color: \">\n    <div class=\"container\">\n        <div class=\"row\">\n            <div class=\"col-12\">\n                <div class=\"tarjetasGrid\">\n                                                                    <a href=\"https:\/\/tejasborja.com\/en\/system\/borjatherm\/\">\n                            <div data-aos=\"fade-up\" class=\"tarjeta\">\n                                <div class=\"imagen\">\n                                                                        <div class=\"overflow-hidden\">\n                                        <img decoding=\"async\" width=\"384\" height=\"330\" data-src=\"https:\/\/tejasborja.com\/wp-content\/uploads\/2025\/08\/SISTEMAS-borjatherm.jpg\" class=\"img-fluid lazyload\" alt=\"\" data-srcset=\"https:\/\/tejasborja.com\/wp-content\/uploads\/2025\/08\/SISTEMAS-borjatherm.jpg 384w, https:\/\/tejasborja.com\/wp-content\/uploads\/2025\/08\/SISTEMAS-borjatherm-300x258.jpg 300w\" data-sizes=\"auto, (max-width: 384px) 100vw, 384px\" src=\"data:image\/svg+xml;base64,PHN2ZyB3aWR0aD0iMSIgaGVpZ2h0PSIxIiB4bWxucz0iaHR0cDovL3d3dy53My5vcmcvMjAwMC9zdmciPjwvc3ZnPg==\" style=\"--smush-placeholder-width: 384px; --smush-placeholder-aspect-ratio: 384\/330;\" \/>                                    <\/div>\n                                                                        <div class=\"title textXL\"><p><span style=\"color: #d92830;\">Borja<\/span>THERM<\/p>\n<\/div>\n                                    <div class=\"text\"><p>Prefabricated panel system with very low thermal transmittance and easy installation on site.<\/p>\n<p>A complete technical solution for the installation installation of lightweight ceramic tile roofs with the highest energy efficiency. It adapts to both rehabilitation works and new construction projects, significantly reducing installation time and costs.<\/p>\n<\/div>\n                                <\/div>\n                                <span class=\"underlineCta mt-0 mt-lg-4\" href=\"https:\/\/tejasborja.com\/en\/system\/borjatherm\/\">\n                                    More information                                    <img decoding=\"async\" alt=\"icon\" class=\"icon lazyload\" data-src=\"https:\/\/tejasborja.com\/wp-content\/themes\/tejasborja\/assets\/images\/right-chevron-primary.svg\" src=\"data:image\/svg+xml;base64,PHN2ZyB3aWR0aD0iMSIgaGVpZ2h0PSIxIiB4bWxucz0iaHR0cDovL3d3dy53My5vcmcvMjAwMC9zdmciPjwvc3ZnPg==\" \/>\n                                <\/span>\n                            <\/div>\n                        <\/a>\n                                                <a href=\"https:\/\/tejasborja.com\/en\/system\/borjasat\/\">\n                            <div data-aos=\"fade-up\" class=\"tarjeta\">\n                                <div class=\"imagen\">\n                                                                        <div class=\"overflow-hidden\">\n                                        <img decoding=\"async\" width=\"384\" height=\"330\" data-src=\"https:\/\/tejasborja.com\/wp-content\/uploads\/2025\/08\/SISTEMAS-borjasat.jpg\" class=\"img-fluid lazyload\" alt=\"\" data-srcset=\"https:\/\/tejasborja.com\/wp-content\/uploads\/2025\/08\/SISTEMAS-borjasat.jpg 384w, https:\/\/tejasborja.com\/wp-content\/uploads\/2025\/08\/SISTEMAS-borjasat-300x258.jpg 300w\" data-sizes=\"auto, (max-width: 384px) 100vw, 384px\" src=\"data:image\/svg+xml;base64,PHN2ZyB3aWR0aD0iMSIgaGVpZ2h0PSIxIiB4bWxucz0iaHR0cDovL3d3dy53My5vcmcvMjAwMC9zdmciPjwvc3ZnPg==\" style=\"--smush-placeholder-width: 384px; --smush-placeholder-aspect-ratio: 384\/330;\" \/>                                    <\/div>\n                                                                        <div class=\"title textXL\"><p><span style=\"color: #d92830;\">Borja<\/span>SAT<\/p>\n<\/div>\n                                    <div class=\"text\"><p>Certified technical system for the installation of ceramic tile roofs on a continuous support, forming a uniform layer of thermal insulation on the outside and without thermal bridges. It is made up of moulded EPS Neopor panels, with two possible battens length depending on the position in which they are installed, on which the metal profiles for fixing the tile. The installation is simple and intuitive.<\/p>\n<\/div>\n                                <\/div>\n                                <span class=\"underlineCta mt-0 mt-lg-4\" href=\"https:\/\/tejasborja.com\/en\/system\/borjasat\/\">\n                                    More information                                    <img decoding=\"async\" alt=\"icon\" class=\"icon lazyload\" data-src=\"https:\/\/tejasborja.com\/wp-content\/themes\/tejasborja\/assets\/images\/right-chevron-primary.svg\" src=\"data:image\/svg+xml;base64,PHN2ZyB3aWR0aD0iMSIgaGVpZ2h0PSIxIiB4bWxucz0iaHR0cDovL3d3dy53My5vcmcvMjAwMC9zdmciPjwvc3ZnPg==\" \/>\n                                <\/span>\n                            <\/div>\n                        <\/a>\n                                                <a href=\"https:\/\/tejasborja.com\/en\/system\/borjasystem\/\">\n                            <div data-aos=\"fade-up\" class=\"tarjeta\">\n                                <div class=\"imagen\">\n                                                                        <div class=\"overflow-hidden\">\n                                        <img decoding=\"async\" width=\"384\" height=\"330\" data-src=\"https:\/\/tejasborja.com\/wp-content\/uploads\/2025\/08\/SISTEMAS-borjasystem.jpg\" class=\"img-fluid lazyload\" alt=\"\" data-srcset=\"https:\/\/tejasborja.com\/wp-content\/uploads\/2025\/08\/SISTEMAS-borjasystem.jpg 384w, https:\/\/tejasborja.com\/wp-content\/uploads\/2025\/08\/SISTEMAS-borjasystem-300x258.jpg 300w\" data-sizes=\"auto, (max-width: 384px) 100vw, 384px\" src=\"data:image\/svg+xml;base64,PHN2ZyB3aWR0aD0iMSIgaGVpZ2h0PSIxIiB4bWxucz0iaHR0cDovL3d3dy53My5vcmcvMjAwMC9zdmciPjwvc3ZnPg==\" style=\"--smush-placeholder-width: 384px; --smush-placeholder-aspect-ratio: 384\/330;\" \/>                                    <\/div>\n                                                                        <div class=\"title textXL\"><p><span style=\"color: #d92830;\">Borja<\/span>SYSTEM<\/p>\n<\/div>\n                                    <div class=\"text\"><p>Traditional ventilated roof assembly with double battens, which can be made with treated wood battens or galvanised steel profiles. The use of all components for ventilation, watertightness and dry fastening of the parts guarantees a durable and efficient roof.<\/p>\n<\/div>\n                                <\/div>\n                                <span class=\"underlineCta mt-0 mt-lg-4\" href=\"https:\/\/tejasborja.com\/en\/system\/borjasystem\/\">\n                                    More information                                    <img decoding=\"async\" alt=\"icon\" class=\"icon lazyload\" data-src=\"https:\/\/tejasborja.com\/wp-content\/themes\/tejasborja\/assets\/images\/right-chevron-primary.svg\" src=\"data:image\/svg+xml;base64,PHN2ZyB3aWR0aD0iMSIgaGVpZ2h0PSIxIiB4bWxucz0iaHR0cDovL3d3dy53My5vcmcvMjAwMC9zdmciPjwvc3ZnPg==\" \/>\n                                <\/span>\n                            <\/div>\n                        <\/a>\n                                                            <\/div>\n            <\/div>\n        <\/div>\n    <\/div>\n<\/div>\n\n\n\n<div id=\"CtaConsulta-block_e9a85cfc50cb5d0791f68cba6568b8ad\" class=\"v4 CtaConsulta\" style=\"background-color: #f5f5f5\">\n            <div class=\"container\">\n            <div class=\"row mb-lg-4\">\n                <div class=\"col-12 col-lg-8\">\n                    <div class=\"titulo\"><h2 class=''>Find the perfect accessory<\/h2>\n<\/div>\n                    <div class=\"texto\"><p>Discover our selection of finishing pieces, designed to ensure the durability, aesthetics, and functionality of your roofs. From ridge caps to side caps, our solutions adapt to the specific needs of each project.<\/p>\n<\/div>\n                <\/div>\n            <\/div>\n            <div class=\"row\">\n                        <\/div>\n    \n<\/div>\n\n\n\n<div id=\"DistributivaTarjetas-block_4ff0416ffbd6b7c7bbb6a99e0332e6ab\" class=\"DistributivaTarjetas v2\" style=\"background-color: \">\n    <div class=\"container\">\n        <div class=\"row\">\n            <div class=\"col-12\">\n                <div class=\"tarjetasGrid\">\n                                                                    <a href=\"https:\/\/tejasborja.com\/en\/components\/waterproofing\/\">\n                            <div data-aos=\"fade-up\" class=\"tarjeta\">\n                                <div class=\"imagen\">\n                                                                        <div class=\"overflow-hidden\">\n                                        <img decoding=\"async\" width=\"592\" height=\"400\" data-src=\"https:\/\/tejasborja.com\/wp-content\/uploads\/2024\/10\/COMPLEMENTOS-imper-thumb.webp\" class=\"img-fluid lazyload\" alt=\"\" data-srcset=\"https:\/\/tejasborja.com\/wp-content\/uploads\/2024\/10\/COMPLEMENTOS-imper-thumb.webp 592w, https:\/\/tejasborja.com\/wp-content\/uploads\/2024\/10\/COMPLEMENTOS-imper-thumb-300x203.webp 300w\" data-sizes=\"auto, (max-width: 592px) 100vw, 592px\" src=\"data:image\/svg+xml;base64,PHN2ZyB3aWR0aD0iMSIgaGVpZ2h0PSIxIiB4bWxucz0iaHR0cDovL3d3dy53My5vcmcvMjAwMC9zdmciPjwvc3ZnPg==\" style=\"--smush-placeholder-width: 592px; --smush-placeholder-aspect-ratio: 592\/400;\" \/>                                    <\/div>\n                                                                        <div class=\"title textXL\"><h2>Waterproofing<\/h2>\n<\/div>\n                                    <div class=\"text\"><p>Discover our range of complements for roof waterproofing, highlighting the efficient BORJATHERM insulation system. We offer bituminous sheets, breathable membranes, metallic valleys and more.<\/p>\n<\/div>\n                                <\/div>\n                                <span class=\"underlineCta mt-0 mt-lg-4\" href=\"https:\/\/tejasborja.com\/en\/components\/waterproofing\/\">\n                                    More information                                    <img decoding=\"async\" alt=\"icon\" class=\"icon lazyload\" data-src=\"https:\/\/tejasborja.com\/wp-content\/themes\/tejasborja\/assets\/images\/right-chevron-primary.svg\" src=\"data:image\/svg+xml;base64,PHN2ZyB3aWR0aD0iMSIgaGVpZ2h0PSIxIiB4bWxucz0iaHR0cDovL3d3dy53My5vcmcvMjAwMC9zdmciPjwvc3ZnPg==\" \/>\n                                <\/span>\n                            <\/div>\n                        <\/a>\n                                                <a href=\"https:\/\/tejasborja.com\/en\/components\/ventilation\/\">\n                            <div data-aos=\"fade-up\" class=\"tarjeta\">\n                                <div class=\"imagen\">\n                                                                        <div class=\"overflow-hidden\">\n                                        <img decoding=\"async\" width=\"592\" height=\"400\" data-src=\"https:\/\/tejasborja.com\/wp-content\/uploads\/2024\/10\/COMPLEMENTOS-vent-thumb.webp\" class=\"img-fluid lazyload\" alt=\"\" data-srcset=\"https:\/\/tejasborja.com\/wp-content\/uploads\/2024\/10\/COMPLEMENTOS-vent-thumb.webp 592w, https:\/\/tejasborja.com\/wp-content\/uploads\/2024\/10\/COMPLEMENTOS-vent-thumb-300x203.webp 300w\" data-sizes=\"auto, (max-width: 592px) 100vw, 592px\" src=\"data:image\/svg+xml;base64,PHN2ZyB3aWR0aD0iMSIgaGVpZ2h0PSIxIiB4bWxucz0iaHR0cDovL3d3dy53My5vcmcvMjAwMC9zdmciPjwvc3ZnPg==\" style=\"--smush-placeholder-width: 592px; --smush-placeholder-aspect-ratio: 592\/400;\" \/>                                    <\/div>\n                                                                        <div class=\"title textXL\"><h2>Ventilation<\/h2>\n<\/div>\n                                    <div class=\"text\"><p>Improve under-roof air circulation with our range of roof accessories. Find products for eaves and ridge ventilation, ensuring a well-ventilated and protected roof.<\/p>\n<\/div>\n                                <\/div>\n                                <span class=\"underlineCta mt-0 mt-lg-4\" href=\"https:\/\/tejasborja.com\/en\/components\/ventilation\/\">\n                                    More information                                    <img decoding=\"async\" alt=\"icon\" class=\"icon lazyload\" data-src=\"https:\/\/tejasborja.com\/wp-content\/themes\/tejasborja\/assets\/images\/right-chevron-primary.svg\" src=\"data:image\/svg+xml;base64,PHN2ZyB3aWR0aD0iMSIgaGVpZ2h0PSIxIiB4bWxucz0iaHR0cDovL3d3dy53My5vcmcvMjAwMC9zdmciPjwvc3ZnPg==\" \/>\n                                <\/span>\n                            <\/div>\n                        <\/a>\n                                                <a href=\"https:\/\/tejasborja.com\/en\/components\/fixing\/\">\n                            <div data-aos=\"fade-up\" class=\"tarjeta\">\n                                <div class=\"imagen\">\n                                                                        <div class=\"overflow-hidden\">\n                                        <img decoding=\"async\" width=\"592\" height=\"400\" data-src=\"https:\/\/tejasborja.com\/wp-content\/uploads\/2024\/10\/COMPLEMENTOS-fijacion-thumb.webp\" class=\"img-fluid lazyload\" alt=\"\" data-srcset=\"https:\/\/tejasborja.com\/wp-content\/uploads\/2024\/10\/COMPLEMENTOS-fijacion-thumb.webp 592w, https:\/\/tejasborja.com\/wp-content\/uploads\/2024\/10\/COMPLEMENTOS-fijacion-thumb-300x203.webp 300w\" data-sizes=\"auto, (max-width: 592px) 100vw, 592px\" src=\"data:image\/svg+xml;base64,PHN2ZyB3aWR0aD0iMSIgaGVpZ2h0PSIxIiB4bWxucz0iaHR0cDovL3d3dy53My5vcmcvMjAwMC9zdmciPjwvc3ZnPg==\" style=\"--smush-placeholder-width: 592px; --smush-placeholder-aspect-ratio: 592\/400;\" \/>                                    <\/div>\n                                                                        <div class=\"title textXL\"><h2>Fixing<\/h2>\n<\/div>\n                                    <div class=\"text\"><p>Discover our wide range of battens, hooks and brackets for a safe and durable dry installation. Mechanical fastening guarantees the stability and reliability of every part of the roof.<\/p>\n<\/div>\n                                <\/div>\n                                <span class=\"underlineCta mt-0 mt-lg-4\" href=\"https:\/\/tejasborja.com\/en\/components\/fixing\/\">\n                                    More information                                    <img decoding=\"async\" alt=\"icon\" class=\"icon lazyload\" data-src=\"https:\/\/tejasborja.com\/wp-content\/themes\/tejasborja\/assets\/images\/right-chevron-primary.svg\" src=\"data:image\/svg+xml;base64,PHN2ZyB3aWR0aD0iMSIgaGVpZ2h0PSIxIiB4bWxucz0iaHR0cDovL3d3dy53My5vcmcvMjAwMC9zdmciPjwvc3ZnPg==\" \/>\n                                <\/span>\n                            <\/div>\n                        <\/a>\n                                                <a href=\"https:\/\/tejasborja.com\/en\/components\/lighting\/\">\n                            <div data-aos=\"fade-up\" class=\"tarjeta\">\n                                <div class=\"imagen\">\n                                                                        <div class=\"overflow-hidden\">\n                                        <img decoding=\"async\" width=\"592\" height=\"400\" data-src=\"https:\/\/tejasborja.com\/wp-content\/uploads\/2024\/10\/COMPLEMENTOS-iluminacion-thumb.webp\" class=\"img-fluid lazyload\" alt=\"\" data-srcset=\"https:\/\/tejasborja.com\/wp-content\/uploads\/2024\/10\/COMPLEMENTOS-iluminacion-thumb.webp 592w, https:\/\/tejasborja.com\/wp-content\/uploads\/2024\/10\/COMPLEMENTOS-iluminacion-thumb-300x203.webp 300w\" data-sizes=\"auto, (max-width: 592px) 100vw, 592px\" src=\"data:image\/svg+xml;base64,PHN2ZyB3aWR0aD0iMSIgaGVpZ2h0PSIxIiB4bWxucz0iaHR0cDovL3d3dy53My5vcmcvMjAwMC9zdmciPjwvc3ZnPg==\" style=\"--smush-placeholder-width: 592px; --smush-placeholder-aspect-ratio: 592\/400;\" \/>                                    <\/div>\n                                                                        <div class=\"title textXL\"><h2>Lighting<\/h2>\n<\/div>\n                                    <div class=\"text\"><p>For projects where the aim is to take advantage of the light that falls on the roof, we have two models of tiles made of glass to allow the room under the roof to be illuminated.<\/p>\n<\/div>\n                                <\/div>\n                                <span class=\"underlineCta mt-0 mt-lg-4\" href=\"https:\/\/tejasborja.com\/en\/components\/lighting\/\">\n                                    More information                                    <img decoding=\"async\" alt=\"icon\" class=\"icon lazyload\" data-src=\"https:\/\/tejasborja.com\/wp-content\/themes\/tejasborja\/assets\/images\/right-chevron-primary.svg\" src=\"data:image\/svg+xml;base64,PHN2ZyB3aWR0aD0iMSIgaGVpZ2h0PSIxIiB4bWxucz0iaHR0cDovL3d3dy53My5vcmcvMjAwMC9zdmciPjwvc3ZnPg==\" \/>\n                                <\/span>\n                            <\/div>\n                        <\/a>\n                                                            <\/div>\n            <\/div>\n        <\/div>\n    <\/div>\n<\/div>\n","protected":false},"excerpt":{"rendered":"","protected":false},"author":4,"featured_media":0,"parent":0,"menu_order":0,"comment_status":"closed","ping_status":"closed","template":"","meta":{"_acf_changed":false,"_eb_attr":"","footnotes":""},"class_list":["post-34854","page","type-page","status-publish","hentry"],"acf":[],"yoast_head":"<!-- This site is optimized with the Yoast SEO plugin v27.1.1 - https:\/\/yoast.com\/product\/yoast-seo-wordpress\/ -->\n<title>Systems - Tejas Borja<\/title>\n<meta name=\"robots\" content=\"index, follow, max-snippet:-1, max-image-preview:large, max-video-preview:-1\" \/>\n<link rel=\"canonical\" href=\"https:\/\/tejasborja.com\/en\/systems\/\" \/>\n<meta property=\"og:locale\" content=\"en_US\" \/>\n<meta property=\"og:type\" content=\"article\" \/>\n<meta property=\"og:title\" content=\"Systems - Tejas Borja\" \/>\n<meta property=\"og:url\" content=\"https:\/\/tejasborja.com\/en\/systems\/\" \/>\n<meta property=\"og:site_name\" content=\"Tejas Borja\" \/>\n<meta property=\"article:modified_time\" content=\"2025-09-09T08:33:49+00:00\" \/>\n<meta name=\"twitter:card\" content=\"summary_large_image\" \/>\n<script type=\"application\/ld+json\" class=\"yoast-schema-graph\">{\"@context\":\"https:\/\/schema.org\",\"@graph\":[{\"@type\":\"WebPage\",\"@id\":\"https:\/\/tejasborja.com\/en\/systems\/\",\"url\":\"https:\/\/tejasborja.com\/en\/systems\/\",\"name\":\"Systems - Tejas Borja\",\"isPartOf\":{\"@id\":\"https:\/\/tejasborja.com\/en\/#website\"},\"datePublished\":\"2024-06-13T05:27:38+00:00\",\"dateModified\":\"2025-09-09T08:33:49+00:00\",\"breadcrumb\":{\"@id\":\"https:\/\/tejasborja.com\/en\/systems\/#breadcrumb\"},\"inLanguage\":\"en-US\",\"potentialAction\":[{\"@type\":\"ReadAction\",\"target\":[\"https:\/\/tejasborja.com\/en\/systems\/\"]}]},{\"@type\":\"BreadcrumbList\",\"@id\":\"https:\/\/tejasborja.com\/en\/systems\/#breadcrumb\",\"itemListElement\":[{\"@type\":\"ListItem\",\"position\":1,\"name\":\"Portada\",\"item\":\"https:\/\/tejasborja.com\/en\/\"},{\"@type\":\"ListItem\",\"position\":2,\"name\":\"Systems\"}]},{\"@type\":\"WebSite\",\"@id\":\"https:\/\/tejasborja.com\/en\/#website\",\"url\":\"https:\/\/tejasborja.com\/en\/\",\"name\":\"Tejas Borja\",\"description\":\"TEJAS BORJA la gama m\u00e1s amplia de tejas cer\u00e1micas del mercado. Especialistas en tejas mixtas, tejas planas y tejas curvas tanto para rehabilitaci\u00f3n de cubiertas como para tejados de obra nueva. Una marca con m\u00e1s de 110 a\u00f1os de experiencia....\",\"publisher\":{\"@id\":\"https:\/\/tejasborja.com\/en\/#organization\"},\"potentialAction\":[{\"@type\":\"SearchAction\",\"target\":{\"@type\":\"EntryPoint\",\"urlTemplate\":\"https:\/\/tejasborja.com\/en\/?s={search_term_string}\"},\"query-input\":{\"@type\":\"PropertyValueSpecification\",\"valueRequired\":true,\"valueName\":\"search_term_string\"}}],\"inLanguage\":\"en-US\"},{\"@type\":\"Organization\",\"@id\":\"https:\/\/tejasborja.com\/en\/#organization\",\"name\":\"Tejas Borja\",\"url\":\"https:\/\/tejasborja.com\/en\/\",\"logo\":{\"@type\":\"ImageObject\",\"inLanguage\":\"en-US\",\"@id\":\"https:\/\/tejasborja.com\/en\/#\/schema\/logo\/image\/\",\"url\":\"https:\/\/tejasborja.com\/wp-content\/uploads\/2025\/08\/Logo-Tejas-Borja-Blanco-1.png\",\"contentUrl\":\"https:\/\/tejasborja.com\/wp-content\/uploads\/2025\/08\/Logo-Tejas-Borja-Blanco-1.png\",\"width\":150,\"height\":50,\"caption\":\"Tejas Borja\"},\"image\":{\"@id\":\"https:\/\/tejasborja.com\/en\/#\/schema\/logo\/image\/\"}}]}<\/script>\n<!-- \/ Yoast SEO plugin. -->","yoast_head_json":{"title":"Systems - Tejas Borja","robots":{"index":"index","follow":"follow","max-snippet":"max-snippet:-1","max-image-preview":"max-image-preview:large","max-video-preview":"max-video-preview:-1"},"canonical":"https:\/\/tejasborja.com\/en\/systems\/","og_locale":"en_US","og_type":"article","og_title":"Systems - Tejas Borja","og_url":"https:\/\/tejasborja.com\/en\/systems\/","og_site_name":"Tejas Borja","article_modified_time":"2025-09-09T08:33:49+00:00","twitter_card":"summary_large_image","schema":{"@context":"https:\/\/schema.org","@graph":[{"@type":"WebPage","@id":"https:\/\/tejasborja.com\/en\/systems\/","url":"https:\/\/tejasborja.com\/en\/systems\/","name":"Systems - Tejas Borja","isPartOf":{"@id":"https:\/\/tejasborja.com\/en\/#website"},"datePublished":"2024-06-13T05:27:38+00:00","dateModified":"2025-09-09T08:33:49+00:00","breadcrumb":{"@id":"https:\/\/tejasborja.com\/en\/systems\/#breadcrumb"},"inLanguage":"en-US","potentialAction":[{"@type":"ReadAction","target":["https:\/\/tejasborja.com\/en\/systems\/"]}]},{"@type":"BreadcrumbList","@id":"https:\/\/tejasborja.com\/en\/systems\/#breadcrumb","itemListElement":[{"@type":"ListItem","position":1,"name":"Portada","item":"https:\/\/tejasborja.com\/en\/"},{"@type":"ListItem","position":2,"name":"Systems"}]},{"@type":"WebSite","@id":"https:\/\/tejasborja.com\/en\/#website","url":"https:\/\/tejasborja.com\/en\/","name":"Tejas Borja","description":"TEJAS BORJA la gama m\u00e1s amplia de tejas cer\u00e1micas del mercado. Especialistas en tejas mixtas, tejas planas y tejas curvas tanto para rehabilitaci\u00f3n de cubiertas como para tejados de obra nueva. Una marca con m\u00e1s de 110 a\u00f1os de experiencia....","publisher":{"@id":"https:\/\/tejasborja.com\/en\/#organization"},"potentialAction":[{"@type":"SearchAction","target":{"@type":"EntryPoint","urlTemplate":"https:\/\/tejasborja.com\/en\/?s={search_term_string}"},"query-input":{"@type":"PropertyValueSpecification","valueRequired":true,"valueName":"search_term_string"}}],"inLanguage":"en-US"},{"@type":"Organization","@id":"https:\/\/tejasborja.com\/en\/#organization","name":"Tejas Borja","url":"https:\/\/tejasborja.com\/en\/","logo":{"@type":"ImageObject","inLanguage":"en-US","@id":"https:\/\/tejasborja.com\/en\/#\/schema\/logo\/image\/","url":"https:\/\/tejasborja.com\/wp-content\/uploads\/2025\/08\/Logo-Tejas-Borja-Blanco-1.png","contentUrl":"https:\/\/tejasborja.com\/wp-content\/uploads\/2025\/08\/Logo-Tejas-Borja-Blanco-1.png","width":150,"height":50,"caption":"Tejas Borja"},"image":{"@id":"https:\/\/tejasborja.com\/en\/#\/schema\/logo\/image\/"}}]}},"_links":{"self":[{"href":"https:\/\/tejasborja.com\/en\/wp-json\/wp\/v2\/pages\/34854","targetHints":{"allow":["GET"]}}],"collection":[{"href":"https:\/\/tejasborja.com\/en\/wp-json\/wp\/v2\/pages"}],"about":[{"href":"https:\/\/tejasborja.com\/en\/wp-json\/wp\/v2\/types\/page"}],"author":[{"embeddable":true,"href":"https:\/\/tejasborja.com\/en\/wp-json\/wp\/v2\/users\/4"}],"replies":[{"embeddable":true,"href":"https:\/\/tejasborja.com\/en\/wp-json\/wp\/v2\/comments?post=34854"}],"version-history":[{"count":0,"href":"https:\/\/tejasborja.com\/en\/wp-json\/wp\/v2\/pages\/34854\/revisions"}],"wp:attachment":[{"href":"https:\/\/tejasborja.com\/en\/wp-json\/wp\/v2\/media?parent=34854"}],"curies":[{"name":"wp","href":"https:\/\/api.w.org\/{rel}","templated":true}]}}