{"id":36989,"date":"2024-07-12T13:37:14","date_gmt":"2024-07-12T11:37:14","guid":{"rendered":"https:\/\/tejasborja.com\/components\/iluminacion\/"},"modified":"2024-11-27T17:18:20","modified_gmt":"2024-11-27T16:18:20","slug":"lighting","status":"publish","type":"page","link":"https:\/\/tejasborja.com\/en\/components\/lighting\/","title":{"rendered":"Lighting"},"content":{"rendered":"\n<div id=\"HeaderComplementos-block_308f0aedb033df5676b7af946517cfe7\" class=\"HeaderComplementos\" style=\"background-color: \">\n\n    <div class=\"container\">\n        <div class=\"row\">\n            <div class=\"col-12 col-lg-7\">\n                <div class=\"textos\">\n                                            <div class=\"pretitulo\"><p class='textLG'>Components<\/p>\n<\/div>\n                                            <div class=\"titulo\"><h1 class='text3XL'>Lighting<\/h1>\n<\/div>\n                                            <div class=\"texto textBody\"><p>For projects where the aim is to take advantage of the light that falls on the roof, we have two models of glass roof tiles to allow the room under the roof to be illuminated.<\/p>\n<\/div>\n                                    <\/div>\n            <\/div>\n        <\/div>\n    <\/div>\n\n<\/div>\n\n\n\n\n\n<div id=\"CtaConsulta-block_8afa9ffbd5687d1062716e1650ddc5d5\" class=\"v4 CtaConsulta\" style=\"background-color: #f5f5f5\">\n            <div class=\"container\">\n            <div class=\"row mb-lg-4\">\n                <div class=\"col-12 col-lg-8\">\n                    <div class=\"titulo\"><h2 class=''>Find the perfect complement<\/h2>\n<\/div>\n                    <div class=\"texto\"><p>Discover our selection of remate pieces, designed to guarantee the durability, aesthetics and functionality of your fabrics. From the caballetes to the side notes, our solutions are adapted to the specific needs of each project.<\/p>\n<\/div>\n                <\/div>\n            <\/div>\n            <div class=\"row\">\n                                    <div class=\"col-12 col-lg-4\">\n                        <a style=\"text-decoration: none\" href=\"https:\/\/tejasborja.com\/en\/components\/waterproofing\/\">\n                            <div class=\"complementoCat\">\n                                <div class=\"overflow-hidden\">\n                                                                            <img decoding=\"async\" width=\"592\" height=\"400\" data-src=\"https:\/\/tejasborja.com\/wp-content\/uploads\/2024\/07\/COMPLEMENTOS-imper-thumb.webp\" class=\"catImage lazyload\" alt=\"Waterproofing\" data-srcset=\"https:\/\/tejasborja.com\/wp-content\/uploads\/2024\/07\/COMPLEMENTOS-imper-thumb.webp 592w, https:\/\/tejasborja.com\/wp-content\/uploads\/2024\/07\/COMPLEMENTOS-imper-thumb-300x203.webp 300w\" data-sizes=\"auto, (max-width: 592px) 100vw, 592px\" src=\"data:image\/svg+xml;base64,PHN2ZyB3aWR0aD0iMSIgaGVpZ2h0PSIxIiB4bWxucz0iaHR0cDovL3d3dy53My5vcmcvMjAwMC9zdmciPjwvc3ZnPg==\" style=\"--smush-placeholder-width: 592px; --smush-placeholder-aspect-ratio: 592\/400;\" \/>                                                                    <\/div>\n                                <div class=\"catTitle textLG mt-4\">Waterproofing<\/div>\n                                <div class=\"underlineCta mt-4\">\n                                    More information                                    <img decoding=\"async\" alt=\"icon\" class=\"icon lazyload\" data-src=\"https:\/\/tejasborja.com\/wp-content\/themes\/tejasborja\/assets\/images\/right-chevron-primary.svg\" src=\"data:image\/svg+xml;base64,PHN2ZyB3aWR0aD0iMSIgaGVpZ2h0PSIxIiB4bWxucz0iaHR0cDovL3d3dy53My5vcmcvMjAwMC9zdmciPjwvc3ZnPg==\" \/>\n                                <\/div>\n                            <\/div>\n                        <\/a>\n                    <\/div>\n                                    <div class=\"col-12 col-lg-4\">\n                        <a style=\"text-decoration: none\" href=\"https:\/\/tejasborja.com\/en\/components\/ventilation\/\">\n                            <div class=\"complementoCat\">\n                                <div class=\"overflow-hidden\">\n                                                                            <img decoding=\"async\" width=\"592\" height=\"400\" data-src=\"https:\/\/tejasborja.com\/wp-content\/uploads\/2024\/07\/COMPLEMENTOS-vent-thumb.webp\" class=\"catImage lazyload\" alt=\"Ventilation\" data-srcset=\"https:\/\/tejasborja.com\/wp-content\/uploads\/2024\/07\/COMPLEMENTOS-vent-thumb.webp 592w, https:\/\/tejasborja.com\/wp-content\/uploads\/2024\/07\/COMPLEMENTOS-vent-thumb-300x203.webp 300w\" data-sizes=\"auto, (max-width: 592px) 100vw, 592px\" src=\"data:image\/svg+xml;base64,PHN2ZyB3aWR0aD0iMSIgaGVpZ2h0PSIxIiB4bWxucz0iaHR0cDovL3d3dy53My5vcmcvMjAwMC9zdmciPjwvc3ZnPg==\" style=\"--smush-placeholder-width: 592px; --smush-placeholder-aspect-ratio: 592\/400;\" \/>                                                                    <\/div>\n                                <div class=\"catTitle textLG mt-4\">Ventilation<\/div>\n                                <div class=\"underlineCta mt-4\">\n                                    More information                                    <img decoding=\"async\" alt=\"icon\" class=\"icon lazyload\" data-src=\"https:\/\/tejasborja.com\/wp-content\/themes\/tejasborja\/assets\/images\/right-chevron-primary.svg\" src=\"data:image\/svg+xml;base64,PHN2ZyB3aWR0aD0iMSIgaGVpZ2h0PSIxIiB4bWxucz0iaHR0cDovL3d3dy53My5vcmcvMjAwMC9zdmciPjwvc3ZnPg==\" \/>\n                                <\/div>\n                            <\/div>\n                        <\/a>\n                    <\/div>\n                                    <div class=\"col-12 col-lg-4\">\n                        <a style=\"text-decoration: none\" href=\"https:\/\/tejasborja.com\/en\/components\/fixing\/\">\n                            <div class=\"complementoCat\">\n                                <div class=\"overflow-hidden\">\n                                                                            <img decoding=\"async\" width=\"592\" height=\"400\" data-src=\"https:\/\/tejasborja.com\/wp-content\/uploads\/2024\/07\/COMPLEMENTOS-fijacion-thumb.webp\" class=\"catImage lazyload\" alt=\"Fixing\" data-srcset=\"https:\/\/tejasborja.com\/wp-content\/uploads\/2024\/07\/COMPLEMENTOS-fijacion-thumb.webp 592w, https:\/\/tejasborja.com\/wp-content\/uploads\/2024\/07\/COMPLEMENTOS-fijacion-thumb-300x203.webp 300w\" data-sizes=\"auto, (max-width: 592px) 100vw, 592px\" src=\"data:image\/svg+xml;base64,PHN2ZyB3aWR0aD0iMSIgaGVpZ2h0PSIxIiB4bWxucz0iaHR0cDovL3d3dy53My5vcmcvMjAwMC9zdmciPjwvc3ZnPg==\" style=\"--smush-placeholder-width: 592px; --smush-placeholder-aspect-ratio: 592\/400;\" \/>                                                                    <\/div>\n                                <div class=\"catTitle textLG mt-4\">Fixing<\/div>\n                                <div class=\"underlineCta mt-4\">\n                                    More information                                    <img decoding=\"async\" alt=\"icon\" class=\"icon lazyload\" data-src=\"https:\/\/tejasborja.com\/wp-content\/themes\/tejasborja\/assets\/images\/right-chevron-primary.svg\" src=\"data:image\/svg+xml;base64,PHN2ZyB3aWR0aD0iMSIgaGVpZ2h0PSIxIiB4bWxucz0iaHR0cDovL3d3dy53My5vcmcvMjAwMC9zdmciPjwvc3ZnPg==\" \/>\n                                <\/div>\n                            <\/div>\n                        <\/a>\n                    <\/div>\n                        <\/div>\n    \n<\/div>\n","protected":false},"excerpt":{"rendered":"","protected":false},"author":4,"featured_media":3338,"parent":36948,"menu_order":40,"comment_status":"closed","ping_status":"closed","template":"","meta":{"_acf_changed":false,"_eb_attr":"","footnotes":""},"class_list":["post-36989","page","type-page","status-publish","has-post-thumbnail","hentry"],"acf":[],"yoast_head":"<!-- This site is optimized with the Yoast SEO plugin v27.3 - https:\/\/yoast.com\/product\/yoast-seo-wordpress\/ -->\n<title>Lighting - Tejas Borja<\/title>\n<meta name=\"robots\" content=\"index, follow, max-snippet:-1, max-image-preview:large, max-video-preview:-1\" \/>\n<link rel=\"canonical\" href=\"https:\/\/tejasborja.com\/en\/components\/lighting\/\" \/>\n<meta property=\"og:locale\" content=\"en_US\" \/>\n<meta property=\"og:type\" content=\"article\" \/>\n<meta property=\"og:title\" content=\"Lighting - Tejas Borja\" \/>\n<meta property=\"og:url\" content=\"https:\/\/tejasborja.com\/en\/components\/lighting\/\" \/>\n<meta property=\"og:site_name\" content=\"Tejas Borja\" \/>\n<meta property=\"article:modified_time\" content=\"2024-11-27T16:18:20+00:00\" \/>\n<meta property=\"og:image\" content=\"https:\/\/tejasborja.com\/wp-content\/uploads\/2024\/07\/COMPLEMENTOS-iluminacion-thumb.webp\" \/>\n\t<meta property=\"og:image:width\" content=\"592\" \/>\n\t<meta property=\"og:image:height\" content=\"400\" \/>\n\t<meta property=\"og:image:type\" content=\"image\/webp\" \/>\n<meta name=\"twitter:card\" content=\"summary_large_image\" \/>\n<script type=\"application\/ld+json\" class=\"yoast-schema-graph\">{\"@context\":\"https:\\\/\\\/schema.org\",\"@graph\":[{\"@type\":\"WebPage\",\"@id\":\"https:\\\/\\\/tejasborja.com\\\/en\\\/components\\\/lighting\\\/\",\"url\":\"https:\\\/\\\/tejasborja.com\\\/en\\\/components\\\/lighting\\\/\",\"name\":\"Lighting - Tejas Borja\",\"isPartOf\":{\"@id\":\"https:\\\/\\\/tejasborja.com\\\/en\\\/#website\"},\"primaryImageOfPage\":{\"@id\":\"https:\\\/\\\/tejasborja.com\\\/en\\\/components\\\/lighting\\\/#primaryimage\"},\"image\":{\"@id\":\"https:\\\/\\\/tejasborja.com\\\/en\\\/components\\\/lighting\\\/#primaryimage\"},\"thumbnailUrl\":\"https:\\\/\\\/tejasborja.com\\\/wp-content\\\/uploads\\\/2024\\\/07\\\/COMPLEMENTOS-iluminacion-thumb.webp\",\"datePublished\":\"2024-07-12T11:37:14+00:00\",\"dateModified\":\"2024-11-27T16:18:20+00:00\",\"breadcrumb\":{\"@id\":\"https:\\\/\\\/tejasborja.com\\\/en\\\/components\\\/lighting\\\/#breadcrumb\"},\"inLanguage\":\"en-US\",\"potentialAction\":[{\"@type\":\"ReadAction\",\"target\":[\"https:\\\/\\\/tejasborja.com\\\/en\\\/components\\\/lighting\\\/\"]}]},{\"@type\":\"ImageObject\",\"inLanguage\":\"en-US\",\"@id\":\"https:\\\/\\\/tejasborja.com\\\/en\\\/components\\\/lighting\\\/#primaryimage\",\"url\":\"https:\\\/\\\/tejasborja.com\\\/wp-content\\\/uploads\\\/2024\\\/07\\\/COMPLEMENTOS-iluminacion-thumb.webp\",\"contentUrl\":\"https:\\\/\\\/tejasborja.com\\\/wp-content\\\/uploads\\\/2024\\\/07\\\/COMPLEMENTOS-iluminacion-thumb.webp\",\"width\":592,\"height\":400},{\"@type\":\"BreadcrumbList\",\"@id\":\"https:\\\/\\\/tejasborja.com\\\/en\\\/components\\\/lighting\\\/#breadcrumb\",\"itemListElement\":[{\"@type\":\"ListItem\",\"position\":1,\"name\":\"Portada\",\"item\":\"https:\\\/\\\/tejasborja.com\\\/en\\\/\"},{\"@type\":\"ListItem\",\"position\":2,\"name\":\"Components\",\"item\":\"https:\\\/\\\/tejasborja.com\\\/en\\\/components\\\/\"},{\"@type\":\"ListItem\",\"position\":3,\"name\":\"Lighting\"}]},{\"@type\":\"WebSite\",\"@id\":\"https:\\\/\\\/tejasborja.com\\\/en\\\/#website\",\"url\":\"https:\\\/\\\/tejasborja.com\\\/en\\\/\",\"name\":\"Tejas Borja\",\"description\":\"TEJAS BORJA la gama m\u00e1s amplia de tejas cer\u00e1micas del mercado. Especialistas en tejas mixtas, tejas planas y tejas curvas tanto para rehabilitaci\u00f3n de cubiertas como para tejados de obra nueva. Una marca con m\u00e1s de 110 a\u00f1os de experiencia....\",\"publisher\":{\"@id\":\"https:\\\/\\\/tejasborja.com\\\/en\\\/#organization\"},\"potentialAction\":[{\"@type\":\"SearchAction\",\"target\":{\"@type\":\"EntryPoint\",\"urlTemplate\":\"https:\\\/\\\/tejasborja.com\\\/en\\\/?s={search_term_string}\"},\"query-input\":{\"@type\":\"PropertyValueSpecification\",\"valueRequired\":true,\"valueName\":\"search_term_string\"}}],\"inLanguage\":\"en-US\"},{\"@type\":\"Organization\",\"@id\":\"https:\\\/\\\/tejasborja.com\\\/en\\\/#organization\",\"name\":\"Tejas Borja\",\"url\":\"https:\\\/\\\/tejasborja.com\\\/en\\\/\",\"logo\":{\"@type\":\"ImageObject\",\"inLanguage\":\"en-US\",\"@id\":\"https:\\\/\\\/tejasborja.com\\\/en\\\/#\\\/schema\\\/logo\\\/image\\\/\",\"url\":\"https:\\\/\\\/tejasborja.com\\\/wp-content\\\/uploads\\\/2025\\\/08\\\/Logo-Tejas-Borja-Blanco-1.png\",\"contentUrl\":\"https:\\\/\\\/tejasborja.com\\\/wp-content\\\/uploads\\\/2025\\\/08\\\/Logo-Tejas-Borja-Blanco-1.png\",\"width\":150,\"height\":50,\"caption\":\"Tejas Borja\"},\"image\":{\"@id\":\"https:\\\/\\\/tejasborja.com\\\/en\\\/#\\\/schema\\\/logo\\\/image\\\/\"}}]}<\/script>\n<!-- \/ Yoast SEO plugin. -->","yoast_head_json":{"title":"Lighting - Tejas Borja","robots":{"index":"index","follow":"follow","max-snippet":"max-snippet:-1","max-image-preview":"max-image-preview:large","max-video-preview":"max-video-preview:-1"},"canonical":"https:\/\/tejasborja.com\/en\/components\/lighting\/","og_locale":"en_US","og_type":"article","og_title":"Lighting - Tejas Borja","og_url":"https:\/\/tejasborja.com\/en\/components\/lighting\/","og_site_name":"Tejas Borja","article_modified_time":"2024-11-27T16:18:20+00:00","og_image":[{"width":592,"height":400,"url":"https:\/\/tejasborja.com\/wp-content\/uploads\/2024\/07\/COMPLEMENTOS-iluminacion-thumb.webp","type":"image\/webp"}],"twitter_card":"summary_large_image","schema":{"@context":"https:\/\/schema.org","@graph":[{"@type":"WebPage","@id":"https:\/\/tejasborja.com\/en\/components\/lighting\/","url":"https:\/\/tejasborja.com\/en\/components\/lighting\/","name":"Lighting - Tejas Borja","isPartOf":{"@id":"https:\/\/tejasborja.com\/en\/#website"},"primaryImageOfPage":{"@id":"https:\/\/tejasborja.com\/en\/components\/lighting\/#primaryimage"},"image":{"@id":"https:\/\/tejasborja.com\/en\/components\/lighting\/#primaryimage"},"thumbnailUrl":"https:\/\/tejasborja.com\/wp-content\/uploads\/2024\/07\/COMPLEMENTOS-iluminacion-thumb.webp","datePublished":"2024-07-12T11:37:14+00:00","dateModified":"2024-11-27T16:18:20+00:00","breadcrumb":{"@id":"https:\/\/tejasborja.com\/en\/components\/lighting\/#breadcrumb"},"inLanguage":"en-US","potentialAction":[{"@type":"ReadAction","target":["https:\/\/tejasborja.com\/en\/components\/lighting\/"]}]},{"@type":"ImageObject","inLanguage":"en-US","@id":"https:\/\/tejasborja.com\/en\/components\/lighting\/#primaryimage","url":"https:\/\/tejasborja.com\/wp-content\/uploads\/2024\/07\/COMPLEMENTOS-iluminacion-thumb.webp","contentUrl":"https:\/\/tejasborja.com\/wp-content\/uploads\/2024\/07\/COMPLEMENTOS-iluminacion-thumb.webp","width":592,"height":400},{"@type":"BreadcrumbList","@id":"https:\/\/tejasborja.com\/en\/components\/lighting\/#breadcrumb","itemListElement":[{"@type":"ListItem","position":1,"name":"Portada","item":"https:\/\/tejasborja.com\/en\/"},{"@type":"ListItem","position":2,"name":"Components","item":"https:\/\/tejasborja.com\/en\/components\/"},{"@type":"ListItem","position":3,"name":"Lighting"}]},{"@type":"WebSite","@id":"https:\/\/tejasborja.com\/en\/#website","url":"https:\/\/tejasborja.com\/en\/","name":"Tejas Borja","description":"TEJAS BORJA la gama m\u00e1s amplia de tejas cer\u00e1micas del mercado. Especialistas en tejas mixtas, tejas planas y tejas curvas tanto para rehabilitaci\u00f3n de cubiertas como para tejados de obra nueva. Una marca con m\u00e1s de 110 a\u00f1os de experiencia....","publisher":{"@id":"https:\/\/tejasborja.com\/en\/#organization"},"potentialAction":[{"@type":"SearchAction","target":{"@type":"EntryPoint","urlTemplate":"https:\/\/tejasborja.com\/en\/?s={search_term_string}"},"query-input":{"@type":"PropertyValueSpecification","valueRequired":true,"valueName":"search_term_string"}}],"inLanguage":"en-US"},{"@type":"Organization","@id":"https:\/\/tejasborja.com\/en\/#organization","name":"Tejas Borja","url":"https:\/\/tejasborja.com\/en\/","logo":{"@type":"ImageObject","inLanguage":"en-US","@id":"https:\/\/tejasborja.com\/en\/#\/schema\/logo\/image\/","url":"https:\/\/tejasborja.com\/wp-content\/uploads\/2025\/08\/Logo-Tejas-Borja-Blanco-1.png","contentUrl":"https:\/\/tejasborja.com\/wp-content\/uploads\/2025\/08\/Logo-Tejas-Borja-Blanco-1.png","width":150,"height":50,"caption":"Tejas Borja"},"image":{"@id":"https:\/\/tejasborja.com\/en\/#\/schema\/logo\/image\/"}}]}},"_links":{"self":[{"href":"https:\/\/tejasborja.com\/en\/wp-json\/wp\/v2\/pages\/36989","targetHints":{"allow":["GET"]}}],"collection":[{"href":"https:\/\/tejasborja.com\/en\/wp-json\/wp\/v2\/pages"}],"about":[{"href":"https:\/\/tejasborja.com\/en\/wp-json\/wp\/v2\/types\/page"}],"author":[{"embeddable":true,"href":"https:\/\/tejasborja.com\/en\/wp-json\/wp\/v2\/users\/4"}],"replies":[{"embeddable":true,"href":"https:\/\/tejasborja.com\/en\/wp-json\/wp\/v2\/comments?post=36989"}],"version-history":[{"count":0,"href":"https:\/\/tejasborja.com\/en\/wp-json\/wp\/v2\/pages\/36989\/revisions"}],"up":[{"embeddable":true,"href":"https:\/\/tejasborja.com\/en\/wp-json\/wp\/v2\/pages\/36948"}],"wp:featuredmedia":[{"embeddable":true,"href":"https:\/\/tejasborja.com\/en\/wp-json\/wp\/v2\/media\/3338"}],"wp:attachment":[{"href":"https:\/\/tejasborja.com\/en\/wp-json\/wp\/v2\/media?parent=36989"}],"curies":[{"name":"wp","href":"https:\/\/api.w.org\/{rel}","templated":true}]}}