{"id":40001,"date":"2024-07-15T09:23:35","date_gmt":"2024-07-15T07:23:35","guid":{"rendered":"https:\/\/tejasborja.com\/ceramic-accessories\/aleros\/"},"modified":"2025-02-05T16:19:24","modified_gmt":"2025-02-05T15:19:24","slug":"eave-line","status":"publish","type":"page","link":"https:\/\/tejasborja.com\/en\/ceramic-accessories\/eave-line\/","title":{"rendered":"Eave line"},"content":{"rendered":"\n<div id=\"HeaderAcabados-block_a463b94627eaa3d95d2dd66590b410a5\" class=\"HeaderAcabados\" style=\"background-color: \">\n\n    <div class=\"container\">\n        <div class=\"row\">\n            <div class=\"col-12 col-lg-7\">\n                <div class=\"textos\">\n                                            <div class=\"pretitulo\"><p class='textLG'>Ceramic accessories<\/p>\n<\/div>\n                                            <div class=\"titulo\"><h1 class='text3XL'>Eave line<\/h1>\n<\/div>\n                                            <div class=\"texto\"><p>Different designs of end pieces to protect, ventilate and even improve the aesthetics of the first line of roof eaves.<\/p>\n<\/div>\n                                        <div class=\"enlaces\">\n                                                <a class=\"underlineCta enlace\" href=\"#decocurvas\" target=\"_self\" title=\"Decocurvas\u00ae\" >Decocurvas\u00ae<\/a>\n                                                <a class=\"underlineCta enlace\" href=\"#other\" target=\"_self\" title=\"Other eaves\" >Other eaves<\/a>\n                                            <\/div>\n                <\/div>\n            <\/div>\n        <\/div>\n    <\/div>\n\n<\/div>\n\n\n\n<div id=\"decocurvas\" class=\"ListadoPiezas simple \" style=\"background-color: \">\n    <div class=\"container\" style=\"padding-top:40px;\">\n        <div class=\"row\">\n            <div class=\"col-12\">\n                                                <div class=\"title\"><h2 class='textXL'>Decocurvas\u00ae<\/h2>\n<\/div>\n                    <div class=\"piezasGrid\">\n                                                <a href=\"https:\/\/tejasborja.com\/en\/finishing-piece\/cover-decocurva-tb-12\/\">\n                            <div class=\"pieza\">\n                                <img decoding=\"async\" width=\"500\" height=\"500\" data-src=\"https:\/\/tejasborja.com\/wp-content\/uploads\/2024\/10\/ALEROS-Decocurva-Cumbrera-TB12-0.webp\" class=\"piezaImage lazyload\" alt=\"Cover Decocurva\u00ae TB-12\" data-srcset=\"https:\/\/tejasborja.com\/wp-content\/uploads\/2024\/10\/ALEROS-Decocurva-Cumbrera-TB12-0.webp 500w, https:\/\/tejasborja.com\/wp-content\/uploads\/2024\/10\/ALEROS-Decocurva-Cumbrera-TB12-0-300x300.webp 300w, https:\/\/tejasborja.com\/wp-content\/uploads\/2024\/10\/ALEROS-Decocurva-Cumbrera-TB12-0-150x150.webp 150w\" data-sizes=\"auto, (max-width: 500px) 100vw, 500px\" src=\"data:image\/svg+xml;base64,PHN2ZyB3aWR0aD0iMSIgaGVpZ2h0PSIxIiB4bWxucz0iaHR0cDovL3d3dy53My5vcmcvMjAwMC9zdmciPjwvc3ZnPg==\" style=\"--smush-placeholder-width: 500px; --smush-placeholder-aspect-ratio: 500\/500;\" \/>                                <div class=\"piezaTitle\">Cover Decocurva\u00ae TB-12<\/div>\n                            <\/div>\n                        <\/a>\n                                                <a href=\"https:\/\/tejasborja.com\/en\/finishing-piece\/pan-decocurva-tb-12\/\">\n                            <div class=\"pieza\">\n                                <img decoding=\"async\" width=\"500\" height=\"500\" data-src=\"https:\/\/tejasborja.com\/wp-content\/uploads\/2024\/10\/ALEROS-Decocurva-Canal-TB12-0.webp\" class=\"piezaImage lazyload\" alt=\"Pan Decocurva\u00ae TB-12\u00ae\" data-srcset=\"https:\/\/tejasborja.com\/wp-content\/uploads\/2024\/10\/ALEROS-Decocurva-Canal-TB12-0.webp 500w, https:\/\/tejasborja.com\/wp-content\/uploads\/2024\/10\/ALEROS-Decocurva-Canal-TB12-0-300x300.webp 300w, https:\/\/tejasborja.com\/wp-content\/uploads\/2024\/10\/ALEROS-Decocurva-Canal-TB12-0-150x150.webp 150w\" data-sizes=\"auto, (max-width: 500px) 100vw, 500px\" src=\"data:image\/svg+xml;base64,PHN2ZyB3aWR0aD0iMSIgaGVpZ2h0PSIxIiB4bWxucz0iaHR0cDovL3d3dy53My5vcmcvMjAwMC9zdmciPjwvc3ZnPg==\" style=\"--smush-placeholder-width: 500px; --smush-placeholder-aspect-ratio: 500\/500;\" \/>                                <div class=\"piezaTitle\">Pan Decocurva\u00ae TB-12\u00ae<\/div>\n                            <\/div>\n                        <\/a>\n                                                <a href=\"https:\/\/tejasborja.com\/en\/finishing-piece\/decocurva-cover-tb-4\/\">\n                            <div class=\"pieza\">\n                                <img decoding=\"async\" width=\"500\" height=\"500\" data-src=\"https:\/\/tejasborja.com\/wp-content\/uploads\/2024\/10\/ALEROS-Decocurva-Cumbrera-TB4-0.webp\" class=\"piezaImage lazyload\" alt=\"Cover Decocurva\u00ae TB-4\u00ae\" data-srcset=\"https:\/\/tejasborja.com\/wp-content\/uploads\/2024\/10\/ALEROS-Decocurva-Cumbrera-TB4-0.webp 500w, https:\/\/tejasborja.com\/wp-content\/uploads\/2024\/10\/ALEROS-Decocurva-Cumbrera-TB4-0-300x300.webp 300w, https:\/\/tejasborja.com\/wp-content\/uploads\/2024\/10\/ALEROS-Decocurva-Cumbrera-TB4-0-150x150.webp 150w\" data-sizes=\"auto, (max-width: 500px) 100vw, 500px\" src=\"data:image\/svg+xml;base64,PHN2ZyB3aWR0aD0iMSIgaGVpZ2h0PSIxIiB4bWxucz0iaHR0cDovL3d3dy53My5vcmcvMjAwMC9zdmciPjwvc3ZnPg==\" style=\"--smush-placeholder-width: 500px; --smush-placeholder-aspect-ratio: 500\/500;\" \/>                                <div class=\"piezaTitle\">Cover Decocurva\u00ae TB-4\u00ae<\/div>\n                            <\/div>\n                        <\/a>\n                                                <a href=\"https:\/\/tejasborja.com\/en\/finishing-piece\/pan-decocurva-tb-4\/\">\n                            <div class=\"pieza\">\n                                <img decoding=\"async\" width=\"500\" height=\"500\" data-src=\"https:\/\/tejasborja.com\/wp-content\/uploads\/2024\/10\/ALEROS-Decocurva-Canal-TB4-0.webp\" class=\"piezaImage lazyload\" alt=\"Pan Decocurva\u00ae TB-4\u00ae\" data-srcset=\"https:\/\/tejasborja.com\/wp-content\/uploads\/2024\/10\/ALEROS-Decocurva-Canal-TB4-0.webp 500w, https:\/\/tejasborja.com\/wp-content\/uploads\/2024\/10\/ALEROS-Decocurva-Canal-TB4-0-300x300.webp 300w, https:\/\/tejasborja.com\/wp-content\/uploads\/2024\/10\/ALEROS-Decocurva-Canal-TB4-0-150x150.webp 150w\" data-sizes=\"auto, (max-width: 500px) 100vw, 500px\" src=\"data:image\/svg+xml;base64,PHN2ZyB3aWR0aD0iMSIgaGVpZ2h0PSIxIiB4bWxucz0iaHR0cDovL3d3dy53My5vcmcvMjAwMC9zdmciPjwvc3ZnPg==\" style=\"--smush-placeholder-width: 500px; --smush-placeholder-aspect-ratio: 500\/500;\" \/>                                <div class=\"piezaTitle\">Pan Decocurva\u00ae TB-4\u00ae<\/div>\n                            <\/div>\n                        <\/a>\n                                            <\/div>\n                                            <\/div>\n        <\/div>\n    <\/div>\n<\/div>\n\n\n\n<div id=\"other\" class=\"ListadoPiezas simple \" style=\"background-color: \">\n    <div class=\"container\" style=\"padding-top:40px;\">\n        <div class=\"row\">\n            <div class=\"col-12\">\n                                                <div class=\"title\"><h2 class='textXL'>Other eaves<\/h2>\n<\/div>\n                    <div class=\"piezasGrid\">\n                                                <a href=\"https:\/\/tejasborja.com\/en\/finishing-piece\/booster-c-40-15\/\">\n                            <div class=\"pieza\">\n                                <img decoding=\"async\" width=\"500\" height=\"500\" data-src=\"https:\/\/tejasborja.com\/wp-content\/uploads\/2024\/10\/ALEROS-Precorte-C40.15.webp\" class=\"piezaImage lazyload\" alt=\"Booster C-40.15\" data-srcset=\"https:\/\/tejasborja.com\/wp-content\/uploads\/2024\/10\/ALEROS-Precorte-C40.15.webp 500w, https:\/\/tejasborja.com\/wp-content\/uploads\/2024\/10\/ALEROS-Precorte-C40.15-300x300.webp 300w, https:\/\/tejasborja.com\/wp-content\/uploads\/2024\/10\/ALEROS-Precorte-C40.15-150x150.webp 150w\" data-sizes=\"auto, (max-width: 500px) 100vw, 500px\" src=\"data:image\/svg+xml;base64,PHN2ZyB3aWR0aD0iMSIgaGVpZ2h0PSIxIiB4bWxucz0iaHR0cDovL3d3dy53My5vcmcvMjAwMC9zdmciPjwvc3ZnPg==\" style=\"--smush-placeholder-width: 500px; --smush-placeholder-aspect-ratio: 500\/500;\" \/>                                <div class=\"piezaTitle\">Booster C-40.15<\/div>\n                            <\/div>\n                        <\/a>\n                                            <\/div>\n                                            <\/div>\n        <\/div>\n    <\/div>\n<\/div>\n\n\n\n<div id=\"Componentes-block_55617b376625d2cc84663552307d093e\" class=\"Componentes v1\" style=\"background-color: #f5f5f5\">\n        <div class=\"container\">\n            <div class=\"row align-items-center\">\n                <div class=\"col-12\">\n                    <div class=\"textos\">\n                        <div class=\"titulo textXL\"><h3 class=''>Discover all the Auction Pieces<\/h3>\n<\/div>\n                        <div class=\"subtitulo textBody col-12 col-lg-6\"><p>Discover our selection of Roof Caps, designed to ensure the durability, aesthetics and functionality of your roofs. From ridge caps to side caps, our solutions are tailored to the specific needs of each project.<\/p>\n<\/div>\n                                            <\/div>\n                                                                    <div class=\"imagesBlock\">\n                                                    <a href=\"https:\/\/tejasborja.com\/en\/finishing-piece\/circular-hip-starter\/\">\n                                <div class=\"itemBlock\">\n                                    <div class=\"imgBlock overflow-hidden\">\n                                                                                    <img decoding=\"async\" width=\"500\" height=\"500\" data-src=\"https:\/\/tejasborja.com\/wp-content\/uploads\/2024\/10\/caballete-circular-final-1.webp\" class=\"img-fluid lazyload\" alt=\"Circular hip starter\" data-srcset=\"https:\/\/tejasborja.com\/wp-content\/uploads\/2024\/10\/caballete-circular-final-1.webp 500w, https:\/\/tejasborja.com\/wp-content\/uploads\/2024\/10\/caballete-circular-final-1-300x300.webp 300w, https:\/\/tejasborja.com\/wp-content\/uploads\/2024\/10\/caballete-circular-final-1-150x150.webp 150w\" data-sizes=\"auto, (max-width: 500px) 100vw, 500px\" src=\"data:image\/svg+xml;base64,PHN2ZyB3aWR0aD0iMSIgaGVpZ2h0PSIxIiB4bWxucz0iaHR0cDovL3d3dy53My5vcmcvMjAwMC9zdmciPjwvc3ZnPg==\" style=\"--smush-placeholder-width: 500px; --smush-placeholder-aspect-ratio: 500\/500;\" \/>                                                                            <\/div>\n                                    <span class=\"texto textBody\">Circular hip starter<\/span>\n                                <\/div>\n                            <\/a>\n                                                    <a href=\"https:\/\/tejasborja.com\/en\/finishing-piece\/c-50-21-celler-4-ways\/\">\n                                <div class=\"itemBlock\">\n                                    <div class=\"imgBlock overflow-hidden\">\n                                                                                    <img decoding=\"async\" width=\"500\" height=\"500\" data-src=\"https:\/\/tejasborja.com\/wp-content\/uploads\/2024\/10\/otros-celler-4vias.webp\" class=\"img-fluid lazyload\" alt=\"C-50.21 Celler\u00ae 4-Ways\" data-srcset=\"https:\/\/tejasborja.com\/wp-content\/uploads\/2024\/10\/otros-celler-4vias.webp 500w, https:\/\/tejasborja.com\/wp-content\/uploads\/2024\/10\/otros-celler-4vias-300x300.webp 300w, https:\/\/tejasborja.com\/wp-content\/uploads\/2024\/10\/otros-celler-4vias-150x150.webp 150w\" data-sizes=\"auto, (max-width: 500px) 100vw, 500px\" src=\"data:image\/svg+xml;base64,PHN2ZyB3aWR0aD0iMSIgaGVpZ2h0PSIxIiB4bWxucz0iaHR0cDovL3d3dy53My5vcmcvMjAwMC9zdmciPjwvc3ZnPg==\" style=\"--smush-placeholder-width: 500px; --smush-placeholder-aspect-ratio: 500\/500;\" \/>                                                                            <\/div>\n                                    <span class=\"texto textBody\">C-50.21 Celler\u00ae 4-Ways<\/span>\n                                <\/div>\n                            <\/a>\n                                                    <a href=\"https:\/\/tejasborja.com\/en\/finishing-piece\/circular-4-ways-interlocking\/\">\n                                <div class=\"itemBlock\">\n                                    <div class=\"imgBlock overflow-hidden\">\n                                                                                    <img decoding=\"async\" width=\"600\" height=\"500\" data-src=\"https:\/\/tejasborja.com\/wp-content\/uploads\/2025\/02\/circular_4_vias_encaje_1x.webp\" class=\"img-fluid lazyload\" alt=\"Circular 4-Ways (Interlocking)\" data-srcset=\"https:\/\/tejasborja.com\/wp-content\/uploads\/2025\/02\/circular_4_vias_encaje_1x.webp 600w, https:\/\/tejasborja.com\/wp-content\/uploads\/2025\/02\/circular_4_vias_encaje_1x-300x250.webp 300w\" data-sizes=\"auto, (max-width: 600px) 100vw, 600px\" src=\"data:image\/svg+xml;base64,PHN2ZyB3aWR0aD0iMSIgaGVpZ2h0PSIxIiB4bWxucz0iaHR0cDovL3d3dy53My5vcmcvMjAwMC9zdmciPjwvc3ZnPg==\" style=\"--smush-placeholder-width: 600px; --smush-placeholder-aspect-ratio: 600\/500;\" \/>                                                                            <\/div>\n                                    <span class=\"texto textBody\">Circular 4-Ways (Interlocking)<\/span>\n                                <\/div>\n                            <\/a>\n                                                    <a href=\"https:\/\/tejasborja.com\/en\/finishing-piece\/cover-decocurva-tb-12\/\">\n                                <div class=\"itemBlock\">\n                                    <div class=\"imgBlock overflow-hidden\">\n                                                                                    <img decoding=\"async\" width=\"500\" height=\"500\" data-src=\"https:\/\/tejasborja.com\/wp-content\/uploads\/2024\/10\/ALEROS-Decocurva-Cumbrera-TB12-0.webp\" class=\"img-fluid lazyload\" alt=\"Cover Decocurva\u00ae TB-12\" data-srcset=\"https:\/\/tejasborja.com\/wp-content\/uploads\/2024\/10\/ALEROS-Decocurva-Cumbrera-TB12-0.webp 500w, https:\/\/tejasborja.com\/wp-content\/uploads\/2024\/10\/ALEROS-Decocurva-Cumbrera-TB12-0-300x300.webp 300w, https:\/\/tejasborja.com\/wp-content\/uploads\/2024\/10\/ALEROS-Decocurva-Cumbrera-TB12-0-150x150.webp 150w\" data-sizes=\"auto, (max-width: 500px) 100vw, 500px\" src=\"data:image\/svg+xml;base64,PHN2ZyB3aWR0aD0iMSIgaGVpZ2h0PSIxIiB4bWxucz0iaHR0cDovL3d3dy53My5vcmcvMjAwMC9zdmciPjwvc3ZnPg==\" style=\"--smush-placeholder-width: 500px; --smush-placeholder-aspect-ratio: 500\/500;\" \/>                                                                            <\/div>\n                                    <span class=\"texto textBody\">Cover Decocurva\u00ae TB-12<\/span>\n                                <\/div>\n                            <\/a>\n                                                    <a href=\"https:\/\/tejasborja.com\/en\/finishing-piece\/cuna-caballete-c-40-15\/\">\n                                <div class=\"itemBlock\">\n                                    <div class=\"imgBlock overflow-hidden\">\n                                                                                    <img decoding=\"async\" width=\"500\" height=\"500\" data-src=\"https:\/\/tejasborja.com\/wp-content\/uploads\/2024\/10\/otros-cuna-4015.webp\" class=\"img-fluid lazyload\" alt=\"C-40.15 Under Ridge\" data-srcset=\"https:\/\/tejasborja.com\/wp-content\/uploads\/2024\/10\/otros-cuna-4015.webp 500w, https:\/\/tejasborja.com\/wp-content\/uploads\/2024\/10\/otros-cuna-4015-300x300.webp 300w, https:\/\/tejasborja.com\/wp-content\/uploads\/2024\/10\/otros-cuna-4015-150x150.webp 150w\" data-sizes=\"auto, (max-width: 500px) 100vw, 500px\" src=\"data:image\/svg+xml;base64,PHN2ZyB3aWR0aD0iMSIgaGVpZ2h0PSIxIiB4bWxucz0iaHR0cDovL3d3dy53My5vcmcvMjAwMC9zdmciPjwvc3ZnPg==\" style=\"--smush-placeholder-width: 500px; --smush-placeholder-aspect-ratio: 500\/500;\" \/>                                                                            <\/div>\n                                    <span class=\"texto textBody\">C-40.15 Under Ridge<\/span>\n                                <\/div>\n                            <\/a>\n                                                                            <a href=\"https:\/\/tejasborja.com\/en\/ceramic-accessories\/\">\n                                <div class=\"itemBlock principal\">\n                                    <div class=\"imgBlock overflow-hidden\">\n                                                                                <img decoding=\"async\" alt=\"tejas-img\" class=\"img-fluid lazyload\" data-src=\"https:\/\/tejasborja.com\/wp-content\/uploads\/2024\/11\/tejas-especiales.gif\" src=\"data:image\/svg+xml;base64,PHN2ZyB3aWR0aD0iMSIgaGVpZ2h0PSIxIiB4bWxucz0iaHR0cDovL3d3dy53My5vcmcvMjAwMC9zdmciPjwvc3ZnPg==\" style=\"--smush-placeholder-width: 300px; --smush-placeholder-aspect-ratio: 300\/300;\" \/>\n                                                                            <\/div>\n                                    <span class=\"texto textBody\">\n                                    View all Ceramic accessories                                <\/span>\n                                <\/div>\n                            <\/a>\n                        \n                        <\/div>\n                                        <\/div>\n            <\/div>\n        <\/div>\n\n<\/div>\n","protected":false},"excerpt":{"rendered":"","protected":false},"author":4,"featured_media":0,"parent":37014,"menu_order":20,"comment_status":"closed","ping_status":"closed","template":"","meta":{"_acf_changed":false,"_eb_attr":"","footnotes":""},"class_list":["post-40001","page","type-page","status-publish","hentry"],"acf":[],"yoast_head":"<!-- This site is optimized with the Yoast SEO plugin v27.1.1 - https:\/\/yoast.com\/product\/yoast-seo-wordpress\/ -->\n<title>Eave line - Tejas Borja<\/title>\n<meta name=\"robots\" content=\"index, follow, max-snippet:-1, max-image-preview:large, max-video-preview:-1\" \/>\n<link rel=\"canonical\" href=\"https:\/\/tejasborja.com\/en\/ceramic-accessories\/eave-line\/\" \/>\n<meta property=\"og:locale\" content=\"en_US\" \/>\n<meta property=\"og:type\" content=\"article\" \/>\n<meta property=\"og:title\" content=\"Eave line - Tejas Borja\" \/>\n<meta property=\"og:url\" content=\"https:\/\/tejasborja.com\/en\/ceramic-accessories\/eave-line\/\" \/>\n<meta property=\"og:site_name\" content=\"Tejas Borja\" \/>\n<meta property=\"article:modified_time\" content=\"2025-02-05T15:19:24+00:00\" \/>\n<meta name=\"twitter:card\" content=\"summary_large_image\" \/>\n<script type=\"application\/ld+json\" class=\"yoast-schema-graph\">{\"@context\":\"https:\/\/schema.org\",\"@graph\":[{\"@type\":\"WebPage\",\"@id\":\"https:\/\/tejasborja.com\/en\/ceramic-accessories\/eave-line\/\",\"url\":\"https:\/\/tejasborja.com\/en\/ceramic-accessories\/eave-line\/\",\"name\":\"Eave line - Tejas Borja\",\"isPartOf\":{\"@id\":\"https:\/\/tejasborja.com\/en\/#website\"},\"datePublished\":\"2024-07-15T07:23:35+00:00\",\"dateModified\":\"2025-02-05T15:19:24+00:00\",\"breadcrumb\":{\"@id\":\"https:\/\/tejasborja.com\/en\/ceramic-accessories\/eave-line\/#breadcrumb\"},\"inLanguage\":\"en-US\",\"potentialAction\":[{\"@type\":\"ReadAction\",\"target\":[\"https:\/\/tejasborja.com\/en\/ceramic-accessories\/eave-line\/\"]}]},{\"@type\":\"BreadcrumbList\",\"@id\":\"https:\/\/tejasborja.com\/en\/ceramic-accessories\/eave-line\/#breadcrumb\",\"itemListElement\":[{\"@type\":\"ListItem\",\"position\":1,\"name\":\"Portada\",\"item\":\"https:\/\/tejasborja.com\/en\/\"},{\"@type\":\"ListItem\",\"position\":2,\"name\":\"Ceramic accessories\",\"item\":\"https:\/\/tejasborja.com\/en\/ceramic-accessories\/\"},{\"@type\":\"ListItem\",\"position\":3,\"name\":\"Eave line\"}]},{\"@type\":\"WebSite\",\"@id\":\"https:\/\/tejasborja.com\/en\/#website\",\"url\":\"https:\/\/tejasborja.com\/en\/\",\"name\":\"Tejas Borja\",\"description\":\"TEJAS BORJA la gama m\u00e1s amplia de tejas cer\u00e1micas del mercado. Especialistas en tejas mixtas, tejas planas y tejas curvas tanto para rehabilitaci\u00f3n de cubiertas como para tejados de obra nueva. Una marca con m\u00e1s de 110 a\u00f1os de experiencia....\",\"publisher\":{\"@id\":\"https:\/\/tejasborja.com\/en\/#organization\"},\"potentialAction\":[{\"@type\":\"SearchAction\",\"target\":{\"@type\":\"EntryPoint\",\"urlTemplate\":\"https:\/\/tejasborja.com\/en\/?s={search_term_string}\"},\"query-input\":{\"@type\":\"PropertyValueSpecification\",\"valueRequired\":true,\"valueName\":\"search_term_string\"}}],\"inLanguage\":\"en-US\"},{\"@type\":\"Organization\",\"@id\":\"https:\/\/tejasborja.com\/en\/#organization\",\"name\":\"Tejas Borja\",\"url\":\"https:\/\/tejasborja.com\/en\/\",\"logo\":{\"@type\":\"ImageObject\",\"inLanguage\":\"en-US\",\"@id\":\"https:\/\/tejasborja.com\/en\/#\/schema\/logo\/image\/\",\"url\":\"https:\/\/tejasborja.com\/wp-content\/uploads\/2025\/08\/Logo-Tejas-Borja-Blanco-1.png\",\"contentUrl\":\"https:\/\/tejasborja.com\/wp-content\/uploads\/2025\/08\/Logo-Tejas-Borja-Blanco-1.png\",\"width\":150,\"height\":50,\"caption\":\"Tejas Borja\"},\"image\":{\"@id\":\"https:\/\/tejasborja.com\/en\/#\/schema\/logo\/image\/\"}}]}<\/script>\n<!-- \/ Yoast SEO plugin. -->","yoast_head_json":{"title":"Eave line - Tejas Borja","robots":{"index":"index","follow":"follow","max-snippet":"max-snippet:-1","max-image-preview":"max-image-preview:large","max-video-preview":"max-video-preview:-1"},"canonical":"https:\/\/tejasborja.com\/en\/ceramic-accessories\/eave-line\/","og_locale":"en_US","og_type":"article","og_title":"Eave line - Tejas Borja","og_url":"https:\/\/tejasborja.com\/en\/ceramic-accessories\/eave-line\/","og_site_name":"Tejas Borja","article_modified_time":"2025-02-05T15:19:24+00:00","twitter_card":"summary_large_image","schema":{"@context":"https:\/\/schema.org","@graph":[{"@type":"WebPage","@id":"https:\/\/tejasborja.com\/en\/ceramic-accessories\/eave-line\/","url":"https:\/\/tejasborja.com\/en\/ceramic-accessories\/eave-line\/","name":"Eave line - Tejas Borja","isPartOf":{"@id":"https:\/\/tejasborja.com\/en\/#website"},"datePublished":"2024-07-15T07:23:35+00:00","dateModified":"2025-02-05T15:19:24+00:00","breadcrumb":{"@id":"https:\/\/tejasborja.com\/en\/ceramic-accessories\/eave-line\/#breadcrumb"},"inLanguage":"en-US","potentialAction":[{"@type":"ReadAction","target":["https:\/\/tejasborja.com\/en\/ceramic-accessories\/eave-line\/"]}]},{"@type":"BreadcrumbList","@id":"https:\/\/tejasborja.com\/en\/ceramic-accessories\/eave-line\/#breadcrumb","itemListElement":[{"@type":"ListItem","position":1,"name":"Portada","item":"https:\/\/tejasborja.com\/en\/"},{"@type":"ListItem","position":2,"name":"Ceramic accessories","item":"https:\/\/tejasborja.com\/en\/ceramic-accessories\/"},{"@type":"ListItem","position":3,"name":"Eave line"}]},{"@type":"WebSite","@id":"https:\/\/tejasborja.com\/en\/#website","url":"https:\/\/tejasborja.com\/en\/","name":"Tejas Borja","description":"TEJAS BORJA la gama m\u00e1s amplia de tejas cer\u00e1micas del mercado. Especialistas en tejas mixtas, tejas planas y tejas curvas tanto para rehabilitaci\u00f3n de cubiertas como para tejados de obra nueva. Una marca con m\u00e1s de 110 a\u00f1os de experiencia....","publisher":{"@id":"https:\/\/tejasborja.com\/en\/#organization"},"potentialAction":[{"@type":"SearchAction","target":{"@type":"EntryPoint","urlTemplate":"https:\/\/tejasborja.com\/en\/?s={search_term_string}"},"query-input":{"@type":"PropertyValueSpecification","valueRequired":true,"valueName":"search_term_string"}}],"inLanguage":"en-US"},{"@type":"Organization","@id":"https:\/\/tejasborja.com\/en\/#organization","name":"Tejas Borja","url":"https:\/\/tejasborja.com\/en\/","logo":{"@type":"ImageObject","inLanguage":"en-US","@id":"https:\/\/tejasborja.com\/en\/#\/schema\/logo\/image\/","url":"https:\/\/tejasborja.com\/wp-content\/uploads\/2025\/08\/Logo-Tejas-Borja-Blanco-1.png","contentUrl":"https:\/\/tejasborja.com\/wp-content\/uploads\/2025\/08\/Logo-Tejas-Borja-Blanco-1.png","width":150,"height":50,"caption":"Tejas Borja"},"image":{"@id":"https:\/\/tejasborja.com\/en\/#\/schema\/logo\/image\/"}}]}},"_links":{"self":[{"href":"https:\/\/tejasborja.com\/en\/wp-json\/wp\/v2\/pages\/40001","targetHints":{"allow":["GET"]}}],"collection":[{"href":"https:\/\/tejasborja.com\/en\/wp-json\/wp\/v2\/pages"}],"about":[{"href":"https:\/\/tejasborja.com\/en\/wp-json\/wp\/v2\/types\/page"}],"author":[{"embeddable":true,"href":"https:\/\/tejasborja.com\/en\/wp-json\/wp\/v2\/users\/4"}],"replies":[{"embeddable":true,"href":"https:\/\/tejasborja.com\/en\/wp-json\/wp\/v2\/comments?post=40001"}],"version-history":[{"count":0,"href":"https:\/\/tejasborja.com\/en\/wp-json\/wp\/v2\/pages\/40001\/revisions"}],"up":[{"embeddable":true,"href":"https:\/\/tejasborja.com\/en\/wp-json\/wp\/v2\/pages\/37014"}],"wp:attachment":[{"href":"https:\/\/tejasborja.com\/en\/wp-json\/wp\/v2\/media?parent=40001"}],"curies":[{"name":"wp","href":"https:\/\/api.w.org\/{rel}","templated":true}]}}