{"id":42541,"date":"2024-06-13T07:37:40","date_gmt":"2024-06-13T05:37:40","guid":{"rendered":"https:\/\/tejasborja.com\/horarios\/"},"modified":"2025-07-04T09:48:53","modified_gmt":"2025-07-04T07:48:53","slug":"showroom-schedule","status":"publish","type":"page","link":"https:\/\/tejasborja.com\/en\/showroom-schedule\/","title":{"rendered":"Showroom Schedule"},"content":{"rendered":"\n<div id=\"Header-block_383b8a9a45e315fe36d05bc8bbe18135\" class=\"v1 Header normal\" style=\"background-color: \">\n\n    \n    <div class=\"container\">\n        <div class=\"row\">\n            <div class=\"col-12\">\n                <div class=\"titulo\"><h1 class=''>Showroom Schedule<\/h1>\n<\/div>\n            <\/div>\n        <\/div>\n        <div class=\"row\">\n            <div class=\"col-12 col-lg-10 mx-auto\">\n                <div class=\"subtitulo\"><p class=''>We offer you advice on the most suitable materials for your roofs and the infinite possibilities of Tejas Borja products, as well as which is our point of sale or the nearest showroom where you can be attended personally by specialised personnel.<\/p>\n<\/div>\n            <\/div>\n        <\/div>\n    <\/div>\n\n    \n<\/div>\n\n\n<div id=\"FormularioHorario-block_cb21a42bc548f788efc25d3fa3822081\" class=\"FormularioHorario\" style=\"background-color: #f5f5f5\">\n\n    <div class=\"container\">\n        <div class=\"row\">\n            <div class=\"col-12 col-lg-5 mx-auto\">\n                <div class=\"titulo textXL\"><p class=''>Showroom<\/p>\n<\/div>\n                <div class=\"texto textBody\"><p>To schedule a visit to our showroom in Ll\u00edria, Valencia, please request an appointment through the showroom form or call <a href=\"tel:+34 96 279 80 16\">+34 96 279 80 16<\/a>.<\/p>\n<\/div>\n                                    <div class=\"imagen\">\n                        <img decoding=\"async\" width=\"592\" height=\"395\" data-src=\"https:\/\/tejasborja.com\/wp-content\/uploads\/2024\/06\/contacto-1.png\" class=\"img-fluid lazyload\" alt=\"\" data-srcset=\"https:\/\/tejasborja.com\/wp-content\/uploads\/2024\/06\/contacto-1.png 592w, https:\/\/tejasborja.com\/wp-content\/uploads\/2024\/06\/contacto-1-300x200.png 300w\" data-sizes=\"auto, (max-width: 592px) 100vw, 592px\" src=\"data:image\/svg+xml;base64,PHN2ZyB3aWR0aD0iMSIgaGVpZ2h0PSIxIiB4bWxucz0iaHR0cDovL3d3dy53My5vcmcvMjAwMC9zdmciPjwvc3ZnPg==\" style=\"--smush-placeholder-width: 592px; --smush-placeholder-aspect-ratio: 592\/395;\" \/>                    <\/div>\n                            <\/div>\n            <div class=\"col-12 col-lg-7 mx-auto\">\n                <div class=\"titulo second textXL\"><p class=''>Make an appointment for the showroom.<\/p>\n<\/div>\n                <div class=\"formularioCont novalidate\">\n                                            \n<div class=\"wpcf7 no-js\" id=\"wpcf7-f1152-o1\" lang=\"es-ES\" dir=\"ltr\" data-wpcf7-id=\"1152\">\n<div class=\"screen-reader-response\"><p role=\"status\" aria-live=\"polite\" aria-atomic=\"true\"><\/p> <ul><\/ul><\/div>\n<form action=\"\/en\/wp-json\/wp\/v2\/pages\/42541#wpcf7-f1152-o1\" method=\"post\" class=\"wpcf7-form init\" aria-label=\"Formulario de contacto\" novalidate=\"novalidate\" data-status=\"init\">\n<fieldset class=\"hidden-fields-container\"><input type=\"hidden\" name=\"_wpcf7\" value=\"1152\" \/><input type=\"hidden\" name=\"_wpcf7_version\" value=\"6.1.5\" \/><input type=\"hidden\" name=\"_wpcf7_locale\" value=\"es_ES\" \/><input type=\"hidden\" name=\"_wpcf7_unit_tag\" value=\"wpcf7-f1152-o1\" \/><input type=\"hidden\" name=\"_wpcf7_container_post\" value=\"0\" \/><input type=\"hidden\" name=\"_wpcf7_posted_data_hash\" value=\"\" \/><input type=\"hidden\" name=\"_wpcf7cf_hidden_group_fields\" value=\"[]\" \/><input type=\"hidden\" name=\"_wpcf7cf_hidden_groups\" value=\"[]\" \/><input type=\"hidden\" name=\"_wpcf7cf_visible_groups\" value=\"[]\" \/><input type=\"hidden\" name=\"_wpcf7cf_repeaters\" value=\"[]\" \/><input type=\"hidden\" name=\"_wpcf7cf_steps\" value=\"{}\" \/><input type=\"hidden\" name=\"_wpcf7cf_options\" value=\"{&quot;form_id&quot;:1152,&quot;conditions&quot;:[{&quot;then_field&quot;:&quot;profesion-nombre&quot;,&quot;and_rules&quot;:[{&quot;if_field&quot;:&quot;profesion&quot;,&quot;operator&quot;:&quot;equals (regex)&quot;,&quot;if_value&quot;:&quot;otra&quot;}]},{&quot;then_field&quot;:&quot;motivo-visita-nombre&quot;,&quot;and_rules&quot;:[{&quot;if_field&quot;:&quot;motivo-visita&quot;,&quot;operator&quot;:&quot;equals&quot;,&quot;if_value&quot;:&quot;Otro - especificar&quot;}]}],&quot;settings&quot;:{&quot;animation&quot;:&quot;yes&quot;,&quot;animation_intime&quot;:200,&quot;animation_outtime&quot;:200,&quot;conditions_ui&quot;:&quot;normal&quot;,&quot;notice_dismissed&quot;:false}}\" \/>\n<\/fieldset>\n<div class=\"row\">\n\t<div class=\"col-12 col-lg-6\">\n\t\t<p><label> Nombre y apellidos*<br \/>\n<span class=\"wpcf7-form-control-wrap\" data-name=\"your-name\"><input size=\"40\" maxlength=\"400\" class=\"wpcf7-form-control wpcf7-text wpcf7-validates-as-required\" autocomplete=\"name\" aria-required=\"true\" aria-invalid=\"false\" value=\"\" type=\"text\" name=\"your-name\" \/><\/span> <\/label>\n\t\t<\/p>\n\t\t<p><label> Email*<br \/>\n<span class=\"wpcf7-form-control-wrap\" data-name=\"your-email\"><input size=\"40\" maxlength=\"400\" class=\"wpcf7-form-control wpcf7-email wpcf7-validates-as-required wpcf7-text wpcf7-validates-as-email\" autocomplete=\"email\" aria-required=\"true\" aria-invalid=\"false\" value=\"\" type=\"email\" name=\"your-email\" \/><\/span> <\/label>\n\t\t<\/p>\n\t\t<div class=\"no-margen\">\n\t\t\t<p><label> Tel\u00e9fono<br \/>\n<\/label>\n\t\t\t<\/p>\n\t\t\t<div class=\"grid\">\n\t\t\t\t<p><span class=\"wpcf7-form-control-wrap\" data-name=\"tel-pre\"><input size=\"40\" maxlength=\"400\" class=\"wpcf7-form-control wpcf7-text\" aria-invalid=\"false\" placeholder=\"+34\" value=\"\" type=\"text\" name=\"tel-pre\" \/><\/span><br \/>\n<span class=\"wpcf7-form-control-wrap\" data-name=\"telefono\"><input size=\"40\" maxlength=\"400\" class=\"wpcf7-form-control wpcf7-tel wpcf7-validates-as-required wpcf7-text wpcf7-validates-as-tel\" autocomplete=\"phone\" aria-required=\"true\" aria-invalid=\"false\" placeholder=\"000 000 000\" value=\"\" type=\"tel\" name=\"telefono\" \/><\/span>\n\t\t\t\t<\/p>\n\t\t\t<\/div>\n\t\t<\/div>\n\t\t<p><label> Poblaci\u00f3n \/ Ciudad<br \/>\n<span class=\"wpcf7-form-control-wrap\" data-name=\"poblacion\"><input size=\"40\" maxlength=\"400\" class=\"wpcf7-form-control wpcf7-text\" aria-invalid=\"false\" value=\"\" type=\"text\" name=\"poblacion\" \/><\/span> <\/label>\n\t\t<\/p>\n\t\t<p><label> C\u00f3digo Postal*<br \/>\n<span class=\"wpcf7-form-control-wrap\" data-name=\"codigo-postal\"><input class=\"wpcf7-form-control wpcf7-number wpcf7-validates-as-required wpcf7-validates-as-number\" aria-required=\"true\" aria-invalid=\"false\" value=\"\" type=\"number\" name=\"codigo-postal\" \/><\/span> <\/label>\n\t\t<\/p>\n\t\t<p><label> Pa\u00eds*<br \/>\n<span class=\"wpcf7-form-control-wrap\" data-name=\"pais\"><input size=\"40\" maxlength=\"400\" class=\"wpcf7-form-control wpcf7-text wpcf7-validates-as-required\" aria-required=\"true\" aria-invalid=\"false\" placeholder=\"Espa\u00f1a\" value=\"\" type=\"text\" name=\"pais\" \/><\/span> <\/label>\n\t\t<\/p>\n\t\t<p><label> Profesi\u00f3n<br \/>\n<span class=\"wpcf7-form-control-wrap\" data-name=\"profesion\"><select class=\"wpcf7-form-control wpcf7-select wpcf7-validates-as-required\" aria-required=\"true\" aria-invalid=\"false\" name=\"profesion\"><option value=\"\">&#8212;Por favor, elige una opci\u00f3n&#8212;<\/option><option value=\"Arquitecto\">Arquitecto<\/option><option value=\"Constructor\">Constructor<\/option><option value=\"Distribuidor\">Distribuidor<\/option><option value=\"Soy particular\">Soy particular<\/option><option value=\"Otra - especificar\">Otra &#8211; especificar<\/option><\/select><\/span> <\/label>\n\t\t<\/p>\n\t\t<div data-id=\"profesion-nombre\" data-orig_data_id=\"profesion-nombre\"  class=\"\" data-class=\"wpcf7cf_group\">\n\t\t\t<p><label> Otra &#8211;\u00a0especificar<br \/>\n<span class=\"wpcf7-form-control-wrap\" data-name=\"profesion-nombre\"><input size=\"40\" maxlength=\"400\" class=\"wpcf7-form-control wpcf7-text wpcf7-validates-as-required\" aria-required=\"true\" aria-invalid=\"false\" value=\"\" type=\"text\" name=\"profesion-nombre\" \/><\/span> <\/label>\n\t\t\t<\/p>\n\t\t<\/div>\n\t<\/div>\n\t<div class=\"col-12 col-lg-6\">\n\t\t<p><label> Motivo de la visita*<br \/>\n<span class=\"wpcf7-form-control-wrap\" data-name=\"motivo-visita\"><select class=\"wpcf7-form-control wpcf7-select wpcf7-validates-as-required\" aria-required=\"true\" aria-invalid=\"false\" name=\"motivo-visita\"><option value=\"\">&#8212;Por favor, elige una opci\u00f3n&#8212;<\/option><option value=\"Selecci\u00f3n de TEJAS\">Selecci\u00f3n de TEJAS<\/option><option value=\"Conocer los SISTEMAS para tejados\">Conocer los SISTEMAS para tejados<\/option><option value=\"Descubrir las soluciones SOLARES integradas\">Descubrir las soluciones SOLARES integradas<\/option><option value=\"Asesoramiento t\u00e9cnico\">Asesoramiento t\u00e9cnico<\/option><option value=\"Otro - especificar\">Otro &#8211; especificar<\/option><\/select><\/span> <\/label>\n\t\t<\/p>\n\t\t<div data-id=\"motivo-visita-nombre\" data-orig_data_id=\"motivo-visita-nombre\"  class=\"\" data-class=\"wpcf7cf_group\">\n\t\t\t<p><label> Otro &#8211; especificar<br \/>\n<span class=\"wpcf7-form-control-wrap\" data-name=\"motivo-visita-nombre\"><input size=\"40\" maxlength=\"400\" class=\"wpcf7-form-control wpcf7-text wpcf7-validates-as-required\" aria-required=\"true\" aria-invalid=\"false\" value=\"\" type=\"text\" name=\"motivo-visita-nombre\" \/><\/span> <\/label>\n\t\t\t<\/p>\n\t\t<\/div>\n\t\t<p><label> Tipo de proyecto*<br \/>\n<span class=\"wpcf7-form-control-wrap\" data-name=\"tipo-proyecto\"><select class=\"wpcf7-form-control wpcf7-select wpcf7-validates-as-required selectOverflow\" aria-required=\"true\" aria-invalid=\"false\" name=\"tipo-proyecto\"><option value=\"\">&#8212;Por favor, elige una opci\u00f3n&#8212;<\/option><option value=\"Obra nueva\">Obra nueva<\/option><option value=\"Rehabilitaci\u00f3n\">Rehabilitaci\u00f3n<\/option><\/select><\/span> <\/label>\n\t\t<\/p>\n\t\t<p><label> Preferencia de fecha y horario:<br \/>\n<span class=\"wpcf7-form-control-wrap\" data-name=\"fecha\"><input class=\"wpcf7-form-control wpcf7-date wpcf7-validates-as-date\" aria-invalid=\"false\" placeholder=\"Fecha: dd\/mm\/aaaa\" value=\"\" type=\"date\" name=\"fecha\" \/><\/span><br \/>\n<span class=\"wpcf7-form-control-wrap\" data-name=\"FRANJA-HORARIA\"><select class=\"wpcf7-form-control wpcf7-select selectOverflow\" aria-invalid=\"false\" name=\"FRANJA-HORARIA\"><option value=\"\">&#8212;Por favor, elige una opci\u00f3n&#8212;<\/option><option value=\"Ma\u00f1ana (de 9 a 14)\">Ma\u00f1ana (de 9 a 14)<\/option><option value=\"Tarde (de 15:30 a 17:30) ** no disponible los viernes\">Tarde (de 15:30 a 17:30) ** no disponible los viernes<\/option><\/select><\/span><br \/>\n<\/label><label> Comentarios adicionales:<br \/>\n<span class=\"wpcf7-form-control-wrap\" data-name=\"mensaje\"><textarea cols=\"40\" rows=\"10\" maxlength=\"2000\" class=\"wpcf7-form-control wpcf7-textarea\" aria-invalid=\"false\" placeholder=\"Comparte detalles especificos del proyecto o necesidades adicionales. (ej. formato de teja y\/o color)\" name=\"mensaje\"><\/textarea><\/span> <\/label>\n\t\t<\/p>\n\t\t<p><span class=\"wpcf7-form-control-wrap\" data-name=\"aceptacion\"><span class=\"wpcf7-form-control wpcf7-acceptance\"><span class=\"wpcf7-list-item\"><label><input type=\"checkbox\" name=\"aceptacion\" value=\"1\" aria-invalid=\"false\" \/><span class=\"wpcf7-list-item-label\">He le\u00eddo y acepto la <a href=\"\/politica-de-privacidad\" target=\"_blank\">Pol\u00edtica de Privacidad<\/a> de la empresa.<\/span><\/label><\/span><\/span><\/span>\n\t\t<\/p>\n\t\t<p><span class=\"wpcf7-form-control-wrap\" data-name=\"boletin\"><span class=\"wpcf7-form-control wpcf7-acceptance optional\"><span class=\"wpcf7-list-item\"><label><input type=\"checkbox\" name=\"boletin\" value=\"1\" aria-invalid=\"false\" \/><span class=\"wpcf7-list-item-label\">Deseo suscribirme al bolet\u00edn de noticias<\/span><\/label><\/span><\/span><\/span>\n\t\t<\/p>\n\t<div class=\"wpcf7-response-output\" aria-hidden=\"true\"><\/div>\n\t\t<div class=\"sentForm\">\n\t\t\t<p><input class=\"wpcf7-form-control wpcf7-submit has-spinner sentForm\" type=\"submit\" value=\"Pedir cita\" \/>\n\t\t\t<\/p>\n\t\t<\/div>\n\t<\/div>\n<\/div>\n<\/form>\n<\/div>\n                                    <\/div>\n            <\/div>\n        <\/div>\n    <\/div>\n<\/div>\n","protected":false},"excerpt":{"rendered":"","protected":false},"author":4,"featured_media":0,"parent":0,"menu_order":0,"comment_status":"closed","ping_status":"closed","template":"","meta":{"_acf_changed":false,"_eb_attr":"","footnotes":""},"class_list":["post-42541","page","type-page","status-publish","hentry"],"acf":[],"yoast_head":"<!-- This site is optimized with the Yoast SEO plugin v27.3 - https:\/\/yoast.com\/product\/yoast-seo-wordpress\/ -->\n<title>Showroom Schedule - Tejas Borja<\/title>\n<meta name=\"robots\" content=\"index, follow, max-snippet:-1, max-image-preview:large, max-video-preview:-1\" \/>\n<link rel=\"canonical\" href=\"https:\/\/tejasborja.com\/en\/showroom-schedule\/\" \/>\n<meta property=\"og:locale\" content=\"en_US\" \/>\n<meta property=\"og:type\" content=\"article\" \/>\n<meta property=\"og:title\" content=\"Showroom Schedule - Tejas Borja\" \/>\n<meta property=\"og:url\" content=\"https:\/\/tejasborja.com\/en\/showroom-schedule\/\" \/>\n<meta property=\"og:site_name\" content=\"Tejas Borja\" \/>\n<meta property=\"article:modified_time\" content=\"2025-07-04T07:48:53+00:00\" \/>\n<meta name=\"twitter:card\" content=\"summary_large_image\" \/>\n<script type=\"application\/ld+json\" class=\"yoast-schema-graph\">{\"@context\":\"https:\\\/\\\/schema.org\",\"@graph\":[{\"@type\":\"WebPage\",\"@id\":\"https:\\\/\\\/tejasborja.com\\\/en\\\/showroom-schedule\\\/\",\"url\":\"https:\\\/\\\/tejasborja.com\\\/en\\\/showroom-schedule\\\/\",\"name\":\"Showroom Schedule - Tejas Borja\",\"isPartOf\":{\"@id\":\"https:\\\/\\\/tejasborja.com\\\/en\\\/#website\"},\"datePublished\":\"2024-06-13T05:37:40+00:00\",\"dateModified\":\"2025-07-04T07:48:53+00:00\",\"breadcrumb\":{\"@id\":\"https:\\\/\\\/tejasborja.com\\\/en\\\/showroom-schedule\\\/#breadcrumb\"},\"inLanguage\":\"en-US\",\"potentialAction\":[{\"@type\":\"ReadAction\",\"target\":[\"https:\\\/\\\/tejasborja.com\\\/en\\\/showroom-schedule\\\/\"]}]},{\"@type\":\"BreadcrumbList\",\"@id\":\"https:\\\/\\\/tejasborja.com\\\/en\\\/showroom-schedule\\\/#breadcrumb\",\"itemListElement\":[{\"@type\":\"ListItem\",\"position\":1,\"name\":\"Portada\",\"item\":\"https:\\\/\\\/tejasborja.com\\\/en\\\/\"},{\"@type\":\"ListItem\",\"position\":2,\"name\":\"Showroom Schedule\"}]},{\"@type\":\"WebSite\",\"@id\":\"https:\\\/\\\/tejasborja.com\\\/en\\\/#website\",\"url\":\"https:\\\/\\\/tejasborja.com\\\/en\\\/\",\"name\":\"Tejas Borja\",\"description\":\"TEJAS BORJA la gama m\u00e1s amplia de tejas cer\u00e1micas del mercado. Especialistas en tejas mixtas, tejas planas y tejas curvas tanto para rehabilitaci\u00f3n de cubiertas como para tejados de obra nueva. Una marca con m\u00e1s de 110 a\u00f1os de experiencia....\",\"publisher\":{\"@id\":\"https:\\\/\\\/tejasborja.com\\\/en\\\/#organization\"},\"potentialAction\":[{\"@type\":\"SearchAction\",\"target\":{\"@type\":\"EntryPoint\",\"urlTemplate\":\"https:\\\/\\\/tejasborja.com\\\/en\\\/?s={search_term_string}\"},\"query-input\":{\"@type\":\"PropertyValueSpecification\",\"valueRequired\":true,\"valueName\":\"search_term_string\"}}],\"inLanguage\":\"en-US\"},{\"@type\":\"Organization\",\"@id\":\"https:\\\/\\\/tejasborja.com\\\/en\\\/#organization\",\"name\":\"Tejas Borja\",\"url\":\"https:\\\/\\\/tejasborja.com\\\/en\\\/\",\"logo\":{\"@type\":\"ImageObject\",\"inLanguage\":\"en-US\",\"@id\":\"https:\\\/\\\/tejasborja.com\\\/en\\\/#\\\/schema\\\/logo\\\/image\\\/\",\"url\":\"https:\\\/\\\/tejasborja.com\\\/wp-content\\\/uploads\\\/2025\\\/08\\\/Logo-Tejas-Borja-Blanco-1.png\",\"contentUrl\":\"https:\\\/\\\/tejasborja.com\\\/wp-content\\\/uploads\\\/2025\\\/08\\\/Logo-Tejas-Borja-Blanco-1.png\",\"width\":150,\"height\":50,\"caption\":\"Tejas Borja\"},\"image\":{\"@id\":\"https:\\\/\\\/tejasborja.com\\\/en\\\/#\\\/schema\\\/logo\\\/image\\\/\"}}]}<\/script>\n<!-- \/ Yoast SEO plugin. -->","yoast_head_json":{"title":"Showroom Schedule - Tejas Borja","robots":{"index":"index","follow":"follow","max-snippet":"max-snippet:-1","max-image-preview":"max-image-preview:large","max-video-preview":"max-video-preview:-1"},"canonical":"https:\/\/tejasborja.com\/en\/showroom-schedule\/","og_locale":"en_US","og_type":"article","og_title":"Showroom Schedule - Tejas Borja","og_url":"https:\/\/tejasborja.com\/en\/showroom-schedule\/","og_site_name":"Tejas Borja","article_modified_time":"2025-07-04T07:48:53+00:00","twitter_card":"summary_large_image","schema":{"@context":"https:\/\/schema.org","@graph":[{"@type":"WebPage","@id":"https:\/\/tejasborja.com\/en\/showroom-schedule\/","url":"https:\/\/tejasborja.com\/en\/showroom-schedule\/","name":"Showroom Schedule - Tejas Borja","isPartOf":{"@id":"https:\/\/tejasborja.com\/en\/#website"},"datePublished":"2024-06-13T05:37:40+00:00","dateModified":"2025-07-04T07:48:53+00:00","breadcrumb":{"@id":"https:\/\/tejasborja.com\/en\/showroom-schedule\/#breadcrumb"},"inLanguage":"en-US","potentialAction":[{"@type":"ReadAction","target":["https:\/\/tejasborja.com\/en\/showroom-schedule\/"]}]},{"@type":"BreadcrumbList","@id":"https:\/\/tejasborja.com\/en\/showroom-schedule\/#breadcrumb","itemListElement":[{"@type":"ListItem","position":1,"name":"Portada","item":"https:\/\/tejasborja.com\/en\/"},{"@type":"ListItem","position":2,"name":"Showroom Schedule"}]},{"@type":"WebSite","@id":"https:\/\/tejasborja.com\/en\/#website","url":"https:\/\/tejasborja.com\/en\/","name":"Tejas Borja","description":"TEJAS BORJA la gama m\u00e1s amplia de tejas cer\u00e1micas del mercado. Especialistas en tejas mixtas, tejas planas y tejas curvas tanto para rehabilitaci\u00f3n de cubiertas como para tejados de obra nueva. Una marca con m\u00e1s de 110 a\u00f1os de experiencia....","publisher":{"@id":"https:\/\/tejasborja.com\/en\/#organization"},"potentialAction":[{"@type":"SearchAction","target":{"@type":"EntryPoint","urlTemplate":"https:\/\/tejasborja.com\/en\/?s={search_term_string}"},"query-input":{"@type":"PropertyValueSpecification","valueRequired":true,"valueName":"search_term_string"}}],"inLanguage":"en-US"},{"@type":"Organization","@id":"https:\/\/tejasborja.com\/en\/#organization","name":"Tejas Borja","url":"https:\/\/tejasborja.com\/en\/","logo":{"@type":"ImageObject","inLanguage":"en-US","@id":"https:\/\/tejasborja.com\/en\/#\/schema\/logo\/image\/","url":"https:\/\/tejasborja.com\/wp-content\/uploads\/2025\/08\/Logo-Tejas-Borja-Blanco-1.png","contentUrl":"https:\/\/tejasborja.com\/wp-content\/uploads\/2025\/08\/Logo-Tejas-Borja-Blanco-1.png","width":150,"height":50,"caption":"Tejas Borja"},"image":{"@id":"https:\/\/tejasborja.com\/en\/#\/schema\/logo\/image\/"}}]}},"_links":{"self":[{"href":"https:\/\/tejasborja.com\/en\/wp-json\/wp\/v2\/pages\/42541","targetHints":{"allow":["GET"]}}],"collection":[{"href":"https:\/\/tejasborja.com\/en\/wp-json\/wp\/v2\/pages"}],"about":[{"href":"https:\/\/tejasborja.com\/en\/wp-json\/wp\/v2\/types\/page"}],"author":[{"embeddable":true,"href":"https:\/\/tejasborja.com\/en\/wp-json\/wp\/v2\/users\/4"}],"replies":[{"embeddable":true,"href":"https:\/\/tejasborja.com\/en\/wp-json\/wp\/v2\/comments?post=42541"}],"version-history":[{"count":0,"href":"https:\/\/tejasborja.com\/en\/wp-json\/wp\/v2\/pages\/42541\/revisions"}],"wp:attachment":[{"href":"https:\/\/tejasborja.com\/en\/wp-json\/wp\/v2\/media?parent=42541"}],"curies":[{"name":"wp","href":"https:\/\/api.w.org\/{rel}","templated":true}]}}