{"id":42554,"date":"2024-06-13T14:38:48","date_gmt":"2024-06-13T12:38:48","guid":{"rendered":"https:\/\/tejasborja.com\/blog\/"},"modified":"2024-11-17T17:49:55","modified_gmt":"2024-11-17T16:49:55","slug":"blog","status":"publish","type":"page","link":"https:\/\/tejasborja.com\/en\/blog\/","title":{"rendered":"Blog"},"content":{"rendered":"\n<div id=\"Header-block_db4f5cc30911002e83893657c27b8010\" class=\"v1 Header normal\" style=\"background-color: \">\n\n    \n    <div class=\"container\">\n        <div class=\"row\">\n            <div class=\"col-12\">\n                <div class=\"titulo\"><h1 class=''>Blog<\/h1>\n<\/div>\n            <\/div>\n        <\/div>\n        <div class=\"row\">\n            <div class=\"col-12 col-lg-10 mx-auto\">\n                <div class=\"subtitulo\"><p class=''>In this blog you will find the latest news, projects, tips and innovative solutions from Tejas Borja.<\/p>\n<\/div>\n            <\/div>\n        <\/div>\n    <\/div>\n\n    \n<\/div>\n\n\n\n<div id=\"NoticiaDestacada-block_019e3fc9ff07f6f5c90c77140b436f5d\" class=\"NoticiaDestacada\" style=\"background-color: \">\n\n    <div class=\"container\">\n        <div class=\"row\">\n            <div class=\"col-12\">\n                <a href=\"https:\/\/tejasborja.com\/en\/solar-solutions-for-roofs\/\" target=\"_self\" alt=\"Solar Solutions for Roofs: Innovation and Design with Tejas Borja\" style=\"text-decoration: none;\">\n                    <div class=\"noticia\">\n                        <div class=\"overflow-hidden\">\n                                                            <img decoding=\"async\" width=\"1200\" height=\"352\" data-src=\"https:\/\/tejasborja.com\/wp-content\/uploads\/2026\/03\/Portada.png\" class=\"imagen lazyload\" alt=\"Solar Solutions for Roofs: Innovation and Design with Tejas Borja\" data-srcset=\"https:\/\/tejasborja.com\/wp-content\/uploads\/2026\/03\/Portada.png 1200w, https:\/\/tejasborja.com\/wp-content\/uploads\/2026\/03\/Portada-300x88.png 300w, https:\/\/tejasborja.com\/wp-content\/uploads\/2026\/03\/Portada-1024x300.png 1024w, https:\/\/tejasborja.com\/wp-content\/uploads\/2026\/03\/Portada-768x225.png 768w\" data-sizes=\"auto, (max-width: 1200px) 100vw, 1200px\" src=\"data:image\/svg+xml;base64,PHN2ZyB3aWR0aD0iMSIgaGVpZ2h0PSIxIiB4bWxucz0iaHR0cDovL3d3dy53My5vcmcvMjAwMC9zdmciPjwvc3ZnPg==\" style=\"--smush-placeholder-width: 1200px; --smush-placeholder-aspect-ratio: 1200\/352;\" \/>                                                    <\/div>\n                        <div>\n                                                            <div class=\"categorias\">\n                                                                            <span class=\"categoria textLG\">News<\/span>\n                                                                    <\/div>\n                                                        <div class=\"titulo textXL\">Solar Solutions for Roofs: Innovation and Design with Tejas Borja<\/div>\n                            <div class=\"excerpt\"><\/div>\n                        <\/div>\n                    <\/div>\n                <\/a>\n            <\/div>\n        <\/div>\n    <\/div>\n\n<\/div>\n\n\n<div id=\"ListadoNoticias-block_605300bd3b7e32e9ea4a2a9e76e931ac\" class=\"ListadoNoticias\" style=\"background-color: \">\n    <div class=\"container\">\n        <div class=\"row align-items-center\">\n            <div class=\"col-12 col-lg-9\">\n                <div class=\"categorias\">\n                    <a class=\"active categoria\" href=\"https:\/\/tejasborja.com\/en\/blog\/\">Todo<\/a>\n                                        <a class=\" categoria\" data-slug=\"uncategorized\">Uncategorized<\/a>\n                                        <a class=\" categoria\" data-slug=\"news\">News<\/a>\n                                        <a class=\" categoria\" data-slug=\"events\">Events<\/a>\n                                        <a class=\" categoria\" data-slug=\"instalation\">Instalation<\/a>\n                                        <a class=\" categoria\" data-slug=\"environment\">Environment<\/a>\n                                        <a class=\" categoria\" data-slug=\"media\">Media<\/a>\n                                        <a class=\" categoria\" data-slug=\"main-projects\">Main projects<\/a>\n                                        <a class=\" categoria\" data-slug=\"videos-en\">Videos<\/a>\n                                    <\/div>\n            <\/div>\n            <div class=\"col-12 col-lg-3\">\n                <div class=\"nombre\">\n                    <form method=\"GET\">\n                        <input type=\"hidden\" name=\"cat\" id=\"categoria\" value=\"\">\n                        <input type=\"hidden\" name=\"tag\" id=\"tag\" value=\"\">\n                        <input type=\"hidden\" name=\"lang\" id=\"lang\" value=\"en\">\n                        <input type=\"hidden\" id=\"numero\" value=\"6\">\n                        <input class=\"search\" type=\"text\" autocomplete=\"off\" name=\"text\" value=\"\" placeholder=\"Search\">\n                    <\/form>\n                <\/div>\n            <\/div>\n        <\/div>\n        <div class=\"row\">\n            <div class=\"col-12\">\n                <div class=\"resultados\"><\/div>\n            <\/div>\n        <\/div>\n        <div class=\"row\">\n            <div class=\"col-12\">\n                <div class=\"noticiasGrid\">\n                                        <a href=\"https:\/\/tejasborja.com\/en\/tejas-borja-refuerza-su-presencia-internacional-en-la-feria-big-5-de-dubai\/\" alt=\"Tejas Borja showcases its international leadership at Big 5 Dubai\" style=\"text-decoration: none;\">\n                        <div class=\"noticia\">\n                            <div>\n                                                                <div class=\"overflow-hidden\">\n                                    <img decoding=\"async\" width=\"809\" height=\"313\" data-src=\"https:\/\/tejasborja.com\/wp-content\/uploads\/2025\/10\/Diseno-sin-titulo-e1761564158641.png\" class=\"imagen lazyload\" alt=\"Tejas Borja showcases its international leadership at Big 5 Dubai\" src=\"data:image\/svg+xml;base64,PHN2ZyB3aWR0aD0iMSIgaGVpZ2h0PSIxIiB4bWxucz0iaHR0cDovL3d3dy53My5vcmcvMjAwMC9zdmciPjwvc3ZnPg==\" style=\"--smush-placeholder-width: 809px; --smush-placeholder-aspect-ratio: 809\/313;\" \/>                                <\/div>\n                                                                <div class=\"tituloNoticia\">Tejas Borja showcases its international leadership at Big 5 Dubai<\/div>\n                                <div class=\"excerpt\">Tejas Borja estar\u00e1 presente en la feria Internacional m\u00e1s importante del sector<\/div>\n                            <\/div>\n                            <div class=\"footer textSM\">\n                                                                                                    <span class=\"categoriaNoticias\">Events,<\/span>\n                                                                                                <span class=\"date\">October 27, 2025<\/span>\n                            <\/div>\n                        <\/div>\n                    <\/a>\n                                        <a href=\"https:\/\/tejasborja.com\/en\/hispalyt-architecture-awards-2023-2025\/\" alt=\"HISPALYT ARCHITECTURE AWARDS 2023-2025\" style=\"text-decoration: none;\">\n                        <div class=\"noticia\">\n                            <div>\n                                                                <div class=\"overflow-hidden\">\n                                    <img decoding=\"async\" width=\"1116\" height=\"727\" data-src=\"https:\/\/tejasborja.com\/wp-content\/uploads\/2025\/10\/premios-teja.jpg\" class=\"imagen lazyload\" alt=\"HISPALYT ARCHITECTURE AWARDS 2023-2025\" data-srcset=\"https:\/\/tejasborja.com\/wp-content\/uploads\/2025\/10\/premios-teja.jpg 1116w, https:\/\/tejasborja.com\/wp-content\/uploads\/2025\/10\/premios-teja-300x195.jpg 300w, https:\/\/tejasborja.com\/wp-content\/uploads\/2025\/10\/premios-teja-1024x667.jpg 1024w, https:\/\/tejasborja.com\/wp-content\/uploads\/2025\/10\/premios-teja-768x500.jpg 768w\" data-sizes=\"auto, (max-width: 1116px) 100vw, 1116px\" src=\"data:image\/svg+xml;base64,PHN2ZyB3aWR0aD0iMSIgaGVpZ2h0PSIxIiB4bWxucz0iaHR0cDovL3d3dy53My5vcmcvMjAwMC9zdmciPjwvc3ZnPg==\" style=\"--smush-placeholder-width: 1116px; --smush-placeholder-aspect-ratio: 1116\/727;\" \/>                                <\/div>\n                                                                <div class=\"tituloNoticia\">HISPALYT ARCHITECTURE AWARDS 2023-2025<\/div>\n                                <div class=\"excerpt\"><\/div>\n                            <\/div>\n                            <div class=\"footer textSM\">\n                                                                                                    <span class=\"categoriaNoticias\">News,<\/span>\n                                                                                                <span class=\"date\">October 2, 2025<\/span>\n                            <\/div>\n                        <\/div>\n                    <\/a>\n                                        <a href=\"https:\/\/tejasborja.com\/en\/tejas-borja-actualizan-su-certificado-icc-es-esr-2111\/\" alt=\"Tejas Borja updates its ICC-ES ESR-2111 certificate\" style=\"text-decoration: none;\">\n                        <div class=\"noticia\">\n                            <div>\n                                                                <div class=\"overflow-hidden\">\n                                    <img decoding=\"async\" width=\"1024\" height=\"576\" data-src=\"https:\/\/tejasborja.com\/wp-content\/uploads\/2025\/06\/Bodegon.jpg\" class=\"imagen lazyload\" alt=\"Tejas Borja updates its ICC-ES ESR-2111 certificate\" data-srcset=\"https:\/\/tejasborja.com\/wp-content\/uploads\/2025\/06\/Bodegon.jpg 1024w, https:\/\/tejasborja.com\/wp-content\/uploads\/2025\/06\/Bodegon-300x169.jpg 300w, https:\/\/tejasborja.com\/wp-content\/uploads\/2025\/06\/Bodegon-768x432.jpg 768w\" data-sizes=\"auto, (max-width: 1024px) 100vw, 1024px\" src=\"data:image\/svg+xml;base64,PHN2ZyB3aWR0aD0iMSIgaGVpZ2h0PSIxIiB4bWxucz0iaHR0cDovL3d3dy53My5vcmcvMjAwMC9zdmciPjwvc3ZnPg==\" style=\"--smush-placeholder-width: 1024px; --smush-placeholder-aspect-ratio: 1024\/576;\" \/>                                <\/div>\n                                                                <div class=\"tituloNoticia\">Tejas Borja updates its ICC-ES ESR-2111 certificate<\/div>\n                                <div class=\"excerpt\"><\/div>\n                            <\/div>\n                            <div class=\"footer textSM\">\n                                                                                                                                <span class=\"date\">June 30, 2025<\/span>\n                            <\/div>\n                        <\/div>\n                    <\/a>\n                                        <a href=\"https:\/\/tejasborja.com\/en\/tejas-borjas-solar-roof-tiles-present-at-hispalyts-technical-seminar\/\" alt=\"Tejas Borja\u2019s Solar Roof Tiles present at Hispalyt\u2019s Technical Seminar\" style=\"text-decoration: none;\">\n                        <div class=\"noticia\">\n                            <div>\n                                                                <div class=\"overflow-hidden\">\n                                    <img decoding=\"async\" width=\"1024\" height=\"751\" data-src=\"https:\/\/tejasborja.com\/wp-content\/uploads\/2025\/04\/hispalyt.jpg\" class=\"imagen lazyload\" alt=\"Tejas Borja\u2019s Solar Roof Tiles present at Hispalyt\u2019s Technical Seminar\" data-srcset=\"https:\/\/tejasborja.com\/wp-content\/uploads\/2025\/04\/hispalyt.jpg 1024w, https:\/\/tejasborja.com\/wp-content\/uploads\/2025\/04\/hispalyt-300x220.jpg 300w, https:\/\/tejasborja.com\/wp-content\/uploads\/2025\/04\/hispalyt-768x563.jpg 768w\" data-sizes=\"auto, (max-width: 1024px) 100vw, 1024px\" src=\"data:image\/svg+xml;base64,PHN2ZyB3aWR0aD0iMSIgaGVpZ2h0PSIxIiB4bWxucz0iaHR0cDovL3d3dy53My5vcmcvMjAwMC9zdmciPjwvc3ZnPg==\" style=\"--smush-placeholder-width: 1024px; --smush-placeholder-aspect-ratio: 1024\/751;\" \/>                                <\/div>\n                                                                <div class=\"tituloNoticia\">Tejas Borja\u2019s Solar Roof Tiles present at Hispalyt\u2019s Technical Seminar<\/div>\n                                <div class=\"excerpt\"><\/div>\n                            <\/div>\n                            <div class=\"footer textSM\">\n                                                                                                                                <span class=\"date\">April 10, 2025<\/span>\n                            <\/div>\n                        <\/div>\n                    <\/a>\n                                        <a href=\"https:\/\/tejasborja.com\/en\/the-power-of-our-women-inspires-and-transforms\/\" alt=\"The Power of Our Women Inspires and Transforms\" style=\"text-decoration: none;\">\n                        <div class=\"noticia\">\n                            <div>\n                                                                <div class=\"overflow-hidden\">\n                                    <img decoding=\"async\" width=\"1024\" height=\"751\" data-src=\"https:\/\/tejasborja.com\/wp-content\/uploads\/2025\/04\/Blog-RRSS-1024x751-px-8M_en.jpg\" class=\"imagen lazyload\" alt=\"The Power of Our Women Inspires and Transforms\" data-srcset=\"https:\/\/tejasborja.com\/wp-content\/uploads\/2025\/04\/Blog-RRSS-1024x751-px-8M_en.jpg 1024w, https:\/\/tejasborja.com\/wp-content\/uploads\/2025\/04\/Blog-RRSS-1024x751-px-8M_en-300x220.jpg 300w, https:\/\/tejasborja.com\/wp-content\/uploads\/2025\/04\/Blog-RRSS-1024x751-px-8M_en-768x563.jpg 768w\" data-sizes=\"auto, (max-width: 1024px) 100vw, 1024px\" src=\"data:image\/svg+xml;base64,PHN2ZyB3aWR0aD0iMSIgaGVpZ2h0PSIxIiB4bWxucz0iaHR0cDovL3d3dy53My5vcmcvMjAwMC9zdmciPjwvc3ZnPg==\" style=\"--smush-placeholder-width: 1024px; --smush-placeholder-aspect-ratio: 1024\/751;\" \/>                                <\/div>\n                                                                <div class=\"tituloNoticia\">The Power of Our Women Inspires and Transforms<\/div>\n                                <div class=\"excerpt\"><\/div>\n                            <\/div>\n                            <div class=\"footer textSM\">\n                                                                                                                                <span class=\"date\">April 10, 2025<\/span>\n                            <\/div>\n                        <\/div>\n                    <\/a>\n                                        <a href=\"https:\/\/tejasborja.com\/en\/silver-medal-by-ecovadis-2\/\" alt=\"Tejas Borja, part of Edilians Group, awarded Silver Medal by EcoVadis\" style=\"text-decoration: none;\">\n                        <div class=\"noticia\">\n                            <div>\n                                                                <div class=\"overflow-hidden\">\n                                    <img decoding=\"async\" width=\"768\" height=\"494\" data-src=\"https:\/\/tejasborja.com\/wp-content\/uploads\/2025\/04\/ECOVADIS_TEJAS-BORJA_EN.webp\" class=\"imagen lazyload\" alt=\"Tejas Borja, part of Edilians Group, awarded Silver Medal by EcoVadis\" data-srcset=\"https:\/\/tejasborja.com\/wp-content\/uploads\/2025\/04\/ECOVADIS_TEJAS-BORJA_EN.webp 768w, https:\/\/tejasborja.com\/wp-content\/uploads\/2025\/04\/ECOVADIS_TEJAS-BORJA_EN-300x193.webp 300w\" data-sizes=\"auto, (max-width: 768px) 100vw, 768px\" src=\"data:image\/svg+xml;base64,PHN2ZyB3aWR0aD0iMSIgaGVpZ2h0PSIxIiB4bWxucz0iaHR0cDovL3d3dy53My5vcmcvMjAwMC9zdmciPjwvc3ZnPg==\" style=\"--smush-placeholder-width: 768px; --smush-placeholder-aspect-ratio: 768\/494;\" \/>                                <\/div>\n                                                                <div class=\"tituloNoticia\">Tejas Borja, part of Edilians Group, awarded Silver Medal by EcoVadis<\/div>\n                                <div class=\"excerpt\"><\/div>\n                            <\/div>\n                            <div class=\"footer textSM\">\n                                                                                                                                <span class=\"date\">April 10, 2025<\/span>\n                            <\/div>\n                        <\/div>\n                    <\/a>\n                                    <\/div>\n                <div class=\"paginacion\">\n                                            <a class=\"arrow-left disabled\"><\/a>\n                        <div class=\"numbers\">\n                            <a class=\"active\" data-page=\"1\">1<\/a>\n                                                            <a data-page=\"2\">2<\/a>\n                                                            <a data-page=\"3\">3<\/a>\n                                                            <a class=\"dots\">&#8230;<\/a>\n                                                        <a data-page=\"21\">21<\/a>\n                        <\/div>\n                        <a class=\"arrow-right\" data-page=\"21\"><\/a>\n                                    <\/div>\n            <\/div>\n        <\/div>\n    <\/div>\n<\/div>\n","protected":false},"excerpt":{"rendered":"","protected":false},"author":4,"featured_media":0,"parent":0,"menu_order":0,"comment_status":"closed","ping_status":"closed","template":"","meta":{"_acf_changed":false,"_eb_attr":"","footnotes":""},"class_list":["post-42554","page","type-page","status-publish","hentry"],"acf":[],"yoast_head":"<!-- This site is optimized with the Yoast SEO plugin v27.1.1 - https:\/\/yoast.com\/product\/yoast-seo-wordpress\/ -->\n<title>Blog - Tejas Borja<\/title>\n<meta name=\"robots\" content=\"index, follow, max-snippet:-1, max-image-preview:large, max-video-preview:-1\" \/>\n<link rel=\"canonical\" href=\"https:\/\/tejasborja.com\/en\/blog\/\" \/>\n<meta property=\"og:locale\" content=\"en_US\" \/>\n<meta property=\"og:type\" content=\"article\" \/>\n<meta property=\"og:title\" content=\"Blog - Tejas Borja\" \/>\n<meta property=\"og:url\" content=\"https:\/\/tejasborja.com\/en\/blog\/\" \/>\n<meta property=\"og:site_name\" content=\"Tejas Borja\" \/>\n<meta property=\"article:modified_time\" content=\"2024-11-17T16:49:55+00:00\" \/>\n<meta name=\"twitter:card\" content=\"summary_large_image\" \/>\n<script type=\"application\/ld+json\" class=\"yoast-schema-graph\">{\"@context\":\"https:\/\/schema.org\",\"@graph\":[{\"@type\":\"WebPage\",\"@id\":\"https:\/\/tejasborja.com\/en\/blog\/\",\"url\":\"https:\/\/tejasborja.com\/en\/blog\/\",\"name\":\"Blog - Tejas Borja\",\"isPartOf\":{\"@id\":\"https:\/\/tejasborja.com\/en\/#website\"},\"datePublished\":\"2024-06-13T12:38:48+00:00\",\"dateModified\":\"2024-11-17T16:49:55+00:00\",\"breadcrumb\":{\"@id\":\"https:\/\/tejasborja.com\/en\/blog\/#breadcrumb\"},\"inLanguage\":\"en-US\",\"potentialAction\":[{\"@type\":\"ReadAction\",\"target\":[\"https:\/\/tejasborja.com\/en\/blog\/\"]}]},{\"@type\":\"BreadcrumbList\",\"@id\":\"https:\/\/tejasborja.com\/en\/blog\/#breadcrumb\",\"itemListElement\":[{\"@type\":\"ListItem\",\"position\":1,\"name\":\"Portada\",\"item\":\"https:\/\/tejasborja.com\/en\/\"},{\"@type\":\"ListItem\",\"position\":2,\"name\":\"Blog\"}]},{\"@type\":\"WebSite\",\"@id\":\"https:\/\/tejasborja.com\/en\/#website\",\"url\":\"https:\/\/tejasborja.com\/en\/\",\"name\":\"Tejas Borja\",\"description\":\"TEJAS BORJA la gama m\u00e1s amplia de tejas cer\u00e1micas del mercado. Especialistas en tejas mixtas, tejas planas y tejas curvas tanto para rehabilitaci\u00f3n de cubiertas como para tejados de obra nueva. Una marca con m\u00e1s de 110 a\u00f1os de experiencia....\",\"publisher\":{\"@id\":\"https:\/\/tejasborja.com\/en\/#organization\"},\"potentialAction\":[{\"@type\":\"SearchAction\",\"target\":{\"@type\":\"EntryPoint\",\"urlTemplate\":\"https:\/\/tejasborja.com\/en\/?s={search_term_string}\"},\"query-input\":{\"@type\":\"PropertyValueSpecification\",\"valueRequired\":true,\"valueName\":\"search_term_string\"}}],\"inLanguage\":\"en-US\"},{\"@type\":\"Organization\",\"@id\":\"https:\/\/tejasborja.com\/en\/#organization\",\"name\":\"Tejas Borja\",\"url\":\"https:\/\/tejasborja.com\/en\/\",\"logo\":{\"@type\":\"ImageObject\",\"inLanguage\":\"en-US\",\"@id\":\"https:\/\/tejasborja.com\/en\/#\/schema\/logo\/image\/\",\"url\":\"https:\/\/tejasborja.com\/wp-content\/uploads\/2025\/08\/Logo-Tejas-Borja-Blanco-1.png\",\"contentUrl\":\"https:\/\/tejasborja.com\/wp-content\/uploads\/2025\/08\/Logo-Tejas-Borja-Blanco-1.png\",\"width\":150,\"height\":50,\"caption\":\"Tejas Borja\"},\"image\":{\"@id\":\"https:\/\/tejasborja.com\/en\/#\/schema\/logo\/image\/\"}}]}<\/script>\n<!-- \/ Yoast SEO plugin. -->","yoast_head_json":{"title":"Blog - Tejas Borja","robots":{"index":"index","follow":"follow","max-snippet":"max-snippet:-1","max-image-preview":"max-image-preview:large","max-video-preview":"max-video-preview:-1"},"canonical":"https:\/\/tejasborja.com\/en\/blog\/","og_locale":"en_US","og_type":"article","og_title":"Blog - Tejas Borja","og_url":"https:\/\/tejasborja.com\/en\/blog\/","og_site_name":"Tejas Borja","article_modified_time":"2024-11-17T16:49:55+00:00","twitter_card":"summary_large_image","schema":{"@context":"https:\/\/schema.org","@graph":[{"@type":"WebPage","@id":"https:\/\/tejasborja.com\/en\/blog\/","url":"https:\/\/tejasborja.com\/en\/blog\/","name":"Blog - Tejas Borja","isPartOf":{"@id":"https:\/\/tejasborja.com\/en\/#website"},"datePublished":"2024-06-13T12:38:48+00:00","dateModified":"2024-11-17T16:49:55+00:00","breadcrumb":{"@id":"https:\/\/tejasborja.com\/en\/blog\/#breadcrumb"},"inLanguage":"en-US","potentialAction":[{"@type":"ReadAction","target":["https:\/\/tejasborja.com\/en\/blog\/"]}]},{"@type":"BreadcrumbList","@id":"https:\/\/tejasborja.com\/en\/blog\/#breadcrumb","itemListElement":[{"@type":"ListItem","position":1,"name":"Portada","item":"https:\/\/tejasborja.com\/en\/"},{"@type":"ListItem","position":2,"name":"Blog"}]},{"@type":"WebSite","@id":"https:\/\/tejasborja.com\/en\/#website","url":"https:\/\/tejasborja.com\/en\/","name":"Tejas Borja","description":"TEJAS BORJA la gama m\u00e1s amplia de tejas cer\u00e1micas del mercado. Especialistas en tejas mixtas, tejas planas y tejas curvas tanto para rehabilitaci\u00f3n de cubiertas como para tejados de obra nueva. Una marca con m\u00e1s de 110 a\u00f1os de experiencia....","publisher":{"@id":"https:\/\/tejasborja.com\/en\/#organization"},"potentialAction":[{"@type":"SearchAction","target":{"@type":"EntryPoint","urlTemplate":"https:\/\/tejasborja.com\/en\/?s={search_term_string}"},"query-input":{"@type":"PropertyValueSpecification","valueRequired":true,"valueName":"search_term_string"}}],"inLanguage":"en-US"},{"@type":"Organization","@id":"https:\/\/tejasborja.com\/en\/#organization","name":"Tejas Borja","url":"https:\/\/tejasborja.com\/en\/","logo":{"@type":"ImageObject","inLanguage":"en-US","@id":"https:\/\/tejasborja.com\/en\/#\/schema\/logo\/image\/","url":"https:\/\/tejasborja.com\/wp-content\/uploads\/2025\/08\/Logo-Tejas-Borja-Blanco-1.png","contentUrl":"https:\/\/tejasborja.com\/wp-content\/uploads\/2025\/08\/Logo-Tejas-Borja-Blanco-1.png","width":150,"height":50,"caption":"Tejas Borja"},"image":{"@id":"https:\/\/tejasborja.com\/en\/#\/schema\/logo\/image\/"}}]}},"_links":{"self":[{"href":"https:\/\/tejasborja.com\/en\/wp-json\/wp\/v2\/pages\/42554","targetHints":{"allow":["GET"]}}],"collection":[{"href":"https:\/\/tejasborja.com\/en\/wp-json\/wp\/v2\/pages"}],"about":[{"href":"https:\/\/tejasborja.com\/en\/wp-json\/wp\/v2\/types\/page"}],"author":[{"embeddable":true,"href":"https:\/\/tejasborja.com\/en\/wp-json\/wp\/v2\/users\/4"}],"replies":[{"embeddable":true,"href":"https:\/\/tejasborja.com\/en\/wp-json\/wp\/v2\/comments?post=42554"}],"version-history":[{"count":0,"href":"https:\/\/tejasborja.com\/en\/wp-json\/wp\/v2\/pages\/42554\/revisions"}],"wp:attachment":[{"href":"https:\/\/tejasborja.com\/en\/wp-json\/wp\/v2\/media?parent=42554"}],"curies":[{"name":"wp","href":"https:\/\/api.w.org\/{rel}","templated":true}]}}