{"id":42585,"date":"2024-06-13T07:31:46","date_gmt":"2024-06-13T05:31:46","guid":{"rendered":"https:\/\/tejasborja.com\/professional-area\/catalogos\/"},"modified":"2025-10-24T10:48:03","modified_gmt":"2025-10-24T08:48:03","slug":"catalogs","status":"publish","type":"page","link":"https:\/\/tejasborja.com\/en\/professional-area\/catalogs\/","title":{"rendered":"Catalogs"},"content":{"rendered":"\n<div id=\"Header-block_69fb29ade4fb402c8a77e17e91d4d32c\" class=\"v1 Header no-margin-bottom\" style=\"background-color: \">\n\n    \n    <div class=\"container\">\n        <div class=\"row\">\n            <div class=\"col-12\">\n                <div class=\"titulo\"><h2 class=''>Catalogs<\/h2>\n<\/div>\n            <\/div>\n        <\/div>\n        <div class=\"row\">\n            <div class=\"col-12 col-lg-10 mx-auto\">\n                <div class=\"subtitulo\"><\/div>\n            <\/div>\n        <\/div>\n    <\/div>\n\n    \n<\/div>\n\n\n\n<div id=\"TituloTexto-block_0363aacc08e49ce7b1dc7a5195de7a36\" class=\"TituloTexto v2 withoutPadding withPaddingTop \" style=\"background-color: \">\n    <div class=\"container\">\n        <div class=\"row\">\n            <div class=\"col-12\">\n                <div class=\"titulo\" style=\"margin-bottom: 24px\"><h2 class='textXL'>Ceramic roof tiles<\/h2>\n<\/div>\n                <div class=\"texto textMD\"><p>Ceramic roof tiles in different formats, sizes and finishes:<br \/>\nDiscover Tejas Borja roof tiles<\/p>\n<\/div>\n            <\/div>\n        <\/div>\n    <\/div>\n<\/div>\n\n\n\n<div id=\"Tarjetas-block_b44c734bbfdfe54a82f9f767682c1972\" class=\"Tarjetas colv1 normal\" style=\"background-color: \">\n    <div class=\"container\">\n        <div class=\"row\">\n            <div class=\"col-12\">\n                <div class=\"tarjetasGrid\">\n                                            <div class=\"tarjeta\">\n                            <div>\n                                                                    <img decoding=\"async\" width=\"280\" height=\"236\" data-src=\"https:\/\/tejasborja.com\/wp-content\/uploads\/2024\/07\/CATALOGOS-Tejas-solar.jpg\" class=\"imagen lazyload\" alt=\"\" src=\"data:image\/svg+xml;base64,PHN2ZyB3aWR0aD0iMSIgaGVpZ2h0PSIxIiB4bWxucz0iaHR0cDovL3d3dy53My5vcmcvMjAwMC9zdmciPjwvc3ZnPg==\" style=\"--smush-placeholder-width: 280px; --smush-placeholder-aspect-ratio: 280\/236;\" \/>                                                                                                    <div class=\"tituloTarjeta\"><p>SOLAR RANGE<\/p>\n<\/div>\n                                                                <div class=\"textoTarjeta\"><p>Products that are perfectly integrated into flat tile roofs from Tejas Borja \u201cFlat\u201d range.<\/p>\n<\/div>\n                            <\/div>\n                                                            <a class=\"primaryCtaOutline\" href=\"https:\/\/tejasborja.com\/media\/en\/EN-TejasBorja-Solar-Roof-Tiles.pdf \" target=\"_blank\">View catalog<\/a>\n                                                    <\/div>\n                                            <div class=\"tarjeta\">\n                            <div>\n                                                                    <img decoding=\"async\" width=\"280\" height=\"236\" data-src=\"https:\/\/tejasborja.com\/wp-content\/uploads\/2024\/07\/CATALOGOS-Tejas-planas.jpg\" class=\"imagen lazyload\" alt=\"\" src=\"data:image\/svg+xml;base64,PHN2ZyB3aWR0aD0iMSIgaGVpZ2h0PSIxIiB4bWxucz0iaHR0cDovL3d3dy53My5vcmcvMjAwMC9zdmciPjwvc3ZnPg==\" style=\"--smush-placeholder-width: 280px; --smush-placeholder-aspect-ratio: 280\/236;\" \/>                                                                                                    <div class=\"tituloTarjeta\"><p>FLAT ROOF TILES<\/p>\n<\/div>\n                                                                <div class=\"textoTarjeta\"><p>Perfectly flat roof tiles and Marseillaise roof tiles available in the Tejas Borja catalogue.<\/p>\n<\/div>\n                            <\/div>\n                                                            <a class=\"primaryCtaOutline\" href=\"https:\/\/tejasborja.com\/media\/en\/EN-TejasBorja-Flat-Roof-Tiles.pdf \" target=\"_blank\">View catalog<\/a>\n                                                    <\/div>\n                                            <div class=\"tarjeta\">\n                            <div>\n                                                                    <img decoding=\"async\" width=\"280\" height=\"236\" data-src=\"https:\/\/tejasborja.com\/wp-content\/uploads\/2024\/07\/CATALOGOS-Tejas-curvas.webp\" class=\"imagen lazyload\" alt=\"\" src=\"data:image\/svg+xml;base64,PHN2ZyB3aWR0aD0iMSIgaGVpZ2h0PSIxIiB4bWxucz0iaHR0cDovL3d3dy53My5vcmcvMjAwMC9zdmciPjwvc3ZnPg==\" style=\"--smush-placeholder-width: 280px; --smush-placeholder-aspect-ratio: 280\/236;\" \/>                                                                                                    <div class=\"tituloTarjeta\"><div class=\"titulo\">\n<p>S-INTERLOCKING ROOF TILES<\/p>\n<\/div>\n<div class=\"subtitulo textXL\"><\/div>\n<\/div>\n                                                                <div class=\"textoTarjeta\"><p>French tiles, mechanical or interlocking tiles. Curved and flat profile as a single roof element.<\/p>\n<\/div>\n                            <\/div>\n                                                            <a class=\"primaryCtaOutline\" href=\"https:\/\/tejasborja.com\/media\/en\/EN-TejasBorja-S-Interlocking-Roof-Tiles.pdf \" target=\"_blank\">View catalog<\/a>\n                                                    <\/div>\n                                            <div class=\"tarjeta\">\n                            <div>\n                                                                    <img decoding=\"async\" width=\"280\" height=\"236\" data-src=\"https:\/\/tejasborja.com\/wp-content\/uploads\/2024\/07\/CATALOGOS-Tejas-mixtas.webp\" class=\"imagen lazyload\" alt=\"\" src=\"data:image\/svg+xml;base64,PHN2ZyB3aWR0aD0iMSIgaGVpZ2h0PSIxIiB4bWxucz0iaHR0cDovL3d3dy53My5vcmcvMjAwMC9zdmciPjwvc3ZnPg==\" style=\"--smush-placeholder-width: 280px; --smush-placeholder-aspect-ratio: 280\/236;\" \/>                                                                                                    <div class=\"tituloTarjeta\"><p>CURVED ROOF TILES<\/p>\n<\/div>\n                                                                <div class=\"textoTarjeta\"><p>The curved ceramic roof tiles or barrel tiles in different sizes are a Mediterranean classic that never goes out of style.<\/p>\n<\/div>\n                            <\/div>\n                                                            <a class=\"primaryCtaOutline\" href=\"https:\/\/tejasborja.com\/media\/en\/EN-TejasBorja-Curved-Roof-Tiles.pdf \" target=\"_blank\">View catalog<\/a>\n                                                    <\/div>\n                                            <div class=\"tarjeta\">\n                            <div>\n                                                                    <img decoding=\"async\" width=\"2560\" height=\"1829\" data-src=\"https:\/\/tejasborja.com\/wp-content\/uploads\/2025\/10\/CInn-scaled.png\" class=\"imagen lazyload\" alt=\"\" data-srcset=\"https:\/\/tejasborja.com\/wp-content\/uploads\/2025\/10\/CInn-scaled.png 2560w, https:\/\/tejasborja.com\/wp-content\/uploads\/2025\/10\/CInn-300x214.png 300w, https:\/\/tejasborja.com\/wp-content\/uploads\/2025\/10\/CInn-1024x731.png 1024w, https:\/\/tejasborja.com\/wp-content\/uploads\/2025\/10\/CInn-768x549.png 768w, https:\/\/tejasborja.com\/wp-content\/uploads\/2025\/10\/CInn-1536x1097.png 1536w, https:\/\/tejasborja.com\/wp-content\/uploads\/2025\/10\/CInn-2048x1463.png 2048w\" data-sizes=\"auto, (max-width: 2560px) 100vw, 2560px\" src=\"data:image\/svg+xml;base64,PHN2ZyB3aWR0aD0iMSIgaGVpZ2h0PSIxIiB4bWxucz0iaHR0cDovL3d3dy53My5vcmcvMjAwMC9zdmciPjwvc3ZnPg==\" style=\"--smush-placeholder-width: 2560px; --smush-placeholder-aspect-ratio: 2560\/1829;\" \/>                                                                                                    <div class=\"tituloTarjeta\"><p>INNOVATION CATALOG<\/p>\n<\/div>\n                                                                <div class=\"textoTarjeta\"><p>Solutions for efficient roofs<\/p>\n<\/div>\n                            <\/div>\n                                                            <a class=\"primaryCtaOutline\" href=\"https:\/\/tejasborja.com\/wp-content\/uploads\/2025\/10\/Catalogo-innovacion-TB_en.pdf \" target=\"_blank\"> View catalog<\/a>\n                                                    <\/div>\n                                    <\/div>\n            <\/div>\n        <\/div>\n    <\/div>\n<\/div>\n\n\n\n<div id=\"TituloTexto-block_cde5dce6f3460ff98fbdd87cfad7313f\" class=\"TituloTexto v2 withoutPadding withPaddingTop \" style=\"background-color: \">\n    <div class=\"container\">\n        <div class=\"row\">\n            <div class=\"col-12\">\n                <div class=\"titulo\" style=\"margin-bottom: 24px\"><h2 class='textXL'>Full installation systems<\/h2>\n<\/div>\n                <div class=\"texto textMD\"><p>Achieve the greatest durability, efficiency and ease of installation for the roof.<\/p>\n<\/div>\n            <\/div>\n        <\/div>\n    <\/div>\n<\/div>\n\n\n\n<div id=\"Tarjetas-block_d12c79e683c7fadc9ba6655761aee631\" class=\"Tarjetas colv1 normal\" style=\"background-color: \">\n    <div class=\"container\">\n        <div class=\"row\">\n            <div class=\"col-12\">\n                <div class=\"tarjetasGrid\">\n                                            <div class=\"tarjeta\">\n                            <div>\n                                                                    <img decoding=\"async\" width=\"280\" height=\"237\" data-src=\"https:\/\/tejasborja.com\/wp-content\/uploads\/2024\/07\/CATALOGOS-sistemas-sat.jpg\" class=\"imagen lazyload\" alt=\"\" src=\"data:image\/svg+xml;base64,PHN2ZyB3aWR0aD0iMSIgaGVpZ2h0PSIxIiB4bWxucz0iaHR0cDovL3d3dy53My5vcmcvMjAwMC9zdmciPjwvc3ZnPg==\" style=\"--smush-placeholder-width: 280px; --smush-placeholder-aspect-ratio: 280\/237;\" \/>                                                                                                    <div class=\"tituloTarjeta\"><p>BORJASAT<\/p>\n<\/div>\n                                                                <div class=\"textoTarjeta\"><p>A complete technical solution\u00a0for the installation of lightweight highly energy-efficient roofs using roof tiles.<\/p>\n<\/div>\n                            <\/div>\n                                                            <a class=\"primaryCtaOutline\" href=\"https:\/\/tejasborja.com\/media\/en\/EN-BorjaSAT-Brochure.pdf \" target=\"_blank\">View catalog<\/a>\n                                                    <\/div>\n                                            <div class=\"tarjeta\">\n                            <div>\n                                                                    <img decoding=\"async\" width=\"280\" height=\"237\" data-src=\"https:\/\/tejasborja.com\/wp-content\/uploads\/2024\/07\/CATALOGOS-sistemas-therm.jpg\" class=\"imagen lazyload\" alt=\"\" src=\"data:image\/svg+xml;base64,PHN2ZyB3aWR0aD0iMSIgaGVpZ2h0PSIxIiB4bWxucz0iaHR0cDovL3d3dy53My5vcmcvMjAwMC9zdmciPjwvc3ZnPg==\" style=\"--smush-placeholder-width: 280px; --smush-placeholder-aspect-ratio: 280\/237;\" \/>                                                                                                    <div class=\"tituloTarjeta\"><p>BORJATHERM<\/p>\n<\/div>\n                                                                <div class=\"textoTarjeta\"><p>Complete insulation and waterproofing system for ventilated roofs. It is ideal for both the renovation of sloped roofs and new builds.<\/p>\n<\/div>\n                            <\/div>\n                                                            <a class=\"primaryCtaOutline\" href=\"https:\/\/tejasborja.com\/media\/en\/EN-BorjaTherm-Brochure.pdf \" target=\"_blank\">View catalog<\/a>\n                                                    <\/div>\n                                            <div class=\"tarjeta\">\n                            <div>\n                                                                    <img decoding=\"async\" width=\"280\" height=\"237\" data-src=\"https:\/\/tejasborja.com\/wp-content\/uploads\/2024\/07\/CATALOGOS-sistemas-system.jpg\" class=\"imagen lazyload\" alt=\"\" src=\"data:image\/svg+xml;base64,PHN2ZyB3aWR0aD0iMSIgaGVpZ2h0PSIxIiB4bWxucz0iaHR0cDovL3d3dy53My5vcmcvMjAwMC9zdmciPjwvc3ZnPg==\" style=\"--smush-placeholder-width: 280px; --smush-placeholder-aspect-ratio: 280\/237;\" \/>                                                                                                    <div class=\"tituloTarjeta\"><p>BORJASYSTEM<\/p>\n<\/div>\n                                                                <div class=\"textoTarjeta\"><p>It allows the installation of complete roofs without mortar, thanks to waterproofing, fixing and ventilation solutions.<\/p>\n<\/div>\n                            <\/div>\n                                                            <a class=\"primaryCtaOutline\" href=\"https:\/\/tejasborja.com\/media\/en\/EN-BorjaSystem-Brochure.pdf \" target=\"_blank\">View catalog<\/a>\n                                                    <\/div>\n                                    <\/div>\n            <\/div>\n        <\/div>\n    <\/div>\n<\/div>\n\n\n<div id=\"FormularioHorario-block_79057faeead1f30e7c404b2913e347ac\" class=\"FormularioHorario\" style=\"background-color: #f5f5f5\">\n\n    <div class=\"container\">\n        <div class=\"row\">\n            <div class=\"col-12 col-lg-5 mx-auto\">\n                <div class=\"titulo textXL\"><h3 class=''>Do you need further guidance?<\/h3>\n<\/div>\n                <div class=\"texto textBody\"><p>We offer you advice on the most suitable materials for your roofs and the infinite possibilities of Tejas Borja products, as well as which is our point of sale or the nearest showroom where you can be attended personally by specialised personnel.<\/p>\n<\/div>\n                            <\/div>\n            <div class=\"col-12 col-lg-7 mx-auto\">\n                <div class=\"titulo second textXL\"><\/div>\n                <div class=\"formularioCont novalidate\">\n                                            \n<div class=\"wpcf7 no-js\" id=\"wpcf7-f46273-o1\" lang=\"en-US\" dir=\"ltr\" data-wpcf7-id=\"46273\">\n<div class=\"screen-reader-response\"><p role=\"status\" aria-live=\"polite\" aria-atomic=\"true\"><\/p> <ul><\/ul><\/div>\n<form action=\"\/en\/wp-json\/wp\/v2\/pages\/42585#wpcf7-f46273-o1\" method=\"post\" class=\"wpcf7-form init\" aria-label=\"Contact form\" novalidate=\"novalidate\" data-status=\"init\">\n<fieldset class=\"hidden-fields-container\"><input type=\"hidden\" name=\"_wpcf7\" value=\"46273\" \/><input type=\"hidden\" name=\"_wpcf7_version\" value=\"6.1.5\" \/><input type=\"hidden\" name=\"_wpcf7_locale\" value=\"en_US\" \/><input type=\"hidden\" name=\"_wpcf7_unit_tag\" value=\"wpcf7-f46273-o1\" \/><input type=\"hidden\" name=\"_wpcf7_container_post\" value=\"0\" \/><input type=\"hidden\" name=\"_wpcf7_posted_data_hash\" value=\"\" \/><input type=\"hidden\" name=\"_wpcf7cf_hidden_group_fields\" value=\"[]\" \/><input type=\"hidden\" name=\"_wpcf7cf_hidden_groups\" value=\"[]\" \/><input type=\"hidden\" name=\"_wpcf7cf_visible_groups\" value=\"[]\" \/><input type=\"hidden\" name=\"_wpcf7cf_repeaters\" value=\"[]\" \/><input type=\"hidden\" name=\"_wpcf7cf_steps\" value=\"{}\" \/><input type=\"hidden\" name=\"_wpcf7cf_options\" value=\"{&quot;form_id&quot;:46273,&quot;conditions&quot;:[],&quot;settings&quot;:{&quot;animation&quot;:&quot;yes&quot;,&quot;animation_intime&quot;:200,&quot;animation_outtime&quot;:200,&quot;conditions_ui&quot;:&quot;normal&quot;,&quot;notice_dismissed&quot;:false}}\" \/>\n<\/fieldset>\n<div class=\"row\">\n\t<div class=\"col-12 col-lg-6\">\n\t\t<p><label> Name<br \/>\n<span class=\"wpcf7-form-control-wrap\" data-name=\"your-name\"><input size=\"40\" maxlength=\"400\" class=\"wpcf7-form-control wpcf7-text wpcf7-validates-as-required\" autocomplete=\"name\" aria-required=\"true\" aria-invalid=\"false\" value=\"\" type=\"text\" name=\"your-name\" \/><\/span> <\/label>\n\t\t<\/p>\n\t<\/div>\n\t<div class=\"col-12 col-lg-6\">\n\t\t<p><label> Last name<br \/>\n<span class=\"wpcf7-form-control-wrap\" data-name=\"apellido\"><input size=\"40\" maxlength=\"400\" class=\"wpcf7-form-control wpcf7-text wpcf7-validates-as-required\" autocomplete=\"apellido\" aria-required=\"true\" aria-invalid=\"false\" value=\"\" type=\"text\" name=\"apellido\" \/><\/span> <\/label>\n\t\t<\/p>\n\t<\/div>\n\t<div class=\"col-12 col-lg-6\">\n\t\t<p><label>Zip\/Postal Code*<br \/>\n<span class=\"wpcf7-form-control-wrap\" data-name=\"codigo-postal\"><input class=\"wpcf7-form-control wpcf7-number wpcf7-validates-as-required wpcf7-validates-as-number\" aria-required=\"true\" aria-invalid=\"false\" placeholder=\"Type here\" value=\"\" type=\"number\" name=\"codigo-postal\" \/><\/span> <\/label>\n\t\t<\/p>\n\t<\/div>\n\t<div class=\"col-12 col-lg-6\">\n\t\t<p><label> Email<br \/>\n<span class=\"wpcf7-form-control-wrap\" data-name=\"your-email\"><input size=\"40\" maxlength=\"400\" class=\"wpcf7-form-control wpcf7-email wpcf7-validates-as-required wpcf7-text wpcf7-validates-as-email\" autocomplete=\"email\" aria-required=\"true\" aria-invalid=\"false\" value=\"\" type=\"email\" name=\"your-email\" \/><\/span> <\/label>\n\t\t<\/p>\n\t<\/div>\n\t<div class=\"col-12\">\n\t\t<p><label> Message<br \/>\n<span class=\"wpcf7-form-control-wrap\" data-name=\"mensaje\"><textarea cols=\"40\" rows=\"10\" maxlength=\"2000\" class=\"wpcf7-form-control wpcf7-textarea\" aria-invalid=\"false\" name=\"mensaje\"><\/textarea><\/span> <\/label>\n\t\t<\/p>\n\t\t<p><span class=\"wpcf7-form-control-wrap\" data-name=\"aceptacion\"><span class=\"wpcf7-form-control wpcf7-acceptance\"><span class=\"wpcf7-list-item\"><label><input type=\"checkbox\" name=\"aceptacion\" value=\"1\" aria-invalid=\"false\" \/><span class=\"wpcf7-list-item-label\">I have read and accept the company&#8217;s <a style=\"text-decoration: none;\" href=\"\/en\/privacy-policy\/\">privacy policy<\/a><\/span><\/label><\/span><\/span><\/span>\n\t\t<\/p>\n\t<div class=\"wpcf7-response-output\" aria-hidden=\"true\"><\/div>\n\t\t<div class=\"sentForm\">\n\t\t\t<p><input class=\"wpcf7-form-control wpcf7-submit has-spinner sentForm\" type=\"submit\" value=\"Send\" \/>\n\t\t\t<\/p>\n\t\t<\/div>\n\t<\/div>\n<\/div>\n<\/form>\n<\/div>\n                                    <\/div>\n            <\/div>\n        <\/div>\n    <\/div>\n<\/div>\n","protected":false},"excerpt":{"rendered":"","protected":false},"author":4,"featured_media":0,"parent":42565,"menu_order":0,"comment_status":"closed","ping_status":"closed","template":"","meta":{"_acf_changed":true,"_eb_attr":"","footnotes":""},"class_list":["post-42585","page","type-page","status-publish","hentry"],"acf":[],"yoast_head":"<!-- This site is optimized with the Yoast SEO plugin v27.3 - https:\/\/yoast.com\/product\/yoast-seo-wordpress\/ -->\n<title>Catalogs - Tejas Borja<\/title>\n<meta name=\"robots\" content=\"index, follow, max-snippet:-1, max-image-preview:large, max-video-preview:-1\" \/>\n<link rel=\"canonical\" href=\"https:\/\/tejasborja.com\/en\/professional-area\/catalogs\/\" \/>\n<meta property=\"og:locale\" content=\"en_US\" \/>\n<meta property=\"og:type\" content=\"article\" \/>\n<meta property=\"og:title\" content=\"Catalogs - Tejas Borja\" \/>\n<meta property=\"og:url\" content=\"https:\/\/tejasborja.com\/en\/professional-area\/catalogs\/\" \/>\n<meta property=\"og:site_name\" content=\"Tejas Borja\" \/>\n<meta property=\"article:modified_time\" content=\"2025-10-24T08:48:03+00:00\" \/>\n<meta name=\"twitter:card\" content=\"summary_large_image\" \/>\n<script type=\"application\/ld+json\" class=\"yoast-schema-graph\">{\"@context\":\"https:\\\/\\\/schema.org\",\"@graph\":[{\"@type\":\"WebPage\",\"@id\":\"https:\\\/\\\/tejasborja.com\\\/en\\\/professional-area\\\/catalogs\\\/\",\"url\":\"https:\\\/\\\/tejasborja.com\\\/en\\\/professional-area\\\/catalogs\\\/\",\"name\":\"Catalogs - Tejas Borja\",\"isPartOf\":{\"@id\":\"https:\\\/\\\/tejasborja.com\\\/en\\\/#website\"},\"datePublished\":\"2024-06-13T05:31:46+00:00\",\"dateModified\":\"2025-10-24T08:48:03+00:00\",\"breadcrumb\":{\"@id\":\"https:\\\/\\\/tejasborja.com\\\/en\\\/professional-area\\\/catalogs\\\/#breadcrumb\"},\"inLanguage\":\"en-US\",\"potentialAction\":[{\"@type\":\"ReadAction\",\"target\":[\"https:\\\/\\\/tejasborja.com\\\/en\\\/professional-area\\\/catalogs\\\/\"]}]},{\"@type\":\"BreadcrumbList\",\"@id\":\"https:\\\/\\\/tejasborja.com\\\/en\\\/professional-area\\\/catalogs\\\/#breadcrumb\",\"itemListElement\":[{\"@type\":\"ListItem\",\"position\":1,\"name\":\"Portada\",\"item\":\"https:\\\/\\\/tejasborja.com\\\/en\\\/\"},{\"@type\":\"ListItem\",\"position\":2,\"name\":\"Professional Area\",\"item\":\"https:\\\/\\\/tejasborja.com\\\/en\\\/professional-area\\\/\"},{\"@type\":\"ListItem\",\"position\":3,\"name\":\"Catalogs\"}]},{\"@type\":\"WebSite\",\"@id\":\"https:\\\/\\\/tejasborja.com\\\/en\\\/#website\",\"url\":\"https:\\\/\\\/tejasborja.com\\\/en\\\/\",\"name\":\"Tejas Borja\",\"description\":\"TEJAS BORJA la gama m\u00e1s amplia de tejas cer\u00e1micas del mercado. Especialistas en tejas mixtas, tejas planas y tejas curvas tanto para rehabilitaci\u00f3n de cubiertas como para tejados de obra nueva. Una marca con m\u00e1s de 110 a\u00f1os de experiencia....\",\"publisher\":{\"@id\":\"https:\\\/\\\/tejasborja.com\\\/en\\\/#organization\"},\"potentialAction\":[{\"@type\":\"SearchAction\",\"target\":{\"@type\":\"EntryPoint\",\"urlTemplate\":\"https:\\\/\\\/tejasborja.com\\\/en\\\/?s={search_term_string}\"},\"query-input\":{\"@type\":\"PropertyValueSpecification\",\"valueRequired\":true,\"valueName\":\"search_term_string\"}}],\"inLanguage\":\"en-US\"},{\"@type\":\"Organization\",\"@id\":\"https:\\\/\\\/tejasborja.com\\\/en\\\/#organization\",\"name\":\"Tejas Borja\",\"url\":\"https:\\\/\\\/tejasborja.com\\\/en\\\/\",\"logo\":{\"@type\":\"ImageObject\",\"inLanguage\":\"en-US\",\"@id\":\"https:\\\/\\\/tejasborja.com\\\/en\\\/#\\\/schema\\\/logo\\\/image\\\/\",\"url\":\"https:\\\/\\\/tejasborja.com\\\/wp-content\\\/uploads\\\/2025\\\/08\\\/Logo-Tejas-Borja-Blanco-1.png\",\"contentUrl\":\"https:\\\/\\\/tejasborja.com\\\/wp-content\\\/uploads\\\/2025\\\/08\\\/Logo-Tejas-Borja-Blanco-1.png\",\"width\":150,\"height\":50,\"caption\":\"Tejas Borja\"},\"image\":{\"@id\":\"https:\\\/\\\/tejasborja.com\\\/en\\\/#\\\/schema\\\/logo\\\/image\\\/\"}}]}<\/script>\n<!-- \/ Yoast SEO plugin. -->","yoast_head_json":{"title":"Catalogs - Tejas Borja","robots":{"index":"index","follow":"follow","max-snippet":"max-snippet:-1","max-image-preview":"max-image-preview:large","max-video-preview":"max-video-preview:-1"},"canonical":"https:\/\/tejasborja.com\/en\/professional-area\/catalogs\/","og_locale":"en_US","og_type":"article","og_title":"Catalogs - Tejas Borja","og_url":"https:\/\/tejasborja.com\/en\/professional-area\/catalogs\/","og_site_name":"Tejas Borja","article_modified_time":"2025-10-24T08:48:03+00:00","twitter_card":"summary_large_image","schema":{"@context":"https:\/\/schema.org","@graph":[{"@type":"WebPage","@id":"https:\/\/tejasborja.com\/en\/professional-area\/catalogs\/","url":"https:\/\/tejasborja.com\/en\/professional-area\/catalogs\/","name":"Catalogs - Tejas Borja","isPartOf":{"@id":"https:\/\/tejasborja.com\/en\/#website"},"datePublished":"2024-06-13T05:31:46+00:00","dateModified":"2025-10-24T08:48:03+00:00","breadcrumb":{"@id":"https:\/\/tejasborja.com\/en\/professional-area\/catalogs\/#breadcrumb"},"inLanguage":"en-US","potentialAction":[{"@type":"ReadAction","target":["https:\/\/tejasborja.com\/en\/professional-area\/catalogs\/"]}]},{"@type":"BreadcrumbList","@id":"https:\/\/tejasborja.com\/en\/professional-area\/catalogs\/#breadcrumb","itemListElement":[{"@type":"ListItem","position":1,"name":"Portada","item":"https:\/\/tejasborja.com\/en\/"},{"@type":"ListItem","position":2,"name":"Professional Area","item":"https:\/\/tejasborja.com\/en\/professional-area\/"},{"@type":"ListItem","position":3,"name":"Catalogs"}]},{"@type":"WebSite","@id":"https:\/\/tejasborja.com\/en\/#website","url":"https:\/\/tejasborja.com\/en\/","name":"Tejas Borja","description":"TEJAS BORJA la gama m\u00e1s amplia de tejas cer\u00e1micas del mercado. Especialistas en tejas mixtas, tejas planas y tejas curvas tanto para rehabilitaci\u00f3n de cubiertas como para tejados de obra nueva. Una marca con m\u00e1s de 110 a\u00f1os de experiencia....","publisher":{"@id":"https:\/\/tejasborja.com\/en\/#organization"},"potentialAction":[{"@type":"SearchAction","target":{"@type":"EntryPoint","urlTemplate":"https:\/\/tejasborja.com\/en\/?s={search_term_string}"},"query-input":{"@type":"PropertyValueSpecification","valueRequired":true,"valueName":"search_term_string"}}],"inLanguage":"en-US"},{"@type":"Organization","@id":"https:\/\/tejasborja.com\/en\/#organization","name":"Tejas Borja","url":"https:\/\/tejasborja.com\/en\/","logo":{"@type":"ImageObject","inLanguage":"en-US","@id":"https:\/\/tejasborja.com\/en\/#\/schema\/logo\/image\/","url":"https:\/\/tejasborja.com\/wp-content\/uploads\/2025\/08\/Logo-Tejas-Borja-Blanco-1.png","contentUrl":"https:\/\/tejasborja.com\/wp-content\/uploads\/2025\/08\/Logo-Tejas-Borja-Blanco-1.png","width":150,"height":50,"caption":"Tejas Borja"},"image":{"@id":"https:\/\/tejasborja.com\/en\/#\/schema\/logo\/image\/"}}]}},"_links":{"self":[{"href":"https:\/\/tejasborja.com\/en\/wp-json\/wp\/v2\/pages\/42585","targetHints":{"allow":["GET"]}}],"collection":[{"href":"https:\/\/tejasborja.com\/en\/wp-json\/wp\/v2\/pages"}],"about":[{"href":"https:\/\/tejasborja.com\/en\/wp-json\/wp\/v2\/types\/page"}],"author":[{"embeddable":true,"href":"https:\/\/tejasborja.com\/en\/wp-json\/wp\/v2\/users\/4"}],"replies":[{"embeddable":true,"href":"https:\/\/tejasborja.com\/en\/wp-json\/wp\/v2\/comments?post=42585"}],"version-history":[{"count":0,"href":"https:\/\/tejasborja.com\/en\/wp-json\/wp\/v2\/pages\/42585\/revisions"}],"up":[{"embeddable":true,"href":"https:\/\/tejasborja.com\/en\/wp-json\/wp\/v2\/pages\/42565"}],"wp:attachment":[{"href":"https:\/\/tejasborja.com\/en\/wp-json\/wp\/v2\/media?parent=42585"}],"curies":[{"name":"wp","href":"https:\/\/api.w.org\/{rel}","templated":true}]}}