{"id":43472,"date":"2024-10-22T13:08:20","date_gmt":"2024-10-22T11:08:20","guid":{"rendered":"https:\/\/tejasborja.com\/tejas-borja\/colaboraciones-y-asociaciones\/"},"modified":"2025-09-01T10:41:30","modified_gmt":"2025-09-01T08:41:30","slug":"collaborations-and-partnerships","status":"publish","type":"page","link":"https:\/\/tejasborja.com\/en\/tejas-borja\/collaborations-and-partnerships\/","title":{"rendered":"Collaborations and partnerships"},"content":{"rendered":"\n<div id=\"Submenu-block_4ca7ed773c0e64d37ed47ff9365b74cd\" class=\"Submenu\">\n    <div class=\"container\">\n        <div class=\"row\">\n            <div class=\"col-12\">\n                <div class=\"enlaces d-flex justify-content-around flex-wrap\">\n                                        <a href=\"https:\/\/tejasborja.com\/en\/tejas-borja\/\" target=\"\" class=\"\">Tejas Borja<\/a>\n                                        <a href=\"https:\/\/tejasborja.com\/en\/tejas-borja\/csr\/\" target=\"\" class=\"\">CSR<\/a>\n                                        <a href=\"https:\/\/tejasborja.com\/en\/tejas-borja\/awards\/\" target=\"\" class=\"\">Awards<\/a>\n                                        <a href=\"https:\/\/tejasborja.com\/en\/tejas-borja\/collaborations-and-partnerships\/\" target=\"\" class=\"active\">Collaborations<\/a>\n                                    <\/div>\n            <\/div>\n        <\/div>\n    <\/div>\n<\/div>\n\n\n\n<div id=\"ImagenTexto-block_074221fde8b2784a5ba6613f7aba0cd2\" class=\"ImagenTexto\" style=\"background-color: \">\n\n    <div data-aos=\"fade-up\" class=\"container\">\n        <div class=\"row align-items-center\">\n            <div class=\"imagen col-12 col-lg-5 pb-3 pb-lg-0  derecha order-lg-1 ps-lg-5 d-flex justify-content-lg-end\">\n                                                        <img decoding=\"async\" width=\"592\" height=\"592\" data-src=\"https:\/\/tejasborja.com\/wp-content\/uploads\/2024\/10\/premios-imagen.webp\" class=\"imagen img-fluid normal lazyload\" alt=\"\" data-srcset=\"https:\/\/tejasborja.com\/wp-content\/uploads\/2024\/10\/premios-imagen.webp 592w, https:\/\/tejasborja.com\/wp-content\/uploads\/2024\/10\/premios-imagen-300x300.webp 300w, https:\/\/tejasborja.com\/wp-content\/uploads\/2024\/10\/premios-imagen-150x150.webp 150w\" data-sizes=\"auto, (max-width: 592px) 100vw, 592px\" src=\"data:image\/svg+xml;base64,PHN2ZyB3aWR0aD0iMSIgaGVpZ2h0PSIxIiB4bWxucz0iaHR0cDovL3d3dy53My5vcmcvMjAwMC9zdmciPjwvc3ZnPg==\" style=\"--smush-placeholder-width: 592px; --smush-placeholder-aspect-ratio: 592\/592;\" \/>                                                <\/div>\n            <div class=\"col-12 col-lg-7\">\n                <div class=\"textos\">\n                                        <div class=\"pretitulo\">TEJAS BORJA<\/div>\n                                        <div class=\"titulo\"><h1 class=''>Collaborations and partnerships<\/h1>\n<\/div>\n                    <div class=\"subtitulo\"><\/div>\n                    <div class=\"texto\"><p>We believe that sustainable success and innovation is achieved through strategic partnerships with industry-leading organisations. Throughout our history, we have established key collaborations and partnered with a number of entities that share our values. These relationships enable us to continue to drive the development of advanced solutions and meet the highest standards in the construction industry.<\/p>\n<\/div>\n                                    <\/div>\n            <\/div>\n        <\/div>\n    <\/div>\n\n<\/div>\n\n\n\n<div id=\"ImagenTexto-block_d012d2f1f3a2f2262af8e92c4d442e8d\" class=\"ImagenTexto\" style=\"background-color: \">\n\n    <div data-aos=\"fade-up\" class=\"container\">\n        <div class=\"row align-items-center\">\n            <div class=\"imagen col-12 col-lg-5 pb-3 pb-lg-0  derecha order-lg-1 ps-lg-5 d-flex justify-content-lg-end\">\n                                                        <img decoding=\"async\" width=\"1558\" height=\"520\" data-src=\"https:\/\/tejasborja.com\/wp-content\/uploads\/2024\/10\/asocioacion-1.webp\" class=\"imagen img-fluid normal lazyload\" alt=\"\" data-srcset=\"https:\/\/tejasborja.com\/wp-content\/uploads\/2024\/10\/asocioacion-1.webp 1558w, https:\/\/tejasborja.com\/wp-content\/uploads\/2024\/10\/asocioacion-1-300x100.webp 300w, https:\/\/tejasborja.com\/wp-content\/uploads\/2024\/10\/asocioacion-1-1024x342.webp 1024w, https:\/\/tejasborja.com\/wp-content\/uploads\/2024\/10\/asocioacion-1-768x256.webp 768w, https:\/\/tejasborja.com\/wp-content\/uploads\/2024\/10\/asocioacion-1-1536x513.webp 1536w\" data-sizes=\"auto, (max-width: 1558px) 100vw, 1558px\" src=\"data:image\/svg+xml;base64,PHN2ZyB3aWR0aD0iMSIgaGVpZ2h0PSIxIiB4bWxucz0iaHR0cDovL3d3dy53My5vcmcvMjAwMC9zdmciPjwvc3ZnPg==\" style=\"--smush-placeholder-width: 1558px; --smush-placeholder-aspect-ratio: 1558\/520;\" \/>                                                <\/div>\n            <div class=\"col-12 col-lg-7\">\n                <div class=\"textos\">\n                                        <div class=\"pretitulo\">ASSOCIATION<\/div>\n                                        <div class=\"titulo\"><\/div>\n                    <div class=\"subtitulo\"><h2>Hispalyt<\/h2>\n<\/div>\n                    <div class=\"texto\"><p>Tejas Borja is a member company of HISPALYT, the Spanish Association of Baked Clay Brick and Roof Tile Manufacturers, which brings together manufacturers of structural ceramic products (pavers, facing bricks, facing bricks and blocks, hollow bricks, boards and roof tiles). The association promotes and represents the use of these materials in construction, contributes to the development of sustainable and energy efficient products, ensuring compliance with sector regulations. It also offers access to training, technical and legal advice, and participates in studies and research on the use of bricks and roof tiles, promoting innovation and competitiveness in the market.<\/p>\n<\/div>\n                                    <\/div>\n            <\/div>\n        <\/div>\n    <\/div>\n\n<\/div>\n\n\n\n<div id=\"ImagenTexto-block_a23b1ea1d3ade412432983220979dd9e\" class=\"ImagenTexto\" style=\"background-color: \">\n\n    <div data-aos=\"fade-up\" class=\"container\">\n        <div class=\"row align-items-center\">\n            <div class=\"imagen col-12 col-lg-5 pb-3 pb-lg-0  izquierda pe-lg-5\">\n                                                        <img decoding=\"async\" width=\"520\" height=\"346\" data-src=\"https:\/\/tejasborja.com\/wp-content\/uploads\/2024\/10\/asociacion-3.webp\" class=\"imagen img-fluid normal lazyload\" alt=\"\" data-srcset=\"https:\/\/tejasborja.com\/wp-content\/uploads\/2024\/10\/asociacion-3.webp 520w, https:\/\/tejasborja.com\/wp-content\/uploads\/2024\/10\/asociacion-3-300x200.webp 300w\" data-sizes=\"auto, (max-width: 520px) 100vw, 520px\" src=\"data:image\/svg+xml;base64,PHN2ZyB3aWR0aD0iMSIgaGVpZ2h0PSIxIiB4bWxucz0iaHR0cDovL3d3dy53My5vcmcvMjAwMC9zdmciPjwvc3ZnPg==\" style=\"--smush-placeholder-width: 520px; --smush-placeholder-aspect-ratio: 520\/346;\" \/>                                                <\/div>\n            <div class=\"col-12 col-lg-7\">\n                <div class=\"textos\">\n                                        <div class=\"pretitulo\">ASSOCIATION<\/div>\n                                        <div class=\"titulo\"><\/div>\n                    <div class=\"subtitulo\"><h2>Gremi de Rajolers<\/h2>\n<\/div>\n                    <div class=\"texto\"><p>Tejas Borja is a member company of the Gremi de Rajolers, the association whose members are manufacturers of bricks, tiles and other structural ceramic products resident in the Valencian Community, participating in activities to maintain the quality and tradition of the sector, promoting innovation and the sustainable use of these materials.<\/p>\n<\/div>\n                                    <\/div>\n            <\/div>\n        <\/div>\n    <\/div>\n\n<\/div>\n\n\n\n<div id=\"ImagenTexto-block_39c41b71a0b49b2eee4ed45876b0b45c\" class=\"ImagenTexto\" style=\"background-color: \">\n\n    <div data-aos=\"fade-up\" class=\"container\">\n        <div class=\"row align-items-center\">\n            <div class=\"imagen col-12 col-lg-5 pb-3 pb-lg-0  derecha order-lg-1 ps-lg-5 d-flex justify-content-lg-end\">\n                                                        <img decoding=\"async\" width=\"1390\" height=\"472\" data-src=\"https:\/\/tejasborja.com\/wp-content\/uploads\/2024\/10\/asociacion-2.webp\" class=\"imagen img-fluid normal lazyload\" alt=\"\" data-srcset=\"https:\/\/tejasborja.com\/wp-content\/uploads\/2024\/10\/asociacion-2.webp 1390w, https:\/\/tejasborja.com\/wp-content\/uploads\/2024\/10\/asociacion-2-300x102.webp 300w, https:\/\/tejasborja.com\/wp-content\/uploads\/2024\/10\/asociacion-2-1024x348.webp 1024w, https:\/\/tejasborja.com\/wp-content\/uploads\/2024\/10\/asociacion-2-768x261.webp 768w\" data-sizes=\"auto, (max-width: 1390px) 100vw, 1390px\" src=\"data:image\/svg+xml;base64,PHN2ZyB3aWR0aD0iMSIgaGVpZ2h0PSIxIiB4bWxucz0iaHR0cDovL3d3dy53My5vcmcvMjAwMC9zdmciPjwvc3ZnPg==\" style=\"--smush-placeholder-width: 1390px; --smush-placeholder-aspect-ratio: 1390\/472;\" \/>                                                <\/div>\n            <div class=\"col-12 col-lg-7\">\n                <div class=\"textos\">\n                                        <div class=\"pretitulo\">PARTNER<\/div>\n                                        <div class=\"titulo\"><\/div>\n                    <div class=\"subtitulo\"><h2>Gremi dels Professionals de la Promoci\u00f3 i la Construcci\u00f3 de Girona<\/h2>\n<\/div>\n                    <div class=\"texto\"><p>Tejas Borja collaborates with the Gremi dels Professionals de la Promoci\u00f3 i la Construcci\u00f3 de Girona supporting professionals in the construction sector by offering specialised services and helping to improve the efficiency and quality of projects, providing developers and builders with information and access to essential resources to carry out their projects more effectively within the region.<\/p>\n<\/div>\n                                    <\/div>\n            <\/div>\n        <\/div>\n    <\/div>\n\n<\/div>\n","protected":false},"excerpt":{"rendered":"","protected":false},"author":4,"featured_media":0,"parent":43414,"menu_order":0,"comment_status":"closed","ping_status":"closed","template":"","meta":{"_acf_changed":false,"_eb_attr":"","footnotes":""},"class_list":["post-43472","page","type-page","status-publish","hentry"],"acf":[],"yoast_head":"<!-- This site is optimized with the Yoast SEO plugin v27.3 - https:\/\/yoast.com\/product\/yoast-seo-wordpress\/ -->\n<title>Collaborations and partnerships - Tejas Borja<\/title>\n<meta name=\"robots\" content=\"index, follow, max-snippet:-1, max-image-preview:large, max-video-preview:-1\" \/>\n<link rel=\"canonical\" href=\"https:\/\/tejasborja.com\/en\/tejas-borja\/collaborations-and-partnerships\/\" \/>\n<meta property=\"og:locale\" content=\"en_US\" \/>\n<meta property=\"og:type\" content=\"article\" \/>\n<meta property=\"og:title\" content=\"Collaborations and partnerships - Tejas Borja\" \/>\n<meta property=\"og:url\" content=\"https:\/\/tejasborja.com\/en\/tejas-borja\/collaborations-and-partnerships\/\" \/>\n<meta property=\"og:site_name\" content=\"Tejas Borja\" \/>\n<meta property=\"article:modified_time\" content=\"2025-09-01T08:41:30+00:00\" \/>\n<meta name=\"twitter:card\" content=\"summary_large_image\" \/>\n<script type=\"application\/ld+json\" class=\"yoast-schema-graph\">{\"@context\":\"https:\\\/\\\/schema.org\",\"@graph\":[{\"@type\":\"WebPage\",\"@id\":\"https:\\\/\\\/tejasborja.com\\\/en\\\/tejas-borja\\\/collaborations-and-partnerships\\\/\",\"url\":\"https:\\\/\\\/tejasborja.com\\\/en\\\/tejas-borja\\\/collaborations-and-partnerships\\\/\",\"name\":\"Collaborations and partnerships - Tejas Borja\",\"isPartOf\":{\"@id\":\"https:\\\/\\\/tejasborja.com\\\/en\\\/#website\"},\"datePublished\":\"2024-10-22T11:08:20+00:00\",\"dateModified\":\"2025-09-01T08:41:30+00:00\",\"breadcrumb\":{\"@id\":\"https:\\\/\\\/tejasborja.com\\\/en\\\/tejas-borja\\\/collaborations-and-partnerships\\\/#breadcrumb\"},\"inLanguage\":\"en-US\",\"potentialAction\":[{\"@type\":\"ReadAction\",\"target\":[\"https:\\\/\\\/tejasborja.com\\\/en\\\/tejas-borja\\\/collaborations-and-partnerships\\\/\"]}]},{\"@type\":\"BreadcrumbList\",\"@id\":\"https:\\\/\\\/tejasborja.com\\\/en\\\/tejas-borja\\\/collaborations-and-partnerships\\\/#breadcrumb\",\"itemListElement\":[{\"@type\":\"ListItem\",\"position\":1,\"name\":\"Portada\",\"item\":\"https:\\\/\\\/tejasborja.com\\\/en\\\/\"},{\"@type\":\"ListItem\",\"position\":2,\"name\":\"Tejas Borja\",\"item\":\"https:\\\/\\\/tejasborja.com\\\/en\\\/tejas-borja\\\/\"},{\"@type\":\"ListItem\",\"position\":3,\"name\":\"Collaborations and partnerships\"}]},{\"@type\":\"WebSite\",\"@id\":\"https:\\\/\\\/tejasborja.com\\\/en\\\/#website\",\"url\":\"https:\\\/\\\/tejasborja.com\\\/en\\\/\",\"name\":\"Tejas Borja\",\"description\":\"TEJAS BORJA la gama m\u00e1s amplia de tejas cer\u00e1micas del mercado. Especialistas en tejas mixtas, tejas planas y tejas curvas tanto para rehabilitaci\u00f3n de cubiertas como para tejados de obra nueva. Una marca con m\u00e1s de 110 a\u00f1os de experiencia....\",\"publisher\":{\"@id\":\"https:\\\/\\\/tejasborja.com\\\/en\\\/#organization\"},\"potentialAction\":[{\"@type\":\"SearchAction\",\"target\":{\"@type\":\"EntryPoint\",\"urlTemplate\":\"https:\\\/\\\/tejasborja.com\\\/en\\\/?s={search_term_string}\"},\"query-input\":{\"@type\":\"PropertyValueSpecification\",\"valueRequired\":true,\"valueName\":\"search_term_string\"}}],\"inLanguage\":\"en-US\"},{\"@type\":\"Organization\",\"@id\":\"https:\\\/\\\/tejasborja.com\\\/en\\\/#organization\",\"name\":\"Tejas Borja\",\"url\":\"https:\\\/\\\/tejasborja.com\\\/en\\\/\",\"logo\":{\"@type\":\"ImageObject\",\"inLanguage\":\"en-US\",\"@id\":\"https:\\\/\\\/tejasborja.com\\\/en\\\/#\\\/schema\\\/logo\\\/image\\\/\",\"url\":\"https:\\\/\\\/tejasborja.com\\\/wp-content\\\/uploads\\\/2025\\\/08\\\/Logo-Tejas-Borja-Blanco-1.png\",\"contentUrl\":\"https:\\\/\\\/tejasborja.com\\\/wp-content\\\/uploads\\\/2025\\\/08\\\/Logo-Tejas-Borja-Blanco-1.png\",\"width\":150,\"height\":50,\"caption\":\"Tejas Borja\"},\"image\":{\"@id\":\"https:\\\/\\\/tejasborja.com\\\/en\\\/#\\\/schema\\\/logo\\\/image\\\/\"}}]}<\/script>\n<!-- \/ Yoast SEO plugin. -->","yoast_head_json":{"title":"Collaborations and partnerships - Tejas Borja","robots":{"index":"index","follow":"follow","max-snippet":"max-snippet:-1","max-image-preview":"max-image-preview:large","max-video-preview":"max-video-preview:-1"},"canonical":"https:\/\/tejasborja.com\/en\/tejas-borja\/collaborations-and-partnerships\/","og_locale":"en_US","og_type":"article","og_title":"Collaborations and partnerships - Tejas Borja","og_url":"https:\/\/tejasborja.com\/en\/tejas-borja\/collaborations-and-partnerships\/","og_site_name":"Tejas Borja","article_modified_time":"2025-09-01T08:41:30+00:00","twitter_card":"summary_large_image","schema":{"@context":"https:\/\/schema.org","@graph":[{"@type":"WebPage","@id":"https:\/\/tejasborja.com\/en\/tejas-borja\/collaborations-and-partnerships\/","url":"https:\/\/tejasborja.com\/en\/tejas-borja\/collaborations-and-partnerships\/","name":"Collaborations and partnerships - Tejas Borja","isPartOf":{"@id":"https:\/\/tejasborja.com\/en\/#website"},"datePublished":"2024-10-22T11:08:20+00:00","dateModified":"2025-09-01T08:41:30+00:00","breadcrumb":{"@id":"https:\/\/tejasborja.com\/en\/tejas-borja\/collaborations-and-partnerships\/#breadcrumb"},"inLanguage":"en-US","potentialAction":[{"@type":"ReadAction","target":["https:\/\/tejasborja.com\/en\/tejas-borja\/collaborations-and-partnerships\/"]}]},{"@type":"BreadcrumbList","@id":"https:\/\/tejasborja.com\/en\/tejas-borja\/collaborations-and-partnerships\/#breadcrumb","itemListElement":[{"@type":"ListItem","position":1,"name":"Portada","item":"https:\/\/tejasborja.com\/en\/"},{"@type":"ListItem","position":2,"name":"Tejas Borja","item":"https:\/\/tejasborja.com\/en\/tejas-borja\/"},{"@type":"ListItem","position":3,"name":"Collaborations and partnerships"}]},{"@type":"WebSite","@id":"https:\/\/tejasborja.com\/en\/#website","url":"https:\/\/tejasborja.com\/en\/","name":"Tejas Borja","description":"TEJAS BORJA la gama m\u00e1s amplia de tejas cer\u00e1micas del mercado. Especialistas en tejas mixtas, tejas planas y tejas curvas tanto para rehabilitaci\u00f3n de cubiertas como para tejados de obra nueva. Una marca con m\u00e1s de 110 a\u00f1os de experiencia....","publisher":{"@id":"https:\/\/tejasborja.com\/en\/#organization"},"potentialAction":[{"@type":"SearchAction","target":{"@type":"EntryPoint","urlTemplate":"https:\/\/tejasborja.com\/en\/?s={search_term_string}"},"query-input":{"@type":"PropertyValueSpecification","valueRequired":true,"valueName":"search_term_string"}}],"inLanguage":"en-US"},{"@type":"Organization","@id":"https:\/\/tejasborja.com\/en\/#organization","name":"Tejas Borja","url":"https:\/\/tejasborja.com\/en\/","logo":{"@type":"ImageObject","inLanguage":"en-US","@id":"https:\/\/tejasborja.com\/en\/#\/schema\/logo\/image\/","url":"https:\/\/tejasborja.com\/wp-content\/uploads\/2025\/08\/Logo-Tejas-Borja-Blanco-1.png","contentUrl":"https:\/\/tejasborja.com\/wp-content\/uploads\/2025\/08\/Logo-Tejas-Borja-Blanco-1.png","width":150,"height":50,"caption":"Tejas Borja"},"image":{"@id":"https:\/\/tejasborja.com\/en\/#\/schema\/logo\/image\/"}}]}},"_links":{"self":[{"href":"https:\/\/tejasborja.com\/en\/wp-json\/wp\/v2\/pages\/43472","targetHints":{"allow":["GET"]}}],"collection":[{"href":"https:\/\/tejasborja.com\/en\/wp-json\/wp\/v2\/pages"}],"about":[{"href":"https:\/\/tejasborja.com\/en\/wp-json\/wp\/v2\/types\/page"}],"author":[{"embeddable":true,"href":"https:\/\/tejasborja.com\/en\/wp-json\/wp\/v2\/users\/4"}],"replies":[{"embeddable":true,"href":"https:\/\/tejasborja.com\/en\/wp-json\/wp\/v2\/comments?post=43472"}],"version-history":[{"count":0,"href":"https:\/\/tejasborja.com\/en\/wp-json\/wp\/v2\/pages\/43472\/revisions"}],"up":[{"embeddable":true,"href":"https:\/\/tejasborja.com\/en\/wp-json\/wp\/v2\/pages\/43414"}],"wp:attachment":[{"href":"https:\/\/tejasborja.com\/en\/wp-json\/wp\/v2\/media?parent=43472"}],"curies":[{"name":"wp","href":"https:\/\/api.w.org\/{rel}","templated":true}]}}