{"id":44025,"date":"2024-11-18T17:52:37","date_gmt":"2024-11-18T16:52:37","guid":{"rendered":"https:\/\/tejasborja.com\/politica-de-tratamiento-de-datos\/"},"modified":"2024-11-20T11:31:53","modified_gmt":"2024-11-20T10:31:53","slug":"politica-de-tratamiento-de-datos","status":"publish","type":"page","link":"https:\/\/tejasborja.com\/en\/politica-de-tratamiento-de-datos\/","title":{"rendered":"Pol\u00edtica de tratamiento de datos"},"content":{"rendered":"\n<h2 class=\"wp-block-heading\"><strong>PORTAL DEL CANDIDATO: Pol\u00edtica de Privacidad<\/strong><\/h2>\n\n\n\n<p>TEJAS BORJA desea poner de manifiesto que todo candidato que se inscriba en nuestro portal de empleo, nos va a facilitar informaci\u00f3n personal que utilizaremos en los procesos de selecci\u00f3n y contrataci\u00f3n. TEJAS BORJA, guardar\u00e1 y utilizar\u00e1 estos datos, en los t\u00e9rminos que ahora se indicar\u00e1n, para conocer el nivel acad\u00e9mico de los postulantes, as\u00ed como sus aptitudes y habilidades, que permitir\u00e1n evaluar su idoneidad para el puesto.<\/p>\n\n\n\n<h2 class=\"wp-block-heading\"><strong>Introducci\u00f3n: \u00bfqui\u00e9n recolecta sus datos personales?<\/strong><\/h2>\n\n\n\n<p>Cuando se postula para un trabajo en Tejas Borja, la compa\u00f1\u00eda recolecta y usa la informaci\u00f3n sobre usted durante el proceso de selecci\u00f3n y contrataci\u00f3n. Como se describe en la presente Pol\u00edtica de Privacidad, Tejas Borja, guardar\u00e1 y utilizar\u00e1 sus datos para evaluar sus aptitudes, habilidades y nivel acad\u00e9mico para el empleo solicitado.<\/p>\n\n\n\n<p>Tejas Borja es una marca comercial que engloba a varias mercantiles, entre las que destacan CER\u00c1MICA ALICANTINA, SL, TEJAS Y LADRILLOS DEL MEDITERR\u00c1NEO SAU, y TEJAS BORJA, SAU. Por tanto los datos facilitados por usted ser\u00e1n comunicados y formar\u00e1n parte de los ficheros de cada una de las mencionadas mercantiles.<\/p>\n\n\n\n<h2 class=\"wp-block-heading\"><strong>\u00bfQu\u00e9 informaci\u00f3n personal ser\u00e1 tratada por TEJAS BORJA?<\/strong><\/h2>\n\n\n\n<p>La informaci\u00f3n que se trata habitualmente comprende:<\/p>\n\n\n\n<ul class=\"wp-block-list\">\n<li>informaci\u00f3n recogida en su CV y cartas de presentaci\u00f3n, que puede referir a empleos anteriores, educaci\u00f3n, etc.<\/li>\n\n\n\n<li>informaci\u00f3n generada a trav\u00e9s de las entrevistas y dem\u00e1s interacciones entre el candidato y los reclutadores;<\/li>\n\n\n\n<li>informaci\u00f3n relevante referente a las instalaciones del lugar de trabajo u otras caracter\u00edsticas especiales del puesto.<\/li>\n<\/ul>\n\n\n\n<p>Entendemos que el hecho de insertar sus datos personales en este personal es una acci\u00f3n positiva con la que nos autoriza su uso y con la que reconoce haber le\u00eddo y entendido la presente pol\u00edtica de privacidad.<\/p>\n\n\n\n<p>Adem\u00e1s, presumimos que dicha informaci\u00f3n es veraz y actual, siendo su responsabilidad el mantenerla actualizada. La informaci\u00f3n incorrecta o falsa puede determinar su idoneidad como candidato.<\/p>\n\n\n\n<p>No tiene la obligaci\u00f3n de proporcionar ninguna informaci\u00f3n que TEJAS BORJA solicite, pero debe saber que el no facilitarla puede obstaculizar el proceso de selecci\u00f3n, incluso impidiendo su continuaci\u00f3n.<\/p>\n\n\n\n<h2 class=\"wp-block-heading\"><strong>\u00bfCon qu\u00e9 finalidades usar\u00e1 Tejas Borja esta informaci\u00f3n?<\/strong><\/h2>\n\n\n\n<p>TEJAS BORJA usar\u00e1 su informaci\u00f3n \u00fanicamente para:<br>\u2022 Examinar su idoneidad para el puesto al que se postula u otros empleos o vacantes que puedan crearse o existir m\u00e1s adelante.<br>\u2022 Analizar los perfiles del conjunto de los postulantes a fin de conocer c\u00f3mo son quienes solicitan puestos en TEJAS BORJA y conseguir la atenci\u00f3n de perfiles de alto grado de formaci\u00f3n y talento.<\/p>\n\n\n\n<h2 class=\"wp-block-heading\"><strong>\u00bfCu\u00e1l es la base leg\u00edtima del tratamiento?<\/strong><\/h2>\n\n\n\n<p>Los datos son tratados por TEJAS BORJA bajo la legitimidad otorgada por la ejecuci\u00f3n de las medidas precontractuales solicitadas por el interesado en base al art. 6.1.b) del Reglamento Europeo de Protecci\u00f3n de Datos.<\/p>\n\n\n\n<h2 class=\"wp-block-heading\"><strong>\u00bfPor cu\u00e1nto tiempo se guardar\u00e1 la informaci\u00f3n personal?<\/strong><\/h2>\n\n\n\n<p>En caso de aceptar la propuesta laboral formulada por TEJAS BORJA, los datos personales recopilados durante el proceso de selecci\u00f3n se integrar\u00e1n en los ficheros y tratamientos del departamento de Recursos Humanos de la empresa que realice la contrataci\u00f3n hasta que finalice su relaci\u00f3n laboral.<\/p>\n\n\n\n<p>En el supuesto de no nacer relaci\u00f3n laboral, TEJAS BORJA conservar\u00e1 su curr\u00edculum durante 2 a\u00f1os. Tiempo en el cual se le informar\u00e1 de nuevos puestos que se adecuen a su perfil.<\/p>\n\n\n\n<h2 class=\"wp-block-heading\"><strong>Seguridad aplicada a la hora de tratar la informaci\u00f3n personal<\/strong><\/h2>\n\n\n\n<p>TEJAS BORJA tiene una preocupaci\u00f3n especial por garantizar la seguridad de sus datos personales, por lo que se almacenan en nuestros sistemas de informaci\u00f3n, donde se han adoptado e implantado medidas de seguridad, t\u00e9cnicas y organizativas, para prevenir cualquier p\u00e9rdida o uso no autorizado por terceros. En particular, nuestros empleados est\u00e1n obligados a cumplir con el deber de secreto profesional, y han sido debidamente informados y formados al efecto.<\/p>\n\n\n\n<p>Ejercicio de los derechos de acceso, supresi\u00f3n, limitaci\u00f3n del tratamiento y portabiliddad, reconocidos en la legislaci\u00f3n vigente en materia de protecci\u00f3n de datos personales<\/p>\n\n\n\n<p>Por el mero hecho de ingresar y facilitar datos a trav\u00e9s de nuestro portal, podr\u00e1 ejercer los derechos que le asisten seg\u00fan la normativa de protecci\u00f3n de datos, acreditando su identidad mediante fotocopia del DNI, dirigiendo un escrito a nuestro delegado de protecci\u00f3n de datos en la direcci\u00f3n de correo&nbsp;<a href=\"mailto:info@tejasborja.com\">info [a] tejasborja.com<\/a>&nbsp;Y en el caso de que lo estime oportuno podr\u00e1 presentar una reclamaci\u00f3n ante la Agencia Espa\u00f1ola de Protecci\u00f3n de Datos.<\/p>\n\n\n\n<h2 class=\"wp-block-heading\"><strong>Cambios a la Pol\u00edtica de Privacidad.<\/strong><\/h2>\n\n\n\n<p>Nuestra Pol\u00edtica de Privacidad podr\u00e1 sufrir actualizaciones, debidas a cambios y necesidades legales, as\u00ed como debidas a mejoras y cambios incluidos en la forma de ofrecer y prestar nuestros servicios y utilidades de la aplicaci\u00f3n. Por ello, le recomendamos que visite y acceda a nuestra Pol\u00edtica de Privacidad peri\u00f3dicamente, para poder tener acceso y conocer los \u00faltimos cambios que hayan podido ser incorporados. En caso de que dichos cambios guarden relaci\u00f3n con el consentimiento prestado por el usuario, en tal caso le ser\u00e1 enviada una notificaci\u00f3n independiente y por separado para recabarlo nuevamente.<\/p>\n\n\n\n<p>Si durante la lectura le ha surgido alguna duda o cuesti\u00f3n sobre nuestra Pol\u00edtica de Privacidad o quiere ejercitar alg\u00fan derecho o acci\u00f3n relativa a sus datos personales, por favor p\u00f3ngase en contacto con nosotros en la siguiente direcci\u00f3n de correo electr\u00f3nico&nbsp;<a href=\"mailto:info@tejasborja.com\">info [a] tejasborja.com<\/a><\/p>\n","protected":false},"excerpt":{"rendered":"<p>PORTAL DEL CANDIDATO: Pol\u00edtica de Privacidad TEJAS BORJA desea poner de manifiesto que todo candidato que se inscriba en nuestro portal de empleo, nos va a facilitar informaci\u00f3n personal que utilizaremos en los procesos de selecci\u00f3n y contrataci\u00f3n. TEJAS BORJA, guardar\u00e1 y utilizar\u00e1 estos datos, en los t\u00e9rminos que ahora se indicar\u00e1n, para conocer el [&hellip;]<\/p>\n","protected":false},"author":4,"featured_media":0,"parent":0,"menu_order":0,"comment_status":"closed","ping_status":"closed","template":"page-templates\/container.php","meta":{"_acf_changed":false,"_eb_attr":"","footnotes":""},"class_list":["post-44025","page","type-page","status-publish","hentry"],"acf":[],"yoast_head":"<!-- This site is optimized with the Yoast SEO plugin v27.1.1 - https:\/\/yoast.com\/product\/yoast-seo-wordpress\/ -->\n<title>Pol\u00edtica de tratamiento de datos - Tejas Borja<\/title>\n<meta name=\"robots\" content=\"index, follow, max-snippet:-1, max-image-preview:large, max-video-preview:-1\" \/>\n<link rel=\"canonical\" href=\"https:\/\/tejasborja.com\/en\/politica-de-tratamiento-de-datos\/\" \/>\n<meta property=\"og:locale\" content=\"en_US\" \/>\n<meta property=\"og:type\" content=\"article\" \/>\n<meta property=\"og:title\" content=\"Pol\u00edtica de tratamiento de datos - Tejas Borja\" \/>\n<meta property=\"og:description\" content=\"PORTAL DEL CANDIDATO: Pol\u00edtica de Privacidad TEJAS BORJA desea poner de manifiesto que todo candidato que se inscriba en nuestro portal de empleo, nos va a facilitar informaci\u00f3n personal que utilizaremos en los procesos de selecci\u00f3n y contrataci\u00f3n. TEJAS BORJA, guardar\u00e1 y utilizar\u00e1 estos datos, en los t\u00e9rminos que ahora se indicar\u00e1n, para conocer el [&hellip;]\" \/>\n<meta property=\"og:url\" content=\"https:\/\/tejasborja.com\/en\/politica-de-tratamiento-de-datos\/\" \/>\n<meta property=\"og:site_name\" content=\"Tejas Borja\" \/>\n<meta property=\"article:modified_time\" content=\"2024-11-20T10:31:53+00:00\" \/>\n<meta name=\"twitter:card\" content=\"summary_large_image\" \/>\n<script type=\"application\/ld+json\" class=\"yoast-schema-graph\">{\"@context\":\"https:\/\/schema.org\",\"@graph\":[{\"@type\":\"WebPage\",\"@id\":\"https:\/\/tejasborja.com\/en\/politica-de-tratamiento-de-datos\/\",\"url\":\"https:\/\/tejasborja.com\/en\/politica-de-tratamiento-de-datos\/\",\"name\":\"Pol\u00edtica de tratamiento de datos - Tejas Borja\",\"isPartOf\":{\"@id\":\"https:\/\/tejasborja.com\/en\/#website\"},\"datePublished\":\"2024-11-18T16:52:37+00:00\",\"dateModified\":\"2024-11-20T10:31:53+00:00\",\"breadcrumb\":{\"@id\":\"https:\/\/tejasborja.com\/en\/politica-de-tratamiento-de-datos\/#breadcrumb\"},\"inLanguage\":\"en-US\",\"potentialAction\":[{\"@type\":\"ReadAction\",\"target\":[\"https:\/\/tejasborja.com\/en\/politica-de-tratamiento-de-datos\/\"]}]},{\"@type\":\"BreadcrumbList\",\"@id\":\"https:\/\/tejasborja.com\/en\/politica-de-tratamiento-de-datos\/#breadcrumb\",\"itemListElement\":[{\"@type\":\"ListItem\",\"position\":1,\"name\":\"Portada\",\"item\":\"https:\/\/tejasborja.com\/en\/\"},{\"@type\":\"ListItem\",\"position\":2,\"name\":\"Pol\u00edtica de tratamiento de datos\"}]},{\"@type\":\"WebSite\",\"@id\":\"https:\/\/tejasborja.com\/en\/#website\",\"url\":\"https:\/\/tejasborja.com\/en\/\",\"name\":\"Tejas Borja\",\"description\":\"TEJAS BORJA la gama m\u00e1s amplia de tejas cer\u00e1micas del mercado. Especialistas en tejas mixtas, tejas planas y tejas curvas tanto para rehabilitaci\u00f3n de cubiertas como para tejados de obra nueva. Una marca con m\u00e1s de 110 a\u00f1os de experiencia....\",\"publisher\":{\"@id\":\"https:\/\/tejasborja.com\/en\/#organization\"},\"potentialAction\":[{\"@type\":\"SearchAction\",\"target\":{\"@type\":\"EntryPoint\",\"urlTemplate\":\"https:\/\/tejasborja.com\/en\/?s={search_term_string}\"},\"query-input\":{\"@type\":\"PropertyValueSpecification\",\"valueRequired\":true,\"valueName\":\"search_term_string\"}}],\"inLanguage\":\"en-US\"},{\"@type\":\"Organization\",\"@id\":\"https:\/\/tejasborja.com\/en\/#organization\",\"name\":\"Tejas Borja\",\"url\":\"https:\/\/tejasborja.com\/en\/\",\"logo\":{\"@type\":\"ImageObject\",\"inLanguage\":\"en-US\",\"@id\":\"https:\/\/tejasborja.com\/en\/#\/schema\/logo\/image\/\",\"url\":\"https:\/\/tejasborja.com\/wp-content\/uploads\/2025\/08\/Logo-Tejas-Borja-Blanco-1.png\",\"contentUrl\":\"https:\/\/tejasborja.com\/wp-content\/uploads\/2025\/08\/Logo-Tejas-Borja-Blanco-1.png\",\"width\":150,\"height\":50,\"caption\":\"Tejas Borja\"},\"image\":{\"@id\":\"https:\/\/tejasborja.com\/en\/#\/schema\/logo\/image\/\"}}]}<\/script>\n<!-- \/ Yoast SEO plugin. -->","yoast_head_json":{"title":"Pol\u00edtica de tratamiento de datos - Tejas Borja","robots":{"index":"index","follow":"follow","max-snippet":"max-snippet:-1","max-image-preview":"max-image-preview:large","max-video-preview":"max-video-preview:-1"},"canonical":"https:\/\/tejasborja.com\/en\/politica-de-tratamiento-de-datos\/","og_locale":"en_US","og_type":"article","og_title":"Pol\u00edtica de tratamiento de datos - Tejas Borja","og_description":"PORTAL DEL CANDIDATO: Pol\u00edtica de Privacidad TEJAS BORJA desea poner de manifiesto que todo candidato que se inscriba en nuestro portal de empleo, nos va a facilitar informaci\u00f3n personal que utilizaremos en los procesos de selecci\u00f3n y contrataci\u00f3n. TEJAS BORJA, guardar\u00e1 y utilizar\u00e1 estos datos, en los t\u00e9rminos que ahora se indicar\u00e1n, para conocer el [&hellip;]","og_url":"https:\/\/tejasborja.com\/en\/politica-de-tratamiento-de-datos\/","og_site_name":"Tejas Borja","article_modified_time":"2024-11-20T10:31:53+00:00","twitter_card":"summary_large_image","schema":{"@context":"https:\/\/schema.org","@graph":[{"@type":"WebPage","@id":"https:\/\/tejasborja.com\/en\/politica-de-tratamiento-de-datos\/","url":"https:\/\/tejasborja.com\/en\/politica-de-tratamiento-de-datos\/","name":"Pol\u00edtica de tratamiento de datos - Tejas Borja","isPartOf":{"@id":"https:\/\/tejasborja.com\/en\/#website"},"datePublished":"2024-11-18T16:52:37+00:00","dateModified":"2024-11-20T10:31:53+00:00","breadcrumb":{"@id":"https:\/\/tejasborja.com\/en\/politica-de-tratamiento-de-datos\/#breadcrumb"},"inLanguage":"en-US","potentialAction":[{"@type":"ReadAction","target":["https:\/\/tejasborja.com\/en\/politica-de-tratamiento-de-datos\/"]}]},{"@type":"BreadcrumbList","@id":"https:\/\/tejasborja.com\/en\/politica-de-tratamiento-de-datos\/#breadcrumb","itemListElement":[{"@type":"ListItem","position":1,"name":"Portada","item":"https:\/\/tejasborja.com\/en\/"},{"@type":"ListItem","position":2,"name":"Pol\u00edtica de tratamiento de datos"}]},{"@type":"WebSite","@id":"https:\/\/tejasborja.com\/en\/#website","url":"https:\/\/tejasborja.com\/en\/","name":"Tejas Borja","description":"TEJAS BORJA la gama m\u00e1s amplia de tejas cer\u00e1micas del mercado. Especialistas en tejas mixtas, tejas planas y tejas curvas tanto para rehabilitaci\u00f3n de cubiertas como para tejados de obra nueva. Una marca con m\u00e1s de 110 a\u00f1os de experiencia....","publisher":{"@id":"https:\/\/tejasborja.com\/en\/#organization"},"potentialAction":[{"@type":"SearchAction","target":{"@type":"EntryPoint","urlTemplate":"https:\/\/tejasborja.com\/en\/?s={search_term_string}"},"query-input":{"@type":"PropertyValueSpecification","valueRequired":true,"valueName":"search_term_string"}}],"inLanguage":"en-US"},{"@type":"Organization","@id":"https:\/\/tejasborja.com\/en\/#organization","name":"Tejas Borja","url":"https:\/\/tejasborja.com\/en\/","logo":{"@type":"ImageObject","inLanguage":"en-US","@id":"https:\/\/tejasborja.com\/en\/#\/schema\/logo\/image\/","url":"https:\/\/tejasborja.com\/wp-content\/uploads\/2025\/08\/Logo-Tejas-Borja-Blanco-1.png","contentUrl":"https:\/\/tejasborja.com\/wp-content\/uploads\/2025\/08\/Logo-Tejas-Borja-Blanco-1.png","width":150,"height":50,"caption":"Tejas Borja"},"image":{"@id":"https:\/\/tejasborja.com\/en\/#\/schema\/logo\/image\/"}}]}},"_links":{"self":[{"href":"https:\/\/tejasborja.com\/en\/wp-json\/wp\/v2\/pages\/44025","targetHints":{"allow":["GET"]}}],"collection":[{"href":"https:\/\/tejasborja.com\/en\/wp-json\/wp\/v2\/pages"}],"about":[{"href":"https:\/\/tejasborja.com\/en\/wp-json\/wp\/v2\/types\/page"}],"author":[{"embeddable":true,"href":"https:\/\/tejasborja.com\/en\/wp-json\/wp\/v2\/users\/4"}],"replies":[{"embeddable":true,"href":"https:\/\/tejasborja.com\/en\/wp-json\/wp\/v2\/comments?post=44025"}],"version-history":[{"count":0,"href":"https:\/\/tejasborja.com\/en\/wp-json\/wp\/v2\/pages\/44025\/revisions"}],"wp:attachment":[{"href":"https:\/\/tejasborja.com\/en\/wp-json\/wp\/v2\/media?parent=44025"}],"curies":[{"name":"wp","href":"https:\/\/api.w.org\/{rel}","templated":true}]}}