{"id":45367,"date":"2024-06-13T07:32:01","date_gmt":"2024-06-13T05:32:01","guid":{"rendered":"https:\/\/tejasborja.com\/professional-area\/tarifas\/"},"modified":"2026-02-03T17:23:58","modified_gmt":"2026-02-03T16:23:58","slug":"price-lists","status":"publish","type":"page","link":"https:\/\/tejasborja.com\/en\/professional-area\/price-lists\/","title":{"rendered":"Price list"},"content":{"rendered":"\n<div id=\"Header-block_06371fafae7827f9db7b9b603252bbb1\" class=\"v1 Header normal\" style=\"background-color: \">\n\n    \n    <div class=\"container\">\n        <div class=\"row\">\n            <div class=\"col-12\">\n                <div class=\"titulo\"><p class=\"titulo-seccion\">Price list<\/p>\n<\/div>\n            <\/div>\n        <\/div>\n        <div class=\"row\">\n            <div class=\"col-12 col-lg-10 mx-auto\">\n                <div class=\"subtitulo\"><p class=''>As a user of\u00a0<strong>Tejas Borja catalogue<\/strong>\u00a0you may have updated\u00a0<strong>Price list<\/strong>\u00a0of all our product range.<\/p>\n<\/div>\n            <\/div>\n        <\/div>\n    <\/div>\n\n    \n<\/div>\n\n\n\n<div id=\"Contenedor-block_9e1b50102f7c9c3efb21450c0d147e93\" class=\"Contenedor\" style=\"background-color: #f5f5f5\">\n\n    <div class=\"container p-0\">\n        <div class=\"acf-innerblocks-container\">\n\n<div class=\"wp-block-columns is-layout-flex wp-container-core-columns-is-layout-9d6595d7 wp-block-columns-is-layout-flex\">\n<div class=\"wp-block-column is-layout-flow wp-block-column-is-layout-flow\">\n<div id=\"TituloTexto-block_cb71cb5dfb1d5c3143882fae24fd6e75\" class=\"TituloTexto v1 withoutPadding withPaddingTop \" style=\"background-color: \">\n    <div class=\"container\">\n        <div class=\"row\">\n            <div class=\"col-12\">\n                <div class=\"titulo\" style=\"margin-bottom: 5px\"><p class='textLG'>Price list 2026<\/p>\n<\/div>\n                <div class=\"texto textBody\"><p>As a <strong>prescriber and marketing channel<\/strong> for the Tejas Borja catalogue, you can consult the price list for roof tiles and the entire range of Tejas Borja brand products.<\/p>\n<\/div>\n            <\/div>\n        <\/div>\n    <\/div>\n<\/div>\n\n\n\n<div id=\"BotonUrl-block_feba02f909f3487e2a4a457ddd8dc9e3\" class=\"BotonUrl normal\">\n    <div class=\"container\">\n        <div class=\"row\">\n            <div class=\"posicion col-12 d-flex justifty-content-left\">\n                                    \n                                                            <a class=\"primaryCta\" href=\"https:\/\/tejasborja.com\/tarifas\/en\/Price-list-Tejas-Borja-Export-2026.pdf\" download>Download Price List<\/a>\n                            \n                                        <\/div>\n        <\/div>\n    <\/div>\n<\/div>\n\n\n\n<p class=\"pb-0 pb-sm-5 m-0 container\">Effective from January 15, 2026.<\/p>\n\n\n\n<p><\/p>\n<\/div>\n\n\n\n<div class=\"wp-block-column is-vertically-aligned-center is-layout-flow wp-block-column-is-layout-flow\">\n<div id=\"TituloTexto-block_3c5d0df863d371d8185472f531fa83ff\" class=\"TituloTexto v1 withoutPadding withPaddingTop \" style=\"background-color: \">\n    <div class=\"container\">\n        <div class=\"row\">\n            <div class=\"col-12\">\n                <div class=\"titulo\" style=\"margin-bottom: 5px\"><p class='textLG'>General Terms and Conditions of Sales<\/p>\n<\/div>\n                <div class=\"texto textBody\"><p>Effective from January 15, 2026.<\/p>\n<\/div>\n            <\/div>\n        <\/div>\n    <\/div>\n<\/div>\n\n\n\n<div id=\"BotonUrl-block_96a7c02c6f3b79a8c72a8871d44c0c81\" class=\"BotonUrl normal\">\n    <div class=\"container\">\n        <div class=\"row\">\n            <div class=\"posicion col-12 d-flex justifty-content-left\">\n                                    \n                                                            <a href=\"https:\/\/tejasborja.com\/wp-content\/uploads\/2025\/11\/CGV_2026_TejasBorja_ENG.pdf \" download>\n                                    <div class=\"underlineCta\">\n                                        General Terms and Conditions                                        <img decoding=\"async\" alt=\"icon\" class=\"icon lazyload\" data-src=\"https:\/\/tejasborja.com\/wp-content\/themes\/tejasborja\/assets\/images\/right-chevron-primary.svg\" src=\"data:image\/svg+xml;base64,PHN2ZyB3aWR0aD0iMSIgaGVpZ2h0PSIxIiB4bWxucz0iaHR0cDovL3d3dy53My5vcmcvMjAwMC9zdmciPjwvc3ZnPg==\" \/>\n                                    <\/div>\n                                <\/a>\n                                                        <\/div>\n        <\/div>\n    <\/div>\n<\/div>\n<\/div>\n<\/div>\n\n<\/div>\n    <\/div>\n\n<\/div>\n\n\n\n<p><\/p>\n","protected":false},"excerpt":{"rendered":"","protected":false},"author":4,"featured_media":0,"parent":42565,"menu_order":0,"comment_status":"closed","ping_status":"closed","template":"","meta":{"_acf_changed":true,"_eb_attr":"","footnotes":""},"class_list":["post-45367","page","type-page","status-publish","hentry"],"acf":[],"yoast_head":"<!-- This site is optimized with the Yoast SEO plugin v27.3 - https:\/\/yoast.com\/product\/yoast-seo-wordpress\/ -->\n<title>Price list - Tejas Borja<\/title>\n<meta name=\"description\" content=\"Consult the updated price list of the wide range of ceramic tiles and roofing systems from Tejas Borja.\" \/>\n<meta name=\"robots\" content=\"index, follow, max-snippet:-1, max-image-preview:large, max-video-preview:-1\" \/>\n<link rel=\"canonical\" href=\"https:\/\/tejasborja.com\/en\/professional-area\/price-lists\/\" \/>\n<meta property=\"og:locale\" content=\"en_US\" \/>\n<meta property=\"og:type\" content=\"article\" \/>\n<meta property=\"og:title\" content=\"Price list - Tejas Borja\" \/>\n<meta property=\"og:description\" content=\"Consult the updated price list of the wide range of ceramic tiles and roofing systems from Tejas Borja.\" \/>\n<meta property=\"og:url\" content=\"https:\/\/tejasborja.com\/en\/professional-area\/price-lists\/\" \/>\n<meta property=\"og:site_name\" content=\"Tejas Borja\" \/>\n<meta property=\"article:modified_time\" content=\"2026-02-03T16:23:58+00:00\" \/>\n<meta name=\"twitter:card\" content=\"summary_large_image\" \/>\n<script type=\"application\/ld+json\" class=\"yoast-schema-graph\">{\"@context\":\"https:\\\/\\\/schema.org\",\"@graph\":[{\"@type\":\"WebPage\",\"@id\":\"https:\\\/\\\/tejasborja.com\\\/en\\\/professional-area\\\/price-lists\\\/\",\"url\":\"https:\\\/\\\/tejasborja.com\\\/en\\\/professional-area\\\/price-lists\\\/\",\"name\":\"Price list - Tejas Borja\",\"isPartOf\":{\"@id\":\"https:\\\/\\\/tejasborja.com\\\/en\\\/#website\"},\"datePublished\":\"2024-06-13T05:32:01+00:00\",\"dateModified\":\"2026-02-03T16:23:58+00:00\",\"description\":\"Consult the updated price list of the wide range of ceramic tiles and roofing systems from Tejas Borja.\",\"breadcrumb\":{\"@id\":\"https:\\\/\\\/tejasborja.com\\\/en\\\/professional-area\\\/price-lists\\\/#breadcrumb\"},\"inLanguage\":\"en-US\",\"potentialAction\":[{\"@type\":\"ReadAction\",\"target\":[\"https:\\\/\\\/tejasborja.com\\\/en\\\/professional-area\\\/price-lists\\\/\"]}]},{\"@type\":\"BreadcrumbList\",\"@id\":\"https:\\\/\\\/tejasborja.com\\\/en\\\/professional-area\\\/price-lists\\\/#breadcrumb\",\"itemListElement\":[{\"@type\":\"ListItem\",\"position\":1,\"name\":\"Portada\",\"item\":\"https:\\\/\\\/tejasborja.com\\\/en\\\/\"},{\"@type\":\"ListItem\",\"position\":2,\"name\":\"Professional Area\",\"item\":\"https:\\\/\\\/tejasborja.com\\\/en\\\/professional-area\\\/\"},{\"@type\":\"ListItem\",\"position\":3,\"name\":\"Price list\"}]},{\"@type\":\"WebSite\",\"@id\":\"https:\\\/\\\/tejasborja.com\\\/en\\\/#website\",\"url\":\"https:\\\/\\\/tejasborja.com\\\/en\\\/\",\"name\":\"Tejas Borja\",\"description\":\"TEJAS BORJA la gama m\u00e1s amplia de tejas cer\u00e1micas del mercado. Especialistas en tejas mixtas, tejas planas y tejas curvas tanto para rehabilitaci\u00f3n de cubiertas como para tejados de obra nueva. Una marca con m\u00e1s de 110 a\u00f1os de experiencia....\",\"publisher\":{\"@id\":\"https:\\\/\\\/tejasborja.com\\\/en\\\/#organization\"},\"potentialAction\":[{\"@type\":\"SearchAction\",\"target\":{\"@type\":\"EntryPoint\",\"urlTemplate\":\"https:\\\/\\\/tejasborja.com\\\/en\\\/?s={search_term_string}\"},\"query-input\":{\"@type\":\"PropertyValueSpecification\",\"valueRequired\":true,\"valueName\":\"search_term_string\"}}],\"inLanguage\":\"en-US\"},{\"@type\":\"Organization\",\"@id\":\"https:\\\/\\\/tejasborja.com\\\/en\\\/#organization\",\"name\":\"Tejas Borja\",\"url\":\"https:\\\/\\\/tejasborja.com\\\/en\\\/\",\"logo\":{\"@type\":\"ImageObject\",\"inLanguage\":\"en-US\",\"@id\":\"https:\\\/\\\/tejasborja.com\\\/en\\\/#\\\/schema\\\/logo\\\/image\\\/\",\"url\":\"https:\\\/\\\/tejasborja.com\\\/wp-content\\\/uploads\\\/2025\\\/08\\\/Logo-Tejas-Borja-Blanco-1.png\",\"contentUrl\":\"https:\\\/\\\/tejasborja.com\\\/wp-content\\\/uploads\\\/2025\\\/08\\\/Logo-Tejas-Borja-Blanco-1.png\",\"width\":150,\"height\":50,\"caption\":\"Tejas Borja\"},\"image\":{\"@id\":\"https:\\\/\\\/tejasborja.com\\\/en\\\/#\\\/schema\\\/logo\\\/image\\\/\"}}]}<\/script>\n<!-- \/ Yoast SEO plugin. -->","yoast_head_json":{"title":"Price list - Tejas Borja","description":"Consult the updated price list of the wide range of ceramic tiles and roofing systems from Tejas Borja.","robots":{"index":"index","follow":"follow","max-snippet":"max-snippet:-1","max-image-preview":"max-image-preview:large","max-video-preview":"max-video-preview:-1"},"canonical":"https:\/\/tejasborja.com\/en\/professional-area\/price-lists\/","og_locale":"en_US","og_type":"article","og_title":"Price list - Tejas Borja","og_description":"Consult the updated price list of the wide range of ceramic tiles and roofing systems from Tejas Borja.","og_url":"https:\/\/tejasborja.com\/en\/professional-area\/price-lists\/","og_site_name":"Tejas Borja","article_modified_time":"2026-02-03T16:23:58+00:00","twitter_card":"summary_large_image","schema":{"@context":"https:\/\/schema.org","@graph":[{"@type":"WebPage","@id":"https:\/\/tejasborja.com\/en\/professional-area\/price-lists\/","url":"https:\/\/tejasborja.com\/en\/professional-area\/price-lists\/","name":"Price list - Tejas Borja","isPartOf":{"@id":"https:\/\/tejasborja.com\/en\/#website"},"datePublished":"2024-06-13T05:32:01+00:00","dateModified":"2026-02-03T16:23:58+00:00","description":"Consult the updated price list of the wide range of ceramic tiles and roofing systems from Tejas Borja.","breadcrumb":{"@id":"https:\/\/tejasborja.com\/en\/professional-area\/price-lists\/#breadcrumb"},"inLanguage":"en-US","potentialAction":[{"@type":"ReadAction","target":["https:\/\/tejasborja.com\/en\/professional-area\/price-lists\/"]}]},{"@type":"BreadcrumbList","@id":"https:\/\/tejasborja.com\/en\/professional-area\/price-lists\/#breadcrumb","itemListElement":[{"@type":"ListItem","position":1,"name":"Portada","item":"https:\/\/tejasborja.com\/en\/"},{"@type":"ListItem","position":2,"name":"Professional Area","item":"https:\/\/tejasborja.com\/en\/professional-area\/"},{"@type":"ListItem","position":3,"name":"Price list"}]},{"@type":"WebSite","@id":"https:\/\/tejasborja.com\/en\/#website","url":"https:\/\/tejasborja.com\/en\/","name":"Tejas Borja","description":"TEJAS BORJA la gama m\u00e1s amplia de tejas cer\u00e1micas del mercado. Especialistas en tejas mixtas, tejas planas y tejas curvas tanto para rehabilitaci\u00f3n de cubiertas como para tejados de obra nueva. Una marca con m\u00e1s de 110 a\u00f1os de experiencia....","publisher":{"@id":"https:\/\/tejasborja.com\/en\/#organization"},"potentialAction":[{"@type":"SearchAction","target":{"@type":"EntryPoint","urlTemplate":"https:\/\/tejasborja.com\/en\/?s={search_term_string}"},"query-input":{"@type":"PropertyValueSpecification","valueRequired":true,"valueName":"search_term_string"}}],"inLanguage":"en-US"},{"@type":"Organization","@id":"https:\/\/tejasborja.com\/en\/#organization","name":"Tejas Borja","url":"https:\/\/tejasborja.com\/en\/","logo":{"@type":"ImageObject","inLanguage":"en-US","@id":"https:\/\/tejasborja.com\/en\/#\/schema\/logo\/image\/","url":"https:\/\/tejasborja.com\/wp-content\/uploads\/2025\/08\/Logo-Tejas-Borja-Blanco-1.png","contentUrl":"https:\/\/tejasborja.com\/wp-content\/uploads\/2025\/08\/Logo-Tejas-Borja-Blanco-1.png","width":150,"height":50,"caption":"Tejas Borja"},"image":{"@id":"https:\/\/tejasborja.com\/en\/#\/schema\/logo\/image\/"}}]}},"_links":{"self":[{"href":"https:\/\/tejasborja.com\/en\/wp-json\/wp\/v2\/pages\/45367","targetHints":{"allow":["GET"]}}],"collection":[{"href":"https:\/\/tejasborja.com\/en\/wp-json\/wp\/v2\/pages"}],"about":[{"href":"https:\/\/tejasborja.com\/en\/wp-json\/wp\/v2\/types\/page"}],"author":[{"embeddable":true,"href":"https:\/\/tejasborja.com\/en\/wp-json\/wp\/v2\/users\/4"}],"replies":[{"embeddable":true,"href":"https:\/\/tejasborja.com\/en\/wp-json\/wp\/v2\/comments?post=45367"}],"version-history":[{"count":0,"href":"https:\/\/tejasborja.com\/en\/wp-json\/wp\/v2\/pages\/45367\/revisions"}],"up":[{"embeddable":true,"href":"https:\/\/tejasborja.com\/en\/wp-json\/wp\/v2\/pages\/42565"}],"wp:attachment":[{"href":"https:\/\/tejasborja.com\/en\/wp-json\/wp\/v2\/media?parent=45367"}],"curies":[{"name":"wp","href":"https:\/\/api.w.org\/{rel}","templated":true}]}}