{"id":17856,"date":"2024-06-13T07:24:31","date_gmt":"2024-06-13T05:24:31","guid":{"rendered":"https:\/\/tejasborja.com\/tejas\/"},"modified":"2025-09-09T10:27:14","modified_gmt":"2025-09-09T08:27:14","slug":"tuiles","status":"publish","type":"page","link":"https:\/\/tejasborja.com\/fr\/tuiles\/","title":{"rendered":"Tuiles"},"content":{"rendered":"\n<div id=\"Header-block_97d99ccf71a342f34a93727bb0ff80b5\" class=\"v2 Header normal\" style=\"background-color: \">\n\n        <div class=\"d-none d-lg-block\">\n        <div class=\"container\">\n            <div class=\"row align-items-center\">\n                <div class=\"col-12 col-lg-7\">\n                    <div class=\"textos\">\n                                                    <div class=\"titulo\"><p class='text3XL'>Tuiles<\/p>\n<\/div>\n                                                    <div class=\"subtitulo textXL\"><p class=''>D\u00e9couvrez nos tuiles c\u00e9ramiques de la plus haute qualit\u00e9.<\/p>\n<\/div>\n                                                    <div class=\"texto\"><p>Notre s\u00e9lection de <strong>tuiles c\u00e9ramiques de haute qualit\u00e9<\/strong> est con\u00e7ue pour offrir <strong>durabilit\u00e9<\/strong>, <strong>esth\u00e9tique<\/strong> et <strong>performances exceptionnelles<\/strong> pour chaque projet.<\/p>\n<p>Des designs les plus classiques et traditionnels aux options les plus innovantes, <strong>nos tuiles combinent tradition et technologie<\/strong> pour s&rsquo;adapter \u00e0 tous les styles architecturaux, offrant une finition \u00e9l\u00e9gante et une fiabilit\u00e9 in\u00e9gal\u00e9e.<\/p>\n<\/div>\n                                            <\/div>\n                <\/div>\n                <div class=\"col-12 col-lg-5\">\n                                            <img decoding=\"async\" width=\"264\" height=\"265\" data-src=\"https:\/\/tejasborja.com\/wp-content\/uploads\/2024\/06\/image-10.webp\" class=\"imagen lazyload\" alt=\"\" data-srcset=\"https:\/\/tejasborja.com\/wp-content\/uploads\/2024\/06\/image-10.webp 264w, https:\/\/tejasborja.com\/wp-content\/uploads\/2024\/06\/image-10-150x150.webp 150w\" data-sizes=\"auto, (max-width: 264px) 100vw, 264px\" src=\"data:image\/svg+xml;base64,PHN2ZyB3aWR0aD0iMSIgaGVpZ2h0PSIxIiB4bWxucz0iaHR0cDovL3d3dy53My5vcmcvMjAwMC9zdmciPjwvc3ZnPg==\" style=\"--smush-placeholder-width: 264px; --smush-placeholder-aspect-ratio: 264\/265;\" \/>                                    <\/div>\n            <\/div>\n        <\/div>\n    <\/div>\n    <div class=\"d-block d-lg-none\">\n        <div class=\"container\">\n            <div class=\"row\">\n                <div class=\"col-12\">\n                    <div class=\"textos\">\n                                                    <div class=\"titulo\"><p class='text3XL'>Tuiles<\/p>\n<\/div>\n                                                    <div class=\"subtitulo textXL\"><p class=''>D\u00e9couvrez nos tuiles c\u00e9ramiques de la plus haute qualit\u00e9.<\/p>\n<\/div>\n                                                    <div class=\"texto\"><p>Notre s\u00e9lection de <strong>tuiles c\u00e9ramiques de haute qualit\u00e9<\/strong> est con\u00e7ue pour offrir <strong>durabilit\u00e9<\/strong>, <strong>esth\u00e9tique<\/strong> et <strong>performances exceptionnelles<\/strong> pour chaque projet.<\/p>\n<p>Des designs les plus classiques et traditionnels aux options les plus innovantes, <strong>nos tuiles combinent tradition et technologie<\/strong> pour s&rsquo;adapter \u00e0 tous les styles architecturaux, offrant une finition \u00e9l\u00e9gante et une fiabilit\u00e9 in\u00e9gal\u00e9e.<\/p>\n<\/div>\n                                            <\/div>\n                <\/div>\n            <\/div>\n        <\/div>\n    <\/div>\n\n\n    \n<\/div>\n\n\n\n<div id=\"DistributivaTarjetas-block_ae3670a5d9e0b0a7c1f0303e844265c8\" class=\"DistributivaTarjetas v1\" style=\"background-color: \">\n    <div class=\"container\">\n        <div class=\"row\">\n            <div class=\"col-12\">\n                <div class=\"tarjetasGrid\">\n                                                                    <a href=\"https:\/\/tejasborja.com\/fr\/tuiles\/tuiles-plates\/\">\n                            <div data-aos=\"fade-up\" class=\"tarjeta\">\n                                <div class=\"imagen\">\n                                                                        <div class=\"overflow-hidden\">\n                                        <img decoding=\"async\" width=\"410\" height=\"400\" data-src=\"https:\/\/tejasborja.com\/wp-content\/uploads\/2025\/08\/TEJAS-planas.jpg\" class=\"img-fluid lazyload\" alt=\"\" data-srcset=\"https:\/\/tejasborja.com\/wp-content\/uploads\/2025\/08\/TEJAS-planas.jpg 410w, https:\/\/tejasborja.com\/wp-content\/uploads\/2025\/08\/TEJAS-planas-300x293.jpg 300w\" data-sizes=\"auto, (max-width: 410px) 100vw, 410px\" src=\"data:image\/svg+xml;base64,PHN2ZyB3aWR0aD0iMSIgaGVpZ2h0PSIxIiB4bWxucz0iaHR0cDovL3d3dy53My5vcmcvMjAwMC9zdmciPjwvc3ZnPg==\" style=\"--smush-placeholder-width: 410px; --smush-placeholder-aspect-ratio: 410\/400;\" \/>                                    <\/div>\n                                                                        <div class=\"title textXL\"><p>Tuiles Plates<\/p>\n<\/div>\n                                    <div class=\"text\"><p>La plus grande tuile c\u00e9ramique du monde, les tuiles parfaitement plates et les tuiles marseillaises sont disponibles dans le catalogue de Tejas Borja.<\/p>\n<\/div>\n                                <\/div>\n                                <span class=\"underlineCta mt-0 mt-lg-4\" href=\"https:\/\/tejasborja.com\/fr\/tuiles\/tuiles-plates\/\">\n                                    Plus d&rsquo;informations                                    <img decoding=\"async\" alt=\"icon\" class=\"icon lazyload\" data-src=\"https:\/\/tejasborja.com\/wp-content\/themes\/tejasborja\/assets\/images\/right-chevron-primary.svg\" src=\"data:image\/svg+xml;base64,PHN2ZyB3aWR0aD0iMSIgaGVpZ2h0PSIxIiB4bWxucz0iaHR0cDovL3d3dy53My5vcmcvMjAwMC9zdmciPjwvc3ZnPg==\" \/>\n                                <\/span>\n                            <\/div>\n                        <\/a>\n                                                <a href=\"https:\/\/tejasborja.com\/fr\/tuiles\/tuiles-mecaniques\/\">\n                            <div data-aos=\"fade-up\" class=\"tarjeta\">\n                                <div class=\"imagen\">\n                                                                        <div class=\"overflow-hidden\">\n                                        <img decoding=\"async\" width=\"410\" height=\"400\" data-src=\"https:\/\/tejasborja.com\/wp-content\/uploads\/2025\/08\/TEJAS-mixtas.jpg\" class=\"img-fluid lazyload\" alt=\"\" data-srcset=\"https:\/\/tejasborja.com\/wp-content\/uploads\/2025\/08\/TEJAS-mixtas.jpg 410w, https:\/\/tejasborja.com\/wp-content\/uploads\/2025\/08\/TEJAS-mixtas-300x293.jpg 300w\" data-sizes=\"auto, (max-width: 410px) 100vw, 410px\" src=\"data:image\/svg+xml;base64,PHN2ZyB3aWR0aD0iMSIgaGVpZ2h0PSIxIiB4bWxucz0iaHR0cDovL3d3dy53My5vcmcvMjAwMC9zdmciPjwvc3ZnPg==\" style=\"--smush-placeholder-width: 410px; --smush-placeholder-aspect-ratio: 410\/400;\" \/>                                    <\/div>\n                                                                        <div class=\"title textXL\"><p>Tuiles M\u00e9caniques<\/p>\n<\/div>\n                                    <div class=\"text\"><p>Tuiles m\u00e9caniques ou tuile gran moule \u00e0 embo\u00eetement. En forme de profil\u00e9s courbes et plats, avec une grande vari\u00e9t\u00e9 de finitions et des performances d&rsquo;installation maximales.<\/p>\n<\/div>\n                                <\/div>\n                                <span class=\"underlineCta mt-0 mt-lg-4\" href=\"https:\/\/tejasborja.com\/fr\/tuiles\/tuiles-mecaniques\/\">\n                                    Plus d&rsquo;informations                                    <img decoding=\"async\" alt=\"icon\" class=\"icon lazyload\" data-src=\"https:\/\/tejasborja.com\/wp-content\/themes\/tejasborja\/assets\/images\/right-chevron-primary.svg\" src=\"data:image\/svg+xml;base64,PHN2ZyB3aWR0aD0iMSIgaGVpZ2h0PSIxIiB4bWxucz0iaHR0cDovL3d3dy53My5vcmcvMjAwMC9zdmciPjwvc3ZnPg==\" \/>\n                                <\/span>\n                            <\/div>\n                        <\/a>\n                                                <a href=\"https:\/\/tejasborja.com\/fr\/tuiles\/tuiles-canal\/\">\n                            <div data-aos=\"fade-up\" class=\"tarjeta\">\n                                <div class=\"imagen\">\n                                                                        <div class=\"overflow-hidden\">\n                                        <img decoding=\"async\" width=\"410\" height=\"400\" data-src=\"https:\/\/tejasborja.com\/wp-content\/uploads\/2025\/08\/TEJAS-curvas.jpg\" class=\"img-fluid lazyload\" alt=\"\" data-srcset=\"https:\/\/tejasborja.com\/wp-content\/uploads\/2025\/08\/TEJAS-curvas.jpg 410w, https:\/\/tejasborja.com\/wp-content\/uploads\/2025\/08\/TEJAS-curvas-300x293.jpg 300w\" data-sizes=\"auto, (max-width: 410px) 100vw, 410px\" src=\"data:image\/svg+xml;base64,PHN2ZyB3aWR0aD0iMSIgaGVpZ2h0PSIxIiB4bWxucz0iaHR0cDovL3d3dy53My5vcmcvMjAwMC9zdmciPjwvc3ZnPg==\" style=\"--smush-placeholder-width: 410px; --smush-placeholder-aspect-ratio: 410\/400;\" \/>                                    <\/div>\n                                                                        <div class=\"title textXL\"><p>Tuiles Canal<\/p>\n<\/div>\n                                    <div class=\"text\"><p>Les meilleurs tuiles c\u00e9ramiques canal du march\u00e9. Disponible en diff\u00e9rents formats, il s&rsquo;agit d&rsquo;un format classique de tuiles m\u00e9diterran\u00e9ennes qui ne se d\u00e9mode jamais. D\u00e9couvrez les tuiles canal de Tejas Borja !<\/p>\n<\/div>\n                                <\/div>\n                                <span class=\"underlineCta mt-0 mt-lg-4\" href=\"https:\/\/tejasborja.com\/fr\/tuiles\/tuiles-canal\/\">\n                                    Plus d&rsquo;informations                                    <img decoding=\"async\" alt=\"icon\" class=\"icon lazyload\" data-src=\"https:\/\/tejasborja.com\/wp-content\/themes\/tejasborja\/assets\/images\/right-chevron-primary.svg\" src=\"data:image\/svg+xml;base64,PHN2ZyB3aWR0aD0iMSIgaGVpZ2h0PSIxIiB4bWxucz0iaHR0cDovL3d3dy53My5vcmcvMjAwMC9zdmciPjwvc3ZnPg==\" \/>\n                                <\/span>\n                            <\/div>\n                        <\/a>\n                                                            <\/div>\n            <\/div>\n        <\/div>\n    <\/div>\n<\/div>\n\n\n\n<div id=\"ImagenTexto-block_c713d8a771bd4e07d91c5599a6b4d45a\" class=\"ImagenTexto\" style=\"background-color: #f5f5f5\">\n\n    <div data-aos=\"fade-up\" class=\"container\">\n        <div class=\"row align-items-center\">\n            <div class=\"imagen col-12 col-lg-5 pb-3 pb-lg-0  izquierda pe-lg-5\">\n                                                        <img decoding=\"async\" width=\"1785\" height=\"1773\" data-src=\"https:\/\/tejasborja.com\/wp-content\/uploads\/2024\/06\/99345aaaa692564e4c4030ad1e441f2e.webp\" class=\"imagen img-fluid normal lazyload\" alt=\"\" data-srcset=\"https:\/\/tejasborja.com\/wp-content\/uploads\/2024\/06\/99345aaaa692564e4c4030ad1e441f2e.webp 1785w, https:\/\/tejasborja.com\/wp-content\/uploads\/2024\/06\/99345aaaa692564e4c4030ad1e441f2e-300x298.webp 300w, https:\/\/tejasborja.com\/wp-content\/uploads\/2024\/06\/99345aaaa692564e4c4030ad1e441f2e-1024x1017.webp 1024w, https:\/\/tejasborja.com\/wp-content\/uploads\/2024\/06\/99345aaaa692564e4c4030ad1e441f2e-150x150.webp 150w, https:\/\/tejasborja.com\/wp-content\/uploads\/2024\/06\/99345aaaa692564e4c4030ad1e441f2e-768x763.webp 768w, https:\/\/tejasborja.com\/wp-content\/uploads\/2024\/06\/99345aaaa692564e4c4030ad1e441f2e-1536x1526.webp 1536w\" data-sizes=\"auto, (max-width: 1785px) 100vw, 1785px\" src=\"data:image\/svg+xml;base64,PHN2ZyB3aWR0aD0iMSIgaGVpZ2h0PSIxIiB4bWxucz0iaHR0cDovL3d3dy53My5vcmcvMjAwMC9zdmciPjwvc3ZnPg==\" style=\"--smush-placeholder-width: 1785px; --smush-placeholder-aspect-ratio: 1785\/1773;\" \/>                                                <\/div>\n            <div class=\"col-12 col-lg-7\">\n                <div class=\"textos\">\n                                        <div class=\"titulo\"><p class=''>BorjaJET<\/p>\n<\/div>\n                    <div class=\"subtitulo\"><p>Tuiles c\u00e9ramiques d\u00e9cor\u00e9es en InkJet<\/p>\n<\/div>\n                    <div class=\"texto\"><p>D\u00e9couvrez notre gamme innovante de <strong>tuiles c\u00e9ramiques<\/strong> avec <strong>BorjaJET<\/strong>, la technologie \u00e0 impression jet digital <strong>exclusive et unique de Tejas Borja<\/strong>. Nous fusionnons l&rsquo;esth\u00e9tique des mat\u00e9riaux naturels, tels que l&rsquo;ardoise, la pierre, le marbre, le bois, la rouille et bien d&rsquo;autres, avec les avantages techniques de la c\u00e9ramique.<br \/>\n<strong>Une r\u00e9volution qui red\u00e9finit la cr\u00e9ation de toitures<\/strong>, en offrant des produits uniques aux finitions vari\u00e9es et d&rsquo;une qualit\u00e9 sans pr\u00e9c\u00e9dent.<\/p>\n<\/div>\n                                            <a class=\"primaryCta\" href=\"https:\/\/tejasborja.com\/fr\/finitions\/ \" target=\"\">D\u00e9couvrez les finitions<\/a>\n                                    <\/div>\n            <\/div>\n        <\/div>\n    <\/div>\n\n<\/div>\n","protected":false},"excerpt":{"rendered":"","protected":false},"author":4,"featured_media":0,"parent":0,"menu_order":0,"comment_status":"closed","ping_status":"closed","template":"","meta":{"_acf_changed":false,"_eb_attr":"","footnotes":""},"class_list":["post-17856","page","type-page","status-publish","hentry"],"acf":[],"yoast_head":"<!-- This site is optimized with the Yoast SEO plugin v27.3 - https:\/\/yoast.com\/product\/yoast-seo-wordpress\/ -->\n<title>Tuiles - Tejas Borja<\/title>\n<meta name=\"robots\" content=\"index, follow, max-snippet:-1, max-image-preview:large, max-video-preview:-1\" \/>\n<link rel=\"canonical\" href=\"https:\/\/tejasborja.com\/fr\/tuiles\/\" \/>\n<meta property=\"og:locale\" content=\"fr_FR\" \/>\n<meta property=\"og:type\" content=\"article\" \/>\n<meta property=\"og:title\" content=\"Tuiles - Tejas Borja\" \/>\n<meta property=\"og:url\" content=\"https:\/\/tejasborja.com\/fr\/tuiles\/\" \/>\n<meta property=\"og:site_name\" content=\"Tejas Borja\" \/>\n<meta property=\"article:modified_time\" content=\"2025-09-09T08:27:14+00:00\" \/>\n<meta name=\"twitter:card\" content=\"summary_large_image\" \/>\n<script type=\"application\/ld+json\" class=\"yoast-schema-graph\">{\"@context\":\"https:\\\/\\\/schema.org\",\"@graph\":[{\"@type\":\"WebPage\",\"@id\":\"https:\\\/\\\/tejasborja.com\\\/fr\\\/tuiles\\\/\",\"url\":\"https:\\\/\\\/tejasborja.com\\\/fr\\\/tuiles\\\/\",\"name\":\"Tuiles - Tejas Borja\",\"isPartOf\":{\"@id\":\"https:\\\/\\\/tejasborja.com\\\/fr\\\/#website\"},\"datePublished\":\"2024-06-13T05:24:31+00:00\",\"dateModified\":\"2025-09-09T08:27:14+00:00\",\"breadcrumb\":{\"@id\":\"https:\\\/\\\/tejasborja.com\\\/fr\\\/tuiles\\\/#breadcrumb\"},\"inLanguage\":\"fr-FR\",\"potentialAction\":[{\"@type\":\"ReadAction\",\"target\":[\"https:\\\/\\\/tejasborja.com\\\/fr\\\/tuiles\\\/\"]}]},{\"@type\":\"BreadcrumbList\",\"@id\":\"https:\\\/\\\/tejasborja.com\\\/fr\\\/tuiles\\\/#breadcrumb\",\"itemListElement\":[{\"@type\":\"ListItem\",\"position\":1,\"name\":\"Portada\",\"item\":\"https:\\\/\\\/tejasborja.com\\\/fr\\\/\"},{\"@type\":\"ListItem\",\"position\":2,\"name\":\"Tuiles\"}]},{\"@type\":\"WebSite\",\"@id\":\"https:\\\/\\\/tejasborja.com\\\/fr\\\/#website\",\"url\":\"https:\\\/\\\/tejasborja.com\\\/fr\\\/\",\"name\":\"Tejas Borja\",\"description\":\"TEJAS BORJA la gama m\u00e1s amplia de tejas cer\u00e1micas del mercado. Especialistas en tejas mixtas, tejas planas y tejas curvas tanto para rehabilitaci\u00f3n de cubiertas como para tejados de obra nueva. Una marca con m\u00e1s de 110 a\u00f1os de experiencia....\",\"publisher\":{\"@id\":\"https:\\\/\\\/tejasborja.com\\\/fr\\\/#organization\"},\"potentialAction\":[{\"@type\":\"SearchAction\",\"target\":{\"@type\":\"EntryPoint\",\"urlTemplate\":\"https:\\\/\\\/tejasborja.com\\\/fr\\\/?s={search_term_string}\"},\"query-input\":{\"@type\":\"PropertyValueSpecification\",\"valueRequired\":true,\"valueName\":\"search_term_string\"}}],\"inLanguage\":\"fr-FR\"},{\"@type\":\"Organization\",\"@id\":\"https:\\\/\\\/tejasborja.com\\\/fr\\\/#organization\",\"name\":\"Tejas Borja\",\"url\":\"https:\\\/\\\/tejasborja.com\\\/fr\\\/\",\"logo\":{\"@type\":\"ImageObject\",\"inLanguage\":\"fr-FR\",\"@id\":\"https:\\\/\\\/tejasborja.com\\\/fr\\\/#\\\/schema\\\/logo\\\/image\\\/\",\"url\":\"https:\\\/\\\/tejasborja.com\\\/wp-content\\\/uploads\\\/2025\\\/08\\\/Logo-Tejas-Borja-Blanco-1.png\",\"contentUrl\":\"https:\\\/\\\/tejasborja.com\\\/wp-content\\\/uploads\\\/2025\\\/08\\\/Logo-Tejas-Borja-Blanco-1.png\",\"width\":150,\"height\":50,\"caption\":\"Tejas Borja\"},\"image\":{\"@id\":\"https:\\\/\\\/tejasborja.com\\\/fr\\\/#\\\/schema\\\/logo\\\/image\\\/\"}}]}<\/script>\n<!-- \/ Yoast SEO plugin. -->","yoast_head_json":{"title":"Tuiles - Tejas Borja","robots":{"index":"index","follow":"follow","max-snippet":"max-snippet:-1","max-image-preview":"max-image-preview:large","max-video-preview":"max-video-preview:-1"},"canonical":"https:\/\/tejasborja.com\/fr\/tuiles\/","og_locale":"fr_FR","og_type":"article","og_title":"Tuiles - Tejas Borja","og_url":"https:\/\/tejasborja.com\/fr\/tuiles\/","og_site_name":"Tejas Borja","article_modified_time":"2025-09-09T08:27:14+00:00","twitter_card":"summary_large_image","schema":{"@context":"https:\/\/schema.org","@graph":[{"@type":"WebPage","@id":"https:\/\/tejasborja.com\/fr\/tuiles\/","url":"https:\/\/tejasborja.com\/fr\/tuiles\/","name":"Tuiles - Tejas Borja","isPartOf":{"@id":"https:\/\/tejasborja.com\/fr\/#website"},"datePublished":"2024-06-13T05:24:31+00:00","dateModified":"2025-09-09T08:27:14+00:00","breadcrumb":{"@id":"https:\/\/tejasborja.com\/fr\/tuiles\/#breadcrumb"},"inLanguage":"fr-FR","potentialAction":[{"@type":"ReadAction","target":["https:\/\/tejasborja.com\/fr\/tuiles\/"]}]},{"@type":"BreadcrumbList","@id":"https:\/\/tejasborja.com\/fr\/tuiles\/#breadcrumb","itemListElement":[{"@type":"ListItem","position":1,"name":"Portada","item":"https:\/\/tejasborja.com\/fr\/"},{"@type":"ListItem","position":2,"name":"Tuiles"}]},{"@type":"WebSite","@id":"https:\/\/tejasborja.com\/fr\/#website","url":"https:\/\/tejasborja.com\/fr\/","name":"Tejas Borja","description":"TEJAS BORJA la gama m\u00e1s amplia de tejas cer\u00e1micas del mercado. Especialistas en tejas mixtas, tejas planas y tejas curvas tanto para rehabilitaci\u00f3n de cubiertas como para tejados de obra nueva. Una marca con m\u00e1s de 110 a\u00f1os de experiencia....","publisher":{"@id":"https:\/\/tejasborja.com\/fr\/#organization"},"potentialAction":[{"@type":"SearchAction","target":{"@type":"EntryPoint","urlTemplate":"https:\/\/tejasborja.com\/fr\/?s={search_term_string}"},"query-input":{"@type":"PropertyValueSpecification","valueRequired":true,"valueName":"search_term_string"}}],"inLanguage":"fr-FR"},{"@type":"Organization","@id":"https:\/\/tejasborja.com\/fr\/#organization","name":"Tejas Borja","url":"https:\/\/tejasborja.com\/fr\/","logo":{"@type":"ImageObject","inLanguage":"fr-FR","@id":"https:\/\/tejasborja.com\/fr\/#\/schema\/logo\/image\/","url":"https:\/\/tejasborja.com\/wp-content\/uploads\/2025\/08\/Logo-Tejas-Borja-Blanco-1.png","contentUrl":"https:\/\/tejasborja.com\/wp-content\/uploads\/2025\/08\/Logo-Tejas-Borja-Blanco-1.png","width":150,"height":50,"caption":"Tejas Borja"},"image":{"@id":"https:\/\/tejasborja.com\/fr\/#\/schema\/logo\/image\/"}}]}},"_links":{"self":[{"href":"https:\/\/tejasborja.com\/fr\/wp-json\/wp\/v2\/pages\/17856","targetHints":{"allow":["GET"]}}],"collection":[{"href":"https:\/\/tejasborja.com\/fr\/wp-json\/wp\/v2\/pages"}],"about":[{"href":"https:\/\/tejasborja.com\/fr\/wp-json\/wp\/v2\/types\/page"}],"author":[{"embeddable":true,"href":"https:\/\/tejasborja.com\/fr\/wp-json\/wp\/v2\/users\/4"}],"replies":[{"embeddable":true,"href":"https:\/\/tejasborja.com\/fr\/wp-json\/wp\/v2\/comments?post=17856"}],"version-history":[{"count":0,"href":"https:\/\/tejasborja.com\/fr\/wp-json\/wp\/v2\/pages\/17856\/revisions"}],"wp:attachment":[{"href":"https:\/\/tejasborja.com\/fr\/wp-json\/wp\/v2\/media?parent=17856"}],"curies":[{"name":"wp","href":"https:\/\/api.w.org\/{rel}","templated":true}]}}