{"id":17867,"date":"2024-06-13T07:25:10","date_gmt":"2024-06-13T05:25:10","guid":{"rendered":"https:\/\/tejasborja.com\/tejas\/tejas-solares\/"},"modified":"2025-09-01T12:41:13","modified_gmt":"2025-09-01T10:41:13","slug":"tuiles-solaires","status":"publish","type":"page","link":"https:\/\/tejasborja.com\/fr\/tuiles-solaires\/","title":{"rendered":"Tuiles Solaires"},"content":{"rendered":"\n<div id=\"Header-block_ff2f87b1cc211debe0926a00d88fd254\" class=\"v2 Header normal\" style=\"background-color: \">\n\n        <div class=\"d-none d-lg-block\">\n        <div class=\"container\">\n            <div class=\"row align-items-center\">\n                <div class=\"col-12 col-lg-7\">\n                    <div class=\"textos\">\n                                                    <div class=\"titulo\"><h1 class='text3XL'>Tuilles Solaires<\/h1>\n<\/div>\n                                                    <div class=\"subtitulo textXL\"><h2 class=''>Une source d&rsquo;\u00e9nergie in\u00e9puisable, \u00e9cologique et efficace int\u00e9gr\u00e9e au toiture.<\/h2>\n<\/div>\n                                                    <div class=\"texto\"><p><strong>Les tuiles solaires<\/strong> repr\u00e9sentent une solution innovante qui combine la fonctionnalit\u00e9 des toitures en g\u00e9n\u00e9ral avec la capacit\u00e9 de <strong>produire de l&rsquo;\u00e9nergie propre et renouvelable<\/strong>.<\/p>\n<p>Chez <strong>Tejas Borja<\/strong>, nous avons d\u00e9velopp\u00e9 une <strong>gamme de tuiles solaires<\/strong> qui s&rsquo;int\u00e8grent parfaitement aux toitures, permettant la collecte d&rsquo;\u00e9nergie photovolta\u00efque <strong>sans compromettre l&rsquo;esth\u00e9tique du b\u00e2timent<\/strong>.<\/p>\n<p>Opter pour les<strong> solutions solaires de Tejas Borja<\/strong>, c&rsquo;est s&rsquo;engager en faveur de la durabilit\u00e9 et des \u00e9conomies d&rsquo;\u00e9nergie. Elles contribuent \u00e0 r\u00e9duire l&#8217;empreinte carbone et la d\u00e9pendance \u00e0 l&rsquo;\u00e9gard des sources d&rsquo;\u00e9nergie conventionnelles, offrant ainsi une alternative \u00e9cologique et rentable pour l&rsquo;avenir.<\/p>\n<p>D\u00e9couvrez comment<strong> les tuiles solaires Tejas Borja<\/strong> peuvent transformer votre toiture en une source d&rsquo;\u00e9nergie propre et efficace, alliant tradition et innovation pour un monde plus durable.<\/p>\n<p><strong>Innovation et int\u00e9gration parfaite \u00e0 la toiture : les tuiles solaires Tejas Borja<\/strong><\/p>\n<\/div>\n                                            <\/div>\n                <\/div>\n                <div class=\"col-12 col-lg-5\">\n                                            <img decoding=\"async\" width=\"414\" height=\"246\" data-src=\"https:\/\/tejasborja.com\/wp-content\/uploads\/2024\/12\/HOME-section-solar.webp\" class=\"imagen lazyload\" alt=\"\" data-srcset=\"https:\/\/tejasborja.com\/wp-content\/uploads\/2024\/12\/HOME-section-solar.webp 414w, https:\/\/tejasborja.com\/wp-content\/uploads\/2024\/12\/HOME-section-solar-300x178.webp 300w\" data-sizes=\"auto, (max-width: 414px) 100vw, 414px\" src=\"data:image\/svg+xml;base64,PHN2ZyB3aWR0aD0iMSIgaGVpZ2h0PSIxIiB4bWxucz0iaHR0cDovL3d3dy53My5vcmcvMjAwMC9zdmciPjwvc3ZnPg==\" style=\"--smush-placeholder-width: 414px; --smush-placeholder-aspect-ratio: 414\/246;\" \/>                                    <\/div>\n            <\/div>\n        <\/div>\n    <\/div>\n    <div class=\"d-block d-lg-none\">\n        <div class=\"container\">\n            <div class=\"row\">\n                <div class=\"col-12\">\n                    <div class=\"textos\">\n                                                    <div class=\"titulo\"><h1 class='text3XL'>Tuilles Solaires<\/h1>\n<\/div>\n                                                    <div class=\"subtitulo textXL\"><h2 class=''>Une source d&rsquo;\u00e9nergie in\u00e9puisable, \u00e9cologique et efficace int\u00e9gr\u00e9e au toiture.<\/h2>\n<\/div>\n                                                    <div class=\"texto\"><p><strong>Les tuiles solaires<\/strong> repr\u00e9sentent une solution innovante qui combine la fonctionnalit\u00e9 des toitures en g\u00e9n\u00e9ral avec la capacit\u00e9 de <strong>produire de l&rsquo;\u00e9nergie propre et renouvelable<\/strong>.<\/p>\n<p>Chez <strong>Tejas Borja<\/strong>, nous avons d\u00e9velopp\u00e9 une <strong>gamme de tuiles solaires<\/strong> qui s&rsquo;int\u00e8grent parfaitement aux toitures, permettant la collecte d&rsquo;\u00e9nergie photovolta\u00efque <strong>sans compromettre l&rsquo;esth\u00e9tique du b\u00e2timent<\/strong>.<\/p>\n<p>Opter pour les<strong> solutions solaires de Tejas Borja<\/strong>, c&rsquo;est s&rsquo;engager en faveur de la durabilit\u00e9 et des \u00e9conomies d&rsquo;\u00e9nergie. Elles contribuent \u00e0 r\u00e9duire l&#8217;empreinte carbone et la d\u00e9pendance \u00e0 l&rsquo;\u00e9gard des sources d&rsquo;\u00e9nergie conventionnelles, offrant ainsi une alternative \u00e9cologique et rentable pour l&rsquo;avenir.<\/p>\n<p>D\u00e9couvrez comment<strong> les tuiles solaires Tejas Borja<\/strong> peuvent transformer votre toiture en une source d&rsquo;\u00e9nergie propre et efficace, alliant tradition et innovation pour un monde plus durable.<\/p>\n<p><strong>Innovation et int\u00e9gration parfaite \u00e0 la toiture : les tuiles solaires Tejas Borja<\/strong><\/p>\n<\/div>\n                                            <\/div>\n                <\/div>\n            <\/div>\n        <\/div>\n    <\/div>\n\n\n    \n<\/div>\n\n\n\n<div id=\"ListadoTejas-block_507222de897ec7b387187ed8ebca3095\" class=\"ListadoTejas\" style=\"background-color: \">\n    <div class=\"container\">\n        <div class=\"row\">\n            <div class=\"col-12\">\n                <div class=\"listadoGrid\">\n                                            <a style=\"text-decoration: none\" href=\"https:\/\/tejasborja.com\/fr\/solar\/solar-flat-5xl\/\">\n                            <div class=\"producto\">\n                                                                    <img decoding=\"async\" width=\"600\" height=\"500\" data-src=\"https:\/\/tejasborja.com\/wp-content\/uploads\/2024\/09\/TEJAS-FLAT5XL-SOLAR-0.webp\" class=\"image lazyload\" alt=\"SOLAR FLAT-5XL\" data-srcset=\"https:\/\/tejasborja.com\/wp-content\/uploads\/2024\/09\/TEJAS-FLAT5XL-SOLAR-0.webp 600w, https:\/\/tejasborja.com\/wp-content\/uploads\/2024\/09\/TEJAS-FLAT5XL-SOLAR-0-300x250.webp 300w\" data-sizes=\"auto, (max-width: 600px) 100vw, 600px\" src=\"data:image\/svg+xml;base64,PHN2ZyB3aWR0aD0iMSIgaGVpZ2h0PSIxIiB4bWxucz0iaHR0cDovL3d3dy53My5vcmcvMjAwMC9zdmciPjwvc3ZnPg==\" style=\"--smush-placeholder-width: 600px; --smush-placeholder-aspect-ratio: 600\/500;\" \/>                                                                <div class=\"contenido w-100\">\n                                    <div class=\"productTitle textLG\"><h2><span style=\"color: #d92830;\">SOLAR <\/span>FLAT-5XL<\/h2>\n<\/div>\n                                    <div class=\"productDesc\">La perfecta integraci\u00f3n se completa en la instalaci\u00f3n de la cubierta o fachada con las tejas FLAT-5XL y sus Piezas de terminaci\u00f3n.<\/div>\n                                    <div class=\"underlineCta\">\n                                        Plus d&rsquo;informations                                        <img decoding=\"async\" alt=\"icon\" class=\"icon lazyload\" data-src=\"https:\/\/tejasborja.com\/wp-content\/themes\/tejasborja\/assets\/images\/right-chevron-primary.svg\" src=\"data:image\/svg+xml;base64,PHN2ZyB3aWR0aD0iMSIgaGVpZ2h0PSIxIiB4bWxucz0iaHR0cDovL3d3dy53My5vcmcvMjAwMC9zdmciPjwvc3ZnPg==\" \/>\n                                    <\/div>\n                                <\/div>\n                            <\/div>\n                        <\/a>\n                                            <a style=\"text-decoration: none\" href=\"https:\/\/tejasborja.com\/fr\/solar\/solar-flat-10\/\">\n                            <div class=\"producto\">\n                                                                    <img decoding=\"async\" width=\"600\" height=\"500\" data-src=\"https:\/\/tejasborja.com\/wp-content\/uploads\/2024\/09\/TEJAS-FLAT10-SOLAR-0.webp\" class=\"image lazyload\" alt=\"SOLAR FLAT-10\" data-srcset=\"https:\/\/tejasborja.com\/wp-content\/uploads\/2024\/09\/TEJAS-FLAT10-SOLAR-0.webp 600w, https:\/\/tejasborja.com\/wp-content\/uploads\/2024\/09\/TEJAS-FLAT10-SOLAR-0-300x250.webp 300w\" data-sizes=\"auto, (max-width: 600px) 100vw, 600px\" src=\"data:image\/svg+xml;base64,PHN2ZyB3aWR0aD0iMSIgaGVpZ2h0PSIxIiB4bWxucz0iaHR0cDovL3d3dy53My5vcmcvMjAwMC9zdmciPjwvc3ZnPg==\" style=\"--smush-placeholder-width: 600px; --smush-placeholder-aspect-ratio: 600\/500;\" \/>                                                                <div class=\"contenido w-100\">\n                                    <div class=\"productTitle textLG\"><h2><span style=\"color: #d92830;\">SOLAR <\/span>FLAT-10<\/h2>\n<\/div>\n                                    <div class=\"productDesc\">La durabilidad y rendimiento a lo largo del tiempo est\u00e1n garantizados por la estructura del propio producto y el uso de panel glass-glass (doble capa de vidrio templado) que asegura un encapsulado estanco y duradero.<\/div>\n                                    <div class=\"underlineCta\">\n                                        Plus d&rsquo;informations                                        <img decoding=\"async\" alt=\"icon\" class=\"icon lazyload\" data-src=\"https:\/\/tejasborja.com\/wp-content\/themes\/tejasborja\/assets\/images\/right-chevron-primary.svg\" src=\"data:image\/svg+xml;base64,PHN2ZyB3aWR0aD0iMSIgaGVpZ2h0PSIxIiB4bWxucz0iaHR0cDovL3d3dy53My5vcmcvMjAwMC9zdmciPjwvc3ZnPg==\" \/>\n                                    <\/div>\n                                <\/div>\n                            <\/div>\n                        <\/a>\n                                            <a style=\"text-decoration: none\" href=\"https:\/\/tejasborja.com\/fr\/solar\/easy-roof-integration\/\">\n                            <div class=\"producto\">\n                                                                    <img decoding=\"async\" width=\"210\" height=\"177\" data-src=\"https:\/\/tejasborja.com\/wp-content\/uploads\/2025\/09\/ERI.webp\" class=\"image lazyload\" alt=\"Easy Roof Integration\" src=\"data:image\/svg+xml;base64,PHN2ZyB3aWR0aD0iMSIgaGVpZ2h0PSIxIiB4bWxucz0iaHR0cDovL3d3dy53My5vcmcvMjAwMC9zdmciPjwvc3ZnPg==\" style=\"--smush-placeholder-width: 210px; --smush-placeholder-aspect-ratio: 210\/177;\" \/>                                                                <div class=\"contenido w-100\">\n                                    <div class=\"productTitle textLG\">Easy Roof Integration<\/div>\n                                    <div class=\"productDesc\">Sistema de fijaci\u00f3n para integrar paneles fotovoltaicos en cubiertas inclinadas con cualquier tipo de teja cer\u00e1mica. <\/div>\n                                    <div class=\"underlineCta\">\n                                        Plus d&rsquo;informations                                        <img decoding=\"async\" alt=\"icon\" class=\"icon lazyload\" data-src=\"https:\/\/tejasborja.com\/wp-content\/themes\/tejasborja\/assets\/images\/right-chevron-primary.svg\" src=\"data:image\/svg+xml;base64,PHN2ZyB3aWR0aD0iMSIgaGVpZ2h0PSIxIiB4bWxucz0iaHR0cDovL3d3dy53My5vcmcvMjAwMC9zdmciPjwvc3ZnPg==\" \/>\n                                    <\/div>\n                                <\/div>\n                            <\/div>\n                        <\/a>\n                                    <\/div>\n            <\/div>\n        <\/div>\n    <\/div>\n<\/div>\n\n\n\n<figure class=\"wp-block-image size-full container my-5 pb-5\"><a href=\"https:\/\/tejasborja.com\/fr\/systeme\/eri\/\"><img decoding=\"async\" width=\"1085\" height=\"348\" data-src=\"https:\/\/tejasborja.com\/wp-content\/uploads\/2025\/01\/banner-eri-FR-1.gif\" alt=\"\" class=\"wp-image-47201 lazyload\" src=\"data:image\/svg+xml;base64,PHN2ZyB3aWR0aD0iMSIgaGVpZ2h0PSIxIiB4bWxucz0iaHR0cDovL3d3dy53My5vcmcvMjAwMC9zdmciPjwvc3ZnPg==\" style=\"--smush-placeholder-width: 1085px; --smush-placeholder-aspect-ratio: 1085\/348;\" \/><\/a><\/figure>\n\n\n<div id=\"FormularioHorario-block_73d5d94fc63c177da966b0a610e49e27\" class=\"FormularioHorario\" style=\"background-color: #f5f5f5\">\n\n    <div class=\"container\">\n        <div class=\"row\">\n            <div class=\"col-12 col-lg-5 mx-auto\">\n                <div class=\"titulo textXL\"><h3 class=''>Avez-vous besoin de conseils ?<\/h3>\n<\/div>\n                <div class=\"texto textBody\"><p>Nous vous conseillons sur les mat\u00e9riaux les plus appropri\u00e9s pour vos toitures et sur les possibilit\u00e9s infinies des produits Tejas Borja. Nous vous indiquons \u00e9galement quel est notre point de vente ou le showroom le plus proche, o\u00f9 vous pourrez b\u00e9n\u00e9ficier de l&rsquo;assistance personnelle d&rsquo;un personnel sp\u00e9cialis\u00e9.<\/p>\n<\/div>\n                            <\/div>\n            <div class=\"col-12 col-lg-7 mx-auto\">\n                <div class=\"titulo second textXL\"><\/div>\n                <div class=\"formularioCont novalidate\">\n                                            \n<div class=\"wpcf7 no-js\" id=\"wpcf7-f46275-o1\" lang=\"fr-FR\" dir=\"ltr\" data-wpcf7-id=\"46275\">\n<div class=\"screen-reader-response\"><p role=\"status\" aria-live=\"polite\" aria-atomic=\"true\"><\/p> <ul><\/ul><\/div>\n<form action=\"\/fr\/wp-json\/wp\/v2\/pages\/17867#wpcf7-f46275-o1\" method=\"post\" class=\"wpcf7-form init\" aria-label=\"Formulaire de contact\" novalidate=\"novalidate\" data-status=\"init\">\n<fieldset class=\"hidden-fields-container\"><input type=\"hidden\" name=\"_wpcf7\" value=\"46275\" \/><input type=\"hidden\" name=\"_wpcf7_version\" value=\"6.1.5\" \/><input type=\"hidden\" name=\"_wpcf7_locale\" value=\"fr_FR\" \/><input type=\"hidden\" name=\"_wpcf7_unit_tag\" value=\"wpcf7-f46275-o1\" \/><input type=\"hidden\" name=\"_wpcf7_container_post\" value=\"0\" \/><input type=\"hidden\" name=\"_wpcf7_posted_data_hash\" value=\"\" \/><input type=\"hidden\" name=\"_wpcf7cf_hidden_group_fields\" value=\"[]\" \/><input type=\"hidden\" name=\"_wpcf7cf_hidden_groups\" value=\"[]\" \/><input type=\"hidden\" name=\"_wpcf7cf_visible_groups\" value=\"[]\" \/><input type=\"hidden\" name=\"_wpcf7cf_repeaters\" value=\"[]\" \/><input type=\"hidden\" name=\"_wpcf7cf_steps\" value=\"{}\" \/><input type=\"hidden\" name=\"_wpcf7cf_options\" value=\"{&quot;form_id&quot;:46275,&quot;conditions&quot;:[],&quot;settings&quot;:{&quot;animation&quot;:&quot;yes&quot;,&quot;animation_intime&quot;:200,&quot;animation_outtime&quot;:200,&quot;conditions_ui&quot;:&quot;normal&quot;,&quot;notice_dismissed&quot;:false}}\" \/>\n<\/fieldset>\n<div class=\"row\">\n\t<div class=\"col-12 col-lg-6\">\n\t\t<p><label> Nom<br \/>\n<span class=\"wpcf7-form-control-wrap\" data-name=\"your-name\"><input size=\"40\" maxlength=\"400\" class=\"wpcf7-form-control wpcf7-text wpcf7-validates-as-required\" autocomplete=\"name\" aria-required=\"true\" aria-invalid=\"false\" value=\"\" type=\"text\" name=\"your-name\" \/><\/span> <\/label>\n\t\t<\/p>\n\t<\/div>\n\t<div class=\"col-12 col-lg-6\">\n\t\t<p><label> Nom de famille<br \/>\n<span class=\"wpcf7-form-control-wrap\" data-name=\"apellido\"><input size=\"40\" maxlength=\"400\" class=\"wpcf7-form-control wpcf7-text wpcf7-validates-as-required\" autocomplete=\"name\" aria-required=\"true\" aria-invalid=\"false\" value=\"\" type=\"text\" name=\"apellido\" \/><\/span> <\/label>\n\t\t<\/p>\n\t<\/div>\n\t<div class=\"col-12 col-lg-6\">\n\t\t<p><label> Code postal*<br \/>\n<span class=\"wpcf7-form-control-wrap\" data-name=\"codigo-postal\"><input class=\"wpcf7-form-control wpcf7-number wpcf7-validates-as-required wpcf7-validates-as-number\" aria-required=\"true\" aria-invalid=\"false\" placeholder=\"\u00c9cris ici\" value=\"\" type=\"number\" name=\"codigo-postal\" \/><\/span> <\/label>\n\t\t<\/p>\n\t<\/div>\n\t<div class=\"col-12\">\n\t\t<p><label> Email<br \/>\n<span class=\"wpcf7-form-control-wrap\" data-name=\"your-email\"><input size=\"40\" maxlength=\"400\" class=\"wpcf7-form-control wpcf7-email wpcf7-validates-as-required wpcf7-text wpcf7-validates-as-email\" autocomplete=\"email\" aria-required=\"true\" aria-invalid=\"false\" value=\"\" type=\"email\" name=\"your-email\" \/><\/span> <\/label>\n\t\t<\/p>\n\t<\/div>\n\t<div class=\"col-12\">\n\t\t<p><label> Message<br \/>\n<span class=\"wpcf7-form-control-wrap\" data-name=\"mensaje\"><textarea cols=\"40\" rows=\"10\" maxlength=\"2000\" class=\"wpcf7-form-control wpcf7-textarea\" aria-invalid=\"false\" name=\"mensaje\"><\/textarea><\/span> <\/label>\n\t\t<\/p>\n\t\t<p><span class=\"wpcf7-form-control-wrap\" data-name=\"aceptacion\"><span class=\"wpcf7-form-control wpcf7-acceptance\"><span class=\"wpcf7-list-item\"><label><input type=\"checkbox\" name=\"aceptacion\" value=\"1\" aria-invalid=\"false\" \/><span class=\"wpcf7-list-item-label\">J&rsquo;ai lu et accept\u00e9 la <a style=\"text-decoration: none;\" href=\"\/fr\/politique-de-confidentialite\/\">politique de confidentialit\u00e9<\/a> de l&rsquo;entreprise<\/span><\/label><\/span><\/span><\/span>\n\t\t<\/p>\n\t<div class=\"wpcf7-response-output\" aria-hidden=\"true\"><\/div>\n\t\t<div class=\"sentForm\">\n\t\t\t<p><input class=\"wpcf7-form-control wpcf7-submit has-spinner sentForm\" type=\"submit\" value=\"Envoyer\" \/>\n\t\t\t<\/p>\n\t\t<\/div>\n\t<\/div>\n<\/div>\n<\/form>\n<\/div>\n                                    <\/div>\n            <\/div>\n        <\/div>\n    <\/div>\n<\/div>\n","protected":false},"excerpt":{"rendered":"","protected":false},"author":4,"featured_media":0,"parent":0,"menu_order":0,"comment_status":"closed","ping_status":"closed","template":"","meta":{"_acf_changed":false,"_eb_attr":"","footnotes":""},"class_list":["post-17867","page","type-page","status-publish","hentry"],"acf":[],"yoast_head":"<!-- This site is optimized with the Yoast SEO plugin v27.3 - https:\/\/yoast.com\/product\/yoast-seo-wordpress\/ -->\n<title>Tuiles Solaires - Tejas Borja<\/title>\n<meta name=\"description\" content=\"Les tuiles solaires de Tejas Borja : \u00e9nergie propre et design int\u00e9gr\u00e9. Innovation et esth\u00e9tique pour des toits efficaces et durables. En savoir plus !\" \/>\n<meta name=\"robots\" content=\"index, follow, max-snippet:-1, max-image-preview:large, max-video-preview:-1\" \/>\n<link rel=\"canonical\" href=\"https:\/\/tejasborja.com\/fr\/tuiles-solaires\/\" \/>\n<meta property=\"og:locale\" content=\"fr_FR\" \/>\n<meta property=\"og:type\" content=\"article\" \/>\n<meta property=\"og:title\" content=\"Tuiles Solaires - Tejas Borja\" \/>\n<meta property=\"og:description\" content=\"Les tuiles solaires de Tejas Borja : \u00e9nergie propre et design int\u00e9gr\u00e9. Innovation et esth\u00e9tique pour des toits efficaces et durables. En savoir plus !\" \/>\n<meta property=\"og:url\" content=\"https:\/\/tejasborja.com\/fr\/tuiles-solaires\/\" \/>\n<meta property=\"og:site_name\" content=\"Tejas Borja\" \/>\n<meta property=\"article:modified_time\" content=\"2025-09-01T10:41:13+00:00\" \/>\n<meta property=\"og:image\" content=\"https:\/\/tejasborja.com\/wp-content\/uploads\/2025\/01\/banner-eri-FR-1.gif\" \/>\n<meta name=\"twitter:card\" content=\"summary_large_image\" \/>\n<script type=\"application\/ld+json\" class=\"yoast-schema-graph\">{\"@context\":\"https:\\\/\\\/schema.org\",\"@graph\":[{\"@type\":\"WebPage\",\"@id\":\"https:\\\/\\\/tejasborja.com\\\/fr\\\/tuiles-solaires\\\/\",\"url\":\"https:\\\/\\\/tejasborja.com\\\/fr\\\/tuiles-solaires\\\/\",\"name\":\"Tuiles Solaires - Tejas Borja\",\"isPartOf\":{\"@id\":\"https:\\\/\\\/tejasborja.com\\\/fr\\\/#website\"},\"primaryImageOfPage\":{\"@id\":\"https:\\\/\\\/tejasborja.com\\\/fr\\\/tuiles-solaires\\\/#primaryimage\"},\"image\":{\"@id\":\"https:\\\/\\\/tejasborja.com\\\/fr\\\/tuiles-solaires\\\/#primaryimage\"},\"thumbnailUrl\":\"https:\\\/\\\/tejasborja.com\\\/wp-content\\\/uploads\\\/2025\\\/01\\\/banner-eri-FR-1.gif\",\"datePublished\":\"2024-06-13T05:25:10+00:00\",\"dateModified\":\"2025-09-01T10:41:13+00:00\",\"description\":\"Les tuiles solaires de Tejas Borja : \u00e9nergie propre et design int\u00e9gr\u00e9. Innovation et esth\u00e9tique pour des toits efficaces et durables. En savoir plus !\",\"breadcrumb\":{\"@id\":\"https:\\\/\\\/tejasborja.com\\\/fr\\\/tuiles-solaires\\\/#breadcrumb\"},\"inLanguage\":\"fr-FR\",\"potentialAction\":[{\"@type\":\"ReadAction\",\"target\":[\"https:\\\/\\\/tejasborja.com\\\/fr\\\/tuiles-solaires\\\/\"]}]},{\"@type\":\"ImageObject\",\"inLanguage\":\"fr-FR\",\"@id\":\"https:\\\/\\\/tejasborja.com\\\/fr\\\/tuiles-solaires\\\/#primaryimage\",\"url\":\"https:\\\/\\\/tejasborja.com\\\/wp-content\\\/uploads\\\/2025\\\/01\\\/banner-eri-FR-1.gif\",\"contentUrl\":\"https:\\\/\\\/tejasborja.com\\\/wp-content\\\/uploads\\\/2025\\\/01\\\/banner-eri-FR-1.gif\"},{\"@type\":\"BreadcrumbList\",\"@id\":\"https:\\\/\\\/tejasborja.com\\\/fr\\\/tuiles-solaires\\\/#breadcrumb\",\"itemListElement\":[{\"@type\":\"ListItem\",\"position\":1,\"name\":\"Portada\",\"item\":\"https:\\\/\\\/tejasborja.com\\\/fr\\\/\"},{\"@type\":\"ListItem\",\"position\":2,\"name\":\"Tuiles Solaires\"}]},{\"@type\":\"WebSite\",\"@id\":\"https:\\\/\\\/tejasborja.com\\\/fr\\\/#website\",\"url\":\"https:\\\/\\\/tejasborja.com\\\/fr\\\/\",\"name\":\"Tejas Borja\",\"description\":\"TEJAS BORJA la gama m\u00e1s amplia de tejas cer\u00e1micas del mercado. Especialistas en tejas mixtas, tejas planas y tejas curvas tanto para rehabilitaci\u00f3n de cubiertas como para tejados de obra nueva. Una marca con m\u00e1s de 110 a\u00f1os de experiencia....\",\"publisher\":{\"@id\":\"https:\\\/\\\/tejasborja.com\\\/fr\\\/#organization\"},\"potentialAction\":[{\"@type\":\"SearchAction\",\"target\":{\"@type\":\"EntryPoint\",\"urlTemplate\":\"https:\\\/\\\/tejasborja.com\\\/fr\\\/?s={search_term_string}\"},\"query-input\":{\"@type\":\"PropertyValueSpecification\",\"valueRequired\":true,\"valueName\":\"search_term_string\"}}],\"inLanguage\":\"fr-FR\"},{\"@type\":\"Organization\",\"@id\":\"https:\\\/\\\/tejasborja.com\\\/fr\\\/#organization\",\"name\":\"Tejas Borja\",\"url\":\"https:\\\/\\\/tejasborja.com\\\/fr\\\/\",\"logo\":{\"@type\":\"ImageObject\",\"inLanguage\":\"fr-FR\",\"@id\":\"https:\\\/\\\/tejasborja.com\\\/fr\\\/#\\\/schema\\\/logo\\\/image\\\/\",\"url\":\"https:\\\/\\\/tejasborja.com\\\/wp-content\\\/uploads\\\/2025\\\/08\\\/Logo-Tejas-Borja-Blanco-1.png\",\"contentUrl\":\"https:\\\/\\\/tejasborja.com\\\/wp-content\\\/uploads\\\/2025\\\/08\\\/Logo-Tejas-Borja-Blanco-1.png\",\"width\":150,\"height\":50,\"caption\":\"Tejas Borja\"},\"image\":{\"@id\":\"https:\\\/\\\/tejasborja.com\\\/fr\\\/#\\\/schema\\\/logo\\\/image\\\/\"}}]}<\/script>\n<!-- \/ Yoast SEO plugin. -->","yoast_head_json":{"title":"Tuiles Solaires - Tejas Borja","description":"Les tuiles solaires de Tejas Borja : \u00e9nergie propre et design int\u00e9gr\u00e9. Innovation et esth\u00e9tique pour des toits efficaces et durables. En savoir plus !","robots":{"index":"index","follow":"follow","max-snippet":"max-snippet:-1","max-image-preview":"max-image-preview:large","max-video-preview":"max-video-preview:-1"},"canonical":"https:\/\/tejasborja.com\/fr\/tuiles-solaires\/","og_locale":"fr_FR","og_type":"article","og_title":"Tuiles Solaires - Tejas Borja","og_description":"Les tuiles solaires de Tejas Borja : \u00e9nergie propre et design int\u00e9gr\u00e9. Innovation et esth\u00e9tique pour des toits efficaces et durables. En savoir plus !","og_url":"https:\/\/tejasborja.com\/fr\/tuiles-solaires\/","og_site_name":"Tejas Borja","article_modified_time":"2025-09-01T10:41:13+00:00","og_image":[{"url":"https:\/\/tejasborja.com\/wp-content\/uploads\/2025\/01\/banner-eri-FR-1.gif","type":"","width":"","height":""}],"twitter_card":"summary_large_image","schema":{"@context":"https:\/\/schema.org","@graph":[{"@type":"WebPage","@id":"https:\/\/tejasborja.com\/fr\/tuiles-solaires\/","url":"https:\/\/tejasborja.com\/fr\/tuiles-solaires\/","name":"Tuiles Solaires - Tejas Borja","isPartOf":{"@id":"https:\/\/tejasborja.com\/fr\/#website"},"primaryImageOfPage":{"@id":"https:\/\/tejasborja.com\/fr\/tuiles-solaires\/#primaryimage"},"image":{"@id":"https:\/\/tejasborja.com\/fr\/tuiles-solaires\/#primaryimage"},"thumbnailUrl":"https:\/\/tejasborja.com\/wp-content\/uploads\/2025\/01\/banner-eri-FR-1.gif","datePublished":"2024-06-13T05:25:10+00:00","dateModified":"2025-09-01T10:41:13+00:00","description":"Les tuiles solaires de Tejas Borja : \u00e9nergie propre et design int\u00e9gr\u00e9. Innovation et esth\u00e9tique pour des toits efficaces et durables. En savoir plus !","breadcrumb":{"@id":"https:\/\/tejasborja.com\/fr\/tuiles-solaires\/#breadcrumb"},"inLanguage":"fr-FR","potentialAction":[{"@type":"ReadAction","target":["https:\/\/tejasborja.com\/fr\/tuiles-solaires\/"]}]},{"@type":"ImageObject","inLanguage":"fr-FR","@id":"https:\/\/tejasborja.com\/fr\/tuiles-solaires\/#primaryimage","url":"https:\/\/tejasborja.com\/wp-content\/uploads\/2025\/01\/banner-eri-FR-1.gif","contentUrl":"https:\/\/tejasborja.com\/wp-content\/uploads\/2025\/01\/banner-eri-FR-1.gif"},{"@type":"BreadcrumbList","@id":"https:\/\/tejasborja.com\/fr\/tuiles-solaires\/#breadcrumb","itemListElement":[{"@type":"ListItem","position":1,"name":"Portada","item":"https:\/\/tejasborja.com\/fr\/"},{"@type":"ListItem","position":2,"name":"Tuiles Solaires"}]},{"@type":"WebSite","@id":"https:\/\/tejasborja.com\/fr\/#website","url":"https:\/\/tejasborja.com\/fr\/","name":"Tejas Borja","description":"TEJAS BORJA la gama m\u00e1s amplia de tejas cer\u00e1micas del mercado. Especialistas en tejas mixtas, tejas planas y tejas curvas tanto para rehabilitaci\u00f3n de cubiertas como para tejados de obra nueva. Una marca con m\u00e1s de 110 a\u00f1os de experiencia....","publisher":{"@id":"https:\/\/tejasborja.com\/fr\/#organization"},"potentialAction":[{"@type":"SearchAction","target":{"@type":"EntryPoint","urlTemplate":"https:\/\/tejasborja.com\/fr\/?s={search_term_string}"},"query-input":{"@type":"PropertyValueSpecification","valueRequired":true,"valueName":"search_term_string"}}],"inLanguage":"fr-FR"},{"@type":"Organization","@id":"https:\/\/tejasborja.com\/fr\/#organization","name":"Tejas Borja","url":"https:\/\/tejasborja.com\/fr\/","logo":{"@type":"ImageObject","inLanguage":"fr-FR","@id":"https:\/\/tejasborja.com\/fr\/#\/schema\/logo\/image\/","url":"https:\/\/tejasborja.com\/wp-content\/uploads\/2025\/08\/Logo-Tejas-Borja-Blanco-1.png","contentUrl":"https:\/\/tejasborja.com\/wp-content\/uploads\/2025\/08\/Logo-Tejas-Borja-Blanco-1.png","width":150,"height":50,"caption":"Tejas Borja"},"image":{"@id":"https:\/\/tejasborja.com\/fr\/#\/schema\/logo\/image\/"}}]}},"_links":{"self":[{"href":"https:\/\/tejasborja.com\/fr\/wp-json\/wp\/v2\/pages\/17867","targetHints":{"allow":["GET"]}}],"collection":[{"href":"https:\/\/tejasborja.com\/fr\/wp-json\/wp\/v2\/pages"}],"about":[{"href":"https:\/\/tejasborja.com\/fr\/wp-json\/wp\/v2\/types\/page"}],"author":[{"embeddable":true,"href":"https:\/\/tejasborja.com\/fr\/wp-json\/wp\/v2\/users\/4"}],"replies":[{"embeddable":true,"href":"https:\/\/tejasborja.com\/fr\/wp-json\/wp\/v2\/comments?post=17867"}],"version-history":[{"count":0,"href":"https:\/\/tejasborja.com\/fr\/wp-json\/wp\/v2\/pages\/17867\/revisions"}],"wp:attachment":[{"href":"https:\/\/tejasborja.com\/fr\/wp-json\/wp\/v2\/media?parent=17867"}],"curies":[{"name":"wp","href":"https:\/\/api.w.org\/{rel}","templated":true}]}}