{"id":34856,"date":"2024-06-13T07:27:38","date_gmt":"2024-06-13T05:27:38","guid":{"rendered":"https:\/\/tejasborja.com\/sistemas\/"},"modified":"2025-09-09T10:35:06","modified_gmt":"2025-09-09T08:35:06","slug":"systemes","status":"publish","type":"page","link":"https:\/\/tejasborja.com\/fr\/systemes\/","title":{"rendered":"Syst\u00e8mes"},"content":{"rendered":"\n<div id=\"Header-block_1ae57537527fee7f712edc68c506b64e\" class=\"v2 Header normal\" style=\"background-color: \">\n\n        <div class=\"d-none d-lg-block\">\n        <div class=\"container\">\n            <div class=\"row align-items-center\">\n                <div class=\"col-12 col-lg-7\">\n                    <div class=\"textos\">\n                                                    <div class=\"titulo\"><h1 class='text3XL'>Syst\u00e8mes de toitures<\/h1>\n<\/div>\n                                                    <div class=\"texto\"><p>La r\u00e9volution technologique de Tejas Borja va au-del\u00e0 de la fabrication de tuiles c\u00e9ramiques. Notre d\u00e9partement technique a d\u00e9velopp\u00e9 des syst\u00e8mes d&rsquo;installation complets pour obtenir la plus grande durabilit\u00e9, efficacit\u00e9 et simplicit\u00e9 d&rsquo;installation pour la toiture.<\/p>\n<\/div>\n                                            <\/div>\n                <\/div>\n                <div class=\"col-12 col-lg-5\">\n                                    <\/div>\n            <\/div>\n        <\/div>\n    <\/div>\n    <div class=\"d-block d-lg-none\">\n        <div class=\"container\">\n            <div class=\"row\">\n                <div class=\"col-12\">\n                    <div class=\"textos\">\n                                                    <div class=\"titulo\"><h1 class='text3XL'>Syst\u00e8mes de toitures<\/h1>\n<\/div>\n                                                    <div class=\"texto\"><p>La r\u00e9volution technologique de Tejas Borja va au-del\u00e0 de la fabrication de tuiles c\u00e9ramiques. Notre d\u00e9partement technique a d\u00e9velopp\u00e9 des syst\u00e8mes d&rsquo;installation complets pour obtenir la plus grande durabilit\u00e9, efficacit\u00e9 et simplicit\u00e9 d&rsquo;installation pour la toiture.<\/p>\n<\/div>\n                                            <\/div>\n                <\/div>\n            <\/div>\n        <\/div>\n    <\/div>\n\n\n    \n<\/div>\n\n\n\n<div id=\"DistributivaTarjetas-block_1c4584cc99c35eca2a7cb7e86a58d518\" class=\"DistributivaTarjetas v1\" style=\"background-color: \">\n    <div class=\"container\">\n        <div class=\"row\">\n            <div class=\"col-12\">\n                <div class=\"tarjetasGrid\">\n                                                                    <a href=\"https:\/\/tejasborja.com\/fr\/systeme\/borjatherm\/\">\n                            <div data-aos=\"fade-up\" class=\"tarjeta\">\n                                <div class=\"imagen\">\n                                                                        <div class=\"overflow-hidden\">\n                                        <img decoding=\"async\" width=\"384\" height=\"330\" data-src=\"https:\/\/tejasborja.com\/wp-content\/uploads\/2025\/08\/SISTEMAS-borjatherm.jpg\" class=\"img-fluid lazyload\" alt=\"\" data-srcset=\"https:\/\/tejasborja.com\/wp-content\/uploads\/2025\/08\/SISTEMAS-borjatherm.jpg 384w, https:\/\/tejasborja.com\/wp-content\/uploads\/2025\/08\/SISTEMAS-borjatherm-300x258.jpg 300w\" data-sizes=\"auto, (max-width: 384px) 100vw, 384px\" src=\"data:image\/svg+xml;base64,PHN2ZyB3aWR0aD0iMSIgaGVpZ2h0PSIxIiB4bWxucz0iaHR0cDovL3d3dy53My5vcmcvMjAwMC9zdmciPjwvc3ZnPg==\" style=\"--smush-placeholder-width: 384px; --smush-placeholder-aspect-ratio: 384\/330;\" \/>                                    <\/div>\n                                                                        <div class=\"title textXL\"><p><span style=\"color: #d92830;\">Borja<\/span>THERM<\/p>\n<\/div>\n                                    <div class=\"text\"><p>Syst\u00e8me de panneaux pr\u00e9fabriqu\u00e9s \u00e0 tr\u00e8s faible transmission thermique et installation facile sur le chantier.<\/p>\n<p>Une solution technique compl\u00e8te pour l&rsquo;installation de toitures en tuiles l\u00e9g\u00e8res<br \/>\nUne solution technique compl\u00e8te pour l&rsquo;installation de toits en tuiles l\u00e9g\u00e8res avec la plus grande efficacit\u00e9 \u00e9nerg\u00e9tique. Il s&rsquo;adapte aux travaux de r\u00e9novation et aux nouveaux projets de construction, r\u00e9duisant consid\u00e9rablement le temps et les co\u00fbts d&rsquo;installation.<\/p>\n<\/div>\n                                <\/div>\n                                <span class=\"underlineCta mt-0 mt-lg-4\" href=\"https:\/\/tejasborja.com\/fr\/systeme\/borjatherm\/\">\n                                    Plus d&rsquo;informations                                    <img decoding=\"async\" alt=\"icon\" class=\"icon lazyload\" data-src=\"https:\/\/tejasborja.com\/wp-content\/themes\/tejasborja\/assets\/images\/right-chevron-primary.svg\" src=\"data:image\/svg+xml;base64,PHN2ZyB3aWR0aD0iMSIgaGVpZ2h0PSIxIiB4bWxucz0iaHR0cDovL3d3dy53My5vcmcvMjAwMC9zdmciPjwvc3ZnPg==\" \/>\n                                <\/span>\n                            <\/div>\n                        <\/a>\n                                                <a href=\"https:\/\/tejasborja.com\/fr\/systeme\/borjasat\/\">\n                            <div data-aos=\"fade-up\" class=\"tarjeta\">\n                                <div class=\"imagen\">\n                                                                        <div class=\"overflow-hidden\">\n                                        <img decoding=\"async\" width=\"384\" height=\"330\" data-src=\"https:\/\/tejasborja.com\/wp-content\/uploads\/2025\/08\/SISTEMAS-borjasat.jpg\" class=\"img-fluid lazyload\" alt=\"\" data-srcset=\"https:\/\/tejasborja.com\/wp-content\/uploads\/2025\/08\/SISTEMAS-borjasat.jpg 384w, https:\/\/tejasborja.com\/wp-content\/uploads\/2025\/08\/SISTEMAS-borjasat-300x258.jpg 300w\" data-sizes=\"auto, (max-width: 384px) 100vw, 384px\" src=\"data:image\/svg+xml;base64,PHN2ZyB3aWR0aD0iMSIgaGVpZ2h0PSIxIiB4bWxucz0iaHR0cDovL3d3dy53My5vcmcvMjAwMC9zdmciPjwvc3ZnPg==\" style=\"--smush-placeholder-width: 384px; --smush-placeholder-aspect-ratio: 384\/330;\" \/>                                    <\/div>\n                                                                        <div class=\"title textXL\"><p><span style=\"color: #d92830;\">Borja<\/span>SAT<\/p>\n<\/div>\n                                    <div class=\"text\"><p>Syst\u00e8me technique certifi\u00e9 pour l&rsquo;installation de toitures en tuiles c\u00e9ramiques sur un support continu, formant une couche uniforme d&rsquo;isolation thermique \u00e0 l&rsquo;ext\u00e9rieur et sans ponts thermiques. Il est compos\u00e9 de panneaux moul\u00e9s en EPS Neopor, avec deux pureau utiles possibles en fonction de la position dans laquelle ils sont install\u00e9s, sur lesquels sont dispos\u00e9s de mani\u00e8re simple et intuitive les profil\u00e9s m\u00e9talliques pour la fixation de la tuile.<\/p>\n<\/div>\n                                <\/div>\n                                <span class=\"underlineCta mt-0 mt-lg-4\" href=\"https:\/\/tejasborja.com\/fr\/systeme\/borjasat\/\">\n                                    Plus d&rsquo;informations                                    <img decoding=\"async\" alt=\"icon\" class=\"icon lazyload\" data-src=\"https:\/\/tejasborja.com\/wp-content\/themes\/tejasborja\/assets\/images\/right-chevron-primary.svg\" src=\"data:image\/svg+xml;base64,PHN2ZyB3aWR0aD0iMSIgaGVpZ2h0PSIxIiB4bWxucz0iaHR0cDovL3d3dy53My5vcmcvMjAwMC9zdmciPjwvc3ZnPg==\" \/>\n                                <\/span>\n                            <\/div>\n                        <\/a>\n                                                <a href=\"https:\/\/tejasborja.com\/fr\/systeme\/borjasystem\/\">\n                            <div data-aos=\"fade-up\" class=\"tarjeta\">\n                                <div class=\"imagen\">\n                                                                        <div class=\"overflow-hidden\">\n                                        <img decoding=\"async\" width=\"384\" height=\"330\" data-src=\"https:\/\/tejasborja.com\/wp-content\/uploads\/2025\/08\/SISTEMAS-borjasystem.jpg\" class=\"img-fluid lazyload\" alt=\"\" data-srcset=\"https:\/\/tejasborja.com\/wp-content\/uploads\/2025\/08\/SISTEMAS-borjasystem.jpg 384w, https:\/\/tejasborja.com\/wp-content\/uploads\/2025\/08\/SISTEMAS-borjasystem-300x258.jpg 300w\" data-sizes=\"auto, (max-width: 384px) 100vw, 384px\" src=\"data:image\/svg+xml;base64,PHN2ZyB3aWR0aD0iMSIgaGVpZ2h0PSIxIiB4bWxucz0iaHR0cDovL3d3dy53My5vcmcvMjAwMC9zdmciPjwvc3ZnPg==\" style=\"--smush-placeholder-width: 384px; --smush-placeholder-aspect-ratio: 384\/330;\" \/>                                    <\/div>\n                                                                        <div class=\"title textXL\"><p><span style=\"color: #d92830;\">Borja<\/span>SYSTEM<\/p>\n<\/div>\n                                    <div class=\"text\"><p>Assemblage traditionnel de toiture ventil\u00e9e avec double liteaux, qui peut \u00eatre r\u00e9alis\u00e9 avec des liteaux en bois trait\u00e9 ou des profil\u00e9s en acier galvanis\u00e9. L&rsquo;utilisation de tous les composants pour la ventilation, l&rsquo;\u00e9tanch\u00e9it\u00e9 et la fixation \u00e0 sec des pi\u00e8ces garantit une toiture durable et efficace.<\/p>\n<\/div>\n                                <\/div>\n                                <span class=\"underlineCta mt-0 mt-lg-4\" href=\"https:\/\/tejasborja.com\/fr\/systeme\/borjasystem\/\">\n                                    Plus d&rsquo;informations                                    <img decoding=\"async\" alt=\"icon\" class=\"icon lazyload\" data-src=\"https:\/\/tejasborja.com\/wp-content\/themes\/tejasborja\/assets\/images\/right-chevron-primary.svg\" src=\"data:image\/svg+xml;base64,PHN2ZyB3aWR0aD0iMSIgaGVpZ2h0PSIxIiB4bWxucz0iaHR0cDovL3d3dy53My5vcmcvMjAwMC9zdmciPjwvc3ZnPg==\" \/>\n                                <\/span>\n                            <\/div>\n                        <\/a>\n                                                            <\/div>\n            <\/div>\n        <\/div>\n    <\/div>\n<\/div>\n\n\n\n<div id=\"CtaConsulta-block_107956d361ccd19821fbda92a1e650b8\" class=\"v4 CtaConsulta\" style=\"background-color: #f2f2f2\">\n            <div class=\"container\">\n            <div class=\"row mb-lg-4\">\n                <div class=\"col-12 col-lg-8\">\n                    <div class=\"titulo\"><h2 class=''>Trouvez le compl\u00e9ment parfait<\/h2>\n<\/div>\n                    <div class=\"texto\"><p>D\u00e9couvrez notre s\u00e9lection de pi\u00e8ces de finition, con\u00e7ues pour garantir la durabilit\u00e9, l&rsquo;esth\u00e9tique et la fonctionnalit\u00e9 de vos toitures. Des fa\u00eeti\u00e8res aux finitions lat\u00e9rales, nos solutions s&rsquo;adaptent aux besoins sp\u00e9cifiques de chaque projet.<\/p>\n<\/div>\n                <\/div>\n            <\/div>\n            <div class=\"row\">\n                        <\/div>\n    \n<\/div>\n\n\n\n<div id=\"DistributivaTarjetas-block_36d04b9e8d70c88ac9d1328d2316eb6c\" class=\"DistributivaTarjetas v2\" style=\"background-color: \">\n    <div class=\"container\">\n        <div class=\"row\">\n            <div class=\"col-12\">\n                <div class=\"tarjetasGrid\">\n                                                                    <a href=\"https:\/\/tejasborja.com\/fr\/composants\/impermeabilisation\/\">\n                            <div data-aos=\"fade-up\" class=\"tarjeta\">\n                                <div class=\"imagen\">\n                                                                        <div class=\"overflow-hidden\">\n                                        <img decoding=\"async\" width=\"592\" height=\"400\" data-src=\"https:\/\/tejasborja.com\/wp-content\/uploads\/2024\/10\/COMPLEMENTOS-imper-thumb.webp\" class=\"img-fluid lazyload\" alt=\"\" data-srcset=\"https:\/\/tejasborja.com\/wp-content\/uploads\/2024\/10\/COMPLEMENTOS-imper-thumb.webp 592w, https:\/\/tejasborja.com\/wp-content\/uploads\/2024\/10\/COMPLEMENTOS-imper-thumb-300x203.webp 300w\" data-sizes=\"auto, (max-width: 592px) 100vw, 592px\" src=\"data:image\/svg+xml;base64,PHN2ZyB3aWR0aD0iMSIgaGVpZ2h0PSIxIiB4bWxucz0iaHR0cDovL3d3dy53My5vcmcvMjAwMC9zdmciPjwvc3ZnPg==\" style=\"--smush-placeholder-width: 592px; --smush-placeholder-aspect-ratio: 592\/400;\" \/>                                    <\/div>\n                                                                        <div class=\"title textXL\"><h2>Imperm\u00e9abilisation<\/h2>\n<\/div>\n                                    <div class=\"text\"><p>D\u00e9couvrez notre gamme de compl\u00e9ments pour l&rsquo;\u00e9tanch\u00e9it\u00e9 des toitures, mettant en avant l&rsquo;efficacit\u00e9 du syst\u00e8me de panneaux isolants BORJATHERM. Nous proposons des panneaux bitumineux, des ecrans respirantes, des noue m\u00e9talliques et bien plus encore.<\/p>\n<\/div>\n                                <\/div>\n                                <span class=\"underlineCta mt-0 mt-lg-4\" href=\"https:\/\/tejasborja.com\/fr\/composants\/impermeabilisation\/\">\n                                    Plus d&rsquo;informations                                    <img decoding=\"async\" alt=\"icon\" class=\"icon lazyload\" data-src=\"https:\/\/tejasborja.com\/wp-content\/themes\/tejasborja\/assets\/images\/right-chevron-primary.svg\" src=\"data:image\/svg+xml;base64,PHN2ZyB3aWR0aD0iMSIgaGVpZ2h0PSIxIiB4bWxucz0iaHR0cDovL3d3dy53My5vcmcvMjAwMC9zdmciPjwvc3ZnPg==\" \/>\n                                <\/span>\n                            <\/div>\n                        <\/a>\n                                                <a href=\"https:\/\/tejasborja.com\/fr\/composants\/ventilation\/\">\n                            <div data-aos=\"fade-up\" class=\"tarjeta\">\n                                <div class=\"imagen\">\n                                                                        <div class=\"overflow-hidden\">\n                                        <img decoding=\"async\" width=\"592\" height=\"400\" data-src=\"https:\/\/tejasborja.com\/wp-content\/uploads\/2024\/10\/COMPLEMENTOS-vent-thumb.webp\" class=\"img-fluid lazyload\" alt=\"\" data-srcset=\"https:\/\/tejasborja.com\/wp-content\/uploads\/2024\/10\/COMPLEMENTOS-vent-thumb.webp 592w, https:\/\/tejasborja.com\/wp-content\/uploads\/2024\/10\/COMPLEMENTOS-vent-thumb-300x203.webp 300w\" data-sizes=\"auto, (max-width: 592px) 100vw, 592px\" src=\"data:image\/svg+xml;base64,PHN2ZyB3aWR0aD0iMSIgaGVpZ2h0PSIxIiB4bWxucz0iaHR0cDovL3d3dy53My5vcmcvMjAwMC9zdmciPjwvc3ZnPg==\" style=\"--smush-placeholder-width: 592px; --smush-placeholder-aspect-ratio: 592\/400;\" \/>                                    <\/div>\n                                                                        <div class=\"title textXL\"><h2>Ventilation<\/h2>\n<\/div>\n                                    <div class=\"text\"><p>Am\u00e9liorez la circulation de l&rsquo;air sous la toitre gr\u00e2ce \u00e0 notre gamme de composants de toiture. Vous trouverez des produits pour la ventilation de l&rsquo;\u00e9g\u00f4ut et du fa\u00eetage, garantissant une toiture bien ventil\u00e9e et prot\u00e9g\u00e9e.<\/p>\n<\/div>\n                                <\/div>\n                                <span class=\"underlineCta mt-0 mt-lg-4\" href=\"https:\/\/tejasborja.com\/fr\/composants\/ventilation\/\">\n                                    Plus d&rsquo;informations                                    <img decoding=\"async\" alt=\"icon\" class=\"icon lazyload\" data-src=\"https:\/\/tejasborja.com\/wp-content\/themes\/tejasborja\/assets\/images\/right-chevron-primary.svg\" src=\"data:image\/svg+xml;base64,PHN2ZyB3aWR0aD0iMSIgaGVpZ2h0PSIxIiB4bWxucz0iaHR0cDovL3d3dy53My5vcmcvMjAwMC9zdmciPjwvc3ZnPg==\" \/>\n                                <\/span>\n                            <\/div>\n                        <\/a>\n                                                <a href=\"https:\/\/tejasborja.com\/fr\/composants\/fixation\/\">\n                            <div data-aos=\"fade-up\" class=\"tarjeta\">\n                                <div class=\"imagen\">\n                                                                        <div class=\"overflow-hidden\">\n                                        <img decoding=\"async\" width=\"592\" height=\"400\" data-src=\"https:\/\/tejasborja.com\/wp-content\/uploads\/2024\/10\/COMPLEMENTOS-fijacion-thumb.webp\" class=\"img-fluid lazyload\" alt=\"\" data-srcset=\"https:\/\/tejasborja.com\/wp-content\/uploads\/2024\/10\/COMPLEMENTOS-fijacion-thumb.webp 592w, https:\/\/tejasborja.com\/wp-content\/uploads\/2024\/10\/COMPLEMENTOS-fijacion-thumb-300x203.webp 300w\" data-sizes=\"auto, (max-width: 592px) 100vw, 592px\" src=\"data:image\/svg+xml;base64,PHN2ZyB3aWR0aD0iMSIgaGVpZ2h0PSIxIiB4bWxucz0iaHR0cDovL3d3dy53My5vcmcvMjAwMC9zdmciPjwvc3ZnPg==\" style=\"--smush-placeholder-width: 592px; --smush-placeholder-aspect-ratio: 592\/400;\" \/>                                    <\/div>\n                                                                        <div class=\"title textXL\"><h2>Fixation<\/h2>\n<\/div>\n                                    <div class=\"text\"><p>D\u00e9couvrez notre large gamme de liteaux, crochets et supports pour une installation \u00e0 sec s\u00fbre et durable. La fixation m\u00e9canique garantit la stabilit\u00e9 et la fiabilit\u00e9 de chaque partie de la toiture.<\/p>\n<\/div>\n                                <\/div>\n                                <span class=\"underlineCta mt-0 mt-lg-4\" href=\"https:\/\/tejasborja.com\/fr\/composants\/fixation\/\">\n                                    Plus d&rsquo;informations                                    <img decoding=\"async\" alt=\"icon\" class=\"icon lazyload\" data-src=\"https:\/\/tejasborja.com\/wp-content\/themes\/tejasborja\/assets\/images\/right-chevron-primary.svg\" src=\"data:image\/svg+xml;base64,PHN2ZyB3aWR0aD0iMSIgaGVpZ2h0PSIxIiB4bWxucz0iaHR0cDovL3d3dy53My5vcmcvMjAwMC9zdmciPjwvc3ZnPg==\" \/>\n                                <\/span>\n                            <\/div>\n                        <\/a>\n                                                <a href=\"https:\/\/tejasborja.com\/fr\/composants\/eclairage\/\">\n                            <div data-aos=\"fade-up\" class=\"tarjeta\">\n                                <div class=\"imagen\">\n                                                                        <div class=\"overflow-hidden\">\n                                        <img decoding=\"async\" width=\"592\" height=\"400\" data-src=\"https:\/\/tejasborja.com\/wp-content\/uploads\/2024\/10\/COMPLEMENTOS-iluminacion-thumb.webp\" class=\"img-fluid lazyload\" alt=\"\" data-srcset=\"https:\/\/tejasborja.com\/wp-content\/uploads\/2024\/10\/COMPLEMENTOS-iluminacion-thumb.webp 592w, https:\/\/tejasborja.com\/wp-content\/uploads\/2024\/10\/COMPLEMENTOS-iluminacion-thumb-300x203.webp 300w\" data-sizes=\"auto, (max-width: 592px) 100vw, 592px\" src=\"data:image\/svg+xml;base64,PHN2ZyB3aWR0aD0iMSIgaGVpZ2h0PSIxIiB4bWxucz0iaHR0cDovL3d3dy53My5vcmcvMjAwMC9zdmciPjwvc3ZnPg==\" style=\"--smush-placeholder-width: 592px; --smush-placeholder-aspect-ratio: 592\/400;\" \/>                                    <\/div>\n                                                                        <div class=\"title textXL\"><h2>\u00c9clairage<\/h2>\n<\/div>\n                                    <div class=\"text\"><p>Pour les projets dont l&rsquo;objectif est de profiter de la lumi\u00e8re qui tombe sur le toit, nous disposons de deux mod\u00e8les de tuiles en verre qui permettent d&rsquo;\u00e9clairer la pi\u00e8ce situ\u00e9e sous le toiture.<\/p>\n<\/div>\n                                <\/div>\n                                <span class=\"underlineCta mt-0 mt-lg-4\" href=\"https:\/\/tejasborja.com\/fr\/composants\/eclairage\/\">\n                                    Plus d&rsquo;informations                                    <img decoding=\"async\" alt=\"icon\" class=\"icon lazyload\" data-src=\"https:\/\/tejasborja.com\/wp-content\/themes\/tejasborja\/assets\/images\/right-chevron-primary.svg\" src=\"data:image\/svg+xml;base64,PHN2ZyB3aWR0aD0iMSIgaGVpZ2h0PSIxIiB4bWxucz0iaHR0cDovL3d3dy53My5vcmcvMjAwMC9zdmciPjwvc3ZnPg==\" \/>\n                                <\/span>\n                            <\/div>\n                        <\/a>\n                                                            <\/div>\n            <\/div>\n        <\/div>\n    <\/div>\n<\/div>\n","protected":false},"excerpt":{"rendered":"","protected":false},"author":4,"featured_media":0,"parent":0,"menu_order":0,"comment_status":"closed","ping_status":"closed","template":"","meta":{"_acf_changed":false,"_eb_attr":"","footnotes":""},"class_list":["post-34856","page","type-page","status-publish","hentry"],"acf":[],"yoast_head":"<!-- This site is optimized with the Yoast SEO plugin v27.1.1 - https:\/\/yoast.com\/product\/yoast-seo-wordpress\/ -->\n<title>Syst\u00e8mes - Tejas Borja<\/title>\n<meta name=\"robots\" content=\"index, follow, max-snippet:-1, max-image-preview:large, max-video-preview:-1\" \/>\n<link rel=\"canonical\" href=\"https:\/\/tejasborja.com\/fr\/systemes\/\" \/>\n<meta property=\"og:locale\" content=\"fr_FR\" \/>\n<meta property=\"og:type\" content=\"article\" \/>\n<meta property=\"og:title\" content=\"Syst\u00e8mes - Tejas Borja\" \/>\n<meta property=\"og:url\" content=\"https:\/\/tejasborja.com\/fr\/systemes\/\" \/>\n<meta property=\"og:site_name\" content=\"Tejas Borja\" \/>\n<meta property=\"article:modified_time\" content=\"2025-09-09T08:35:06+00:00\" \/>\n<meta name=\"twitter:card\" content=\"summary_large_image\" \/>\n<script type=\"application\/ld+json\" class=\"yoast-schema-graph\">{\"@context\":\"https:\/\/schema.org\",\"@graph\":[{\"@type\":\"WebPage\",\"@id\":\"https:\/\/tejasborja.com\/fr\/systemes\/\",\"url\":\"https:\/\/tejasborja.com\/fr\/systemes\/\",\"name\":\"Syst\u00e8mes - Tejas Borja\",\"isPartOf\":{\"@id\":\"https:\/\/tejasborja.com\/fr\/#website\"},\"datePublished\":\"2024-06-13T05:27:38+00:00\",\"dateModified\":\"2025-09-09T08:35:06+00:00\",\"breadcrumb\":{\"@id\":\"https:\/\/tejasborja.com\/fr\/systemes\/#breadcrumb\"},\"inLanguage\":\"fr-FR\",\"potentialAction\":[{\"@type\":\"ReadAction\",\"target\":[\"https:\/\/tejasborja.com\/fr\/systemes\/\"]}]},{\"@type\":\"BreadcrumbList\",\"@id\":\"https:\/\/tejasborja.com\/fr\/systemes\/#breadcrumb\",\"itemListElement\":[{\"@type\":\"ListItem\",\"position\":1,\"name\":\"Portada\",\"item\":\"https:\/\/tejasborja.com\/fr\/\"},{\"@type\":\"ListItem\",\"position\":2,\"name\":\"Syst\u00e8mes\"}]},{\"@type\":\"WebSite\",\"@id\":\"https:\/\/tejasborja.com\/fr\/#website\",\"url\":\"https:\/\/tejasborja.com\/fr\/\",\"name\":\"Tejas Borja\",\"description\":\"TEJAS BORJA la gama m\u00e1s amplia de tejas cer\u00e1micas del mercado. Especialistas en tejas mixtas, tejas planas y tejas curvas tanto para rehabilitaci\u00f3n de cubiertas como para tejados de obra nueva. Una marca con m\u00e1s de 110 a\u00f1os de experiencia....\",\"publisher\":{\"@id\":\"https:\/\/tejasborja.com\/fr\/#organization\"},\"potentialAction\":[{\"@type\":\"SearchAction\",\"target\":{\"@type\":\"EntryPoint\",\"urlTemplate\":\"https:\/\/tejasborja.com\/fr\/?s={search_term_string}\"},\"query-input\":{\"@type\":\"PropertyValueSpecification\",\"valueRequired\":true,\"valueName\":\"search_term_string\"}}],\"inLanguage\":\"fr-FR\"},{\"@type\":\"Organization\",\"@id\":\"https:\/\/tejasborja.com\/fr\/#organization\",\"name\":\"Tejas Borja\",\"url\":\"https:\/\/tejasborja.com\/fr\/\",\"logo\":{\"@type\":\"ImageObject\",\"inLanguage\":\"fr-FR\",\"@id\":\"https:\/\/tejasborja.com\/fr\/#\/schema\/logo\/image\/\",\"url\":\"https:\/\/tejasborja.com\/wp-content\/uploads\/2025\/08\/Logo-Tejas-Borja-Blanco-1.png\",\"contentUrl\":\"https:\/\/tejasborja.com\/wp-content\/uploads\/2025\/08\/Logo-Tejas-Borja-Blanco-1.png\",\"width\":150,\"height\":50,\"caption\":\"Tejas Borja\"},\"image\":{\"@id\":\"https:\/\/tejasborja.com\/fr\/#\/schema\/logo\/image\/\"}}]}<\/script>\n<!-- \/ Yoast SEO plugin. -->","yoast_head_json":{"title":"Syst\u00e8mes - Tejas Borja","robots":{"index":"index","follow":"follow","max-snippet":"max-snippet:-1","max-image-preview":"max-image-preview:large","max-video-preview":"max-video-preview:-1"},"canonical":"https:\/\/tejasborja.com\/fr\/systemes\/","og_locale":"fr_FR","og_type":"article","og_title":"Syst\u00e8mes - Tejas Borja","og_url":"https:\/\/tejasborja.com\/fr\/systemes\/","og_site_name":"Tejas Borja","article_modified_time":"2025-09-09T08:35:06+00:00","twitter_card":"summary_large_image","schema":{"@context":"https:\/\/schema.org","@graph":[{"@type":"WebPage","@id":"https:\/\/tejasborja.com\/fr\/systemes\/","url":"https:\/\/tejasborja.com\/fr\/systemes\/","name":"Syst\u00e8mes - Tejas Borja","isPartOf":{"@id":"https:\/\/tejasborja.com\/fr\/#website"},"datePublished":"2024-06-13T05:27:38+00:00","dateModified":"2025-09-09T08:35:06+00:00","breadcrumb":{"@id":"https:\/\/tejasborja.com\/fr\/systemes\/#breadcrumb"},"inLanguage":"fr-FR","potentialAction":[{"@type":"ReadAction","target":["https:\/\/tejasborja.com\/fr\/systemes\/"]}]},{"@type":"BreadcrumbList","@id":"https:\/\/tejasborja.com\/fr\/systemes\/#breadcrumb","itemListElement":[{"@type":"ListItem","position":1,"name":"Portada","item":"https:\/\/tejasborja.com\/fr\/"},{"@type":"ListItem","position":2,"name":"Syst\u00e8mes"}]},{"@type":"WebSite","@id":"https:\/\/tejasborja.com\/fr\/#website","url":"https:\/\/tejasborja.com\/fr\/","name":"Tejas Borja","description":"TEJAS BORJA la gama m\u00e1s amplia de tejas cer\u00e1micas del mercado. Especialistas en tejas mixtas, tejas planas y tejas curvas tanto para rehabilitaci\u00f3n de cubiertas como para tejados de obra nueva. Una marca con m\u00e1s de 110 a\u00f1os de experiencia....","publisher":{"@id":"https:\/\/tejasborja.com\/fr\/#organization"},"potentialAction":[{"@type":"SearchAction","target":{"@type":"EntryPoint","urlTemplate":"https:\/\/tejasborja.com\/fr\/?s={search_term_string}"},"query-input":{"@type":"PropertyValueSpecification","valueRequired":true,"valueName":"search_term_string"}}],"inLanguage":"fr-FR"},{"@type":"Organization","@id":"https:\/\/tejasborja.com\/fr\/#organization","name":"Tejas Borja","url":"https:\/\/tejasborja.com\/fr\/","logo":{"@type":"ImageObject","inLanguage":"fr-FR","@id":"https:\/\/tejasborja.com\/fr\/#\/schema\/logo\/image\/","url":"https:\/\/tejasborja.com\/wp-content\/uploads\/2025\/08\/Logo-Tejas-Borja-Blanco-1.png","contentUrl":"https:\/\/tejasborja.com\/wp-content\/uploads\/2025\/08\/Logo-Tejas-Borja-Blanco-1.png","width":150,"height":50,"caption":"Tejas Borja"},"image":{"@id":"https:\/\/tejasborja.com\/fr\/#\/schema\/logo\/image\/"}}]}},"_links":{"self":[{"href":"https:\/\/tejasborja.com\/fr\/wp-json\/wp\/v2\/pages\/34856","targetHints":{"allow":["GET"]}}],"collection":[{"href":"https:\/\/tejasborja.com\/fr\/wp-json\/wp\/v2\/pages"}],"about":[{"href":"https:\/\/tejasborja.com\/fr\/wp-json\/wp\/v2\/types\/page"}],"author":[{"embeddable":true,"href":"https:\/\/tejasborja.com\/fr\/wp-json\/wp\/v2\/users\/4"}],"replies":[{"embeddable":true,"href":"https:\/\/tejasborja.com\/fr\/wp-json\/wp\/v2\/comments?post=34856"}],"version-history":[{"count":0,"href":"https:\/\/tejasborja.com\/fr\/wp-json\/wp\/v2\/pages\/34856\/revisions"}],"wp:attachment":[{"href":"https:\/\/tejasborja.com\/fr\/wp-json\/wp\/v2\/media?parent=34856"}],"curies":[{"name":"wp","href":"https:\/\/api.w.org\/{rel}","templated":true}]}}