{"id":36950,"date":"2024-06-13T07:30:17","date_gmt":"2024-06-13T05:30:17","guid":{"rendered":"https:\/\/tejasborja.com\/complementos\/"},"modified":"2026-03-17T10:53:02","modified_gmt":"2026-03-17T09:53:02","slug":"composants","status":"publish","type":"page","link":"https:\/\/tejasborja.com\/fr\/composants\/","title":{"rendered":"Composants"},"content":{"rendered":"\n<div id=\"Header-block_bb0fdbaecef7669e616d0475a0fe89c7\" class=\"v2 Header normal\" style=\"background-color: \">\n\n        <div class=\"d-none d-lg-block\">\n        <div class=\"container\">\n            <div class=\"row align-items-center\">\n                <div class=\"col-12 col-lg-7\">\n                    <div class=\"textos\">\n                                                    <div class=\"titulo\"><h1 class='text3XL'>Composants<\/h1>\n<\/div>\n                                            <\/div>\n                <\/div>\n                <div class=\"col-12 col-lg-5\">\n                                    <\/div>\n            <\/div>\n        <\/div>\n    <\/div>\n    <div class=\"d-block d-lg-none\">\n        <div class=\"container\">\n            <div class=\"row\">\n                <div class=\"col-12\">\n                    <div class=\"textos\">\n                                                    <div class=\"titulo\"><h1 class='text3XL'>Composants<\/h1>\n<\/div>\n                                            <\/div>\n                <\/div>\n            <\/div>\n        <\/div>\n    <\/div>\n\n\n    \n<\/div>\n\n\n\n<div id=\"DistributivaTarjetas-block_dcdd42836dd6c59ac0c42eb1a36d90e2\" class=\"DistributivaTarjetas v2\" style=\"background-color: \">\n    <div class=\"container\">\n        <div class=\"row\">\n            <div class=\"col-12\">\n                <div class=\"tarjetasGrid\">\n                                                                    <a href=\"https:\/\/tejasborja.com\/fr\/composants\/impermeabilisation\/\">\n                            <div data-aos=\"fade-up\" class=\"tarjeta\">\n                                <div class=\"imagen\">\n                                                                        <div class=\"overflow-hidden\">\n                                        <img decoding=\"async\" width=\"592\" height=\"400\" data-src=\"https:\/\/tejasborja.com\/wp-content\/uploads\/2024\/10\/COMPLEMENTOS-imper-thumb.webp\" class=\"img-fluid lazyload\" alt=\"\" data-srcset=\"https:\/\/tejasborja.com\/wp-content\/uploads\/2024\/10\/COMPLEMENTOS-imper-thumb.webp 592w, https:\/\/tejasborja.com\/wp-content\/uploads\/2024\/10\/COMPLEMENTOS-imper-thumb-300x203.webp 300w\" data-sizes=\"auto, (max-width: 592px) 100vw, 592px\" src=\"data:image\/svg+xml;base64,PHN2ZyB3aWR0aD0iMSIgaGVpZ2h0PSIxIiB4bWxucz0iaHR0cDovL3d3dy53My5vcmcvMjAwMC9zdmciPjwvc3ZnPg==\" style=\"--smush-placeholder-width: 592px; --smush-placeholder-aspect-ratio: 592\/400;\" \/>                                    <\/div>\n                                                                        <div class=\"title textXL\"><h2>Imperm\u00e9abilisation<\/h2>\n<\/div>\n                                    <div class=\"text\"><p>D\u00e9couvrez notre gamme de compl\u00e9ments pour l&rsquo;\u00e9tanch\u00e9it\u00e9 des toitures, mettant en avant l&rsquo;efficacit\u00e9 du syst\u00e8me de panneaux isolants BORJATHERM. Nous proposons des panneaux bitumineux, des ecrans respirantes, des noue m\u00e9talliques et bien plus encore.<\/p>\n<\/div>\n                                <\/div>\n                                <span class=\"underlineCta mt-0 mt-lg-4\" href=\"https:\/\/tejasborja.com\/fr\/composants\/impermeabilisation\/\">\n                                    Plus d&rsquo;informations                                    <img decoding=\"async\" alt=\"icon\" class=\"icon lazyload\" data-src=\"https:\/\/tejasborja.com\/wp-content\/themes\/tejasborja\/assets\/images\/right-chevron-primary.svg\" src=\"data:image\/svg+xml;base64,PHN2ZyB3aWR0aD0iMSIgaGVpZ2h0PSIxIiB4bWxucz0iaHR0cDovL3d3dy53My5vcmcvMjAwMC9zdmciPjwvc3ZnPg==\" \/>\n                                <\/span>\n                            <\/div>\n                        <\/a>\n                                                <a href=\"https:\/\/tejasborja.com\/fr\/composants\/ventilation\/\">\n                            <div data-aos=\"fade-up\" class=\"tarjeta\">\n                                <div class=\"imagen\">\n                                                                        <div class=\"overflow-hidden\">\n                                        <img decoding=\"async\" width=\"592\" height=\"400\" data-src=\"https:\/\/tejasborja.com\/wp-content\/uploads\/2024\/10\/COMPLEMENTOS-vent-thumb.webp\" class=\"img-fluid lazyload\" alt=\"\" data-srcset=\"https:\/\/tejasborja.com\/wp-content\/uploads\/2024\/10\/COMPLEMENTOS-vent-thumb.webp 592w, https:\/\/tejasborja.com\/wp-content\/uploads\/2024\/10\/COMPLEMENTOS-vent-thumb-300x203.webp 300w\" data-sizes=\"auto, (max-width: 592px) 100vw, 592px\" src=\"data:image\/svg+xml;base64,PHN2ZyB3aWR0aD0iMSIgaGVpZ2h0PSIxIiB4bWxucz0iaHR0cDovL3d3dy53My5vcmcvMjAwMC9zdmciPjwvc3ZnPg==\" style=\"--smush-placeholder-width: 592px; --smush-placeholder-aspect-ratio: 592\/400;\" \/>                                    <\/div>\n                                                                        <div class=\"title textXL\"><h2>Ventilation<\/h2>\n<\/div>\n                                    <div class=\"text\"><p>Am\u00e9liorez la circulation de l&rsquo;air sous la toitre gr\u00e2ce \u00e0 notre gamme de composants de toiture. Vous trouverez des produits pour la ventilation de l&rsquo;\u00e9g\u00f4ut et du fa\u00eetage, garantissant une toiture bien ventil\u00e9e et prot\u00e9g\u00e9e.<\/p>\n<\/div>\n                                <\/div>\n                                <span class=\"underlineCta mt-0 mt-lg-4\" href=\"https:\/\/tejasborja.com\/fr\/composants\/ventilation\/\">\n                                    Plus d&rsquo;informations                                    <img decoding=\"async\" alt=\"icon\" class=\"icon lazyload\" data-src=\"https:\/\/tejasborja.com\/wp-content\/themes\/tejasborja\/assets\/images\/right-chevron-primary.svg\" src=\"data:image\/svg+xml;base64,PHN2ZyB3aWR0aD0iMSIgaGVpZ2h0PSIxIiB4bWxucz0iaHR0cDovL3d3dy53My5vcmcvMjAwMC9zdmciPjwvc3ZnPg==\" \/>\n                                <\/span>\n                            <\/div>\n                        <\/a>\n                                                <a href=\"https:\/\/tejasborja.com\/fr\/composants\/fixation\/\">\n                            <div data-aos=\"fade-up\" class=\"tarjeta\">\n                                <div class=\"imagen\">\n                                                                        <div class=\"overflow-hidden\">\n                                        <img decoding=\"async\" width=\"592\" height=\"400\" data-src=\"https:\/\/tejasborja.com\/wp-content\/uploads\/2024\/10\/COMPLEMENTOS-fijacion-thumb.webp\" class=\"img-fluid lazyload\" alt=\"\" data-srcset=\"https:\/\/tejasborja.com\/wp-content\/uploads\/2024\/10\/COMPLEMENTOS-fijacion-thumb.webp 592w, https:\/\/tejasborja.com\/wp-content\/uploads\/2024\/10\/COMPLEMENTOS-fijacion-thumb-300x203.webp 300w\" data-sizes=\"auto, (max-width: 592px) 100vw, 592px\" src=\"data:image\/svg+xml;base64,PHN2ZyB3aWR0aD0iMSIgaGVpZ2h0PSIxIiB4bWxucz0iaHR0cDovL3d3dy53My5vcmcvMjAwMC9zdmciPjwvc3ZnPg==\" style=\"--smush-placeholder-width: 592px; --smush-placeholder-aspect-ratio: 592\/400;\" \/>                                    <\/div>\n                                                                        <div class=\"title textXL\"><h2>Fixation<\/h2>\n<\/div>\n                                    <div class=\"text\"><p>D\u00e9couvrez notre large gamme de liteaux, crochets et supports pour une installation \u00e0 sec s\u00fbre et durable. La fixation m\u00e9canique garantit la stabilit\u00e9 et la fiabilit\u00e9 de chaque partie de la toiture.<\/p>\n<\/div>\n                                <\/div>\n                                <span class=\"underlineCta mt-0 mt-lg-4\" href=\"https:\/\/tejasborja.com\/fr\/composants\/fixation\/\">\n                                    Plus d&rsquo;informations                                    <img decoding=\"async\" alt=\"icon\" class=\"icon lazyload\" data-src=\"https:\/\/tejasborja.com\/wp-content\/themes\/tejasborja\/assets\/images\/right-chevron-primary.svg\" src=\"data:image\/svg+xml;base64,PHN2ZyB3aWR0aD0iMSIgaGVpZ2h0PSIxIiB4bWxucz0iaHR0cDovL3d3dy53My5vcmcvMjAwMC9zdmciPjwvc3ZnPg==\" \/>\n                                <\/span>\n                            <\/div>\n                        <\/a>\n                                                            <\/div>\n            <\/div>\n        <\/div>\n    <\/div>\n<\/div>\n\n\n\n<div id=\"ImagenTexto-block_c3543d495b8889862f2c9222050f74bc\" class=\"ImagenTexto\" style=\"background-color: #f5f5f5\">\n\n    <div data-aos=\"fade-up\" class=\"container\">\n        <div class=\"row align-items-center\">\n            <div class=\"imagen col-12 col-lg-5 pb-3 pb-lg-0  derecha order-lg-1 ps-lg-5 d-flex justify-content-lg-end\">\n                                                        <img decoding=\"async\" width=\"384\" height=\"330\" data-src=\"https:\/\/tejasborja.com\/wp-content\/uploads\/2025\/08\/SISTEMAS-borjatherm.jpg\" class=\"imagen img-fluid normal lazyload\" alt=\"\" data-srcset=\"https:\/\/tejasborja.com\/wp-content\/uploads\/2025\/08\/SISTEMAS-borjatherm.jpg 384w, https:\/\/tejasborja.com\/wp-content\/uploads\/2025\/08\/SISTEMAS-borjatherm-300x258.jpg 300w\" data-sizes=\"auto, (max-width: 384px) 100vw, 384px\" src=\"data:image\/svg+xml;base64,PHN2ZyB3aWR0aD0iMSIgaGVpZ2h0PSIxIiB4bWxucz0iaHR0cDovL3d3dy53My5vcmcvMjAwMC9zdmciPjwvc3ZnPg==\" style=\"--smush-placeholder-width: 384px; --smush-placeholder-aspect-ratio: 384\/330;\" \/>                                                <\/div>\n            <div class=\"col-12 col-lg-7\">\n                <div class=\"textos\">\n                                        <div class=\"titulo\"><h2 class=''>BorjaTHERM<\/h2>\n<\/div>\n                    <div class=\"subtitulo\"><h3>Syst\u00e8me d\u2019isolation de Toitures \u00e0 Haute Efficacit\u00e9 \u00c9nerg\u00e9tique<\/h3>\n<\/div>\n                    <div class=\"texto\"><p>Les\u00a0panneaux pr\u00e9fabriqu\u00e9s BORJATHERM\u00a0sont une solution polyvalente pour l&rsquo;isolation thermique.<\/p>\n<p>Avec un noyau de mousse de polyur\u00e9thane et un rev\u00eatement en aluminium, il offre une excellente stabilit\u00e9 dimensionnelle et r\u00e9sistance \u00e0 la roture. Id\u00e9ales pour les climats froids et chauds, ces panneaux autoportants comprennent un rastrel ventil\u00e9 d&rsquo;Aluzinc et des listes r\u00e9capitulatives pour installer chaque mod\u00e8le de teja. \u00a1Une option efficace pour la r\u00e9habilitation et les nouveaux projets.<\/p>\n<\/div>\n                                            <a class=\"primaryCta\" href=\"https:\/\/tejasborja.com\/fr\/systeme\/borjatherm\/ \" target=\"\">D\u00e9couvrez <\/a>\n                                    <\/div>\n            <\/div>\n        <\/div>\n    <\/div>\n\n<\/div>\n","protected":false},"excerpt":{"rendered":"","protected":false},"author":4,"featured_media":0,"parent":0,"menu_order":0,"comment_status":"closed","ping_status":"closed","template":"","meta":{"_acf_changed":true,"_eb_attr":"","footnotes":""},"class_list":["post-36950","page","type-page","status-publish","hentry"],"acf":[],"yoast_head":"<!-- This site is optimized with the Yoast SEO plugin v27.3 - https:\/\/yoast.com\/product\/yoast-seo-wordpress\/ -->\n<title>Composants - Tejas Borja<\/title>\n<meta name=\"robots\" content=\"index, follow, max-snippet:-1, max-image-preview:large, max-video-preview:-1\" \/>\n<link rel=\"canonical\" href=\"https:\/\/tejasborja.com\/fr\/composants\/\" \/>\n<meta property=\"og:locale\" content=\"fr_FR\" \/>\n<meta property=\"og:type\" content=\"article\" \/>\n<meta property=\"og:title\" content=\"Composants - Tejas Borja\" \/>\n<meta property=\"og:url\" content=\"https:\/\/tejasborja.com\/fr\/composants\/\" \/>\n<meta property=\"og:site_name\" content=\"Tejas Borja\" \/>\n<meta property=\"article:modified_time\" content=\"2026-03-17T09:53:02+00:00\" \/>\n<meta name=\"twitter:card\" content=\"summary_large_image\" \/>\n<script type=\"application\/ld+json\" class=\"yoast-schema-graph\">{\"@context\":\"https:\\\/\\\/schema.org\",\"@graph\":[{\"@type\":\"WebPage\",\"@id\":\"https:\\\/\\\/tejasborja.com\\\/fr\\\/composants\\\/\",\"url\":\"https:\\\/\\\/tejasborja.com\\\/fr\\\/composants\\\/\",\"name\":\"Composants - Tejas Borja\",\"isPartOf\":{\"@id\":\"https:\\\/\\\/tejasborja.com\\\/fr\\\/#website\"},\"datePublished\":\"2024-06-13T05:30:17+00:00\",\"dateModified\":\"2026-03-17T09:53:02+00:00\",\"breadcrumb\":{\"@id\":\"https:\\\/\\\/tejasborja.com\\\/fr\\\/composants\\\/#breadcrumb\"},\"inLanguage\":\"fr-FR\",\"potentialAction\":[{\"@type\":\"ReadAction\",\"target\":[\"https:\\\/\\\/tejasborja.com\\\/fr\\\/composants\\\/\"]}]},{\"@type\":\"BreadcrumbList\",\"@id\":\"https:\\\/\\\/tejasborja.com\\\/fr\\\/composants\\\/#breadcrumb\",\"itemListElement\":[{\"@type\":\"ListItem\",\"position\":1,\"name\":\"Portada\",\"item\":\"https:\\\/\\\/tejasborja.com\\\/fr\\\/\"},{\"@type\":\"ListItem\",\"position\":2,\"name\":\"Composants\"}]},{\"@type\":\"WebSite\",\"@id\":\"https:\\\/\\\/tejasborja.com\\\/fr\\\/#website\",\"url\":\"https:\\\/\\\/tejasborja.com\\\/fr\\\/\",\"name\":\"Tejas Borja\",\"description\":\"TEJAS BORJA la gama m\u00e1s amplia de tejas cer\u00e1micas del mercado. Especialistas en tejas mixtas, tejas planas y tejas curvas tanto para rehabilitaci\u00f3n de cubiertas como para tejados de obra nueva. Una marca con m\u00e1s de 110 a\u00f1os de experiencia....\",\"publisher\":{\"@id\":\"https:\\\/\\\/tejasborja.com\\\/fr\\\/#organization\"},\"potentialAction\":[{\"@type\":\"SearchAction\",\"target\":{\"@type\":\"EntryPoint\",\"urlTemplate\":\"https:\\\/\\\/tejasborja.com\\\/fr\\\/?s={search_term_string}\"},\"query-input\":{\"@type\":\"PropertyValueSpecification\",\"valueRequired\":true,\"valueName\":\"search_term_string\"}}],\"inLanguage\":\"fr-FR\"},{\"@type\":\"Organization\",\"@id\":\"https:\\\/\\\/tejasborja.com\\\/fr\\\/#organization\",\"name\":\"Tejas Borja\",\"url\":\"https:\\\/\\\/tejasborja.com\\\/fr\\\/\",\"logo\":{\"@type\":\"ImageObject\",\"inLanguage\":\"fr-FR\",\"@id\":\"https:\\\/\\\/tejasborja.com\\\/fr\\\/#\\\/schema\\\/logo\\\/image\\\/\",\"url\":\"https:\\\/\\\/tejasborja.com\\\/wp-content\\\/uploads\\\/2025\\\/08\\\/Logo-Tejas-Borja-Blanco-1.png\",\"contentUrl\":\"https:\\\/\\\/tejasborja.com\\\/wp-content\\\/uploads\\\/2025\\\/08\\\/Logo-Tejas-Borja-Blanco-1.png\",\"width\":150,\"height\":50,\"caption\":\"Tejas Borja\"},\"image\":{\"@id\":\"https:\\\/\\\/tejasborja.com\\\/fr\\\/#\\\/schema\\\/logo\\\/image\\\/\"}}]}<\/script>\n<!-- \/ Yoast SEO plugin. -->","yoast_head_json":{"title":"Composants - Tejas Borja","robots":{"index":"index","follow":"follow","max-snippet":"max-snippet:-1","max-image-preview":"max-image-preview:large","max-video-preview":"max-video-preview:-1"},"canonical":"https:\/\/tejasborja.com\/fr\/composants\/","og_locale":"fr_FR","og_type":"article","og_title":"Composants - Tejas Borja","og_url":"https:\/\/tejasborja.com\/fr\/composants\/","og_site_name":"Tejas Borja","article_modified_time":"2026-03-17T09:53:02+00:00","twitter_card":"summary_large_image","schema":{"@context":"https:\/\/schema.org","@graph":[{"@type":"WebPage","@id":"https:\/\/tejasborja.com\/fr\/composants\/","url":"https:\/\/tejasborja.com\/fr\/composants\/","name":"Composants - Tejas Borja","isPartOf":{"@id":"https:\/\/tejasborja.com\/fr\/#website"},"datePublished":"2024-06-13T05:30:17+00:00","dateModified":"2026-03-17T09:53:02+00:00","breadcrumb":{"@id":"https:\/\/tejasborja.com\/fr\/composants\/#breadcrumb"},"inLanguage":"fr-FR","potentialAction":[{"@type":"ReadAction","target":["https:\/\/tejasborja.com\/fr\/composants\/"]}]},{"@type":"BreadcrumbList","@id":"https:\/\/tejasborja.com\/fr\/composants\/#breadcrumb","itemListElement":[{"@type":"ListItem","position":1,"name":"Portada","item":"https:\/\/tejasborja.com\/fr\/"},{"@type":"ListItem","position":2,"name":"Composants"}]},{"@type":"WebSite","@id":"https:\/\/tejasborja.com\/fr\/#website","url":"https:\/\/tejasborja.com\/fr\/","name":"Tejas Borja","description":"TEJAS BORJA la gama m\u00e1s amplia de tejas cer\u00e1micas del mercado. Especialistas en tejas mixtas, tejas planas y tejas curvas tanto para rehabilitaci\u00f3n de cubiertas como para tejados de obra nueva. Una marca con m\u00e1s de 110 a\u00f1os de experiencia....","publisher":{"@id":"https:\/\/tejasborja.com\/fr\/#organization"},"potentialAction":[{"@type":"SearchAction","target":{"@type":"EntryPoint","urlTemplate":"https:\/\/tejasborja.com\/fr\/?s={search_term_string}"},"query-input":{"@type":"PropertyValueSpecification","valueRequired":true,"valueName":"search_term_string"}}],"inLanguage":"fr-FR"},{"@type":"Organization","@id":"https:\/\/tejasborja.com\/fr\/#organization","name":"Tejas Borja","url":"https:\/\/tejasborja.com\/fr\/","logo":{"@type":"ImageObject","inLanguage":"fr-FR","@id":"https:\/\/tejasborja.com\/fr\/#\/schema\/logo\/image\/","url":"https:\/\/tejasborja.com\/wp-content\/uploads\/2025\/08\/Logo-Tejas-Borja-Blanco-1.png","contentUrl":"https:\/\/tejasborja.com\/wp-content\/uploads\/2025\/08\/Logo-Tejas-Borja-Blanco-1.png","width":150,"height":50,"caption":"Tejas Borja"},"image":{"@id":"https:\/\/tejasborja.com\/fr\/#\/schema\/logo\/image\/"}}]}},"_links":{"self":[{"href":"https:\/\/tejasborja.com\/fr\/wp-json\/wp\/v2\/pages\/36950","targetHints":{"allow":["GET"]}}],"collection":[{"href":"https:\/\/tejasborja.com\/fr\/wp-json\/wp\/v2\/pages"}],"about":[{"href":"https:\/\/tejasborja.com\/fr\/wp-json\/wp\/v2\/types\/page"}],"author":[{"embeddable":true,"href":"https:\/\/tejasborja.com\/fr\/wp-json\/wp\/v2\/users\/4"}],"replies":[{"embeddable":true,"href":"https:\/\/tejasborja.com\/fr\/wp-json\/wp\/v2\/comments?post=36950"}],"version-history":[{"count":0,"href":"https:\/\/tejasborja.com\/fr\/wp-json\/wp\/v2\/pages\/36950\/revisions"}],"wp:attachment":[{"href":"https:\/\/tejasborja.com\/fr\/wp-json\/wp\/v2\/media?parent=36950"}],"curies":[{"name":"wp","href":"https:\/\/api.w.org\/{rel}","templated":true}]}}