{"id":37016,"date":"2024-07-01T08:24:52","date_gmt":"2024-07-01T06:24:52","guid":{"rendered":"https:\/\/tejasborja.com\/piezas-de-remate\/"},"modified":"2024-11-27T12:49:17","modified_gmt":"2024-11-27T11:49:17","slug":"accessoires-ceramiques","status":"publish","type":"page","link":"https:\/\/tejasborja.com\/fr\/accessoires-ceramiques\/","title":{"rendered":"Accessoires c\u00e9ramiques"},"content":{"rendered":"\n<div id=\"Header-block_73b99aa8e65d6d603877cd139c11949d\" class=\"v2 Header normal\" style=\"background-color: \">\n\n        <div class=\"d-none d-lg-block\">\n        <div class=\"container\">\n            <div class=\"row align-items-center\">\n                <div class=\"col-12 col-lg-7\">\n                    <div class=\"textos\">\n                                                    <div class=\"titulo\"><h1 class='text3XL'>Accessoires c\u00e9ramiques<\/h1>\n<\/div>\n                                                    <div class=\"texto\"><p>Les pi\u00e8ces de finition sont sp\u00e9cialement con\u00e7ues pour s&rsquo;adapter aux points uniques de la toiture, offrant ainsi des finitions pr\u00e9cises et fonctionnelles.<\/p>\n<p>D\u00e9couvrez notre s\u00e9lection de pi\u00e8ces de finition, con\u00e7ues pour assurer la durabilit\u00e9, l&rsquo;esth\u00e9tique et la fonctionnalit\u00e9 de vos toits. Du fa\u00eetage \u00e0 l&rsquo;habillage lat\u00e9ral, nos solutions sont adapt\u00e9es aux besoins sp\u00e9cifiques de chaque projet.<\/p>\n<\/div>\n                                            <\/div>\n                <\/div>\n                <div class=\"col-12 col-lg-5\">\n                                    <\/div>\n            <\/div>\n        <\/div>\n    <\/div>\n    <div class=\"d-block d-lg-none\">\n        <div class=\"container\">\n            <div class=\"row\">\n                <div class=\"col-12\">\n                    <div class=\"textos\">\n                                                    <div class=\"titulo\"><h1 class='text3XL'>Accessoires c\u00e9ramiques<\/h1>\n<\/div>\n                                                    <div class=\"texto\"><p>Les pi\u00e8ces de finition sont sp\u00e9cialement con\u00e7ues pour s&rsquo;adapter aux points uniques de la toiture, offrant ainsi des finitions pr\u00e9cises et fonctionnelles.<\/p>\n<p>D\u00e9couvrez notre s\u00e9lection de pi\u00e8ces de finition, con\u00e7ues pour assurer la durabilit\u00e9, l&rsquo;esth\u00e9tique et la fonctionnalit\u00e9 de vos toits. Du fa\u00eetage \u00e0 l&rsquo;habillage lat\u00e9ral, nos solutions sont adapt\u00e9es aux besoins sp\u00e9cifiques de chaque projet.<\/p>\n<\/div>\n                                            <\/div>\n                <\/div>\n            <\/div>\n        <\/div>\n    <\/div>\n\n\n    \n<\/div>\n\n\n\n<div id=\"DistributivaTarjetas-block_375d0a7fe2f802946187d3ef01f35a86\" class=\"DistributivaTarjetas v2\" style=\"background-color: \">\n    <div class=\"container\">\n        <div class=\"row\">\n            <div class=\"col-12\">\n                <div class=\"tarjetasGrid\">\n                                                                    <a href=\"https:\/\/tejasborja.com\/fr\/accessoires-ceramiques\/faitieres-et-aretiers\/\">\n                            <div data-aos=\"fade-up\" class=\"tarjeta\">\n                                <div class=\"imagen\">\n                                                                        <div class=\"overflow-hidden\">\n                                        <img decoding=\"async\" width=\"592\" height=\"330\" data-src=\"https:\/\/tejasborja.com\/wp-content\/uploads\/2024\/10\/ESPECIALES-caballetes-thumb.webp\" class=\"img-fluid lazyload\" alt=\"\" data-srcset=\"https:\/\/tejasborja.com\/wp-content\/uploads\/2024\/10\/ESPECIALES-caballetes-thumb.webp 592w, https:\/\/tejasborja.com\/wp-content\/uploads\/2024\/10\/ESPECIALES-caballetes-thumb-300x167.webp 300w\" data-sizes=\"auto, (max-width: 592px) 100vw, 592px\" src=\"data:image\/svg+xml;base64,PHN2ZyB3aWR0aD0iMSIgaGVpZ2h0PSIxIiB4bWxucz0iaHR0cDovL3d3dy53My5vcmcvMjAwMC9zdmciPjwvc3ZnPg==\" style=\"--smush-placeholder-width: 592px; --smush-placeholder-aspect-ratio: 592\/330;\" \/>                                    <\/div>\n                                                                        <div class=\"title textXL\"><h2>Fa\u00eetieres et ar\u00eatiers<\/h2>\n<\/div>\n                                    <div class=\"text\"><p>Ensemble de pi\u00e8ces de finition n\u00e9cessaires pour r\u00e9soudre les intersections des diff\u00e9rentes pentes, en prot\u00e9geant les rencontres des fa\u00eetages et des ar\u00eatiers.<\/p>\n<\/div>\n                                <\/div>\n                                <span class=\"underlineCta mt-0 mt-lg-4\" href=\"https:\/\/tejasborja.com\/fr\/accessoires-ceramiques\/faitieres-et-aretiers\/\">\n                                    Plus d&rsquo;information                                    <img decoding=\"async\" alt=\"icon\" class=\"icon lazyload\" data-src=\"https:\/\/tejasborja.com\/wp-content\/themes\/tejasborja\/assets\/images\/right-chevron-primary.svg\" src=\"data:image\/svg+xml;base64,PHN2ZyB3aWR0aD0iMSIgaGVpZ2h0PSIxIiB4bWxucz0iaHR0cDovL3d3dy53My5vcmcvMjAwMC9zdmciPjwvc3ZnPg==\" \/>\n                                <\/span>\n                            <\/div>\n                        <\/a>\n                                                <a href=\"https:\/\/tejasborja.com\/fr\/accessoires-ceramiques\/ligne-degout\/\">\n                            <div data-aos=\"fade-up\" class=\"tarjeta\">\n                                <div class=\"imagen\">\n                                                                        <div class=\"overflow-hidden\">\n                                        <img decoding=\"async\" width=\"592\" height=\"330\" data-src=\"https:\/\/tejasborja.com\/wp-content\/uploads\/2024\/10\/ESPECIALES-aleros-thumb.webp\" class=\"img-fluid lazyload\" alt=\"\" data-srcset=\"https:\/\/tejasborja.com\/wp-content\/uploads\/2024\/10\/ESPECIALES-aleros-thumb.webp 592w, https:\/\/tejasborja.com\/wp-content\/uploads\/2024\/10\/ESPECIALES-aleros-thumb-300x167.webp 300w\" data-sizes=\"auto, (max-width: 592px) 100vw, 592px\" src=\"data:image\/svg+xml;base64,PHN2ZyB3aWR0aD0iMSIgaGVpZ2h0PSIxIiB4bWxucz0iaHR0cDovL3d3dy53My5vcmcvMjAwMC9zdmciPjwvc3ZnPg==\" style=\"--smush-placeholder-width: 592px; --smush-placeholder-aspect-ratio: 592\/330;\" \/>                                    <\/div>\n                                                                        <div class=\"title textXL\"><h2>Ligne d\u2019\u00e9gout<\/h2>\n<\/div>\n                                    <div class=\"text\"><p>Diff\u00e9rents mod\u00e8les d&#8217;embouts pour prot\u00e9ger, ventiler et m\u00eame am\u00e9liorer l&rsquo;esth\u00e9tique de la premi\u00e8re ligne d&rsquo;\u00e9gout de la toiture.<\/p>\n<\/div>\n                                <\/div>\n                                <span class=\"underlineCta mt-0 mt-lg-4\" href=\"https:\/\/tejasborja.com\/fr\/accessoires-ceramiques\/ligne-degout\/\">\n                                    Plus d&rsquo;information                                    <img decoding=\"async\" alt=\"icon\" class=\"icon lazyload\" data-src=\"https:\/\/tejasborja.com\/wp-content\/themes\/tejasborja\/assets\/images\/right-chevron-primary.svg\" src=\"data:image\/svg+xml;base64,PHN2ZyB3aWR0aD0iMSIgaGVpZ2h0PSIxIiB4bWxucz0iaHR0cDovL3d3dy53My5vcmcvMjAwMC9zdmciPjwvc3ZnPg==\" \/>\n                                <\/span>\n                            <\/div>\n                        <\/a>\n                                                <a href=\"https:\/\/tejasborja.com\/fr\/accessoires-ceramiques\/ventilation\/\">\n                            <div data-aos=\"fade-up\" class=\"tarjeta\">\n                                <div class=\"imagen\">\n                                                                        <div class=\"overflow-hidden\">\n                                        <img decoding=\"async\" width=\"592\" height=\"330\" data-src=\"https:\/\/tejasborja.com\/wp-content\/uploads\/2024\/10\/ESPECIALES-ventilacion-thumb.webp\" class=\"img-fluid lazyload\" alt=\"\" data-srcset=\"https:\/\/tejasborja.com\/wp-content\/uploads\/2024\/10\/ESPECIALES-ventilacion-thumb.webp 592w, https:\/\/tejasborja.com\/wp-content\/uploads\/2024\/10\/ESPECIALES-ventilacion-thumb-300x167.webp 300w\" data-sizes=\"auto, (max-width: 592px) 100vw, 592px\" src=\"data:image\/svg+xml;base64,PHN2ZyB3aWR0aD0iMSIgaGVpZ2h0PSIxIiB4bWxucz0iaHR0cDovL3d3dy53My5vcmcvMjAwMC9zdmciPjwvc3ZnPg==\" style=\"--smush-placeholder-width: 592px; --smush-placeholder-aspect-ratio: 592\/330;\" \/>                                    <\/div>\n                                                                        <div class=\"title textXL\"><h2>Ventilation<\/h2>\n<\/div>\n                                    <div class=\"text\"><p>Pi\u00e8ces sp\u00e9cialement con\u00e7ues pour ventiler les espaces situ\u00e9s sous les tuiles et assurer la \u00ab microventilation \u00bb conform\u00e9ment \u00e0 la norme d&rsquo;installation UNE 136020 et au R\u00e8glement Technique du B\u00e2timent. Certaines de ces pi\u00e8ces sont \u00e9galement utilis\u00e9es pour la ventilation de l&rsquo;int\u00e9rieur des \u00e9difices.<\/p>\n<\/div>\n                                <\/div>\n                                <span class=\"underlineCta mt-0 mt-lg-4\" href=\"https:\/\/tejasborja.com\/fr\/accessoires-ceramiques\/ventilation\/\">\n                                    Plus d&rsquo;information                                    <img decoding=\"async\" alt=\"icon\" class=\"icon lazyload\" data-src=\"https:\/\/tejasborja.com\/wp-content\/themes\/tejasborja\/assets\/images\/right-chevron-primary.svg\" src=\"data:image\/svg+xml;base64,PHN2ZyB3aWR0aD0iMSIgaGVpZ2h0PSIxIiB4bWxucz0iaHR0cDovL3d3dy53My5vcmcvMjAwMC9zdmciPjwvc3ZnPg==\" \/>\n                                <\/span>\n                            <\/div>\n                        <\/a>\n                                                <a href=\"https:\/\/tejasborja.com\/fr\/accessoires-ceramiques\/rives-et-demi-tuiles\/\">\n                            <div data-aos=\"fade-up\" class=\"tarjeta\">\n                                <div class=\"imagen\">\n                                                                        <div class=\"overflow-hidden\">\n                                        <img decoding=\"async\" width=\"592\" height=\"330\" data-src=\"https:\/\/tejasborja.com\/wp-content\/uploads\/2024\/10\/ESPECIALES-laterales-thumb.webp\" class=\"img-fluid lazyload\" alt=\"\" data-srcset=\"https:\/\/tejasborja.com\/wp-content\/uploads\/2024\/10\/ESPECIALES-laterales-thumb.webp 592w, https:\/\/tejasborja.com\/wp-content\/uploads\/2024\/10\/ESPECIALES-laterales-thumb-300x167.webp 300w\" data-sizes=\"auto, (max-width: 592px) 100vw, 592px\" src=\"data:image\/svg+xml;base64,PHN2ZyB3aWR0aD0iMSIgaGVpZ2h0PSIxIiB4bWxucz0iaHR0cDovL3d3dy53My5vcmcvMjAwMC9zdmciPjwvc3ZnPg==\" style=\"--smush-placeholder-width: 592px; --smush-placeholder-aspect-ratio: 592\/330;\" \/>                                    <\/div>\n                                                                        <div class=\"title textXL\"><h2>Rives et demi-tuiles<\/h2>\n<\/div>\n                                    <div class=\"text\"><p>Ensemble de pi\u00e8ces sp\u00e9ciales n\u00e9cessaires \u00e0 la finition des deux rives lat\u00e9rales, servant de lien avec le reste des tuiles. Une connexion correcte est r\u00e9alis\u00e9e en joignant le rive + demi tuile ou le rive + tuile et demie.<\/p>\n<\/div>\n                                <\/div>\n                                <span class=\"underlineCta mt-0 mt-lg-4\" href=\"https:\/\/tejasborja.com\/fr\/accessoires-ceramiques\/rives-et-demi-tuiles\/\">\n                                    Plus d&rsquo;information                                    <img decoding=\"async\" alt=\"icon\" class=\"icon lazyload\" data-src=\"https:\/\/tejasborja.com\/wp-content\/themes\/tejasborja\/assets\/images\/right-chevron-primary.svg\" src=\"data:image\/svg+xml;base64,PHN2ZyB3aWR0aD0iMSIgaGVpZ2h0PSIxIiB4bWxucz0iaHR0cDovL3d3dy53My5vcmcvMjAwMC9zdmciPjwvc3ZnPg==\" \/>\n                                <\/span>\n                            <\/div>\n                        <\/a>\n                                                <a href=\"https:\/\/tejasborja.com\/fr\/accessoires-ceramiques\/pieces-decoratives\/\">\n                            <div data-aos=\"fade-up\" class=\"tarjeta\">\n                                <div class=\"imagen\">\n                                                                        <div class=\"overflow-hidden\">\n                                        <img decoding=\"async\" width=\"592\" height=\"330\" data-src=\"https:\/\/tejasborja.com\/wp-content\/uploads\/2024\/10\/ESPECIALES-deco-thumb.webp\" class=\"img-fluid lazyload\" alt=\"\" data-srcset=\"https:\/\/tejasborja.com\/wp-content\/uploads\/2024\/10\/ESPECIALES-deco-thumb.webp 592w, https:\/\/tejasborja.com\/wp-content\/uploads\/2024\/10\/ESPECIALES-deco-thumb-300x167.webp 300w\" data-sizes=\"auto, (max-width: 592px) 100vw, 592px\" src=\"data:image\/svg+xml;base64,PHN2ZyB3aWR0aD0iMSIgaGVpZ2h0PSIxIiB4bWxucz0iaHR0cDovL3d3dy53My5vcmcvMjAwMC9zdmciPjwvc3ZnPg==\" style=\"--smush-placeholder-width: 592px; --smush-placeholder-aspect-ratio: 592\/330;\" \/>                                    <\/div>\n                                                                        <div class=\"title textXL\"><p>Pi\u00e8ces d\u00e9coratives<\/p>\n<\/div>\n                                    <div class=\"text\"><p>El\u00e9ments c\u00e9ramiques pour la finition des points singuliers d&rsquo;une toiture, par exemple aux jonctions entre le fa\u00eetage et l&rsquo;ar\u00eatier.<\/p>\n<\/div>\n                                <\/div>\n                                <span class=\"underlineCta mt-0 mt-lg-4\" href=\"https:\/\/tejasborja.com\/fr\/accessoires-ceramiques\/pieces-decoratives\/\">\n                                    Plus d&rsquo;information                                    <img decoding=\"async\" alt=\"icon\" class=\"icon lazyload\" data-src=\"https:\/\/tejasborja.com\/wp-content\/themes\/tejasborja\/assets\/images\/right-chevron-primary.svg\" src=\"data:image\/svg+xml;base64,PHN2ZyB3aWR0aD0iMSIgaGVpZ2h0PSIxIiB4bWxucz0iaHR0cDovL3d3dy53My5vcmcvMjAwMC9zdmciPjwvc3ZnPg==\" \/>\n                                <\/span>\n                            <\/div>\n                        <\/a>\n                                                            <\/div>\n            <\/div>\n        <\/div>\n    <\/div>\n<\/div>\n","protected":false},"excerpt":{"rendered":"","protected":false},"author":4,"featured_media":0,"parent":0,"menu_order":0,"comment_status":"closed","ping_status":"closed","template":"","meta":{"_acf_changed":false,"_eb_attr":"","footnotes":""},"class_list":["post-37016","page","type-page","status-publish","hentry"],"acf":[],"yoast_head":"<!-- This site is optimized with the Yoast SEO plugin v27.3 - https:\/\/yoast.com\/product\/yoast-seo-wordpress\/ -->\n<title>Accessoires c\u00e9ramiques - Tejas Borja<\/title>\n<meta name=\"robots\" content=\"index, follow, max-snippet:-1, max-image-preview:large, max-video-preview:-1\" \/>\n<link rel=\"canonical\" href=\"https:\/\/tejasborja.com\/fr\/accessoires-ceramiques\/\" \/>\n<meta property=\"og:locale\" content=\"fr_FR\" \/>\n<meta property=\"og:type\" content=\"article\" \/>\n<meta property=\"og:title\" content=\"Accessoires c\u00e9ramiques - Tejas Borja\" \/>\n<meta property=\"og:url\" content=\"https:\/\/tejasborja.com\/fr\/accessoires-ceramiques\/\" \/>\n<meta property=\"og:site_name\" content=\"Tejas Borja\" \/>\n<meta property=\"article:modified_time\" content=\"2024-11-27T11:49:17+00:00\" \/>\n<meta name=\"twitter:card\" content=\"summary_large_image\" \/>\n<script type=\"application\/ld+json\" class=\"yoast-schema-graph\">{\"@context\":\"https:\\\/\\\/schema.org\",\"@graph\":[{\"@type\":\"WebPage\",\"@id\":\"https:\\\/\\\/tejasborja.com\\\/fr\\\/accessoires-ceramiques\\\/\",\"url\":\"https:\\\/\\\/tejasborja.com\\\/fr\\\/accessoires-ceramiques\\\/\",\"name\":\"Accessoires c\u00e9ramiques - Tejas Borja\",\"isPartOf\":{\"@id\":\"https:\\\/\\\/tejasborja.com\\\/fr\\\/#website\"},\"datePublished\":\"2024-07-01T06:24:52+00:00\",\"dateModified\":\"2024-11-27T11:49:17+00:00\",\"breadcrumb\":{\"@id\":\"https:\\\/\\\/tejasborja.com\\\/fr\\\/accessoires-ceramiques\\\/#breadcrumb\"},\"inLanguage\":\"fr-FR\",\"potentialAction\":[{\"@type\":\"ReadAction\",\"target\":[\"https:\\\/\\\/tejasborja.com\\\/fr\\\/accessoires-ceramiques\\\/\"]}]},{\"@type\":\"BreadcrumbList\",\"@id\":\"https:\\\/\\\/tejasborja.com\\\/fr\\\/accessoires-ceramiques\\\/#breadcrumb\",\"itemListElement\":[{\"@type\":\"ListItem\",\"position\":1,\"name\":\"Portada\",\"item\":\"https:\\\/\\\/tejasborja.com\\\/fr\\\/\"},{\"@type\":\"ListItem\",\"position\":2,\"name\":\"Accessoires c\u00e9ramiques\"}]},{\"@type\":\"WebSite\",\"@id\":\"https:\\\/\\\/tejasborja.com\\\/fr\\\/#website\",\"url\":\"https:\\\/\\\/tejasborja.com\\\/fr\\\/\",\"name\":\"Tejas Borja\",\"description\":\"TEJAS BORJA la gama m\u00e1s amplia de tejas cer\u00e1micas del mercado. Especialistas en tejas mixtas, tejas planas y tejas curvas tanto para rehabilitaci\u00f3n de cubiertas como para tejados de obra nueva. Una marca con m\u00e1s de 110 a\u00f1os de experiencia....\",\"publisher\":{\"@id\":\"https:\\\/\\\/tejasborja.com\\\/fr\\\/#organization\"},\"potentialAction\":[{\"@type\":\"SearchAction\",\"target\":{\"@type\":\"EntryPoint\",\"urlTemplate\":\"https:\\\/\\\/tejasborja.com\\\/fr\\\/?s={search_term_string}\"},\"query-input\":{\"@type\":\"PropertyValueSpecification\",\"valueRequired\":true,\"valueName\":\"search_term_string\"}}],\"inLanguage\":\"fr-FR\"},{\"@type\":\"Organization\",\"@id\":\"https:\\\/\\\/tejasborja.com\\\/fr\\\/#organization\",\"name\":\"Tejas Borja\",\"url\":\"https:\\\/\\\/tejasborja.com\\\/fr\\\/\",\"logo\":{\"@type\":\"ImageObject\",\"inLanguage\":\"fr-FR\",\"@id\":\"https:\\\/\\\/tejasborja.com\\\/fr\\\/#\\\/schema\\\/logo\\\/image\\\/\",\"url\":\"https:\\\/\\\/tejasborja.com\\\/wp-content\\\/uploads\\\/2025\\\/08\\\/Logo-Tejas-Borja-Blanco-1.png\",\"contentUrl\":\"https:\\\/\\\/tejasborja.com\\\/wp-content\\\/uploads\\\/2025\\\/08\\\/Logo-Tejas-Borja-Blanco-1.png\",\"width\":150,\"height\":50,\"caption\":\"Tejas Borja\"},\"image\":{\"@id\":\"https:\\\/\\\/tejasborja.com\\\/fr\\\/#\\\/schema\\\/logo\\\/image\\\/\"}}]}<\/script>\n<!-- \/ Yoast SEO plugin. -->","yoast_head_json":{"title":"Accessoires c\u00e9ramiques - Tejas Borja","robots":{"index":"index","follow":"follow","max-snippet":"max-snippet:-1","max-image-preview":"max-image-preview:large","max-video-preview":"max-video-preview:-1"},"canonical":"https:\/\/tejasborja.com\/fr\/accessoires-ceramiques\/","og_locale":"fr_FR","og_type":"article","og_title":"Accessoires c\u00e9ramiques - Tejas Borja","og_url":"https:\/\/tejasborja.com\/fr\/accessoires-ceramiques\/","og_site_name":"Tejas Borja","article_modified_time":"2024-11-27T11:49:17+00:00","twitter_card":"summary_large_image","schema":{"@context":"https:\/\/schema.org","@graph":[{"@type":"WebPage","@id":"https:\/\/tejasborja.com\/fr\/accessoires-ceramiques\/","url":"https:\/\/tejasborja.com\/fr\/accessoires-ceramiques\/","name":"Accessoires c\u00e9ramiques - Tejas Borja","isPartOf":{"@id":"https:\/\/tejasborja.com\/fr\/#website"},"datePublished":"2024-07-01T06:24:52+00:00","dateModified":"2024-11-27T11:49:17+00:00","breadcrumb":{"@id":"https:\/\/tejasborja.com\/fr\/accessoires-ceramiques\/#breadcrumb"},"inLanguage":"fr-FR","potentialAction":[{"@type":"ReadAction","target":["https:\/\/tejasborja.com\/fr\/accessoires-ceramiques\/"]}]},{"@type":"BreadcrumbList","@id":"https:\/\/tejasborja.com\/fr\/accessoires-ceramiques\/#breadcrumb","itemListElement":[{"@type":"ListItem","position":1,"name":"Portada","item":"https:\/\/tejasborja.com\/fr\/"},{"@type":"ListItem","position":2,"name":"Accessoires c\u00e9ramiques"}]},{"@type":"WebSite","@id":"https:\/\/tejasborja.com\/fr\/#website","url":"https:\/\/tejasborja.com\/fr\/","name":"Tejas Borja","description":"TEJAS BORJA la gama m\u00e1s amplia de tejas cer\u00e1micas del mercado. Especialistas en tejas mixtas, tejas planas y tejas curvas tanto para rehabilitaci\u00f3n de cubiertas como para tejados de obra nueva. Una marca con m\u00e1s de 110 a\u00f1os de experiencia....","publisher":{"@id":"https:\/\/tejasborja.com\/fr\/#organization"},"potentialAction":[{"@type":"SearchAction","target":{"@type":"EntryPoint","urlTemplate":"https:\/\/tejasborja.com\/fr\/?s={search_term_string}"},"query-input":{"@type":"PropertyValueSpecification","valueRequired":true,"valueName":"search_term_string"}}],"inLanguage":"fr-FR"},{"@type":"Organization","@id":"https:\/\/tejasborja.com\/fr\/#organization","name":"Tejas Borja","url":"https:\/\/tejasborja.com\/fr\/","logo":{"@type":"ImageObject","inLanguage":"fr-FR","@id":"https:\/\/tejasborja.com\/fr\/#\/schema\/logo\/image\/","url":"https:\/\/tejasborja.com\/wp-content\/uploads\/2025\/08\/Logo-Tejas-Borja-Blanco-1.png","contentUrl":"https:\/\/tejasborja.com\/wp-content\/uploads\/2025\/08\/Logo-Tejas-Borja-Blanco-1.png","width":150,"height":50,"caption":"Tejas Borja"},"image":{"@id":"https:\/\/tejasborja.com\/fr\/#\/schema\/logo\/image\/"}}]}},"_links":{"self":[{"href":"https:\/\/tejasborja.com\/fr\/wp-json\/wp\/v2\/pages\/37016","targetHints":{"allow":["GET"]}}],"collection":[{"href":"https:\/\/tejasborja.com\/fr\/wp-json\/wp\/v2\/pages"}],"about":[{"href":"https:\/\/tejasborja.com\/fr\/wp-json\/wp\/v2\/types\/page"}],"author":[{"embeddable":true,"href":"https:\/\/tejasborja.com\/fr\/wp-json\/wp\/v2\/users\/4"}],"replies":[{"embeddable":true,"href":"https:\/\/tejasborja.com\/fr\/wp-json\/wp\/v2\/comments?post=37016"}],"version-history":[{"count":0,"href":"https:\/\/tejasborja.com\/fr\/wp-json\/wp\/v2\/pages\/37016\/revisions"}],"wp:attachment":[{"href":"https:\/\/tejasborja.com\/fr\/wp-json\/wp\/v2\/media?parent=37016"}],"curies":[{"name":"wp","href":"https:\/\/api.w.org\/{rel}","templated":true}]}}