{"id":42567,"date":"2024-06-13T07:31:31","date_gmt":"2024-06-13T05:31:31","guid":{"rendered":"https:\/\/tejasborja.com\/area-profesional\/"},"modified":"2026-03-17T12:45:06","modified_gmt":"2026-03-17T11:45:06","slug":"espace-professionnel","status":"publish","type":"page","link":"https:\/\/tejasborja.com\/fr\/espace-professionnel\/","title":{"rendered":"Espace professionnel"},"content":{"rendered":"\n<div id=\"Header-block_943415f2a5c2cb1d48b2ecc0588e38e2\" class=\"v1 Header normal\" style=\"background-color: \">\n\n    \n    <div class=\"container\">\n        <div class=\"row\">\n            <div class=\"col-12\">\n                <div class=\"titulo\"><h1 class=''>Bienvenue dans l&rsquo;espace professionnel !<\/h1>\n<\/div>\n            <\/div>\n        <\/div>\n        <div class=\"row\">\n            <div class=\"col-12 col-lg-10 mx-auto\">\n                <div class=\"subtitulo\"><p class=''>Un espace d\u00e9di\u00e9 aux professionnels de la construction. Vous y trouverez des informations pertinentes sur nos produits et services, con\u00e7us pour r\u00e9pondre \u00e0 tous vos besoins dans le domaine des tuiles et des toitures.<\/p>\n<\/div>\n            <\/div>\n        <\/div>\n    <\/div>\n\n    \n<\/div>\n\n\n\n<div id=\"Contenedor-block_cce3c96c653062c458843d22f10c80ef\" class=\"Contenedor py-5\" style=\"background-color: #f5f5f5\">\n\n    <div class=\"container p-0\">\n        <div class=\"acf-innerblocks-container\">\n\n<div class=\"wp-block-columns is-layout-flex wp-container-core-columns-is-layout-9d6595d7 wp-block-columns-is-layout-flex\">\n<div class=\"wp-block-column is-layout-flow wp-block-column-is-layout-flow\">\n<div id=\"TituloTexto-block_b2cf92dde2864c326fe389a25ab4755b\" class=\"TituloTexto v1 withoutPadding withPaddingTop \" style=\"background-color: \">\n    <div class=\"container\">\n        <div class=\"row\">\n            <div class=\"col-12\">\n                <div class=\"titulo\" style=\"margin-bottom: 5px\"><h2 class='text2XL'>Liste de prix<\/h2>\n<\/div>\n                <div class=\"texto textBody\"><p>En tant que prescripteur et canal de commercialisation du catalogue Tejas Borja, vous pouvez consulter le tarif des tuiles et l&rsquo;ensemble des produits de la marque Tejas Borja.<\/p>\n<\/div>\n            <\/div>\n        <\/div>\n    <\/div>\n<\/div>\n\n\n\n<div id=\"BotonUrl-block_28c33da028121b5957e97b207d9fc710\" class=\"BotonUrl normal\">\n    <div class=\"container\">\n        <div class=\"row\">\n            <div class=\"posicion col-12 d-flex justifty-content-left\">\n                                    \n                                                            <a class=\"primaryCta\" href=\"https:\/\/tejasborja.com\/fr\/espace-professionnel\/liste-de-prix\/\"  target=\"\" >Voir les tarifs et les prix d\u00e9compos\u00e9s<\/a>\n                            \n                                        <\/div>\n        <\/div>\n    <\/div>\n<\/div>\n<\/div>\n\n\n\n<div class=\"wp-block-column is-layout-flow wp-block-column-is-layout-flow\">\n<div id=\"TituloTexto-block_f91b5ead72f2d4679159cfca15a54427\" class=\"TituloTexto v1 withoutPadding withReductedTop \" style=\"background-color: \">\n    <div class=\"container\">\n        <div class=\"row\">\n            <div class=\"col-12\">\n                <div class=\"titulo\" style=\"margin-bottom: 5px\"><p class='textLG'>Voir les conditions de vente<\/p>\n<\/div>\n                <div class=\"texto textBody\"><p>En vigueur \u00e0 partir du 15 janvier 2025<\/p>\n<\/div>\n            <\/div>\n        <\/div>\n    <\/div>\n<\/div>\n\n\n\n<div id=\"BotonUrl-block_d95cfd885659b7217cddeb3091f5d3b9\" class=\"BotonUrl bigMargin\">\n    <div class=\"container\">\n        <div class=\"row\">\n            <div class=\"posicion col-12 d-flex justifty-content-left\">\n                                    \n                                                            <a href=\"https:\/\/tejasborja.com\/tarifas\/fr\/Conditions%20G\u00e9n\u00e9rales%20de%20vente%202025.pdf \"  target=\"_blank\" >\n                                    <div class=\"underlineCta\">\n                                        Voir les conditions de vente                                        <img decoding=\"async\" alt=\"icon\" class=\"icon lazyload\" data-src=\"https:\/\/tejasborja.com\/wp-content\/themes\/tejasborja\/assets\/images\/right-chevron-primary.svg\" src=\"data:image\/svg+xml;base64,PHN2ZyB3aWR0aD0iMSIgaGVpZ2h0PSIxIiB4bWxucz0iaHR0cDovL3d3dy53My5vcmcvMjAwMC9zdmciPjwvc3ZnPg==\" \/>\n                                    <\/div>\n                                <\/a>\n                                                        <\/div>\n        <\/div>\n    <\/div>\n<\/div>\n<\/div>\n<\/div>\n\n<\/div>\n    <\/div>\n\n<\/div>\n\n\n\n<div id=\"ImagenTexto-block_53da2b1ee2331095c1ea1583e459300c\" class=\"ImagenTexto\" style=\"background-color: \">\n\n    <div data-aos=\"fade-up\" class=\"container\">\n        <div class=\"row align-items-center\">\n            <div class=\"imagen col-12 col-lg-5 pb-3 pb-lg-0  derecha order-lg-1 ps-lg-5 d-flex justify-content-lg-end\">\n                                                        <img decoding=\"async\" width=\"592\" height=\"236\" data-src=\"https:\/\/tejasborja.com\/wp-content\/uploads\/2024\/07\/catalogos.png\" class=\"imagen img-fluid normal lazyload\" alt=\"\" data-srcset=\"https:\/\/tejasborja.com\/wp-content\/uploads\/2024\/07\/catalogos.png 592w, https:\/\/tejasborja.com\/wp-content\/uploads\/2024\/07\/catalogos-300x120.png 300w\" data-sizes=\"auto, (max-width: 592px) 100vw, 592px\" src=\"data:image\/svg+xml;base64,PHN2ZyB3aWR0aD0iMSIgaGVpZ2h0PSIxIiB4bWxucz0iaHR0cDovL3d3dy53My5vcmcvMjAwMC9zdmciPjwvc3ZnPg==\" style=\"--smush-placeholder-width: 592px; --smush-placeholder-aspect-ratio: 592\/236;\" \/>                                                <\/div>\n            <div class=\"col-12 col-lg-7\">\n                <div class=\"textos\">\n                                        <div class=\"titulo\"><h2 class=''>Catalogues<\/h2>\n<\/div>\n                    <div class=\"subtitulo\"><\/div>\n                    <div class=\"texto\"><p>Tuiles c\u00e9ramique de diff\u00e9rents formats, dimensions et finitions:<br \/>\nD\u00e9couvrez les tuiles de Tejas Borja !<\/p>\n<\/div>\n                                            <a class=\"primaryCta\" href=\"https:\/\/tejasborja.com\/fr\/espace-professionnel\/catalogues\/ \" target=\"_blank\">Consulter les catalogues<\/a>\n                                    <\/div>\n            <\/div>\n        <\/div>\n    <\/div>\n\n<\/div>\n\n\n\n<div id=\"TituloTexto-block_a32bd24f2b62ea453dca88a7c69068fd\" class=\"TituloTexto v1 withoutPadding withPaddingTop \" style=\"background-color: \">\n    <div class=\"container\">\n        <div class=\"row\">\n            <div class=\"col-12\">\n                <div class=\"titulo\" style=\"margin-bottom: 24px\"><h2 class='text2XL'>T\u00e9l\u00e9chargements et ressources<br \/>\npour les architectes<\/h2>\n<\/div>\n                <div class=\"texto textLG\"><p>Trouvez les certifications et les tests pour chaque tuile, les manuels,<br \/>\nles d\u00e9tails de construction BorjaCAD et les fichiers BIM pour votre projet.<\/p>\n<\/div>\n            <\/div>\n        <\/div>\n    <\/div>\n<\/div>\n\n\n\n<div id=\"Tarjetas-block_d8896ff2a3c53149bc15cee0288ddd7f\" class=\"Tarjetas colv2 no-margin\" style=\"background-color: \">\n    <div class=\"container\">\n        <div class=\"row\">\n            <div class=\"col-12\">\n                <div class=\"tarjetasGrid\">\n                                            <div class=\"tarjeta\">\n                            <div>\n                                                                                                    <div class=\"tituloTarjeta\"><p>CYPE \u2013 Le G\u00e9n\u00e9rateur de prix (seulement pour l&rsquo;Espagne)<\/p>\n<\/div>\n                                                                <div class=\"textoTarjeta\"><p><span style=\"color: #d92830;\"><a style=\"color: #d92830;\" href=\"http:\/\/www.cype.net\/descargas_generador\/generador_de_precios_tejas_borja.zip\" target=\"_blank\" rel=\"noopener\">T\u00e9l\u00e9charger CYPE (9GB)<\/a><\/span><\/p>\n<\/div>\n                            <\/div>\n                                                            <a class=\"primaryCtaOutline\" href=\"https:\/\/tejas-borja.generadordeprecios.info\/#gsc.tab=0 \" target=\"_blank\">Acc\u00e8s en ligne<\/a>\n                                                    <\/div>\n                                            <div class=\"tarjeta\">\n                            <div>\n                                                                                                    <div class=\"tituloTarjeta\"><p>Manuel technique<\/p>\n<\/div>\n                                                                <div class=\"textoTarjeta\"><p>D\u00e9couvrez comment installer les diff\u00e9rents formats de tuiles et les pi\u00e8ces de finition, en suivant la norme UNE 136020 pour les tuiles c\u00e9ramiques.<\/p>\n<\/div>\n                            <\/div>\n                                                            <a class=\"primaryCtaOutline\" href=\"https:\/\/tejasborja.com\/wp-content\/uploads\/2024\/11\/MANUEL-TECHNIQUE.pdf \" target=\"_blank\">T\u00e9l\u00e9charger le manuel<\/a>\n                                                    <\/div>\n                                            <div class=\"tarjeta\">\n                            <div>\n                                                                                                    <div class=\"tituloTarjeta\"><p>Certifications<\/p>\n<\/div>\n                                                                <div class=\"textoTarjeta\"><p>Retrouvez toutes les certifications relatives aux tuiles et aux pi\u00e8ces sp\u00e9ciales en c\u00e9ramique de Tejas Borja.<\/p>\n<\/div>\n                            <\/div>\n                                                            <a class=\"primaryCtaOutline\" href=\"https:\/\/tejasborja.com\/fr\/espace-professionnel\/certifications\/ \" target=\"\">Explorer<\/a>\n                                                    <\/div>\n                                            <div class=\"tarjeta\">\n                            <div>\n                                                                                                    <div class=\"tituloTarjeta\"><p>BorjaCAD<\/p>\n<\/div>\n                                                                <div class=\"textoTarjeta\"><p>Trouvez des <strong>d\u00e9tails de construction<\/strong> au format .dwg qui facilitent la planification de projets avec nos produits c\u00e9ramiques.<\/p>\n<\/div>\n                            <\/div>\n                                                            <a class=\"primaryCtaOutline\" href=\"https:\/\/tejasborja.com\/fr\/espace-professionnel\/borjacad\/ \" target=\"\">Explorer<\/a>\n                                                    <\/div>\n                                            <div class=\"tarjeta\">\n                            <div>\n                                                                                                    <div class=\"tituloTarjeta\"><p>D\u00e9tails de construction<\/p>\n<\/div>\n                                                                <div class=\"textoTarjeta\"><p>Consultez les d\u00e9tails techniques pour r\u00e9aliser une toiture ventil\u00e9e performante dans le cadre de votre projet.<\/p>\n<\/div>\n                            <\/div>\n                                                            <a class=\"primaryCtaOutline\" href=\"https:\/\/tejasborja.com\/fr\/espace-professionnel\/details-de-construction\/ \" target=\"\">Explorer<\/a>\n                                                    <\/div>\n                                            <div class=\"tarjeta\">\n                            <div>\n                                                                                                    <div class=\"tituloTarjeta\"><p>Garanties<\/p>\n<\/div>\n                                                                <div class=\"textoTarjeta\"><p>Nos tuiles b\u00e9n\u00e9ficient d\u2019une garantie certifi\u00e9e de qualit\u00e9 et de durabilit\u00e9, assurant une confiance et une tranquillit\u00e9 maximales.<\/p>\n<\/div>\n                            <\/div>\n                                                            <a class=\"primaryCtaOutline\" href=\"https:\/\/tejasborja.com\/fr\/espace-professionnel\/garantias\/ \" target=\"\">Explorer<\/a>\n                                                    <\/div>\n                                            <div class=\"tarjeta\">\n                            <div>\n                                                                                                    <div class=\"tituloTarjeta\"><p>Mat\u00e9riel d&rsquo;entreprise<\/p>\n<\/div>\n                                                                <div class=\"textoTarjeta\"><p>Pour faciliter l&rsquo;acc\u00e8s aux ressources de notre marque, nous mettons \u00e0 votre disposition le<strong> logo officiel Tejas Borja et son manuel d&rsquo;utilisation<\/strong>. Lors de votre inscription, vous recevrez un lien de t\u00e9l\u00e9chargement dans votre courrier \u00e9lectronique.<\/p>\n<\/div>\n                            <\/div>\n                                                            <a class=\"primaryCtaOutline\" href=\"https:\/\/tejasborja.com\/fr\/espace-professionnel\/materiel-corporatif\/ \" target=\"\">Demande d&rsquo;acc\u00e8s<\/a>\n                                                    <\/div>\n                                    <\/div>\n            <\/div>\n        <\/div>\n    <\/div>\n<\/div>\n\n\n<div id=\"FormularioHorario-block_0bcbee866b425ab7290cbadf46cf2461\" class=\"FormularioHorario\" style=\"background-color: #f5f5f5\">\n\n    <div class=\"container\">\n        <div class=\"row\">\n            <div class=\"col-12 col-lg-5 mx-auto\">\n                <div class=\"titulo textXL\"><p class=''>Avez-vous besoin de conseils ?<\/p>\n<\/div>\n                <div class=\"texto textBody\"><p>Nous vous <strong>conseillons sur les mat\u00e9riaux les plus appropri\u00e9s pour vos toitures<\/strong> et sur les possibilit\u00e9s infinies des <strong>produits Tejas Borja<\/strong>. Nous vous indiquons \u00e9galement quel est notre point de vente ou le showroom le plus proche, o\u00f9 vous pourrez b\u00e9n\u00e9ficier de l&rsquo;assistance personnelle d&rsquo;un personnel sp\u00e9cialis\u00e9.<\/p>\n<\/div>\n                            <\/div>\n            <div class=\"col-12 col-lg-7 mx-auto\">\n                <div class=\"titulo second textXL\"><\/div>\n                <div class=\"formularioCont novalidate\">\n                                            \n<div class=\"wpcf7 no-js\" id=\"wpcf7-f46275-o1\" lang=\"fr-FR\" dir=\"ltr\" data-wpcf7-id=\"46275\">\n<div class=\"screen-reader-response\"><p role=\"status\" aria-live=\"polite\" aria-atomic=\"true\"><\/p> <ul><\/ul><\/div>\n<form action=\"\/fr\/wp-json\/wp\/v2\/pages\/42567#wpcf7-f46275-o1\" method=\"post\" class=\"wpcf7-form init\" aria-label=\"Formulaire de contact\" novalidate=\"novalidate\" data-status=\"init\">\n<fieldset class=\"hidden-fields-container\"><input type=\"hidden\" name=\"_wpcf7\" value=\"46275\" \/><input type=\"hidden\" name=\"_wpcf7_version\" value=\"6.1.5\" \/><input type=\"hidden\" name=\"_wpcf7_locale\" value=\"fr_FR\" \/><input type=\"hidden\" name=\"_wpcf7_unit_tag\" value=\"wpcf7-f46275-o1\" \/><input type=\"hidden\" name=\"_wpcf7_container_post\" value=\"0\" \/><input type=\"hidden\" name=\"_wpcf7_posted_data_hash\" value=\"\" \/><input type=\"hidden\" name=\"_wpcf7cf_hidden_group_fields\" value=\"[]\" \/><input type=\"hidden\" name=\"_wpcf7cf_hidden_groups\" value=\"[]\" \/><input type=\"hidden\" name=\"_wpcf7cf_visible_groups\" value=\"[]\" \/><input type=\"hidden\" name=\"_wpcf7cf_repeaters\" value=\"[]\" \/><input type=\"hidden\" name=\"_wpcf7cf_steps\" value=\"{}\" \/><input type=\"hidden\" name=\"_wpcf7cf_options\" value=\"{&quot;form_id&quot;:46275,&quot;conditions&quot;:[],&quot;settings&quot;:{&quot;animation&quot;:&quot;yes&quot;,&quot;animation_intime&quot;:200,&quot;animation_outtime&quot;:200,&quot;conditions_ui&quot;:&quot;normal&quot;,&quot;notice_dismissed&quot;:false}}\" \/>\n<\/fieldset>\n<div class=\"row\">\n\t<div class=\"col-12 col-lg-6\">\n\t\t<p><label> Nom<br \/>\n<span class=\"wpcf7-form-control-wrap\" data-name=\"your-name\"><input size=\"40\" maxlength=\"400\" class=\"wpcf7-form-control wpcf7-text wpcf7-validates-as-required\" autocomplete=\"name\" aria-required=\"true\" aria-invalid=\"false\" value=\"\" type=\"text\" name=\"your-name\" \/><\/span> <\/label>\n\t\t<\/p>\n\t<\/div>\n\t<div class=\"col-12 col-lg-6\">\n\t\t<p><label> Nom de famille<br \/>\n<span class=\"wpcf7-form-control-wrap\" data-name=\"apellido\"><input size=\"40\" maxlength=\"400\" class=\"wpcf7-form-control wpcf7-text wpcf7-validates-as-required\" autocomplete=\"name\" aria-required=\"true\" aria-invalid=\"false\" value=\"\" type=\"text\" name=\"apellido\" \/><\/span> <\/label>\n\t\t<\/p>\n\t<\/div>\n\t<div class=\"col-12 col-lg-6\">\n\t\t<p><label> Code postal*<br \/>\n<span class=\"wpcf7-form-control-wrap\" data-name=\"codigo-postal\"><input class=\"wpcf7-form-control wpcf7-number wpcf7-validates-as-required wpcf7-validates-as-number\" aria-required=\"true\" aria-invalid=\"false\" placeholder=\"\u00c9cris ici\" value=\"\" type=\"number\" name=\"codigo-postal\" \/><\/span> <\/label>\n\t\t<\/p>\n\t<\/div>\n\t<div class=\"col-12\">\n\t\t<p><label> Email<br \/>\n<span class=\"wpcf7-form-control-wrap\" data-name=\"your-email\"><input size=\"40\" maxlength=\"400\" class=\"wpcf7-form-control wpcf7-email wpcf7-validates-as-required wpcf7-text wpcf7-validates-as-email\" autocomplete=\"email\" aria-required=\"true\" aria-invalid=\"false\" value=\"\" type=\"email\" name=\"your-email\" \/><\/span> <\/label>\n\t\t<\/p>\n\t<\/div>\n\t<div class=\"col-12\">\n\t\t<p><label> Message<br \/>\n<span class=\"wpcf7-form-control-wrap\" data-name=\"mensaje\"><textarea cols=\"40\" rows=\"10\" maxlength=\"2000\" class=\"wpcf7-form-control wpcf7-textarea\" aria-invalid=\"false\" name=\"mensaje\"><\/textarea><\/span> <\/label>\n\t\t<\/p>\n\t\t<p><span class=\"wpcf7-form-control-wrap\" data-name=\"aceptacion\"><span class=\"wpcf7-form-control wpcf7-acceptance\"><span class=\"wpcf7-list-item\"><label><input type=\"checkbox\" name=\"aceptacion\" value=\"1\" aria-invalid=\"false\" \/><span class=\"wpcf7-list-item-label\">J&rsquo;ai lu et accept\u00e9 la <a style=\"text-decoration: none;\" href=\"\/fr\/politique-de-confidentialite\/\">politique de confidentialit\u00e9<\/a> de l&rsquo;entreprise<\/span><\/label><\/span><\/span><\/span>\n\t\t<\/p>\n\t<div class=\"wpcf7-response-output\" aria-hidden=\"true\"><\/div>\n\t\t<div class=\"sentForm\">\n\t\t\t<p><input class=\"wpcf7-form-control wpcf7-submit has-spinner sentForm\" type=\"submit\" value=\"Envoyer\" \/>\n\t\t\t<\/p>\n\t\t<\/div>\n\t<\/div>\n<\/div>\n<\/form>\n<\/div>\n                                    <\/div>\n            <\/div>\n        <\/div>\n    <\/div>\n<\/div>\n","protected":false},"excerpt":{"rendered":"","protected":false},"author":4,"featured_media":0,"parent":0,"menu_order":0,"comment_status":"closed","ping_status":"closed","template":"","meta":{"_acf_changed":true,"_eb_attr":"","footnotes":""},"class_list":["post-42567","page","type-page","status-publish","hentry"],"acf":[],"yoast_head":"<!-- This site is optimized with the Yoast SEO plugin v27.3 - https:\/\/yoast.com\/product\/yoast-seo-wordpress\/ -->\n<title>Espace professionnel - Tejas Borja<\/title>\n<meta name=\"description\" content=\"Trouvez des informations pertinentes sur les tuiles, les syst\u00e8mes et les produits et services de Tejas Borja. Un espace d\u00e9di\u00e9 aux professionnels de la construction.\" \/>\n<meta name=\"robots\" content=\"index, follow, max-snippet:-1, max-image-preview:large, max-video-preview:-1\" \/>\n<link rel=\"canonical\" href=\"https:\/\/tejasborja.com\/fr\/espace-professionnel\/\" \/>\n<meta property=\"og:locale\" content=\"fr_FR\" \/>\n<meta property=\"og:type\" content=\"article\" \/>\n<meta property=\"og:title\" content=\"Espace professionnel - Tejas Borja\" \/>\n<meta property=\"og:description\" content=\"Trouvez des informations pertinentes sur les tuiles, les syst\u00e8mes et les produits et services de Tejas Borja. Un espace d\u00e9di\u00e9 aux professionnels de la construction.\" \/>\n<meta property=\"og:url\" content=\"https:\/\/tejasborja.com\/fr\/espace-professionnel\/\" \/>\n<meta property=\"og:site_name\" content=\"Tejas Borja\" \/>\n<meta property=\"article:modified_time\" content=\"2026-03-17T11:45:06+00:00\" \/>\n<meta name=\"twitter:card\" content=\"summary_large_image\" \/>\n<script type=\"application\/ld+json\" class=\"yoast-schema-graph\">{\"@context\":\"https:\\\/\\\/schema.org\",\"@graph\":[{\"@type\":\"WebPage\",\"@id\":\"https:\\\/\\\/tejasborja.com\\\/fr\\\/espace-professionnel\\\/\",\"url\":\"https:\\\/\\\/tejasborja.com\\\/fr\\\/espace-professionnel\\\/\",\"name\":\"Espace professionnel - Tejas Borja\",\"isPartOf\":{\"@id\":\"https:\\\/\\\/tejasborja.com\\\/fr\\\/#website\"},\"datePublished\":\"2024-06-13T05:31:31+00:00\",\"dateModified\":\"2026-03-17T11:45:06+00:00\",\"description\":\"Trouvez des informations pertinentes sur les tuiles, les syst\u00e8mes et les produits et services de Tejas Borja. Un espace d\u00e9di\u00e9 aux professionnels de la construction.\",\"breadcrumb\":{\"@id\":\"https:\\\/\\\/tejasborja.com\\\/fr\\\/espace-professionnel\\\/#breadcrumb\"},\"inLanguage\":\"fr-FR\",\"potentialAction\":[{\"@type\":\"ReadAction\",\"target\":[\"https:\\\/\\\/tejasborja.com\\\/fr\\\/espace-professionnel\\\/\"]}]},{\"@type\":\"BreadcrumbList\",\"@id\":\"https:\\\/\\\/tejasborja.com\\\/fr\\\/espace-professionnel\\\/#breadcrumb\",\"itemListElement\":[{\"@type\":\"ListItem\",\"position\":1,\"name\":\"Portada\",\"item\":\"https:\\\/\\\/tejasborja.com\\\/fr\\\/\"},{\"@type\":\"ListItem\",\"position\":2,\"name\":\"Espace professionnel\"}]},{\"@type\":\"WebSite\",\"@id\":\"https:\\\/\\\/tejasborja.com\\\/fr\\\/#website\",\"url\":\"https:\\\/\\\/tejasborja.com\\\/fr\\\/\",\"name\":\"Tejas Borja\",\"description\":\"TEJAS BORJA la gama m\u00e1s amplia de tejas cer\u00e1micas del mercado. Especialistas en tejas mixtas, tejas planas y tejas curvas tanto para rehabilitaci\u00f3n de cubiertas como para tejados de obra nueva. Una marca con m\u00e1s de 110 a\u00f1os de experiencia....\",\"publisher\":{\"@id\":\"https:\\\/\\\/tejasborja.com\\\/fr\\\/#organization\"},\"potentialAction\":[{\"@type\":\"SearchAction\",\"target\":{\"@type\":\"EntryPoint\",\"urlTemplate\":\"https:\\\/\\\/tejasborja.com\\\/fr\\\/?s={search_term_string}\"},\"query-input\":{\"@type\":\"PropertyValueSpecification\",\"valueRequired\":true,\"valueName\":\"search_term_string\"}}],\"inLanguage\":\"fr-FR\"},{\"@type\":\"Organization\",\"@id\":\"https:\\\/\\\/tejasborja.com\\\/fr\\\/#organization\",\"name\":\"Tejas Borja\",\"url\":\"https:\\\/\\\/tejasborja.com\\\/fr\\\/\",\"logo\":{\"@type\":\"ImageObject\",\"inLanguage\":\"fr-FR\",\"@id\":\"https:\\\/\\\/tejasborja.com\\\/fr\\\/#\\\/schema\\\/logo\\\/image\\\/\",\"url\":\"https:\\\/\\\/tejasborja.com\\\/wp-content\\\/uploads\\\/2025\\\/08\\\/Logo-Tejas-Borja-Blanco-1.png\",\"contentUrl\":\"https:\\\/\\\/tejasborja.com\\\/wp-content\\\/uploads\\\/2025\\\/08\\\/Logo-Tejas-Borja-Blanco-1.png\",\"width\":150,\"height\":50,\"caption\":\"Tejas Borja\"},\"image\":{\"@id\":\"https:\\\/\\\/tejasborja.com\\\/fr\\\/#\\\/schema\\\/logo\\\/image\\\/\"}}]}<\/script>\n<!-- \/ Yoast SEO plugin. -->","yoast_head_json":{"title":"Espace professionnel - Tejas Borja","description":"Trouvez des informations pertinentes sur les tuiles, les syst\u00e8mes et les produits et services de Tejas Borja. Un espace d\u00e9di\u00e9 aux professionnels de la construction.","robots":{"index":"index","follow":"follow","max-snippet":"max-snippet:-1","max-image-preview":"max-image-preview:large","max-video-preview":"max-video-preview:-1"},"canonical":"https:\/\/tejasborja.com\/fr\/espace-professionnel\/","og_locale":"fr_FR","og_type":"article","og_title":"Espace professionnel - Tejas Borja","og_description":"Trouvez des informations pertinentes sur les tuiles, les syst\u00e8mes et les produits et services de Tejas Borja. Un espace d\u00e9di\u00e9 aux professionnels de la construction.","og_url":"https:\/\/tejasborja.com\/fr\/espace-professionnel\/","og_site_name":"Tejas Borja","article_modified_time":"2026-03-17T11:45:06+00:00","twitter_card":"summary_large_image","schema":{"@context":"https:\/\/schema.org","@graph":[{"@type":"WebPage","@id":"https:\/\/tejasborja.com\/fr\/espace-professionnel\/","url":"https:\/\/tejasborja.com\/fr\/espace-professionnel\/","name":"Espace professionnel - Tejas Borja","isPartOf":{"@id":"https:\/\/tejasborja.com\/fr\/#website"},"datePublished":"2024-06-13T05:31:31+00:00","dateModified":"2026-03-17T11:45:06+00:00","description":"Trouvez des informations pertinentes sur les tuiles, les syst\u00e8mes et les produits et services de Tejas Borja. Un espace d\u00e9di\u00e9 aux professionnels de la construction.","breadcrumb":{"@id":"https:\/\/tejasborja.com\/fr\/espace-professionnel\/#breadcrumb"},"inLanguage":"fr-FR","potentialAction":[{"@type":"ReadAction","target":["https:\/\/tejasborja.com\/fr\/espace-professionnel\/"]}]},{"@type":"BreadcrumbList","@id":"https:\/\/tejasborja.com\/fr\/espace-professionnel\/#breadcrumb","itemListElement":[{"@type":"ListItem","position":1,"name":"Portada","item":"https:\/\/tejasborja.com\/fr\/"},{"@type":"ListItem","position":2,"name":"Espace professionnel"}]},{"@type":"WebSite","@id":"https:\/\/tejasborja.com\/fr\/#website","url":"https:\/\/tejasborja.com\/fr\/","name":"Tejas Borja","description":"TEJAS BORJA la gama m\u00e1s amplia de tejas cer\u00e1micas del mercado. Especialistas en tejas mixtas, tejas planas y tejas curvas tanto para rehabilitaci\u00f3n de cubiertas como para tejados de obra nueva. Una marca con m\u00e1s de 110 a\u00f1os de experiencia....","publisher":{"@id":"https:\/\/tejasborja.com\/fr\/#organization"},"potentialAction":[{"@type":"SearchAction","target":{"@type":"EntryPoint","urlTemplate":"https:\/\/tejasborja.com\/fr\/?s={search_term_string}"},"query-input":{"@type":"PropertyValueSpecification","valueRequired":true,"valueName":"search_term_string"}}],"inLanguage":"fr-FR"},{"@type":"Organization","@id":"https:\/\/tejasborja.com\/fr\/#organization","name":"Tejas Borja","url":"https:\/\/tejasborja.com\/fr\/","logo":{"@type":"ImageObject","inLanguage":"fr-FR","@id":"https:\/\/tejasborja.com\/fr\/#\/schema\/logo\/image\/","url":"https:\/\/tejasborja.com\/wp-content\/uploads\/2025\/08\/Logo-Tejas-Borja-Blanco-1.png","contentUrl":"https:\/\/tejasborja.com\/wp-content\/uploads\/2025\/08\/Logo-Tejas-Borja-Blanco-1.png","width":150,"height":50,"caption":"Tejas Borja"},"image":{"@id":"https:\/\/tejasborja.com\/fr\/#\/schema\/logo\/image\/"}}]}},"_links":{"self":[{"href":"https:\/\/tejasborja.com\/fr\/wp-json\/wp\/v2\/pages\/42567","targetHints":{"allow":["GET"]}}],"collection":[{"href":"https:\/\/tejasborja.com\/fr\/wp-json\/wp\/v2\/pages"}],"about":[{"href":"https:\/\/tejasborja.com\/fr\/wp-json\/wp\/v2\/types\/page"}],"author":[{"embeddable":true,"href":"https:\/\/tejasborja.com\/fr\/wp-json\/wp\/v2\/users\/4"}],"replies":[{"embeddable":true,"href":"https:\/\/tejasborja.com\/fr\/wp-json\/wp\/v2\/comments?post=42567"}],"version-history":[{"count":0,"href":"https:\/\/tejasborja.com\/fr\/wp-json\/wp\/v2\/pages\/42567\/revisions"}],"wp:attachment":[{"href":"https:\/\/tejasborja.com\/fr\/wp-json\/wp\/v2\/media?parent=42567"}],"curies":[{"name":"wp","href":"https:\/\/api.w.org\/{rel}","templated":true}]}}