{"id":42587,"date":"2024-06-13T07:31:46","date_gmt":"2024-06-13T05:31:46","guid":{"rendered":"https:\/\/tejasborja.com\/espace-professionnel\/catalogos\/"},"modified":"2025-05-05T17:09:03","modified_gmt":"2025-05-05T15:09:03","slug":"catalogues","status":"publish","type":"page","link":"https:\/\/tejasborja.com\/fr\/espace-professionnel\/catalogues\/","title":{"rendered":"Catalogues"},"content":{"rendered":"\n<div id=\"Header-block_a4fd907b98ed76b228c6d00b024b2603\" class=\"v1 Header no-margin-bottom\" style=\"background-color: \">\n\n    \n    <div class=\"container\">\n        <div class=\"row\">\n            <div class=\"col-12\">\n                <div class=\"titulo\"><h1 class=''>Catalogues<\/h1>\n<\/div>\n            <\/div>\n        <\/div>\n        <div class=\"row\">\n            <div class=\"col-12 col-lg-10 mx-auto\">\n                <div class=\"subtitulo\"><\/div>\n            <\/div>\n        <\/div>\n    <\/div>\n\n    \n<\/div>\n\n\n\n<div id=\"TituloTexto-block_54f09c8193f94c2e27a708989cb8d3b6\" class=\"TituloTexto v2 withoutPadding withPaddingTop \" style=\"background-color: \">\n    <div class=\"container\">\n        <div class=\"row\">\n            <div class=\"col-12\">\n                <div class=\"titulo\" style=\"margin-bottom: 24px\"><h2 class='textXL'>Tuiles c\u00e9ramiques<\/h2>\n<\/div>\n                <div class=\"texto textMD\"><p>Tuiles c\u00e9ramique de diff\u00e9rents formats, dimensions et finitions :<br \/>\nD\u00e9couvrez les tuiles de Tejas Borja !<\/p>\n<\/div>\n            <\/div>\n        <\/div>\n    <\/div>\n<\/div>\n\n\n\n<div id=\"Tarjetas-block_f3b9dc740783999efefd2c8a9b61fee2\" class=\"Tarjetas colv1 normal\" style=\"background-color: \">\n    <div class=\"container\">\n        <div class=\"row\">\n            <div class=\"col-12\">\n                <div class=\"tarjetasGrid\">\n                                            <div class=\"tarjeta\">\n                            <div>\n                                                                    <img decoding=\"async\" width=\"280\" height=\"236\" data-src=\"https:\/\/tejasborja.com\/wp-content\/uploads\/2024\/07\/CATALOGOS-Tejas-solar.jpg\" class=\"imagen lazyload\" alt=\"\" src=\"data:image\/svg+xml;base64,PHN2ZyB3aWR0aD0iMSIgaGVpZ2h0PSIxIiB4bWxucz0iaHR0cDovL3d3dy53My5vcmcvMjAwMC9zdmciPjwvc3ZnPg==\" style=\"--smush-placeholder-width: 280px; --smush-placeholder-aspect-ratio: 280\/236;\" \/>                                                                                                    <div class=\"tituloTarjeta\"><p>GAMME SOLAIRE<\/p>\n<\/div>\n                                                                <div class=\"textoTarjeta\"><p>Produits s\u2019int\u00e9grant parfaitement aux couvertures de tuiles plates de la gamme \u201cFlat\u201d de Tejas Borja.<\/p>\n<\/div>\n                            <\/div>\n                                                            <a class=\"primaryCtaOutline\" href=\"https:\/\/tejasborja.com\/media\/fr\/FR-TejasBorja-Tuiles-Solaires.pdf \" target=\"_blank\">Voir le catalogue<\/a>\n                                                    <\/div>\n                                            <div class=\"tarjeta\">\n                            <div>\n                                                                    <img decoding=\"async\" width=\"280\" height=\"236\" data-src=\"https:\/\/tejasborja.com\/wp-content\/uploads\/2024\/07\/CATALOGOS-Tejas-planas.jpg\" class=\"imagen lazyload\" alt=\"\" src=\"data:image\/svg+xml;base64,PHN2ZyB3aWR0aD0iMSIgaGVpZ2h0PSIxIiB4bWxucz0iaHR0cDovL3d3dy53My5vcmcvMjAwMC9zdmciPjwvc3ZnPg==\" style=\"--smush-placeholder-width: 280px; --smush-placeholder-aspect-ratio: 280\/236;\" \/>                                                                                                    <div class=\"tituloTarjeta\"><p>TUILES PLATES<\/p>\n<\/div>\n                                                                <div class=\"textoTarjeta\"><p>Des tuiles parfaitement plates et des tuiles marseillaises disponibles dans le catalogue Tejas Borja.<\/p>\n<\/div>\n                            <\/div>\n                                                            <a class=\"primaryCtaOutline\" href=\"https:\/\/tejasborja.com\/media\/fr\/FR-TejasBorja-Tuiles-Plates.pdf \" target=\"_blank\">Voir le catalogue<\/a>\n                                                    <\/div>\n                                            <div class=\"tarjeta\">\n                            <div>\n                                                                    <img decoding=\"async\" width=\"280\" height=\"236\" data-src=\"https:\/\/tejasborja.com\/wp-content\/uploads\/2024\/07\/CATALOGOS-Tejas-curvas.webp\" class=\"imagen lazyload\" alt=\"\" src=\"data:image\/svg+xml;base64,PHN2ZyB3aWR0aD0iMSIgaGVpZ2h0PSIxIiB4bWxucz0iaHR0cDovL3d3dy53My5vcmcvMjAwMC9zdmciPjwvc3ZnPg==\" style=\"--smush-placeholder-width: 280px; --smush-placeholder-aspect-ratio: 280\/236;\" \/>                                                                                                    <div class=\"tituloTarjeta\"><p>TUILES MEC\u00c1NIQUES<\/p>\n<\/div>\n                                                                <div class=\"textoTarjeta\"><p>Tuiles m\u00e9caniques ou \u00e0 embo\u00eetement. Profil courb\u00e9 et plat en tant qu&rsquo;\u00e9l\u00e9ment de toiture unique.<\/p>\n<\/div>\n                            <\/div>\n                                                            <a class=\"primaryCtaOutline\" href=\"https:\/\/tejasborja.com\/media\/fr\/FR-TejasBorja-Tuiles-Mecaniques.pdf \" target=\"_blank\">Voir le catalogue<\/a>\n                                                    <\/div>\n                                            <div class=\"tarjeta\">\n                            <div>\n                                                                    <img decoding=\"async\" width=\"280\" height=\"236\" data-src=\"https:\/\/tejasborja.com\/wp-content\/uploads\/2024\/07\/CATALOGOS-Tejas-mixtas.webp\" class=\"imagen lazyload\" alt=\"\" src=\"data:image\/svg+xml;base64,PHN2ZyB3aWR0aD0iMSIgaGVpZ2h0PSIxIiB4bWxucz0iaHR0cDovL3d3dy53My5vcmcvMjAwMC9zdmciPjwvc3ZnPg==\" style=\"--smush-placeholder-width: 280px; --smush-placeholder-aspect-ratio: 280\/236;\" \/>                                                                                                    <div class=\"tituloTarjeta\"><p>TUILES CANAL<\/p>\n<\/div>\n                                                                <div class=\"textoTarjeta\"><p>Les tuiles canal en c\u00e9ramique de diff\u00e9rentes tailles sont un classique m\u00e9diterran\u00e9en qui ne se d\u00e9mode jamais.<\/p>\n<\/div>\n                            <\/div>\n                                                            <a class=\"primaryCtaOutline\" href=\"https:\/\/tejasborja.com\/media\/fr\/FR-TejasBorja-Tuiles-Canal.pdf \" target=\"_blank\">Voir le catalogue<\/a>\n                                                    <\/div>\n                                    <\/div>\n            <\/div>\n        <\/div>\n    <\/div>\n<\/div>\n\n\n\n<div id=\"TituloTexto-block_1e1cc384dab601d1e26bbc3e6fa252c8\" class=\"TituloTexto v2 withoutPadding withPaddingTop \" style=\"background-color: \">\n    <div class=\"container\">\n        <div class=\"row\">\n            <div class=\"col-12\">\n                <div class=\"titulo\" style=\"margin-bottom: 24px\"><h2 class='textXL'>Syst\u00e8mes d&rsquo;installation complets<\/h2>\n<\/div>\n                <div class=\"texto textMD\"><p>Assurez une plus grande durabilit\u00e9, efficacit\u00e9 et facilit\u00e9 d\u2019installation pour la toiture.<\/p>\n<\/div>\n            <\/div>\n        <\/div>\n    <\/div>\n<\/div>\n\n\n\n<div id=\"Tarjetas-block_80be13f6762e3cc4cde091ef4467ff29\" class=\"Tarjetas colv1 normal\" style=\"background-color: \">\n    <div class=\"container\">\n        <div class=\"row\">\n            <div class=\"col-12\">\n                <div class=\"tarjetasGrid\">\n                                            <div class=\"tarjeta\">\n                            <div>\n                                                                    <img decoding=\"async\" width=\"280\" height=\"237\" data-src=\"https:\/\/tejasborja.com\/wp-content\/uploads\/2024\/07\/CATALOGOS-sistemas-sat.jpg\" class=\"imagen lazyload\" alt=\"\" src=\"data:image\/svg+xml;base64,PHN2ZyB3aWR0aD0iMSIgaGVpZ2h0PSIxIiB4bWxucz0iaHR0cDovL3d3dy53My5vcmcvMjAwMC9zdmciPjwvc3ZnPg==\" style=\"--smush-placeholder-width: 280px; --smush-placeholder-aspect-ratio: 280\/237;\" \/>                                                                                                    <div class=\"tituloTarjeta\"><p>BORJASAT<\/p>\n<\/div>\n                                                                <div class=\"textoTarjeta\"><p>Syst\u00e8me complet d\u2019isolation et d\u2019\u00e9tanch\u00e9it\u00e9 pour les toitures ventil\u00e9es. Il est id\u00e9al pour la r\u00e9novation des toitures inclin\u00e9es ou de nouveaux chantiers.<\/p>\n<\/div>\n                            <\/div>\n                                                            <a class=\"primaryCtaOutline\" href=\"https:\/\/tejasborja.com\/media\/fr\/FR-BorjaSAT-Catalogue.pdf \" target=\"_blank\">Voir le catalogue<\/a>\n                                                    <\/div>\n                                            <div class=\"tarjeta\">\n                            <div>\n                                                                    <img decoding=\"async\" width=\"280\" height=\"237\" data-src=\"https:\/\/tejasborja.com\/wp-content\/uploads\/2024\/07\/CATALOGOS-sistemas-therm.jpg\" class=\"imagen lazyload\" alt=\"\" src=\"data:image\/svg+xml;base64,PHN2ZyB3aWR0aD0iMSIgaGVpZ2h0PSIxIiB4bWxucz0iaHR0cDovL3d3dy53My5vcmcvMjAwMC9zdmciPjwvc3ZnPg==\" style=\"--smush-placeholder-width: 280px; --smush-placeholder-aspect-ratio: 280\/237;\" \/>                                                                                                    <div class=\"tituloTarjeta\"><p>BORJATHERM<\/p>\n<\/div>\n                                                                <div class=\"textoTarjeta\"><p>Solution technique compl\u00e8te\u00a0pour l\u2019installation de couvertures l\u00e9g\u00e8res de tuiles \u00e0 haute efficacit\u00e9 \u00e9nerg\u00e9tique.<\/p>\n<\/div>\n                            <\/div>\n                                                            <a class=\"primaryCtaOutline\" href=\"https:\/\/tejasborja.com\/media\/fr\/FR-BorjaTherm-Catalogue.pdf \" target=\"_blank\">Voir le catalogue<\/a>\n                                                    <\/div>\n                                            <div class=\"tarjeta\">\n                            <div>\n                                                                    <img decoding=\"async\" width=\"280\" height=\"237\" data-src=\"https:\/\/tejasborja.com\/wp-content\/uploads\/2024\/07\/CATALOGOS-sistemas-system.jpg\" class=\"imagen lazyload\" alt=\"\" src=\"data:image\/svg+xml;base64,PHN2ZyB3aWR0aD0iMSIgaGVpZ2h0PSIxIiB4bWxucz0iaHR0cDovL3d3dy53My5vcmcvMjAwMC9zdmciPjwvc3ZnPg==\" style=\"--smush-placeholder-width: 280px; --smush-placeholder-aspect-ratio: 280\/237;\" \/>                                                                                                    <div class=\"tituloTarjeta\"><p>BORJASYSTEM<\/p>\n<\/div>\n                                                                <div class=\"textoTarjeta\"><p>Il permet l&rsquo;installation de toitures compl\u00e8tes sans mortier, gr\u00e2ce \u00e0 des solutions d&rsquo;\u00e9tanch\u00e9it\u00e9, de fixation et de ventilation.<\/p>\n<\/div>\n                            <\/div>\n                                                            <a class=\"primaryCtaOutline\" href=\"https:\/\/tejasborja.com\/media\/fr\/FR-BorjaSystem-Catalogue.pdf \" target=\"_blank\">Voir le catalogue<\/a>\n                                                    <\/div>\n                                    <\/div>\n            <\/div>\n        <\/div>\n    <\/div>\n<\/div>\n\n\n<div id=\"FormularioHorario-block_c1db7b487c04eb63da183cf735414030\" class=\"FormularioHorario\" style=\"background-color: #f5f5f5\">\n\n    <div class=\"container\">\n        <div class=\"row\">\n            <div class=\"col-12 col-lg-5 mx-auto\">\n                <div class=\"titulo textXL\"><h3 class=''>Avez-vous besoin de conseils ?<\/h3>\n<\/div>\n                <div class=\"texto textBody\"><p>Nous vous conseillons sur les mat\u00e9riaux les plus appropri\u00e9s pour vos toitures et sur les possibilit\u00e9s infinies des produits Tejas Borja. Nous vous indiquons \u00e9galement quel est notre point de vente ou le showroom le plus proche, o\u00f9 vous pourrez b\u00e9n\u00e9ficier de l&rsquo;assistance personnelle d&rsquo;un personnel sp\u00e9cialis\u00e9.<\/p>\n<\/div>\n                            <\/div>\n            <div class=\"col-12 col-lg-7 mx-auto\">\n                <div class=\"titulo second textXL\"><\/div>\n                <div class=\"formularioCont novalidate\">\n                                            \n<div class=\"wpcf7 no-js\" id=\"wpcf7-f46275-o1\" lang=\"fr-FR\" dir=\"ltr\" data-wpcf7-id=\"46275\">\n<div class=\"screen-reader-response\"><p role=\"status\" aria-live=\"polite\" aria-atomic=\"true\"><\/p> <ul><\/ul><\/div>\n<form action=\"\/fr\/wp-json\/wp\/v2\/pages\/42587#wpcf7-f46275-o1\" method=\"post\" class=\"wpcf7-form init\" aria-label=\"Formulaire de contact\" novalidate=\"novalidate\" data-status=\"init\">\n<fieldset class=\"hidden-fields-container\"><input type=\"hidden\" name=\"_wpcf7\" value=\"46275\" \/><input type=\"hidden\" name=\"_wpcf7_version\" value=\"6.1.5\" \/><input type=\"hidden\" name=\"_wpcf7_locale\" value=\"fr_FR\" \/><input type=\"hidden\" name=\"_wpcf7_unit_tag\" value=\"wpcf7-f46275-o1\" \/><input type=\"hidden\" name=\"_wpcf7_container_post\" value=\"0\" \/><input type=\"hidden\" name=\"_wpcf7_posted_data_hash\" value=\"\" \/><input type=\"hidden\" name=\"_wpcf7cf_hidden_group_fields\" value=\"[]\" \/><input type=\"hidden\" name=\"_wpcf7cf_hidden_groups\" value=\"[]\" \/><input type=\"hidden\" name=\"_wpcf7cf_visible_groups\" value=\"[]\" \/><input type=\"hidden\" name=\"_wpcf7cf_repeaters\" value=\"[]\" \/><input type=\"hidden\" name=\"_wpcf7cf_steps\" value=\"{}\" \/><input type=\"hidden\" name=\"_wpcf7cf_options\" value=\"{&quot;form_id&quot;:46275,&quot;conditions&quot;:[],&quot;settings&quot;:{&quot;animation&quot;:&quot;yes&quot;,&quot;animation_intime&quot;:200,&quot;animation_outtime&quot;:200,&quot;conditions_ui&quot;:&quot;normal&quot;,&quot;notice_dismissed&quot;:false}}\" \/>\n<\/fieldset>\n<div class=\"row\">\n\t<div class=\"col-12 col-lg-6\">\n\t\t<p><label> Nom<br \/>\n<span class=\"wpcf7-form-control-wrap\" data-name=\"your-name\"><input size=\"40\" maxlength=\"400\" class=\"wpcf7-form-control wpcf7-text wpcf7-validates-as-required\" autocomplete=\"name\" aria-required=\"true\" aria-invalid=\"false\" value=\"\" type=\"text\" name=\"your-name\" \/><\/span> <\/label>\n\t\t<\/p>\n\t<\/div>\n\t<div class=\"col-12 col-lg-6\">\n\t\t<p><label> Nom de famille<br \/>\n<span class=\"wpcf7-form-control-wrap\" data-name=\"apellido\"><input size=\"40\" maxlength=\"400\" class=\"wpcf7-form-control wpcf7-text wpcf7-validates-as-required\" autocomplete=\"name\" aria-required=\"true\" aria-invalid=\"false\" value=\"\" type=\"text\" name=\"apellido\" \/><\/span> <\/label>\n\t\t<\/p>\n\t<\/div>\n\t<div class=\"col-12 col-lg-6\">\n\t\t<p><label> Code postal*<br \/>\n<span class=\"wpcf7-form-control-wrap\" data-name=\"codigo-postal\"><input class=\"wpcf7-form-control wpcf7-number wpcf7-validates-as-required wpcf7-validates-as-number\" aria-required=\"true\" aria-invalid=\"false\" placeholder=\"\u00c9cris ici\" value=\"\" type=\"number\" name=\"codigo-postal\" \/><\/span> <\/label>\n\t\t<\/p>\n\t<\/div>\n\t<div class=\"col-12\">\n\t\t<p><label> Email<br \/>\n<span class=\"wpcf7-form-control-wrap\" data-name=\"your-email\"><input size=\"40\" maxlength=\"400\" class=\"wpcf7-form-control wpcf7-email wpcf7-validates-as-required wpcf7-text wpcf7-validates-as-email\" autocomplete=\"email\" aria-required=\"true\" aria-invalid=\"false\" value=\"\" type=\"email\" name=\"your-email\" \/><\/span> <\/label>\n\t\t<\/p>\n\t<\/div>\n\t<div class=\"col-12\">\n\t\t<p><label> Message<br \/>\n<span class=\"wpcf7-form-control-wrap\" data-name=\"mensaje\"><textarea cols=\"40\" rows=\"10\" maxlength=\"2000\" class=\"wpcf7-form-control wpcf7-textarea\" aria-invalid=\"false\" name=\"mensaje\"><\/textarea><\/span> <\/label>\n\t\t<\/p>\n\t\t<p><span class=\"wpcf7-form-control-wrap\" data-name=\"aceptacion\"><span class=\"wpcf7-form-control wpcf7-acceptance\"><span class=\"wpcf7-list-item\"><label><input type=\"checkbox\" name=\"aceptacion\" value=\"1\" aria-invalid=\"false\" \/><span class=\"wpcf7-list-item-label\">J&rsquo;ai lu et accept\u00e9 la <a style=\"text-decoration: none;\" href=\"\/fr\/politique-de-confidentialite\/\">politique de confidentialit\u00e9<\/a> de l&rsquo;entreprise<\/span><\/label><\/span><\/span><\/span>\n\t\t<\/p>\n\t<div class=\"wpcf7-response-output\" aria-hidden=\"true\"><\/div>\n\t\t<div class=\"sentForm\">\n\t\t\t<p><input class=\"wpcf7-form-control wpcf7-submit has-spinner sentForm\" type=\"submit\" value=\"Envoyer\" \/>\n\t\t\t<\/p>\n\t\t<\/div>\n\t<\/div>\n<\/div>\n<\/form>\n<\/div>\n                                    <\/div>\n            <\/div>\n        <\/div>\n    <\/div>\n<\/div>\n","protected":false},"excerpt":{"rendered":"","protected":false},"author":4,"featured_media":0,"parent":42567,"menu_order":0,"comment_status":"closed","ping_status":"closed","template":"","meta":{"_acf_changed":false,"_eb_attr":"","footnotes":""},"class_list":["post-42587","page","type-page","status-publish","hentry"],"acf":[],"yoast_head":"<!-- This site is optimized with the Yoast SEO plugin v27.3 - https:\/\/yoast.com\/product\/yoast-seo-wordpress\/ -->\n<title>Catalogues - Tejas Borja<\/title>\n<meta name=\"robots\" content=\"index, follow, max-snippet:-1, max-image-preview:large, max-video-preview:-1\" \/>\n<link rel=\"canonical\" href=\"https:\/\/tejasborja.com\/fr\/espace-professionnel\/catalogues\/\" \/>\n<meta property=\"og:locale\" content=\"fr_FR\" \/>\n<meta property=\"og:type\" content=\"article\" \/>\n<meta property=\"og:title\" content=\"Catalogues - Tejas Borja\" \/>\n<meta property=\"og:url\" content=\"https:\/\/tejasborja.com\/fr\/espace-professionnel\/catalogues\/\" \/>\n<meta property=\"og:site_name\" content=\"Tejas Borja\" \/>\n<meta property=\"article:modified_time\" content=\"2025-05-05T15:09:03+00:00\" \/>\n<meta name=\"twitter:card\" content=\"summary_large_image\" \/>\n<script type=\"application\/ld+json\" class=\"yoast-schema-graph\">{\"@context\":\"https:\\\/\\\/schema.org\",\"@graph\":[{\"@type\":\"WebPage\",\"@id\":\"https:\\\/\\\/tejasborja.com\\\/fr\\\/espace-professionnel\\\/catalogues\\\/\",\"url\":\"https:\\\/\\\/tejasborja.com\\\/fr\\\/espace-professionnel\\\/catalogues\\\/\",\"name\":\"Catalogues - Tejas Borja\",\"isPartOf\":{\"@id\":\"https:\\\/\\\/tejasborja.com\\\/fr\\\/#website\"},\"datePublished\":\"2024-06-13T05:31:46+00:00\",\"dateModified\":\"2025-05-05T15:09:03+00:00\",\"breadcrumb\":{\"@id\":\"https:\\\/\\\/tejasborja.com\\\/fr\\\/espace-professionnel\\\/catalogues\\\/#breadcrumb\"},\"inLanguage\":\"fr-FR\",\"potentialAction\":[{\"@type\":\"ReadAction\",\"target\":[\"https:\\\/\\\/tejasborja.com\\\/fr\\\/espace-professionnel\\\/catalogues\\\/\"]}]},{\"@type\":\"BreadcrumbList\",\"@id\":\"https:\\\/\\\/tejasborja.com\\\/fr\\\/espace-professionnel\\\/catalogues\\\/#breadcrumb\",\"itemListElement\":[{\"@type\":\"ListItem\",\"position\":1,\"name\":\"Portada\",\"item\":\"https:\\\/\\\/tejasborja.com\\\/fr\\\/\"},{\"@type\":\"ListItem\",\"position\":2,\"name\":\"Espace professionnel\",\"item\":\"https:\\\/\\\/tejasborja.com\\\/fr\\\/espace-professionnel\\\/\"},{\"@type\":\"ListItem\",\"position\":3,\"name\":\"Catalogues\"}]},{\"@type\":\"WebSite\",\"@id\":\"https:\\\/\\\/tejasborja.com\\\/fr\\\/#website\",\"url\":\"https:\\\/\\\/tejasborja.com\\\/fr\\\/\",\"name\":\"Tejas Borja\",\"description\":\"TEJAS BORJA la gama m\u00e1s amplia de tejas cer\u00e1micas del mercado. Especialistas en tejas mixtas, tejas planas y tejas curvas tanto para rehabilitaci\u00f3n de cubiertas como para tejados de obra nueva. Una marca con m\u00e1s de 110 a\u00f1os de experiencia....\",\"publisher\":{\"@id\":\"https:\\\/\\\/tejasborja.com\\\/fr\\\/#organization\"},\"potentialAction\":[{\"@type\":\"SearchAction\",\"target\":{\"@type\":\"EntryPoint\",\"urlTemplate\":\"https:\\\/\\\/tejasborja.com\\\/fr\\\/?s={search_term_string}\"},\"query-input\":{\"@type\":\"PropertyValueSpecification\",\"valueRequired\":true,\"valueName\":\"search_term_string\"}}],\"inLanguage\":\"fr-FR\"},{\"@type\":\"Organization\",\"@id\":\"https:\\\/\\\/tejasborja.com\\\/fr\\\/#organization\",\"name\":\"Tejas Borja\",\"url\":\"https:\\\/\\\/tejasborja.com\\\/fr\\\/\",\"logo\":{\"@type\":\"ImageObject\",\"inLanguage\":\"fr-FR\",\"@id\":\"https:\\\/\\\/tejasborja.com\\\/fr\\\/#\\\/schema\\\/logo\\\/image\\\/\",\"url\":\"https:\\\/\\\/tejasborja.com\\\/wp-content\\\/uploads\\\/2025\\\/08\\\/Logo-Tejas-Borja-Blanco-1.png\",\"contentUrl\":\"https:\\\/\\\/tejasborja.com\\\/wp-content\\\/uploads\\\/2025\\\/08\\\/Logo-Tejas-Borja-Blanco-1.png\",\"width\":150,\"height\":50,\"caption\":\"Tejas Borja\"},\"image\":{\"@id\":\"https:\\\/\\\/tejasborja.com\\\/fr\\\/#\\\/schema\\\/logo\\\/image\\\/\"}}]}<\/script>\n<!-- \/ Yoast SEO plugin. -->","yoast_head_json":{"title":"Catalogues - Tejas Borja","robots":{"index":"index","follow":"follow","max-snippet":"max-snippet:-1","max-image-preview":"max-image-preview:large","max-video-preview":"max-video-preview:-1"},"canonical":"https:\/\/tejasborja.com\/fr\/espace-professionnel\/catalogues\/","og_locale":"fr_FR","og_type":"article","og_title":"Catalogues - Tejas Borja","og_url":"https:\/\/tejasborja.com\/fr\/espace-professionnel\/catalogues\/","og_site_name":"Tejas Borja","article_modified_time":"2025-05-05T15:09:03+00:00","twitter_card":"summary_large_image","schema":{"@context":"https:\/\/schema.org","@graph":[{"@type":"WebPage","@id":"https:\/\/tejasborja.com\/fr\/espace-professionnel\/catalogues\/","url":"https:\/\/tejasborja.com\/fr\/espace-professionnel\/catalogues\/","name":"Catalogues - Tejas Borja","isPartOf":{"@id":"https:\/\/tejasborja.com\/fr\/#website"},"datePublished":"2024-06-13T05:31:46+00:00","dateModified":"2025-05-05T15:09:03+00:00","breadcrumb":{"@id":"https:\/\/tejasborja.com\/fr\/espace-professionnel\/catalogues\/#breadcrumb"},"inLanguage":"fr-FR","potentialAction":[{"@type":"ReadAction","target":["https:\/\/tejasborja.com\/fr\/espace-professionnel\/catalogues\/"]}]},{"@type":"BreadcrumbList","@id":"https:\/\/tejasborja.com\/fr\/espace-professionnel\/catalogues\/#breadcrumb","itemListElement":[{"@type":"ListItem","position":1,"name":"Portada","item":"https:\/\/tejasborja.com\/fr\/"},{"@type":"ListItem","position":2,"name":"Espace professionnel","item":"https:\/\/tejasborja.com\/fr\/espace-professionnel\/"},{"@type":"ListItem","position":3,"name":"Catalogues"}]},{"@type":"WebSite","@id":"https:\/\/tejasborja.com\/fr\/#website","url":"https:\/\/tejasborja.com\/fr\/","name":"Tejas Borja","description":"TEJAS BORJA la gama m\u00e1s amplia de tejas cer\u00e1micas del mercado. Especialistas en tejas mixtas, tejas planas y tejas curvas tanto para rehabilitaci\u00f3n de cubiertas como para tejados de obra nueva. Una marca con m\u00e1s de 110 a\u00f1os de experiencia....","publisher":{"@id":"https:\/\/tejasborja.com\/fr\/#organization"},"potentialAction":[{"@type":"SearchAction","target":{"@type":"EntryPoint","urlTemplate":"https:\/\/tejasborja.com\/fr\/?s={search_term_string}"},"query-input":{"@type":"PropertyValueSpecification","valueRequired":true,"valueName":"search_term_string"}}],"inLanguage":"fr-FR"},{"@type":"Organization","@id":"https:\/\/tejasborja.com\/fr\/#organization","name":"Tejas Borja","url":"https:\/\/tejasborja.com\/fr\/","logo":{"@type":"ImageObject","inLanguage":"fr-FR","@id":"https:\/\/tejasborja.com\/fr\/#\/schema\/logo\/image\/","url":"https:\/\/tejasborja.com\/wp-content\/uploads\/2025\/08\/Logo-Tejas-Borja-Blanco-1.png","contentUrl":"https:\/\/tejasborja.com\/wp-content\/uploads\/2025\/08\/Logo-Tejas-Borja-Blanco-1.png","width":150,"height":50,"caption":"Tejas Borja"},"image":{"@id":"https:\/\/tejasborja.com\/fr\/#\/schema\/logo\/image\/"}}]}},"_links":{"self":[{"href":"https:\/\/tejasborja.com\/fr\/wp-json\/wp\/v2\/pages\/42587","targetHints":{"allow":["GET"]}}],"collection":[{"href":"https:\/\/tejasborja.com\/fr\/wp-json\/wp\/v2\/pages"}],"about":[{"href":"https:\/\/tejasborja.com\/fr\/wp-json\/wp\/v2\/types\/page"}],"author":[{"embeddable":true,"href":"https:\/\/tejasborja.com\/fr\/wp-json\/wp\/v2\/users\/4"}],"replies":[{"embeddable":true,"href":"https:\/\/tejasborja.com\/fr\/wp-json\/wp\/v2\/comments?post=42587"}],"version-history":[{"count":0,"href":"https:\/\/tejasborja.com\/fr\/wp-json\/wp\/v2\/pages\/42587\/revisions"}],"up":[{"embeddable":true,"href":"https:\/\/tejasborja.com\/fr\/wp-json\/wp\/v2\/pages\/42567"}],"wp:attachment":[{"href":"https:\/\/tejasborja.com\/fr\/wp-json\/wp\/v2\/media?parent=42587"}],"curies":[{"name":"wp","href":"https:\/\/api.w.org\/{rel}","templated":true}]}}