{"id":43474,"date":"2024-10-22T13:08:20","date_gmt":"2024-10-22T11:08:20","guid":{"rendered":"https:\/\/tejasborja.com\/tejas-borja\/colaboraciones-y-asociaciones\/"},"modified":"2025-09-01T10:44:39","modified_gmt":"2025-09-01T08:44:39","slug":"collaborations-et-partenariats","status":"publish","type":"page","link":"https:\/\/tejasborja.com\/fr\/tejas-borja\/collaborations-et-partenariats\/","title":{"rendered":"Collaborations et partenariats"},"content":{"rendered":"\n<div id=\"Submenu-block_87046cc4722e7b0e371a61f9a0c7758f\" class=\"Submenu\">\n    <div class=\"container\">\n        <div class=\"row\">\n            <div class=\"col-12\">\n                <div class=\"enlaces d-flex justify-content-around flex-wrap\">\n                                        <a href=\"https:\/\/tejasborja.com\/fr\/tejas-borja\/\" target=\"\" class=\"\">Tejas Borja<\/a>\n                                        <a href=\"https:\/\/tejasborja.com\/fr\/tejas-borja\/rse\/\" target=\"\" class=\"\">RSE<\/a>\n                                        <a href=\"https:\/\/tejasborja.com\/fr\/tejas-borja\/les-prix\/\" target=\"\" class=\"\">Les prix<\/a>\n                                        <a href=\"https:\/\/tejasborja.com\/fr\/tejas-borja\/collaborations-et-partenariats\/\" target=\"\" class=\"active\">Collaborations<\/a>\n                                    <\/div>\n            <\/div>\n        <\/div>\n    <\/div>\n<\/div>\n\n\n\n<div id=\"ImagenTexto-block_d0dd8336e433e24f467ef604d74d07fe\" class=\"ImagenTexto\" style=\"background-color: \">\n\n    <div data-aos=\"fade-up\" class=\"container\">\n        <div class=\"row align-items-center\">\n            <div class=\"imagen col-12 col-lg-5 pb-3 pb-lg-0  derecha order-lg-1 ps-lg-5 d-flex justify-content-lg-end\">\n                                                        <img decoding=\"async\" width=\"592\" height=\"592\" data-src=\"https:\/\/tejasborja.com\/wp-content\/uploads\/2024\/10\/premios-imagen.webp\" class=\"imagen img-fluid normal lazyload\" alt=\"\" data-srcset=\"https:\/\/tejasborja.com\/wp-content\/uploads\/2024\/10\/premios-imagen.webp 592w, https:\/\/tejasborja.com\/wp-content\/uploads\/2024\/10\/premios-imagen-300x300.webp 300w, https:\/\/tejasborja.com\/wp-content\/uploads\/2024\/10\/premios-imagen-150x150.webp 150w\" data-sizes=\"auto, (max-width: 592px) 100vw, 592px\" src=\"data:image\/svg+xml;base64,PHN2ZyB3aWR0aD0iMSIgaGVpZ2h0PSIxIiB4bWxucz0iaHR0cDovL3d3dy53My5vcmcvMjAwMC9zdmciPjwvc3ZnPg==\" style=\"--smush-placeholder-width: 592px; --smush-placeholder-aspect-ratio: 592\/592;\" \/>                                                <\/div>\n            <div class=\"col-12 col-lg-7\">\n                <div class=\"textos\">\n                                        <div class=\"pretitulo\">TEJAS BORJA<\/div>\n                                        <div class=\"titulo\"><h1 class=''>Collaborations et partenariats<\/h1>\n<\/div>\n                    <div class=\"subtitulo\"><\/div>\n                    <div class=\"texto\"><p>Nous sommes convaincus que le succ\u00e8s durable et l&rsquo;innovation passent par des partenariats strat\u00e9giques avec des organisations de premier plan. Tout au long de notre histoire, nous avons \u00e9tabli des collaborations cl\u00e9s et des partenariats avec un certain nombre d&rsquo;entit\u00e9s qui partagent nos valeurs. Ces relations nous permettent de continuer \u00e0 d\u00e9velopper des solutions avanc\u00e9es et de r\u00e9pondre aux normes les plus \u00e9lev\u00e9es du secteur de la construction.<\/p>\n<\/div>\n                                    <\/div>\n            <\/div>\n        <\/div>\n    <\/div>\n\n<\/div>\n\n\n\n<div id=\"ImagenTexto-block_63eec529d64e16a7fd438d6fed10b82e\" class=\"ImagenTexto\" style=\"background-color: \">\n\n    <div data-aos=\"fade-up\" class=\"container\">\n        <div class=\"row align-items-center\">\n            <div class=\"imagen col-12 col-lg-5 pb-3 pb-lg-0  derecha order-lg-1 ps-lg-5 d-flex justify-content-lg-end\">\n                                                        <img decoding=\"async\" width=\"1558\" height=\"520\" data-src=\"https:\/\/tejasborja.com\/wp-content\/uploads\/2024\/10\/asocioacion-1.webp\" class=\"imagen img-fluid normal lazyload\" alt=\"\" data-srcset=\"https:\/\/tejasborja.com\/wp-content\/uploads\/2024\/10\/asocioacion-1.webp 1558w, https:\/\/tejasborja.com\/wp-content\/uploads\/2024\/10\/asocioacion-1-300x100.webp 300w, https:\/\/tejasborja.com\/wp-content\/uploads\/2024\/10\/asocioacion-1-1024x342.webp 1024w, https:\/\/tejasborja.com\/wp-content\/uploads\/2024\/10\/asocioacion-1-768x256.webp 768w, https:\/\/tejasborja.com\/wp-content\/uploads\/2024\/10\/asocioacion-1-1536x513.webp 1536w\" data-sizes=\"auto, (max-width: 1558px) 100vw, 1558px\" src=\"data:image\/svg+xml;base64,PHN2ZyB3aWR0aD0iMSIgaGVpZ2h0PSIxIiB4bWxucz0iaHR0cDovL3d3dy53My5vcmcvMjAwMC9zdmciPjwvc3ZnPg==\" style=\"--smush-placeholder-width: 1558px; --smush-placeholder-aspect-ratio: 1558\/520;\" \/>                                                <\/div>\n            <div class=\"col-12 col-lg-7\">\n                <div class=\"textos\">\n                                        <div class=\"pretitulo\">ASSOCIATION<\/div>\n                                        <div class=\"titulo\"><\/div>\n                    <div class=\"subtitulo\"><h2>Hispalyt<\/h2>\n<\/div>\n                    <div class=\"texto\"><p>Tejas Borja est une entreprise membre de HISPALYT, l&rsquo;Association Espagnole des Fabricants de Briques et de Tuiles en Terre Cuite, qui regroupe les fabricants de produits c\u00e9ramiques structurels (pav\u00e9s, briques de parement, briques et blocs de parement, briques creuses, panneaux et tuiles). L&rsquo;association promeut et repr\u00e9sente l&rsquo;utilisation de ces mat\u00e9riaux dans la construction, contribue au d\u00e9veloppement de produits durables et efficaces sur le plan \u00e9nerg\u00e9tique, et veille au respect des r\u00e9glementations sectorielles. Elle offre \u00e9galement un acc\u00e8s \u00e0 la formation, aux conseils techniques et juridiques, et participe \u00e0 des \u00e9tudes et des recherches sur l&rsquo;utilisation des briques et des tuiles, promouvant l&rsquo;innovation et la comp\u00e9titivit\u00e9 sur le march\u00e9.<\/p>\n<\/div>\n                                    <\/div>\n            <\/div>\n        <\/div>\n    <\/div>\n\n<\/div>\n\n\n\n<div id=\"ImagenTexto-block_04a79f37d80136ba1dc6e3ec785139a8\" class=\"ImagenTexto\" style=\"background-color: \">\n\n    <div data-aos=\"fade-up\" class=\"container\">\n        <div class=\"row align-items-center\">\n            <div class=\"imagen col-12 col-lg-5 pb-3 pb-lg-0  izquierda pe-lg-5\">\n                                                        <img decoding=\"async\" width=\"520\" height=\"346\" data-src=\"https:\/\/tejasborja.com\/wp-content\/uploads\/2024\/10\/asociacion-3.webp\" class=\"imagen img-fluid normal lazyload\" alt=\"\" data-srcset=\"https:\/\/tejasborja.com\/wp-content\/uploads\/2024\/10\/asociacion-3.webp 520w, https:\/\/tejasborja.com\/wp-content\/uploads\/2024\/10\/asociacion-3-300x200.webp 300w\" data-sizes=\"auto, (max-width: 520px) 100vw, 520px\" src=\"data:image\/svg+xml;base64,PHN2ZyB3aWR0aD0iMSIgaGVpZ2h0PSIxIiB4bWxucz0iaHR0cDovL3d3dy53My5vcmcvMjAwMC9zdmciPjwvc3ZnPg==\" style=\"--smush-placeholder-width: 520px; --smush-placeholder-aspect-ratio: 520\/346;\" \/>                                                <\/div>\n            <div class=\"col-12 col-lg-7\">\n                <div class=\"textos\">\n                                        <div class=\"pretitulo\">ASSOCIATION<\/div>\n                                        <div class=\"titulo\"><\/div>\n                    <div class=\"subtitulo\"><h2>Gremi de Rajolers<\/h2>\n<\/div>\n                    <div class=\"texto\"><p>Tejas Borja is a member company of the Gremi de Rajolers, the association whose members are manufacturers of bricks, tiles and other structural ceramic products resident in the Valencian Community, participating in activities to maintain the quality and tradition of the sector, promoting innovation and the sustainable use of these materials.<\/p>\n<\/div>\n                                    <\/div>\n            <\/div>\n        <\/div>\n    <\/div>\n\n<\/div>\n\n\n\n<div id=\"ImagenTexto-block_d0995f325c74d6247cdfe9497a05bcff\" class=\"ImagenTexto\" style=\"background-color: \">\n\n    <div data-aos=\"fade-up\" class=\"container\">\n        <div class=\"row align-items-center\">\n            <div class=\"imagen col-12 col-lg-5 pb-3 pb-lg-0  derecha order-lg-1 ps-lg-5 d-flex justify-content-lg-end\">\n                                                        <img decoding=\"async\" width=\"1390\" height=\"472\" data-src=\"https:\/\/tejasborja.com\/wp-content\/uploads\/2024\/10\/asociacion-2.webp\" class=\"imagen img-fluid normal lazyload\" alt=\"\" data-srcset=\"https:\/\/tejasborja.com\/wp-content\/uploads\/2024\/10\/asociacion-2.webp 1390w, https:\/\/tejasborja.com\/wp-content\/uploads\/2024\/10\/asociacion-2-300x102.webp 300w, https:\/\/tejasborja.com\/wp-content\/uploads\/2024\/10\/asociacion-2-1024x348.webp 1024w, https:\/\/tejasborja.com\/wp-content\/uploads\/2024\/10\/asociacion-2-768x261.webp 768w\" data-sizes=\"auto, (max-width: 1390px) 100vw, 1390px\" src=\"data:image\/svg+xml;base64,PHN2ZyB3aWR0aD0iMSIgaGVpZ2h0PSIxIiB4bWxucz0iaHR0cDovL3d3dy53My5vcmcvMjAwMC9zdmciPjwvc3ZnPg==\" style=\"--smush-placeholder-width: 1390px; --smush-placeholder-aspect-ratio: 1390\/472;\" \/>                                                <\/div>\n            <div class=\"col-12 col-lg-7\">\n                <div class=\"textos\">\n                                        <div class=\"pretitulo\">PARTENARIAT<\/div>\n                                        <div class=\"titulo\"><\/div>\n                    <div class=\"subtitulo\"><h2>Gremi dels Professionals de la Promoci\u00f3 i la Construcci\u00f3 de Girona<\/h2>\n<\/div>\n                    <div class=\"texto\"><p>Tejas Borja collabore avec le Gremi dels Professionals de la Promoci\u00f3 i la Construcci\u00f3 de Girona, qui soutient les professionnels du secteur de la construction en offrant des services sp\u00e9cialis\u00e9s et en contribuant \u00e0 am\u00e9liorer l&rsquo;efficacit\u00e9 et la qualit\u00e9 des projets, en fournissant aux promoteurs et aux constructeurs des informations et un acc\u00e8s aux ressources essentielles pour mener \u00e0 bien leurs projets de mani\u00e8re plus efficace dans la r\u00e9gion.<\/p>\n<\/div>\n                                    <\/div>\n            <\/div>\n        <\/div>\n    <\/div>\n\n<\/div>\n","protected":false},"excerpt":{"rendered":"","protected":false},"author":4,"featured_media":0,"parent":43416,"menu_order":0,"comment_status":"closed","ping_status":"closed","template":"","meta":{"_acf_changed":false,"_eb_attr":"","footnotes":""},"class_list":["post-43474","page","type-page","status-publish","hentry"],"acf":[],"yoast_head":"<!-- This site is optimized with the Yoast SEO plugin v27.3 - https:\/\/yoast.com\/product\/yoast-seo-wordpress\/ -->\n<title>Collaborations et partenariats - Tejas Borja<\/title>\n<meta name=\"robots\" content=\"index, follow, max-snippet:-1, max-image-preview:large, max-video-preview:-1\" \/>\n<link rel=\"canonical\" href=\"https:\/\/tejasborja.com\/fr\/tejas-borja\/collaborations-et-partenariats\/\" \/>\n<meta property=\"og:locale\" content=\"fr_FR\" \/>\n<meta property=\"og:type\" content=\"article\" \/>\n<meta property=\"og:title\" content=\"Collaborations et partenariats - Tejas Borja\" \/>\n<meta property=\"og:url\" content=\"https:\/\/tejasborja.com\/fr\/tejas-borja\/collaborations-et-partenariats\/\" \/>\n<meta property=\"og:site_name\" content=\"Tejas Borja\" \/>\n<meta property=\"article:modified_time\" content=\"2025-09-01T08:44:39+00:00\" \/>\n<meta name=\"twitter:card\" content=\"summary_large_image\" \/>\n<script type=\"application\/ld+json\" class=\"yoast-schema-graph\">{\"@context\":\"https:\\\/\\\/schema.org\",\"@graph\":[{\"@type\":\"WebPage\",\"@id\":\"https:\\\/\\\/tejasborja.com\\\/fr\\\/tejas-borja\\\/collaborations-et-partenariats\\\/\",\"url\":\"https:\\\/\\\/tejasborja.com\\\/fr\\\/tejas-borja\\\/collaborations-et-partenariats\\\/\",\"name\":\"Collaborations et partenariats - Tejas Borja\",\"isPartOf\":{\"@id\":\"https:\\\/\\\/tejasborja.com\\\/fr\\\/#website\"},\"datePublished\":\"2024-10-22T11:08:20+00:00\",\"dateModified\":\"2025-09-01T08:44:39+00:00\",\"breadcrumb\":{\"@id\":\"https:\\\/\\\/tejasborja.com\\\/fr\\\/tejas-borja\\\/collaborations-et-partenariats\\\/#breadcrumb\"},\"inLanguage\":\"fr-FR\",\"potentialAction\":[{\"@type\":\"ReadAction\",\"target\":[\"https:\\\/\\\/tejasborja.com\\\/fr\\\/tejas-borja\\\/collaborations-et-partenariats\\\/\"]}]},{\"@type\":\"BreadcrumbList\",\"@id\":\"https:\\\/\\\/tejasborja.com\\\/fr\\\/tejas-borja\\\/collaborations-et-partenariats\\\/#breadcrumb\",\"itemListElement\":[{\"@type\":\"ListItem\",\"position\":1,\"name\":\"Portada\",\"item\":\"https:\\\/\\\/tejasborja.com\\\/fr\\\/\"},{\"@type\":\"ListItem\",\"position\":2,\"name\":\"Tejas Borja\",\"item\":\"https:\\\/\\\/tejasborja.com\\\/fr\\\/tejas-borja\\\/\"},{\"@type\":\"ListItem\",\"position\":3,\"name\":\"Collaborations et partenariats\"}]},{\"@type\":\"WebSite\",\"@id\":\"https:\\\/\\\/tejasborja.com\\\/fr\\\/#website\",\"url\":\"https:\\\/\\\/tejasborja.com\\\/fr\\\/\",\"name\":\"Tejas Borja\",\"description\":\"TEJAS BORJA la gama m\u00e1s amplia de tejas cer\u00e1micas del mercado. Especialistas en tejas mixtas, tejas planas y tejas curvas tanto para rehabilitaci\u00f3n de cubiertas como para tejados de obra nueva. Una marca con m\u00e1s de 110 a\u00f1os de experiencia....\",\"publisher\":{\"@id\":\"https:\\\/\\\/tejasborja.com\\\/fr\\\/#organization\"},\"potentialAction\":[{\"@type\":\"SearchAction\",\"target\":{\"@type\":\"EntryPoint\",\"urlTemplate\":\"https:\\\/\\\/tejasborja.com\\\/fr\\\/?s={search_term_string}\"},\"query-input\":{\"@type\":\"PropertyValueSpecification\",\"valueRequired\":true,\"valueName\":\"search_term_string\"}}],\"inLanguage\":\"fr-FR\"},{\"@type\":\"Organization\",\"@id\":\"https:\\\/\\\/tejasborja.com\\\/fr\\\/#organization\",\"name\":\"Tejas Borja\",\"url\":\"https:\\\/\\\/tejasborja.com\\\/fr\\\/\",\"logo\":{\"@type\":\"ImageObject\",\"inLanguage\":\"fr-FR\",\"@id\":\"https:\\\/\\\/tejasborja.com\\\/fr\\\/#\\\/schema\\\/logo\\\/image\\\/\",\"url\":\"https:\\\/\\\/tejasborja.com\\\/wp-content\\\/uploads\\\/2025\\\/08\\\/Logo-Tejas-Borja-Blanco-1.png\",\"contentUrl\":\"https:\\\/\\\/tejasborja.com\\\/wp-content\\\/uploads\\\/2025\\\/08\\\/Logo-Tejas-Borja-Blanco-1.png\",\"width\":150,\"height\":50,\"caption\":\"Tejas Borja\"},\"image\":{\"@id\":\"https:\\\/\\\/tejasborja.com\\\/fr\\\/#\\\/schema\\\/logo\\\/image\\\/\"}}]}<\/script>\n<!-- \/ Yoast SEO plugin. -->","yoast_head_json":{"title":"Collaborations et partenariats - Tejas Borja","robots":{"index":"index","follow":"follow","max-snippet":"max-snippet:-1","max-image-preview":"max-image-preview:large","max-video-preview":"max-video-preview:-1"},"canonical":"https:\/\/tejasborja.com\/fr\/tejas-borja\/collaborations-et-partenariats\/","og_locale":"fr_FR","og_type":"article","og_title":"Collaborations et partenariats - Tejas Borja","og_url":"https:\/\/tejasborja.com\/fr\/tejas-borja\/collaborations-et-partenariats\/","og_site_name":"Tejas Borja","article_modified_time":"2025-09-01T08:44:39+00:00","twitter_card":"summary_large_image","schema":{"@context":"https:\/\/schema.org","@graph":[{"@type":"WebPage","@id":"https:\/\/tejasborja.com\/fr\/tejas-borja\/collaborations-et-partenariats\/","url":"https:\/\/tejasborja.com\/fr\/tejas-borja\/collaborations-et-partenariats\/","name":"Collaborations et partenariats - Tejas Borja","isPartOf":{"@id":"https:\/\/tejasborja.com\/fr\/#website"},"datePublished":"2024-10-22T11:08:20+00:00","dateModified":"2025-09-01T08:44:39+00:00","breadcrumb":{"@id":"https:\/\/tejasborja.com\/fr\/tejas-borja\/collaborations-et-partenariats\/#breadcrumb"},"inLanguage":"fr-FR","potentialAction":[{"@type":"ReadAction","target":["https:\/\/tejasborja.com\/fr\/tejas-borja\/collaborations-et-partenariats\/"]}]},{"@type":"BreadcrumbList","@id":"https:\/\/tejasborja.com\/fr\/tejas-borja\/collaborations-et-partenariats\/#breadcrumb","itemListElement":[{"@type":"ListItem","position":1,"name":"Portada","item":"https:\/\/tejasborja.com\/fr\/"},{"@type":"ListItem","position":2,"name":"Tejas Borja","item":"https:\/\/tejasborja.com\/fr\/tejas-borja\/"},{"@type":"ListItem","position":3,"name":"Collaborations et partenariats"}]},{"@type":"WebSite","@id":"https:\/\/tejasborja.com\/fr\/#website","url":"https:\/\/tejasborja.com\/fr\/","name":"Tejas Borja","description":"TEJAS BORJA la gama m\u00e1s amplia de tejas cer\u00e1micas del mercado. Especialistas en tejas mixtas, tejas planas y tejas curvas tanto para rehabilitaci\u00f3n de cubiertas como para tejados de obra nueva. Una marca con m\u00e1s de 110 a\u00f1os de experiencia....","publisher":{"@id":"https:\/\/tejasborja.com\/fr\/#organization"},"potentialAction":[{"@type":"SearchAction","target":{"@type":"EntryPoint","urlTemplate":"https:\/\/tejasborja.com\/fr\/?s={search_term_string}"},"query-input":{"@type":"PropertyValueSpecification","valueRequired":true,"valueName":"search_term_string"}}],"inLanguage":"fr-FR"},{"@type":"Organization","@id":"https:\/\/tejasborja.com\/fr\/#organization","name":"Tejas Borja","url":"https:\/\/tejasborja.com\/fr\/","logo":{"@type":"ImageObject","inLanguage":"fr-FR","@id":"https:\/\/tejasborja.com\/fr\/#\/schema\/logo\/image\/","url":"https:\/\/tejasborja.com\/wp-content\/uploads\/2025\/08\/Logo-Tejas-Borja-Blanco-1.png","contentUrl":"https:\/\/tejasborja.com\/wp-content\/uploads\/2025\/08\/Logo-Tejas-Borja-Blanco-1.png","width":150,"height":50,"caption":"Tejas Borja"},"image":{"@id":"https:\/\/tejasborja.com\/fr\/#\/schema\/logo\/image\/"}}]}},"_links":{"self":[{"href":"https:\/\/tejasborja.com\/fr\/wp-json\/wp\/v2\/pages\/43474","targetHints":{"allow":["GET"]}}],"collection":[{"href":"https:\/\/tejasborja.com\/fr\/wp-json\/wp\/v2\/pages"}],"about":[{"href":"https:\/\/tejasborja.com\/fr\/wp-json\/wp\/v2\/types\/page"}],"author":[{"embeddable":true,"href":"https:\/\/tejasborja.com\/fr\/wp-json\/wp\/v2\/users\/4"}],"replies":[{"embeddable":true,"href":"https:\/\/tejasborja.com\/fr\/wp-json\/wp\/v2\/comments?post=43474"}],"version-history":[{"count":0,"href":"https:\/\/tejasborja.com\/fr\/wp-json\/wp\/v2\/pages\/43474\/revisions"}],"up":[{"embeddable":true,"href":"https:\/\/tejasborja.com\/fr\/wp-json\/wp\/v2\/pages\/43416"}],"wp:attachment":[{"href":"https:\/\/tejasborja.com\/fr\/wp-json\/wp\/v2\/media?parent=43474"}],"curies":[{"name":"wp","href":"https:\/\/api.w.org\/{rel}","templated":true}]}}