{"id":43487,"date":"2024-07-09T14:47:02","date_gmt":"2024-07-09T12:47:02","guid":{"rendered":"https:\/\/tejasborja.com\/unete-a-tejas-borja\/"},"modified":"2025-03-27T18:12:47","modified_gmt":"2025-03-27T17:12:47","slug":"travailler-avec-nous","status":"publish","type":"page","link":"https:\/\/tejasborja.com\/fr\/travailler-avec-nous\/","title":{"rendered":"Travailler avec nous"},"content":{"rendered":"\n<div id=\"Header-block_8ed1e5e8c20873b050f2539b389ea1a9\" class=\"v2 Header normal\" style=\"background-color: \">\n\n        <div class=\"d-none d-lg-block\">\n        <div class=\"container\">\n            <div class=\"row align-items-center\">\n                <div class=\"col-12 col-lg-7\">\n                    <div class=\"textos\">\n                                                    <div class=\"titulo\"><h1 class='text3XL'>Travailler avec nous<\/h1>\n<\/div>\n                                                    <div class=\"subtitulo textXL\"><p class=''>En croissance et en \u00e9volution constantes.<\/p>\n<\/div>\n                                            <\/div>\n                <\/div>\n                <div class=\"col-12 col-lg-5\">\n                                    <\/div>\n            <\/div>\n        <\/div>\n    <\/div>\n    <div class=\"d-block d-lg-none\">\n        <div class=\"container\">\n            <div class=\"row\">\n                <div class=\"col-12\">\n                    <div class=\"textos\">\n                                                    <div class=\"titulo\"><h1 class='text3XL'>Travailler avec nous<\/h1>\n<\/div>\n                                                    <div class=\"subtitulo textXL\"><p class=''>En croissance et en \u00e9volution constantes.<\/p>\n<\/div>\n                                            <\/div>\n                <\/div>\n            <\/div>\n        <\/div>\n    <\/div>\n\n\n    \n<\/div>\n\n\n<div id=\"FormularioHorario-block_41e29501f02c7ebfbc6ba060d410605e\" class=\"FormularioHorario\" style=\"background-color: \">\n\n    <div class=\"container\">\n        <div class=\"row\">\n            <div class=\"col-12 col-lg-5 mx-auto\">\n                <div class=\"titulo textXL\"><\/div>\n                <div class=\"texto textBody\"><p>Chez <strong>TEJAS BORJA<\/strong>, nous sommes en constante croissance et \u00e9volution. C&rsquo;est pourquoi nous recherchons des professionnels qui, gr\u00e2ce \u00e0 <strong>leurs connaissances, leurs id\u00e9es et, surtout, leur enthousiasme et leur esprit d&rsquo;\u00e9quipe<\/strong>, nous aideront \u00e0 continuer \u00e0 progresser.<\/p>\n<p>Notre objectif est de s\u00e9lectionner parmi toutes les personnes, celles qui apportent une valeur ajout\u00e9e \u00e0 notre entreprise, partagent nos valeurs et stimulent la croissance de l&rsquo;entreprise gr\u00e2ce \u00e0 leur savoir-faire et \u00e0 leur volont\u00e9 d&rsquo;apprendre.<\/p>\n<p>Si vous souhaitez rejoindre notre \u00e9quipe, remplissez notre formulaire et vous serez inclus dans notre base de donn\u00e9es.<\/p>\n<p>D\u00e9partement RH<\/p>\n<\/div>\n                                    <div class=\"imagen\">\n                        <img decoding=\"async\" width=\"592\" height=\"300\" data-src=\"https:\/\/tejasborja.com\/wp-content\/uploads\/2024\/07\/CAREERS-Form-1.webp\" class=\"img-fluid lazyload\" alt=\"\" data-srcset=\"https:\/\/tejasborja.com\/wp-content\/uploads\/2024\/07\/CAREERS-Form-1.webp 592w, https:\/\/tejasborja.com\/wp-content\/uploads\/2024\/07\/CAREERS-Form-1-300x152.webp 300w\" data-sizes=\"auto, (max-width: 592px) 100vw, 592px\" src=\"data:image\/svg+xml;base64,PHN2ZyB3aWR0aD0iMSIgaGVpZ2h0PSIxIiB4bWxucz0iaHR0cDovL3d3dy53My5vcmcvMjAwMC9zdmciPjwvc3ZnPg==\" style=\"--smush-placeholder-width: 592px; --smush-placeholder-aspect-ratio: 592\/300;\" \/>                    <\/div>\n                            <\/div>\n            <div class=\"col-12 col-lg-7 mx-auto\">\n                <div class=\"titulo second textXL\"><h2 class=''>Envoyez votre CV<\/h2>\n<\/div>\n                <div class=\"formularioCont novalidate\">\n                                            \n<div class=\"wpcf7 no-js\" id=\"wpcf7-f43495-o1\" lang=\"fr-FR\" dir=\"ltr\" data-wpcf7-id=\"43495\">\n<div class=\"screen-reader-response\"><p role=\"status\" aria-live=\"polite\" aria-atomic=\"true\"><\/p> <ul><\/ul><\/div>\n<form action=\"\/fr\/wp-json\/wp\/v2\/pages\/43487#wpcf7-f43495-o1\" method=\"post\" class=\"wpcf7-form init\" aria-label=\"Formulaire de contact\" novalidate=\"novalidate\" data-status=\"init\">\n<fieldset class=\"hidden-fields-container\"><input type=\"hidden\" name=\"_wpcf7\" value=\"43495\" \/><input type=\"hidden\" name=\"_wpcf7_version\" value=\"6.1.5\" \/><input type=\"hidden\" name=\"_wpcf7_locale\" value=\"fr_FR\" \/><input type=\"hidden\" name=\"_wpcf7_unit_tag\" value=\"wpcf7-f43495-o1\" \/><input type=\"hidden\" name=\"_wpcf7_container_post\" value=\"0\" \/><input type=\"hidden\" name=\"_wpcf7_posted_data_hash\" value=\"\" \/><input type=\"hidden\" name=\"_wpcf7cf_hidden_group_fields\" value=\"[]\" \/><input type=\"hidden\" name=\"_wpcf7cf_hidden_groups\" value=\"[]\" \/><input type=\"hidden\" name=\"_wpcf7cf_visible_groups\" value=\"[]\" \/><input type=\"hidden\" name=\"_wpcf7cf_repeaters\" value=\"[]\" \/><input type=\"hidden\" name=\"_wpcf7cf_steps\" value=\"{}\" \/><input type=\"hidden\" name=\"_wpcf7cf_options\" value=\"{&quot;form_id&quot;:43495,&quot;conditions&quot;:[],&quot;settings&quot;:{&quot;animation&quot;:&quot;yes&quot;,&quot;animation_intime&quot;:200,&quot;animation_outtime&quot;:200,&quot;conditions_ui&quot;:&quot;normal&quot;,&quot;notice_dismissed&quot;:false}}\" \/>\n<\/fieldset>\n<div class=\"row\">\n\t<div class=\"col-12 col-lg-6\">\n\t\t<p><label> Nom*<br \/>\n<span class=\"wpcf7-form-control-wrap\" data-name=\"your-name\"><input size=\"40\" maxlength=\"400\" class=\"wpcf7-form-control wpcf7-text wpcf7-validates-as-required\" autocomplete=\"name\" aria-required=\"true\" aria-invalid=\"false\" value=\"\" type=\"text\" name=\"your-name\" \/><\/span> <\/label>\n\t\t<\/p>\n\t<\/div>\n\t<div class=\"col-12 col-lg-6\">\n\t\t<p><label> Nom de famille*<br \/>\n<span class=\"wpcf7-form-control-wrap\" data-name=\"apellido\"><input size=\"40\" maxlength=\"400\" class=\"wpcf7-form-control wpcf7-text wpcf7-validates-as-required\" autocomplete=\"lastname\" aria-required=\"true\" aria-invalid=\"false\" value=\"\" type=\"text\" name=\"apellido\" \/><\/span> <\/label>\n\t\t<\/p>\n\t<\/div>\n\t<div class=\"col-12 col-lg-6\">\n\t\t<p><label> Code postal*<br \/>\n<span class=\"wpcf7-form-control-wrap\" data-name=\"codigo-postal\"><input class=\"wpcf7-form-control wpcf7-number wpcf7-validates-as-required wpcf7-validates-as-number\" aria-required=\"true\" aria-invalid=\"false\" placeholder=\"\u00c9cris ici\" value=\"\" type=\"number\" name=\"codigo-postal\" \/><\/span> <\/label>\n\t\t<\/p>\n\t<\/div>\n\t<p><label> Email*<br \/>\n<span class=\"wpcf7-form-control-wrap\" data-name=\"your-email\"><input size=\"40\" maxlength=\"400\" class=\"wpcf7-form-control wpcf7-email wpcf7-validates-as-required wpcf7-text wpcf7-validates-as-email\" autocomplete=\"email\" aria-required=\"true\" aria-invalid=\"false\" value=\"\" type=\"email\" name=\"your-email\" \/><\/span> <\/label><br \/>\n<label><br \/>\n<\/label>\n\t<\/p>\n<\/div>\n<div class=\"col-12\">\n\t<div class=\"archivos\">\n\t\t<div class=\"titulo\">\n\t\t\t<p>Joignez votre CV, votre lettre de motivation ou votre portfolio :\n\t\t\t<\/p>\n\t\t<\/div>\n\t\t<div class=\"texto\">\n\t\t\t<p>Maximum 5MB par fichier. Jusqu&rsquo;\u00e0 3 fichiers. Format PDF ou Word.\n\t\t\t<\/p>\n\t\t<\/div>\n\t\t<p><span class=\"wpcf7-form-control-wrap\" data-name=\"archivos\"><input size=\"40\" class=\"wpcf7-form-control wpcf7-drag-n-drop-file d-none\" aria-invalid=\"false\" type=\"file\" multiple=\"multiple\" data-name=\"archivos\" data-type=\"doc|docx|dot|dotx|odt|pdf\" data-limit=\"5242880\" data-min=\"0\" data-max=\"3\" data-id=\"43495\" data-version=\"free version 1.3.9.5\" accept=\".doc, .docx, .dot, .dotx, .odt, .pdf\" \/><\/span>\n\t\t<\/p>\n\t\t<div>\n\t\t\t<p><span class=\"wpcf7-form-control-wrap\" data-name=\"aceptacion\"><span class=\"wpcf7-form-control wpcf7-acceptance\"><span class=\"wpcf7-list-item\"><label><input type=\"checkbox\" name=\"aceptacion\" value=\"1\" aria-invalid=\"false\" \/><span class=\"wpcf7-list-item-label\">J&rsquo;accepte la <a href=\"\/fr\/politique-de-confidentialite\">politique de confidentialit\u00e9<\/a><\/span><\/label><\/span><\/span><\/span>\n\t\t\t<\/p>\n\t\t<div class=\"wpcf7-response-output\" aria-hidden=\"true\"><\/div>\n\t\t\t<div class=\"sentForm\">\n\t\t\t\t<p><input class=\"wpcf7-form-control wpcf7-submit has-spinner sentForm\" type=\"submit\" value=\"Envoyer\" \/>\n\t\t\t\t<\/p>\n\t\t\t<\/div>\n\t\t<\/div>\n\t<\/div>\n<\/div>\n<\/form>\n<\/div>\n                                    <\/div>\n            <\/div>\n        <\/div>\n    <\/div>\n<\/div>\n","protected":false},"excerpt":{"rendered":"","protected":false},"author":4,"featured_media":0,"parent":0,"menu_order":0,"comment_status":"closed","ping_status":"closed","template":"","meta":{"_acf_changed":false,"_eb_attr":"","footnotes":""},"class_list":["post-43487","page","type-page","status-publish","hentry"],"acf":[],"yoast_head":"<!-- This site is optimized with the Yoast SEO plugin v27.1.1 - https:\/\/yoast.com\/product\/yoast-seo-wordpress\/ -->\n<title>Travailler avec nous - Tejas Borja<\/title>\n<meta name=\"robots\" content=\"index, follow, max-snippet:-1, max-image-preview:large, max-video-preview:-1\" \/>\n<link rel=\"canonical\" href=\"https:\/\/tejasborja.com\/fr\/travailler-avec-nous\/\" \/>\n<meta property=\"og:locale\" content=\"fr_FR\" \/>\n<meta property=\"og:type\" content=\"article\" \/>\n<meta property=\"og:title\" content=\"Travailler avec nous - Tejas Borja\" \/>\n<meta property=\"og:url\" content=\"https:\/\/tejasborja.com\/fr\/travailler-avec-nous\/\" \/>\n<meta property=\"og:site_name\" content=\"Tejas Borja\" \/>\n<meta property=\"article:modified_time\" content=\"2025-03-27T17:12:47+00:00\" \/>\n<meta name=\"twitter:card\" content=\"summary_large_image\" \/>\n<script type=\"application\/ld+json\" class=\"yoast-schema-graph\">{\"@context\":\"https:\/\/schema.org\",\"@graph\":[{\"@type\":\"WebPage\",\"@id\":\"https:\/\/tejasborja.com\/fr\/travailler-avec-nous\/\",\"url\":\"https:\/\/tejasborja.com\/fr\/travailler-avec-nous\/\",\"name\":\"Travailler avec nous - Tejas Borja\",\"isPartOf\":{\"@id\":\"https:\/\/tejasborja.com\/fr\/#website\"},\"datePublished\":\"2024-07-09T12:47:02+00:00\",\"dateModified\":\"2025-03-27T17:12:47+00:00\",\"breadcrumb\":{\"@id\":\"https:\/\/tejasborja.com\/fr\/travailler-avec-nous\/#breadcrumb\"},\"inLanguage\":\"fr-FR\",\"potentialAction\":[{\"@type\":\"ReadAction\",\"target\":[\"https:\/\/tejasborja.com\/fr\/travailler-avec-nous\/\"]}]},{\"@type\":\"BreadcrumbList\",\"@id\":\"https:\/\/tejasborja.com\/fr\/travailler-avec-nous\/#breadcrumb\",\"itemListElement\":[{\"@type\":\"ListItem\",\"position\":1,\"name\":\"Portada\",\"item\":\"https:\/\/tejasborja.com\/fr\/\"},{\"@type\":\"ListItem\",\"position\":2,\"name\":\"Travailler avec nous\"}]},{\"@type\":\"WebSite\",\"@id\":\"https:\/\/tejasborja.com\/fr\/#website\",\"url\":\"https:\/\/tejasborja.com\/fr\/\",\"name\":\"Tejas Borja\",\"description\":\"TEJAS BORJA la gama m\u00e1s amplia de tejas cer\u00e1micas del mercado. Especialistas en tejas mixtas, tejas planas y tejas curvas tanto para rehabilitaci\u00f3n de cubiertas como para tejados de obra nueva. Una marca con m\u00e1s de 110 a\u00f1os de experiencia....\",\"publisher\":{\"@id\":\"https:\/\/tejasborja.com\/fr\/#organization\"},\"potentialAction\":[{\"@type\":\"SearchAction\",\"target\":{\"@type\":\"EntryPoint\",\"urlTemplate\":\"https:\/\/tejasborja.com\/fr\/?s={search_term_string}\"},\"query-input\":{\"@type\":\"PropertyValueSpecification\",\"valueRequired\":true,\"valueName\":\"search_term_string\"}}],\"inLanguage\":\"fr-FR\"},{\"@type\":\"Organization\",\"@id\":\"https:\/\/tejasborja.com\/fr\/#organization\",\"name\":\"Tejas Borja\",\"url\":\"https:\/\/tejasborja.com\/fr\/\",\"logo\":{\"@type\":\"ImageObject\",\"inLanguage\":\"fr-FR\",\"@id\":\"https:\/\/tejasborja.com\/fr\/#\/schema\/logo\/image\/\",\"url\":\"https:\/\/tejasborja.com\/wp-content\/uploads\/2025\/08\/Logo-Tejas-Borja-Blanco-1.png\",\"contentUrl\":\"https:\/\/tejasborja.com\/wp-content\/uploads\/2025\/08\/Logo-Tejas-Borja-Blanco-1.png\",\"width\":150,\"height\":50,\"caption\":\"Tejas Borja\"},\"image\":{\"@id\":\"https:\/\/tejasborja.com\/fr\/#\/schema\/logo\/image\/\"}}]}<\/script>\n<!-- \/ Yoast SEO plugin. -->","yoast_head_json":{"title":"Travailler avec nous - Tejas Borja","robots":{"index":"index","follow":"follow","max-snippet":"max-snippet:-1","max-image-preview":"max-image-preview:large","max-video-preview":"max-video-preview:-1"},"canonical":"https:\/\/tejasborja.com\/fr\/travailler-avec-nous\/","og_locale":"fr_FR","og_type":"article","og_title":"Travailler avec nous - Tejas Borja","og_url":"https:\/\/tejasborja.com\/fr\/travailler-avec-nous\/","og_site_name":"Tejas Borja","article_modified_time":"2025-03-27T17:12:47+00:00","twitter_card":"summary_large_image","schema":{"@context":"https:\/\/schema.org","@graph":[{"@type":"WebPage","@id":"https:\/\/tejasborja.com\/fr\/travailler-avec-nous\/","url":"https:\/\/tejasborja.com\/fr\/travailler-avec-nous\/","name":"Travailler avec nous - Tejas Borja","isPartOf":{"@id":"https:\/\/tejasborja.com\/fr\/#website"},"datePublished":"2024-07-09T12:47:02+00:00","dateModified":"2025-03-27T17:12:47+00:00","breadcrumb":{"@id":"https:\/\/tejasborja.com\/fr\/travailler-avec-nous\/#breadcrumb"},"inLanguage":"fr-FR","potentialAction":[{"@type":"ReadAction","target":["https:\/\/tejasborja.com\/fr\/travailler-avec-nous\/"]}]},{"@type":"BreadcrumbList","@id":"https:\/\/tejasborja.com\/fr\/travailler-avec-nous\/#breadcrumb","itemListElement":[{"@type":"ListItem","position":1,"name":"Portada","item":"https:\/\/tejasborja.com\/fr\/"},{"@type":"ListItem","position":2,"name":"Travailler avec nous"}]},{"@type":"WebSite","@id":"https:\/\/tejasborja.com\/fr\/#website","url":"https:\/\/tejasborja.com\/fr\/","name":"Tejas Borja","description":"TEJAS BORJA la gama m\u00e1s amplia de tejas cer\u00e1micas del mercado. Especialistas en tejas mixtas, tejas planas y tejas curvas tanto para rehabilitaci\u00f3n de cubiertas como para tejados de obra nueva. Una marca con m\u00e1s de 110 a\u00f1os de experiencia....","publisher":{"@id":"https:\/\/tejasborja.com\/fr\/#organization"},"potentialAction":[{"@type":"SearchAction","target":{"@type":"EntryPoint","urlTemplate":"https:\/\/tejasborja.com\/fr\/?s={search_term_string}"},"query-input":{"@type":"PropertyValueSpecification","valueRequired":true,"valueName":"search_term_string"}}],"inLanguage":"fr-FR"},{"@type":"Organization","@id":"https:\/\/tejasborja.com\/fr\/#organization","name":"Tejas Borja","url":"https:\/\/tejasborja.com\/fr\/","logo":{"@type":"ImageObject","inLanguage":"fr-FR","@id":"https:\/\/tejasborja.com\/fr\/#\/schema\/logo\/image\/","url":"https:\/\/tejasborja.com\/wp-content\/uploads\/2025\/08\/Logo-Tejas-Borja-Blanco-1.png","contentUrl":"https:\/\/tejasborja.com\/wp-content\/uploads\/2025\/08\/Logo-Tejas-Borja-Blanco-1.png","width":150,"height":50,"caption":"Tejas Borja"},"image":{"@id":"https:\/\/tejasborja.com\/fr\/#\/schema\/logo\/image\/"}}]}},"_links":{"self":[{"href":"https:\/\/tejasborja.com\/fr\/wp-json\/wp\/v2\/pages\/43487","targetHints":{"allow":["GET"]}}],"collection":[{"href":"https:\/\/tejasborja.com\/fr\/wp-json\/wp\/v2\/pages"}],"about":[{"href":"https:\/\/tejasborja.com\/fr\/wp-json\/wp\/v2\/types\/page"}],"author":[{"embeddable":true,"href":"https:\/\/tejasborja.com\/fr\/wp-json\/wp\/v2\/users\/4"}],"replies":[{"embeddable":true,"href":"https:\/\/tejasborja.com\/fr\/wp-json\/wp\/v2\/comments?post=43487"}],"version-history":[{"count":0,"href":"https:\/\/tejasborja.com\/fr\/wp-json\/wp\/v2\/pages\/43487\/revisions"}],"wp:attachment":[{"href":"https:\/\/tejasborja.com\/fr\/wp-json\/wp\/v2\/media?parent=43487"}],"curies":[{"name":"wp","href":"https:\/\/api.w.org\/{rel}","templated":true}]}}