{"id":43498,"date":"2024-06-13T07:47:04","date_gmt":"2024-06-13T05:47:04","guid":{"rendered":"https:\/\/tejasborja.com\/politica-de-privacidad\/"},"modified":"2024-11-20T11:38:50","modified_gmt":"2024-11-20T10:38:50","slug":"politique-de-confidentialite","status":"publish","type":"page","link":"https:\/\/tejasborja.com\/fr\/politique-de-confidentialite\/","title":{"rendered":"Politique de confidentialit\u00e9"},"content":{"rendered":"\n<h2 class=\"wp-block-heading\">1. <strong>Politique de confidentialit\u00e9 et s\u00e9curit\u00e9.<\/strong><\/h2>\n\n\n\n<p>Les informations d\u00e9taill\u00e9es ci-dessous au sujet de notre politique de confidentialit\u00e9 formalisent l\u2019engagement de TEJAS BORJA, S.A.U., ci-apr\u00e8s d\u00e9nomm\u00e9 TEJAS BORJA, dont le CIF (num\u00e9ro d\u2019identification fiscale) est le VAT ESA46068599, et dont le si\u00e8ge social est situ\u00e9 Carretera Ll\u00edria-Pedralba, Km.3 S\/N, 46160 Ll\u00edria (Espagne), en tant que responsable du traitement des donn\u00e9es, \u00e0 maintenir et \u00e0 assurer des relations commerciales s\u00e9curis\u00e9es gr\u00e2ce \u00e0 la protection des donn\u00e9es \u00e0 caract\u00e8re personnel, en garantissant le droit \u00e0 la confidentialit\u00e9 de chacun des utilisateurs de nos services. Dans ce document, nous exposons l\u2019usage que nous faisons des donn\u00e9es personnelles \u00e0 la faveur de l\u2019utilisation de nos services.<\/p>\n\n\n\n<h2 class=\"wp-block-heading\">2. <strong>D\u00e9finition de donn\u00e9es \u00e0 caract\u00e8re personnel<\/strong><\/h2>\n\n\n\n<p>Une donn\u00e9e \u00e0 caract\u00e8re personnel est toute information li\u00e9e \u00e0 une personne physique identifi\u00e9e ou identifiable. Parmi celles-ci figurent notamment, \u00e0 titre indicatif et non limitatif, le nom, le pr\u00e9nom, l\u2019adresse postale, l\u2019adresse \u00e9lectronique et le num\u00e9ro de t\u00e9l\u00e9phone.<\/p>\n\n\n\n<h2 class=\"wp-block-heading\"><strong>3. Traitement et finalit\u00e9s des donn\u00e9es collect\u00e9es<\/strong><\/h2>\n\n\n\n<p>Toutes les donn\u00e9es personnelles que vous fournissez en visitant notre site web seront trait\u00e9es conform\u00e9ment \u00e0 la r\u00e9glementation sur la protection des donn\u00e9es et ne seront recueillies, trait\u00e9es et utilis\u00e9es qu\u2019\u00e0 des fins l\u00e9gales, l\u00e9gitimes et communiqu\u00e9es pr\u00e9alablement. Dans cette optique, nous d\u00e9taillons ci-dessous les finalit\u00e9s pour lesquelles TEJAS BORJA, S.A.U utilise les donn\u00e9es \u00e0 caract\u00e8re personnel:<\/p>\n\n\n\n<ul class=\"wp-block-list\">\n<li><strong>Donn\u00e9es recueillies par l\u2019envoi de formulaires de contact ou de courriers \u00e9lectroniques:<\/strong>\n<ul class=\"wp-block-list\">\n<li>Objectif: \u00eatre en mesure de r\u00e9pondre aux requ\u00eates de l\u2019utilisateur et contacter celui-ci pour r\u00e9soudre tous ses doutes et r\u00e9pondre \u00e0 ses questions, outre l\u2019envoi de communication commerciale li\u00e9e \u00e0 la soci\u00e9t\u00e9.<\/li>\n\n\n\n<li>L\u00e9gitimation: la base l\u00e9gale selon laquelle les donn\u00e9es personnelles seront trait\u00e9es repose sur les mesures pr\u00e9contractuelles demand\u00e9es et\/ou sur le recueil de votre consentement.<\/li>\n\n\n\n<li>Dur\u00e9e de conservation: les donn\u00e9es personnelles seront conserv\u00e9es durant le d\u00e9lai n\u00e9cessaire pour r\u00e9pondre aux questions pos\u00e9es.<\/li>\n<\/ul>\n<\/li>\n\n\n\n<li><strong>Donn\u00e9es recueillies lors de la communication de votre adresse \u00e9lectronique pour l\u2019abonnement \u00e0 la newsletter:<\/strong>\n<ul class=\"wp-block-list\">\n<li>Finalit\u00e9: l\u2019envoi de la lettre d\u2019information demand\u00e9e, ainsi que l\u2019envoi d\u2019autres informations \u00e0 caract\u00e8re commercial au sujet des nouveaux produits.<\/li>\n\n\n\n<li>L\u00e9gitimation: la base l\u00e9gale selon laquelle les donn\u00e9es personnelles seront trait\u00e9es repose sur les mesures pr\u00e9contractuelles demand\u00e9es et\/ou sur le recueil de votre consentement.<\/li>\n\n\n\n<li>Dur\u00e9e de conservation: les donn\u00e9es personnelles seront conserv\u00e9es durant le d\u00e9lai n\u00e9cessaire pour r\u00e9pondre aux questions pos\u00e9es.<\/li>\n<\/ul>\n<\/li>\n\n\n\n<li><strong>Donn\u00e9es recueillies par l\u2019envoi d\u2019un CV au sein de la section emploi:<\/strong>\n<ul class=\"wp-block-list\">\n<li>Finalit\u00e9: traiter votre CV au cas o\u00f9 vous vous inscririez \u00e0 l\u2019une de nos offres d\u2019emploi. Si tel \u00e9tait le cas, les r\u00e8gles de confidentialit\u00e9 \u00e9nonc\u00e9es dans le document suivant s\u2019appliqueraient \u00e9galement:\u00a0<a href=\"https:\/\/tejasborja.com\/fr\/politica-de-tratamiento-de-datos\/\">politique de traitement des donn\u00e9es<\/a>.<\/li>\n\n\n\n<li>L\u00e9gitimation: la base l\u00e9gale selon laquelle les donn\u00e9es personnelles seront trait\u00e9es repose sur l\u2019ex\u00e9cution des mesures pr\u00e9contractuelles demand\u00e9es.<\/li>\n\n\n\n<li>Dur\u00e9e de conservation: en cas d\u2019acceptation de l\u2019offre d\u2019emploi formul\u00e9e par TEJAS BORJA, les donn\u00e9es personnelles recueillies au cours du processus de s\u00e9lection seront int\u00e9gr\u00e9es dans les fichiers et traitements du d\u00e9partement des ressources humaines jusqu\u2019\u00e0 la fin de votre relation de travail.<\/li>\n<\/ul>\n<\/li>\n<\/ul>\n\n\n\n<p>Si aucune relation de travail ne voit le jour, vos donn\u00e9es personnelles seront conserv\u00e9es durant deux ans.<\/p>\n\n\n\n<p>Chez TEJAS BORJA, nous informons tous les utilisateurs du caract\u00e8re facultatif de la collecte de certaines donn\u00e9es personnelles, sauf pour les champs ou le contraire est explicitement indiqu\u00e9. Cependant, si vous ne fournissez pas ces donn\u00e9es, TEJAS BORJA pourrait se trouver dans l\u2019impossibilit\u00e9 de pr\u00eater tous les services li\u00e9s \u00e0 la communication de ces donn\u00e9es, et ne peut \u00eatre tenu responsable en cas de non prestation ou de prestation incompl\u00e8te de ces services.<\/p>\n\n\n\n<p>L\u2019utilisateur a l\u2019obligation de fournir des donn\u00e9es v\u00e9ridiques et de les mettre \u00e0 jour si n\u00e9cessaire, de sorte que TEJAS BORJA se r\u00e9serve le droit de refuser les services ou de proc\u00e9der \u00e0 l\u2019annulation d\u2019un service \u00e0 tout utilisateur ayant fourni de fausses informations, sans pr\u00e9judice des autres actions l\u00e9gales qui pourraient \u00eatre entreprises.<\/p>\n\n\n\n<p>Vos donn\u00e9es personnelles ne seront PAS c\u00e9d\u00e9es \u00e0 d\u2019autres entreprises. Toutefois, s\u2019il s\u2019av\u00e9rait n\u00e9cessaire de communiquer vos donn\u00e9es personnelles \u00e0 des tiers, cette d\u00e9marche serait soumise \u00e0 votre consentement pr\u00e9alable et explicite.<\/p>\n\n\n\n<h2 class=\"wp-block-heading\">4. <strong>S\u00e9curit\u00e9 de vos donn\u00e9es \u00e0 caract\u00e8re personnel<\/strong><\/h2>\n\n\n\n<p>Dans un souci permanent de garantir la s\u00e9curit\u00e9 de vos donn\u00e9es personnelles, TEJAS BORJA stocke vos donn\u00e9es dans ses syst\u00e8mes d\u2019information, o\u00f9 nous avons adopt\u00e9 et mis en \u0153uvre des mesures de s\u00e9curit\u00e9 techniques et organisationnelles pour \u00e9viter toute perte ou usage non autoris\u00e9 de vos donn\u00e9es personnelles par des tiers. \u00c0 titre d\u2019exemple, nos sites web utilisent des protocoles de chiffrement des donn\u00e9es HTTPS.<\/p>\n\n\n\n<h2 class=\"wp-block-heading\">5. <strong>Information sur l\u2019utilisation de cookies<\/strong><\/h2>\n\n\n\n<p>Le simple acc\u00e8s \u00e0 ce site web ou l\u2019utilisation des services de TEJAS BORJA n\u2019implique nullement l\u2019enregistrement de donn\u00e9es \u00e0 caract\u00e8re personnel permettant d\u2019identifier un utilisateur. Toutefois, nous vous informons que lors de la navigation sur notre site web, nous utilisons des cookies, des petits fichiers de donn\u00e9es g\u00e9n\u00e9r\u00e9s sur le dispositif de l\u2019utilisateur gr\u00e2ce auxquels nous obtiendrons les informations analytiques suivantes:<\/p>\n\n\n\n<ul class=\"wp-block-list\">\n<li>La date et l\u2019heure d\u2019acc\u00e8s au site, afin de conna\u00eetre les heures auxquelles se produisent les pics d\u2019audience, et de r\u00e9aliser les am\u00e9nagements requis dans le but d\u2019\u00e9viter d\u2019\u00e9ventuels probl\u00e8mes de saturation aux heures de pointe.<\/li>\n\n\n\n<li>Le nombre de visites quotidiennes dans chaque rubrique, afin de conna\u00eetre les sections qui rencontrent le plus de succ\u00e8s et d\u2019en optimiser le contenu, dans le but d\u2019offrir une exp\u00e9rience utilisateur plus satisfaisante et d\u2019am\u00e9liorer le design des pages concern\u00e9es.<\/li>\n\n\n\n<li>La date et l\u2019heure de la derni\u00e8re visite de l\u2019utilisateur sur le site web, afin de r\u00e9aliser une \u00e9tude analytique et statistique sur l\u2019usage qu\u2019il en fait.<\/li>\n\n\n\n<li>\u00c9l\u00e9ments de s\u00e9curit\u00e9 n\u00e9cessaires au contr\u00f4le de l\u2019acc\u00e8s aux espaces restreints.<\/li>\n<\/ul>\n\n\n\n<p>Pour plus d\u2019information, veuillez consulter notre\u00a0<strong><a href=\"https:\/\/tejasborja.com\/fr\/politique-de-cookies\/\">politique de cookies<\/a>.<\/strong><\/p>\n\n\n\n<h2 class=\"wp-block-heading\">6. <strong>Droits des utilisateurs.<\/strong><\/h2>\n\n\n\n<p>Tout utilisateur peut exercer \u00e0 tout moment n\u2019importe lequel des droits que lui conf\u00e8re la r\u00e9glementation sur la protection des donn\u00e9es personnelles, tels que le droit d\u2019acc\u00e8s, le droit de rectification, le droit \u00e0 la limitation du traitement, le droit d\u2019effacement, le droit de portabilit\u00e9 et le droit d\u2019opposition, en contactant notre d\u00e9l\u00e9gu\u00e9 \u00e0 la protection des donn\u00e9es, au moyen d\u2019un courrier \u00e9lectronique envoy\u00e9 \u00e0 l\u2019adresse suivante : info@tejasborja.com. Si l\u2019utilisateur le juge opportun, il pourra introduire une r\u00e9clamation aupr\u00e8s de l\u2019Agence espagnole de Protection des Donn\u00e9es.<\/p>\n\n\n\n<h2 class=\"wp-block-heading\">7. <strong>Vous ne souhaitez pas recevoir d\u2019information de notre part ou d\u00e9sirez retirer votre consentement ?<\/strong><\/h2>\n\n\n\n<p>Tout utilisateur poss\u00e8de le droit de s\u2019opposer \u00e0 l\u2019utilisation de ses donn\u00e9es personnelles \u00e0 des fins publicitaires, d\u2019\u00e9tudes de march\u00e9 ou d\u2019\u00e9laboration d\u2019enqu\u00eates de satisfaction, et peut retirer son consentement \u00e0 tout moment, sans effet r\u00e9troactif. Pour ce faire, il devra adresser un courrier \u00e9lectronique \u00e0 l\u2019adresse suivante :&nbsp;<a href=\"mailto:info@tejasborja.com\">info [a] tejasborja.com<\/a>. En outre, lorsqu\u2019il re\u00e7oit de la publicit\u00e9 par email, il dispose \u00e9galement de la possibilit\u00e9 de s\u2019opposer \u00e0 partir de cet email, en cliquant sur le lien pr\u00e9vu \u00e0 cet effet et en suivant les instructions fournies.<\/p>\n\n\n\n<h2 class=\"wp-block-heading\">8. <strong>Modifications de la politique de confidentialit\u00e9.<\/strong><\/h2>\n\n\n\n<p>Notre politique de confidentialit\u00e9 est susceptible de subir des mises \u00e0 jour, dues \u00e0 des changements de la l\u00e9gislation et \u00e0 des exigences l\u00e9gales, ou \u00e0 des am\u00e9liorations et \u00e0 des modifications apport\u00e9es \u00e0 la mani\u00e8re dont nous offrons et pr\u00eatons nos services. Par cons\u00e9quent, il est conseill\u00e9 \u00e0 l\u2019utilisateur de consulter r\u00e9guli\u00e8rement notre politique de confidentialit\u00e9, afin de se tenir inform\u00e9 des \u00e9ventuelles modifications. Si ces changements concernent le consentement donn\u00e9 par l\u2019utilisateur, celui-ci recevra une notification par d\u2019autres moyens afin de confirmer son consentement.<\/p>\n\n\n\n<p>Si vous avez des doutes ou des questions au sujet de notre politique de confidentialit\u00e9 ou si vous souhaitez exercer un droit ou r\u00e9aliser une d\u00e9marche concernant vos donn\u00e9es \u00e0 caract\u00e8re personnel, veuillez nous contacter en adressant un courrier \u00e9lectronique \u00e0 l\u2019adresse suivante&nbsp;<a href=\"mailto:info@tejasborja.com\">info [a] tejasborja.com<\/a>.<\/p>\n","protected":false},"excerpt":{"rendered":"<p>1. Politique de confidentialit\u00e9 et s\u00e9curit\u00e9. Les informations d\u00e9taill\u00e9es ci-dessous au sujet de notre politique de confidentialit\u00e9 formalisent l\u2019engagement de TEJAS BORJA, S.A.U., ci-apr\u00e8s d\u00e9nomm\u00e9 TEJAS BORJA, dont le CIF (num\u00e9ro d\u2019identification fiscale) est le VAT ESA46068599, et dont le si\u00e8ge social est situ\u00e9 Carretera Ll\u00edria-Pedralba, Km.3 S\/N, 46160 Ll\u00edria (Espagne), en tant que responsable [&hellip;]<\/p>\n","protected":false},"author":4,"featured_media":0,"parent":0,"menu_order":0,"comment_status":"closed","ping_status":"closed","template":"page-templates\/container.php","meta":{"_acf_changed":false,"_eb_attr":"","footnotes":""},"class_list":["post-43498","page","type-page","status-publish","hentry"],"acf":[],"yoast_head":"<!-- This site is optimized with the Yoast SEO plugin v27.5 - https:\/\/yoast.com\/product\/yoast-seo-wordpress\/ -->\n<title>Politique de confidentialit\u00e9 - Tejas Borja<\/title>\n<meta name=\"robots\" content=\"index, follow, max-snippet:-1, max-image-preview:large, max-video-preview:-1\" \/>\n<link rel=\"canonical\" href=\"https:\/\/tejasborja.com\/fr\/politique-de-confidentialite\/\" \/>\n<meta property=\"og:locale\" content=\"fr_FR\" \/>\n<meta property=\"og:type\" content=\"article\" \/>\n<meta property=\"og:title\" content=\"Politique de confidentialit\u00e9 - Tejas Borja\" \/>\n<meta property=\"og:description\" content=\"1. Politique de confidentialit\u00e9 et s\u00e9curit\u00e9. Les informations d\u00e9taill\u00e9es ci-dessous au sujet de notre politique de confidentialit\u00e9 formalisent l\u2019engagement de TEJAS BORJA, S.A.U., ci-apr\u00e8s d\u00e9nomm\u00e9 TEJAS BORJA, dont le CIF (num\u00e9ro d\u2019identification fiscale) est le VAT ESA46068599, et dont le si\u00e8ge social est situ\u00e9 Carretera Ll\u00edria-Pedralba, Km.3 S\/N, 46160 Ll\u00edria (Espagne), en tant que responsable [&hellip;]\" \/>\n<meta property=\"og:url\" content=\"https:\/\/tejasborja.com\/fr\/politique-de-confidentialite\/\" \/>\n<meta property=\"og:site_name\" content=\"Tejas Borja\" \/>\n<meta property=\"article:modified_time\" content=\"2024-11-20T10:38:50+00:00\" \/>\n<meta name=\"twitter:card\" content=\"summary_large_image\" \/>\n<script type=\"application\/ld+json\" class=\"yoast-schema-graph\">{\"@context\":\"https:\\\/\\\/schema.org\",\"@graph\":[{\"@type\":\"WebPage\",\"@id\":\"https:\\\/\\\/tejasborja.com\\\/fr\\\/politique-de-confidentialite\\\/\",\"url\":\"https:\\\/\\\/tejasborja.com\\\/fr\\\/politique-de-confidentialite\\\/\",\"name\":\"Politique de confidentialit\u00e9 - Tejas Borja\",\"isPartOf\":{\"@id\":\"https:\\\/\\\/tejasborja.com\\\/fr\\\/#website\"},\"datePublished\":\"2024-06-13T05:47:04+00:00\",\"dateModified\":\"2024-11-20T10:38:50+00:00\",\"breadcrumb\":{\"@id\":\"https:\\\/\\\/tejasborja.com\\\/fr\\\/politique-de-confidentialite\\\/#breadcrumb\"},\"inLanguage\":\"fr-FR\",\"potentialAction\":[{\"@type\":\"ReadAction\",\"target\":[\"https:\\\/\\\/tejasborja.com\\\/fr\\\/politique-de-confidentialite\\\/\"]}]},{\"@type\":\"BreadcrumbList\",\"@id\":\"https:\\\/\\\/tejasborja.com\\\/fr\\\/politique-de-confidentialite\\\/#breadcrumb\",\"itemListElement\":[{\"@type\":\"ListItem\",\"position\":1,\"name\":\"Portada\",\"item\":\"https:\\\/\\\/tejasborja.com\\\/fr\\\/\"},{\"@type\":\"ListItem\",\"position\":2,\"name\":\"Politique de confidentialit\u00e9\"}]},{\"@type\":\"WebSite\",\"@id\":\"https:\\\/\\\/tejasborja.com\\\/fr\\\/#website\",\"url\":\"https:\\\/\\\/tejasborja.com\\\/fr\\\/\",\"name\":\"Tejas Borja\",\"description\":\"TEJAS BORJA la gama m\u00e1s amplia de tejas cer\u00e1micas del mercado. Especialistas en tejas mixtas, tejas planas y tejas curvas tanto para rehabilitaci\u00f3n de cubiertas como para tejados de obra nueva. Una marca con m\u00e1s de 110 a\u00f1os de experiencia....\",\"publisher\":{\"@id\":\"https:\\\/\\\/tejasborja.com\\\/fr\\\/#organization\"},\"potentialAction\":[{\"@type\":\"SearchAction\",\"target\":{\"@type\":\"EntryPoint\",\"urlTemplate\":\"https:\\\/\\\/tejasborja.com\\\/fr\\\/?s={search_term_string}\"},\"query-input\":{\"@type\":\"PropertyValueSpecification\",\"valueRequired\":true,\"valueName\":\"search_term_string\"}}],\"inLanguage\":\"fr-FR\"},{\"@type\":\"Organization\",\"@id\":\"https:\\\/\\\/tejasborja.com\\\/fr\\\/#organization\",\"name\":\"Tejas Borja\",\"url\":\"https:\\\/\\\/tejasborja.com\\\/fr\\\/\",\"logo\":{\"@type\":\"ImageObject\",\"inLanguage\":\"fr-FR\",\"@id\":\"https:\\\/\\\/tejasborja.com\\\/fr\\\/#\\\/schema\\\/logo\\\/image\\\/\",\"url\":\"https:\\\/\\\/tejasborja.com\\\/wp-content\\\/uploads\\\/2025\\\/08\\\/Logo-Tejas-Borja-Blanco-1.png\",\"contentUrl\":\"https:\\\/\\\/tejasborja.com\\\/wp-content\\\/uploads\\\/2025\\\/08\\\/Logo-Tejas-Borja-Blanco-1.png\",\"width\":150,\"height\":50,\"caption\":\"Tejas Borja\"},\"image\":{\"@id\":\"https:\\\/\\\/tejasborja.com\\\/fr\\\/#\\\/schema\\\/logo\\\/image\\\/\"}}]}<\/script>\n<!-- \/ Yoast SEO plugin. -->","yoast_head_json":{"title":"Politique de confidentialit\u00e9 - Tejas Borja","robots":{"index":"index","follow":"follow","max-snippet":"max-snippet:-1","max-image-preview":"max-image-preview:large","max-video-preview":"max-video-preview:-1"},"canonical":"https:\/\/tejasborja.com\/fr\/politique-de-confidentialite\/","og_locale":"fr_FR","og_type":"article","og_title":"Politique de confidentialit\u00e9 - Tejas Borja","og_description":"1. Politique de confidentialit\u00e9 et s\u00e9curit\u00e9. Les informations d\u00e9taill\u00e9es ci-dessous au sujet de notre politique de confidentialit\u00e9 formalisent l\u2019engagement de TEJAS BORJA, S.A.U., ci-apr\u00e8s d\u00e9nomm\u00e9 TEJAS BORJA, dont le CIF (num\u00e9ro d\u2019identification fiscale) est le VAT ESA46068599, et dont le si\u00e8ge social est situ\u00e9 Carretera Ll\u00edria-Pedralba, Km.3 S\/N, 46160 Ll\u00edria (Espagne), en tant que responsable [&hellip;]","og_url":"https:\/\/tejasborja.com\/fr\/politique-de-confidentialite\/","og_site_name":"Tejas Borja","article_modified_time":"2024-11-20T10:38:50+00:00","twitter_card":"summary_large_image","schema":{"@context":"https:\/\/schema.org","@graph":[{"@type":"WebPage","@id":"https:\/\/tejasborja.com\/fr\/politique-de-confidentialite\/","url":"https:\/\/tejasborja.com\/fr\/politique-de-confidentialite\/","name":"Politique de confidentialit\u00e9 - Tejas Borja","isPartOf":{"@id":"https:\/\/tejasborja.com\/fr\/#website"},"datePublished":"2024-06-13T05:47:04+00:00","dateModified":"2024-11-20T10:38:50+00:00","breadcrumb":{"@id":"https:\/\/tejasborja.com\/fr\/politique-de-confidentialite\/#breadcrumb"},"inLanguage":"fr-FR","potentialAction":[{"@type":"ReadAction","target":["https:\/\/tejasborja.com\/fr\/politique-de-confidentialite\/"]}]},{"@type":"BreadcrumbList","@id":"https:\/\/tejasborja.com\/fr\/politique-de-confidentialite\/#breadcrumb","itemListElement":[{"@type":"ListItem","position":1,"name":"Portada","item":"https:\/\/tejasborja.com\/fr\/"},{"@type":"ListItem","position":2,"name":"Politique de confidentialit\u00e9"}]},{"@type":"WebSite","@id":"https:\/\/tejasborja.com\/fr\/#website","url":"https:\/\/tejasborja.com\/fr\/","name":"Tejas Borja","description":"TEJAS BORJA la gama m\u00e1s amplia de tejas cer\u00e1micas del mercado. Especialistas en tejas mixtas, tejas planas y tejas curvas tanto para rehabilitaci\u00f3n de cubiertas como para tejados de obra nueva. Una marca con m\u00e1s de 110 a\u00f1os de experiencia....","publisher":{"@id":"https:\/\/tejasborja.com\/fr\/#organization"},"potentialAction":[{"@type":"SearchAction","target":{"@type":"EntryPoint","urlTemplate":"https:\/\/tejasborja.com\/fr\/?s={search_term_string}"},"query-input":{"@type":"PropertyValueSpecification","valueRequired":true,"valueName":"search_term_string"}}],"inLanguage":"fr-FR"},{"@type":"Organization","@id":"https:\/\/tejasborja.com\/fr\/#organization","name":"Tejas Borja","url":"https:\/\/tejasborja.com\/fr\/","logo":{"@type":"ImageObject","inLanguage":"fr-FR","@id":"https:\/\/tejasborja.com\/fr\/#\/schema\/logo\/image\/","url":"https:\/\/tejasborja.com\/wp-content\/uploads\/2025\/08\/Logo-Tejas-Borja-Blanco-1.png","contentUrl":"https:\/\/tejasborja.com\/wp-content\/uploads\/2025\/08\/Logo-Tejas-Borja-Blanco-1.png","width":150,"height":50,"caption":"Tejas Borja"},"image":{"@id":"https:\/\/tejasborja.com\/fr\/#\/schema\/logo\/image\/"}}]}},"_links":{"self":[{"href":"https:\/\/tejasborja.com\/fr\/wp-json\/wp\/v2\/pages\/43498","targetHints":{"allow":["GET"]}}],"collection":[{"href":"https:\/\/tejasborja.com\/fr\/wp-json\/wp\/v2\/pages"}],"about":[{"href":"https:\/\/tejasborja.com\/fr\/wp-json\/wp\/v2\/types\/page"}],"author":[{"embeddable":true,"href":"https:\/\/tejasborja.com\/fr\/wp-json\/wp\/v2\/users\/4"}],"replies":[{"embeddable":true,"href":"https:\/\/tejasborja.com\/fr\/wp-json\/wp\/v2\/comments?post=43498"}],"version-history":[{"count":0,"href":"https:\/\/tejasborja.com\/fr\/wp-json\/wp\/v2\/pages\/43498\/revisions"}],"wp:attachment":[{"href":"https:\/\/tejasborja.com\/fr\/wp-json\/wp\/v2\/media?parent=43498"}],"curies":[{"name":"wp","href":"https:\/\/api.w.org\/{rel}","templated":true}]}}