{"id":43505,"date":"2024-06-13T07:46:41","date_gmt":"2024-06-13T05:46:41","guid":{"rendered":"https:\/\/tejasborja.com\/politica-de-cookies\/"},"modified":"2024-11-20T13:39:38","modified_gmt":"2024-11-20T12:39:38","slug":"politique-de-cookies","status":"publish","type":"page","link":"https:\/\/tejasborja.com\/fr\/politique-de-cookies\/","title":{"rendered":"Politique de cookies"},"content":{"rendered":"\n<h2 class=\"wp-block-heading\"><strong>1. DESCRIPTION DES COOKIES<\/strong><\/h2>\n\n\n\n<p>Un \u00ab Cookie \u00bb est un petit fichier texte qu\u2019un site web stocke sur le navigateur de l\u2019utilisateur, facilitant la navigation sur une page Web, et ils sont essentiels au fonctionnement d\u2019Internet.<\/p>\n\n\n\n<p>Les cookies sont utilis\u00e9s, par exemple, pour retenir les go\u00fbts des utilisateurs sur le web : la langue, le navigateur utilis\u00e9 ; pour analyser les habitudes et les comportements de l\u2019utilisateur afin d\u2019am\u00e9liorer les services offerts, ou pour adapter le contenu d\u2019une page web aux pr\u00e9f\u00e9rences des visiteurs.<\/p>\n\n\n\n<p>Les cookies peuvent \u00eatre class\u00e9s de la fa\u00e7on suivante :<\/p>\n\n\n\n<p>Selon l\u2019entit\u00e9 qui le traite :<\/p>\n\n\n\n<ul class=\"wp-block-list\">\n<li><em>Propres cookies :<\/em>\u00a0Ce sont ceux qui sont envoy\u00e9s \u00e0 votre ordinateur depuis nos propres ordinateurs ou domaines et depuis lequel nous fournissons le service que vous nous sollicitez.<\/li>\n\n\n\n<li><em>Cookies de tiers :<\/em>\u00a0Ce sont ceux qui sont envoy\u00e9s \u00e0 votre ordinateur \u00e0 partir d\u2019un ordinateur ou domaine que nous ne g\u00e9rons pas, mais qui est g\u00e9r\u00e9 par une autre entit\u00e9 collaboratrice. Comme par exemple, ceux utilis\u00e9s par les r\u00e9seaux sociaux.<\/li>\n<\/ul>\n\n\n\n<p>Selon le d\u00e9lai pour lequel ils restent activ\u00e9s :<\/p>\n\n\n\n<ul class=\"wp-block-list\">\n<li><em>Cookies de session :<\/em>\u00a0Ce sont des cookies temporaires qui restent dans le fichier cookies de votre navigateur jusqu\u2019\u00e0 ce que vous quittiez le site, donc aucun d\u2019entre eux ne sera sauvegard\u00e9 sur le disque dur de votre ordinateur. Les informations obtenues par le biais de ces cookies, sont utilis\u00e9es pour analyser le trafic sur les lignes directrices de la web. A long terme, cela nous permet d\u2019offrir une meilleure exp\u00e9rience, afin d\u2019am\u00e9liorer le contenu et la facilit\u00e9 d\u2019utilisation.<\/li>\n\n\n\n<li><em>Cookies persistants :<\/em>\u00a0ils sont stock\u00e9s sur le disque dur et lus par notre site Web \u00e0 chaque fois que vous effectuez une nouvelle visite. Un site web permanent a une date d\u2019expiration d\u00e9finie. Le cookie cessera de fonctionner apr\u00e8s cette date. Nous utilisons ces cookies, en r\u00e8gle g\u00e9n\u00e9rale, pour faciliter les services d\u2019enregistrement.<\/li>\n<\/ul>\n\n\n\n<p>Selon leur objet :<\/p>\n\n\n\n<ul class=\"wp-block-list\">\n<li><em>Cookies techniques :<\/em>\u00a0Ce sont ceux qui sont n\u00e9cessaires pour la navigation et le bon fonctionnement de notre site Web. Ils permettent par exemple, de contr\u00f4ler le trafic et la communication de donn\u00e9es, d\u2019acc\u00e9der aux parties d\u2019acc\u00e8s restreintes, de r\u00e9aliser le processus d\u2019achat, d\u2019utiliser des \u00e9l\u00e9ments de s\u00e9curit\u00e9, de stocker le contenu pour pouvoir diffuser des vid\u00e9os ou partager des contenus par le biais de r\u00e9seaux sociaux.<\/li>\n\n\n\n<li><em>Cookies de personnalisation :<\/em>\u00a0Ce sont ceux qui vous permettent d\u2019acc\u00e9der au service avec des caract\u00e9ristiques pr\u00e9d\u00e9finies bas\u00e9es sur un certain nombre de crit\u00e8res, comme la langue, le type de navigateur \u00e0 travers lequel vous acc\u00e9dez au service et les param\u00e8tres r\u00e9gionaux d\u2019o\u00f9 vous acc\u00e9der au service, etc..<\/li>\n\n\n\n<li><em>Cookies d\u2019analyses :<\/em>\u00a0Ce sont ceux qui nous permettent de quantifier le nombre d\u2019utilisateurs et ainsi d\u2019effectuer la mesure et l\u2019analyse statistique de l\u2019utilisation r\u00e9alis\u00e9e par les utilisateurs des prestations fournies. Pour cela, votre navigation sur notre site Web est analys\u00e9e afin d\u2019am\u00e9liorer la gamme de produits et de services que nous offrons.<\/li>\n\n\n\n<li><em>Cookies publicitaires :<\/em>\u00a0Ce sont ceux qui permettent la gestion, de la forme la plus efficace possible, des espaces publicitaires que nous pourrions inclure sur notre page web.<\/li>\n\n\n\n<li><em>Cookies de publicit\u00e9 comportementale :<\/em>\u00a0Ces cookies stockent des informations sur le comportement des utilisateurs obtenus par le biais de l\u2019observation continue. Gr\u00e2ce \u00e0 eux, nous pouvons conna\u00eetre les habitudes de navigation sur internet et vous offrir la publicit\u00e9 en relation \u00e0 votre profil de navigation.<\/li>\n<\/ul>\n\n\n\n<h2 class=\"wp-block-heading\"><strong>2. QUELS COOKIES UTILISONS-NOUS ET \u00c0 QUELLES FINS<\/strong><\/h2>\n\n\n\n<p>Notre site utilise les types de cookies suivants :<\/p>\n\n\n\n<ul class=\"wp-block-list\">\n<li><em>Propres cookies :<\/em>\u00a0ce sont des cookies strictement n\u00e9cessaires. Ils permettent l\u2019interaction de l\u2019utilisateur par le site web \u00e0 l\u2019aide de toutes ses fonctions.<\/li>\n\n\n\n<li><em>Cookies Analytique :<\/em>\u00a0ce sont des \u00ab cookies \u00bb utilis\u00e9s pour l\u2019analyse, recherche ou statistiques afin de connaitre les sections les plus visit\u00e9es, les points de connexion, etc. et ainsi am\u00e9liorer le site Web.<\/li>\n\n\n\n<li><em>Cookies de compl\u00e9ments :<\/em>\u00a0ce sont des \u00ab cookies \u00bb utilis\u00e9s par des compl\u00e9ments externe install\u00e9s sur le web pour son bon fonctionnement, comme par exemple montrer le panneau informatif sur l\u2019utilisation de cookies.<\/li>\n\n\n\n<li><em>Cookies des r\u00e9seaux sociaux :<\/em>\u00a0ce sont des cookies pour vous identifier en tant qu\u2019utilisateur du r\u00e9seau social et pour pouvoir interagir par le biais de votre profil \u00e0 travers les APIs install\u00e9es.<\/li>\n\n\n\n<li><em>Cookies de publicit\u00e9 comportementale :<\/em>\u00a0ce sont les cookies utilis\u00e9s afin de vous montrer des publicit\u00e9s sur base de votre historique de navigation.<\/li>\n<\/ul>\n\n\n\n<p>Voici plus d\u2019informations sur les cookies que nous utilisons:<\/p>\n\n\n<script\n\t\ttype=\"text\/javascript\"\n\t\tid=\"CookieDeclaration\"\n\t\tsrc=\"https:\/\/consent.cookiebot.com\/889e77f5-985b-4af8-b716-070b4e352571\/cd.js\"\n\t\t><\/script>\n\n\n\n\n<h2 class=\"wp-block-heading\"><strong>3. COOKIES TIERS<\/strong><\/h2>\n\n\n\n<p>Les cookies tiers permettent de quantifier le nombre d\u2019utilisateurs afin de r\u00e9aliser l\u2019analyse statistique et de mesurer l\u2019usage fait par les utilisateurs du service offert. C\u2019est pourquoi votre navigation sur notre site web est analys\u00e9e afin d\u2019am\u00e9liorer les services que nous offrons.<\/p>\n\n\n\n<p>Vous pouvez en savoir plus sur le traitement de l\u2019information r\u00e9alis\u00e9 par les autres sites qui installent des cookies sur notre site web en cliquant sur les liens suivants :<\/p>\n\n\n\n<ul class=\"wp-block-list\">\n<li><a href=\"https:\/\/policies.google.com\/technologies\/cookies?fg=1\" target=\"_blank\" rel=\"noreferrer noopener\">https:\/\/policies.google.com\/technologies\/cookies?fg=1<\/a><\/li>\n<\/ul>\n\n\n\n<h2 class=\"wp-block-heading\"><strong>4. MOYENS DE BLOQUER ET DE LIMITER L\u2019UTILISATION DES COOKIES<\/strong><\/h2>\n\n\n\n<p>Il est important de noter que ces technologies ne sont pas intrusifs, car toutes les informations obtenues par le biais de cookies sont totalement anonymes et en aucun cas, peuvent \u00eatre associ\u00e9es \u00e0 un utilisateur concret et identifi\u00e9. Cette information permet \u00e0 TEJAS BORJA d\u2019adapter et d\u2019am\u00e9liorer ses services aux int\u00e9r\u00eats des utilisateurs. Toutefois, l\u2019utilisateur a la possibilit\u00e9 d\u2019emp\u00eacher la g\u00e9n\u00e9ration de cookies en s\u00e9lectionnant l\u2019option appropri\u00e9e dans son programme de navigateur. TEJAS BORJA informe que dans le cas o\u00f9 vous d\u00e9sactiverez l\u2019utilisation des cookies la navigation peut \u00eatre plus lente que d\u2019habitude.<\/p>\n\n\n\n<p>Plus pr\u00e9cis\u00e9ment, tous les navigateurs vous permettent d\u2019apporter des modifications qui permettent de d\u00e9sactiver le r\u00e9glage des cookies. Ces param\u00e8tres se trouvent dans les \u00ab options \u00bb ou \u00ab Pr\u00e9f\u00e9rences \u00bb dans le menu de votre navigateur.<\/p>\n\n\n\n<p>Ci-dessous nous vous indiquons par le biais de liens comment faire pour d\u00e9sactiver les cookies en suivant les instructions pour les navigateurs les plus couramment utilis\u00e9s :<\/p>\n\n\n\n<ul class=\"wp-block-list\">\n<li>Internet Explorer:\u00a0<a href=\"http:\/\/windows.microsoft.com\/es-es\/windows-vista\/block-or-allow-cookies\" target=\"_blank\" rel=\"noreferrer noopener\">http:\/\/windows.microsoft.com\/es-es\/windows-vista\/block-or-allow-cookies<\/a><\/li>\n\n\n\n<li>Mozilla Firefox:\u00a0<a href=\"https:\/\/support.mozilla.org\/es\/kb\/cookies-informacion-que-los-sitios-web-guardan-en-?redirectlocale=en-us&amp;redirectslug=cookies\" target=\"_blank\" rel=\"noreferrer noopener\">https:\/\/support.mozilla.org\/es\/kb\/cookies-informacion-que-los-sitios-web-guardan-en-?redirectlocale=en-us&amp;redirectslug=cookies<\/a><\/li>\n\n\n\n<li>Google Chrome:\u00a0<a href=\"https:\/\/support.google.com\/chrome\/answer\/95647?hl=es\" target=\"_blank\" rel=\"noreferrer noopener\">https:\/\/support.google.com\/chrome\/answer\/95647?hl=es<\/a><\/li>\n\n\n\n<li>Safari:\u00a0<a href=\"https:\/\/support.apple.com\/es-es\/HT201265\" target=\"_blank\" rel=\"noreferrer noopener\">https:\/\/support.apple.com\/es-es\/HT201265<\/a><\/li>\n<\/ul>\n\n\n\n<p>En revanche, si vous souhaitez bloquer les cookies analytiques de Google, vous pouvez installer un compl\u00e9ment dans votre navigateur d\u00e9velopp\u00e9 en suivant les instructions indiqu\u00e9es ci-apr\u00e8s lien :&nbsp;<a href=\"https:\/\/tools.google.com\/dlpage\/gaoptout\" target=\"_blank\" rel=\"noreferrer noopener\">https:\/\/tools.google.com\/dlpage\/gaoptout<\/a>.<\/p>\n\n\n\n<h2 class=\"wp-block-heading\"><strong>5. PLUS D\u2019INFORMATION<\/strong><\/h2>\n\n\n\n<p>Pour obtenir plus d\u2019information sur le traitement des donn\u00e9es, nous conseillons de consulter notre politique de confidentialit\u00e9. En outre, tout utilisateur souhaitant \u00e9claircir ses doutes au sujet de ces technologies pourra transmettre ses questions \u00e0 notre D\u00e9l\u00e9gu\u00e9 \u00e0 la Protection des Donn\u00e9es :&nbsp;<a href=\"mailto:info@tejasborja.com\">info [a] tejasborja.com<\/a>.<\/p>\n","protected":false},"excerpt":{"rendered":"<p>1. DESCRIPTION DES COOKIES Un \u00ab Cookie \u00bb est un petit fichier texte qu\u2019un site web stocke sur le navigateur de l\u2019utilisateur, facilitant la navigation sur une page Web, et ils sont essentiels au fonctionnement d\u2019Internet. Les cookies sont utilis\u00e9s, par exemple, pour retenir les go\u00fbts des utilisateurs sur le web : la langue, le [&hellip;]<\/p>\n","protected":false},"author":4,"featured_media":0,"parent":0,"menu_order":0,"comment_status":"closed","ping_status":"closed","template":"page-templates\/container.php","meta":{"_acf_changed":false,"_eb_attr":"","footnotes":""},"class_list":["post-43505","page","type-page","status-publish","hentry"],"acf":[],"yoast_head":"<!-- This site is optimized with the Yoast SEO plugin v27.1.1 - https:\/\/yoast.com\/product\/yoast-seo-wordpress\/ -->\n<title>Politique de cookies - Tejas Borja<\/title>\n<meta name=\"robots\" content=\"index, follow, max-snippet:-1, max-image-preview:large, max-video-preview:-1\" \/>\n<link rel=\"canonical\" href=\"https:\/\/tejasborja.com\/fr\/politique-de-cookies\/\" \/>\n<meta property=\"og:locale\" content=\"fr_FR\" \/>\n<meta property=\"og:type\" content=\"article\" \/>\n<meta property=\"og:title\" content=\"Politique de cookies - Tejas Borja\" \/>\n<meta property=\"og:description\" content=\"1. DESCRIPTION DES COOKIES Un \u00ab Cookie \u00bb est un petit fichier texte qu\u2019un site web stocke sur le navigateur de l\u2019utilisateur, facilitant la navigation sur une page Web, et ils sont essentiels au fonctionnement d\u2019Internet. Les cookies sont utilis\u00e9s, par exemple, pour retenir les go\u00fbts des utilisateurs sur le web : la langue, le [&hellip;]\" \/>\n<meta property=\"og:url\" content=\"https:\/\/tejasborja.com\/fr\/politique-de-cookies\/\" \/>\n<meta property=\"og:site_name\" content=\"Tejas Borja\" \/>\n<meta property=\"article:modified_time\" content=\"2024-11-20T12:39:38+00:00\" \/>\n<meta name=\"twitter:card\" content=\"summary_large_image\" \/>\n<script type=\"application\/ld+json\" class=\"yoast-schema-graph\">{\"@context\":\"https:\/\/schema.org\",\"@graph\":[{\"@type\":\"WebPage\",\"@id\":\"https:\/\/tejasborja.com\/fr\/politique-de-cookies\/\",\"url\":\"https:\/\/tejasborja.com\/fr\/politique-de-cookies\/\",\"name\":\"Politique de cookies - Tejas Borja\",\"isPartOf\":{\"@id\":\"https:\/\/tejasborja.com\/fr\/#website\"},\"datePublished\":\"2024-06-13T05:46:41+00:00\",\"dateModified\":\"2024-11-20T12:39:38+00:00\",\"breadcrumb\":{\"@id\":\"https:\/\/tejasborja.com\/fr\/politique-de-cookies\/#breadcrumb\"},\"inLanguage\":\"fr-FR\",\"potentialAction\":[{\"@type\":\"ReadAction\",\"target\":[\"https:\/\/tejasborja.com\/fr\/politique-de-cookies\/\"]}]},{\"@type\":\"BreadcrumbList\",\"@id\":\"https:\/\/tejasborja.com\/fr\/politique-de-cookies\/#breadcrumb\",\"itemListElement\":[{\"@type\":\"ListItem\",\"position\":1,\"name\":\"Portada\",\"item\":\"https:\/\/tejasborja.com\/fr\/\"},{\"@type\":\"ListItem\",\"position\":2,\"name\":\"Politique de cookies\"}]},{\"@type\":\"WebSite\",\"@id\":\"https:\/\/tejasborja.com\/fr\/#website\",\"url\":\"https:\/\/tejasborja.com\/fr\/\",\"name\":\"Tejas Borja\",\"description\":\"TEJAS BORJA la gama m\u00e1s amplia de tejas cer\u00e1micas del mercado. Especialistas en tejas mixtas, tejas planas y tejas curvas tanto para rehabilitaci\u00f3n de cubiertas como para tejados de obra nueva. Una marca con m\u00e1s de 110 a\u00f1os de experiencia....\",\"publisher\":{\"@id\":\"https:\/\/tejasborja.com\/fr\/#organization\"},\"potentialAction\":[{\"@type\":\"SearchAction\",\"target\":{\"@type\":\"EntryPoint\",\"urlTemplate\":\"https:\/\/tejasborja.com\/fr\/?s={search_term_string}\"},\"query-input\":{\"@type\":\"PropertyValueSpecification\",\"valueRequired\":true,\"valueName\":\"search_term_string\"}}],\"inLanguage\":\"fr-FR\"},{\"@type\":\"Organization\",\"@id\":\"https:\/\/tejasborja.com\/fr\/#organization\",\"name\":\"Tejas Borja\",\"url\":\"https:\/\/tejasborja.com\/fr\/\",\"logo\":{\"@type\":\"ImageObject\",\"inLanguage\":\"fr-FR\",\"@id\":\"https:\/\/tejasborja.com\/fr\/#\/schema\/logo\/image\/\",\"url\":\"https:\/\/tejasborja.com\/wp-content\/uploads\/2025\/08\/Logo-Tejas-Borja-Blanco-1.png\",\"contentUrl\":\"https:\/\/tejasborja.com\/wp-content\/uploads\/2025\/08\/Logo-Tejas-Borja-Blanco-1.png\",\"width\":150,\"height\":50,\"caption\":\"Tejas Borja\"},\"image\":{\"@id\":\"https:\/\/tejasborja.com\/fr\/#\/schema\/logo\/image\/\"}}]}<\/script>\n<!-- \/ Yoast SEO plugin. -->","yoast_head_json":{"title":"Politique de cookies - Tejas Borja","robots":{"index":"index","follow":"follow","max-snippet":"max-snippet:-1","max-image-preview":"max-image-preview:large","max-video-preview":"max-video-preview:-1"},"canonical":"https:\/\/tejasborja.com\/fr\/politique-de-cookies\/","og_locale":"fr_FR","og_type":"article","og_title":"Politique de cookies - Tejas Borja","og_description":"1. DESCRIPTION DES COOKIES Un \u00ab Cookie \u00bb est un petit fichier texte qu\u2019un site web stocke sur le navigateur de l\u2019utilisateur, facilitant la navigation sur une page Web, et ils sont essentiels au fonctionnement d\u2019Internet. Les cookies sont utilis\u00e9s, par exemple, pour retenir les go\u00fbts des utilisateurs sur le web : la langue, le [&hellip;]","og_url":"https:\/\/tejasborja.com\/fr\/politique-de-cookies\/","og_site_name":"Tejas Borja","article_modified_time":"2024-11-20T12:39:38+00:00","twitter_card":"summary_large_image","schema":{"@context":"https:\/\/schema.org","@graph":[{"@type":"WebPage","@id":"https:\/\/tejasborja.com\/fr\/politique-de-cookies\/","url":"https:\/\/tejasborja.com\/fr\/politique-de-cookies\/","name":"Politique de cookies - Tejas Borja","isPartOf":{"@id":"https:\/\/tejasborja.com\/fr\/#website"},"datePublished":"2024-06-13T05:46:41+00:00","dateModified":"2024-11-20T12:39:38+00:00","breadcrumb":{"@id":"https:\/\/tejasborja.com\/fr\/politique-de-cookies\/#breadcrumb"},"inLanguage":"fr-FR","potentialAction":[{"@type":"ReadAction","target":["https:\/\/tejasborja.com\/fr\/politique-de-cookies\/"]}]},{"@type":"BreadcrumbList","@id":"https:\/\/tejasborja.com\/fr\/politique-de-cookies\/#breadcrumb","itemListElement":[{"@type":"ListItem","position":1,"name":"Portada","item":"https:\/\/tejasborja.com\/fr\/"},{"@type":"ListItem","position":2,"name":"Politique de cookies"}]},{"@type":"WebSite","@id":"https:\/\/tejasborja.com\/fr\/#website","url":"https:\/\/tejasborja.com\/fr\/","name":"Tejas Borja","description":"TEJAS BORJA la gama m\u00e1s amplia de tejas cer\u00e1micas del mercado. Especialistas en tejas mixtas, tejas planas y tejas curvas tanto para rehabilitaci\u00f3n de cubiertas como para tejados de obra nueva. Una marca con m\u00e1s de 110 a\u00f1os de experiencia....","publisher":{"@id":"https:\/\/tejasborja.com\/fr\/#organization"},"potentialAction":[{"@type":"SearchAction","target":{"@type":"EntryPoint","urlTemplate":"https:\/\/tejasborja.com\/fr\/?s={search_term_string}"},"query-input":{"@type":"PropertyValueSpecification","valueRequired":true,"valueName":"search_term_string"}}],"inLanguage":"fr-FR"},{"@type":"Organization","@id":"https:\/\/tejasborja.com\/fr\/#organization","name":"Tejas Borja","url":"https:\/\/tejasborja.com\/fr\/","logo":{"@type":"ImageObject","inLanguage":"fr-FR","@id":"https:\/\/tejasborja.com\/fr\/#\/schema\/logo\/image\/","url":"https:\/\/tejasborja.com\/wp-content\/uploads\/2025\/08\/Logo-Tejas-Borja-Blanco-1.png","contentUrl":"https:\/\/tejasborja.com\/wp-content\/uploads\/2025\/08\/Logo-Tejas-Borja-Blanco-1.png","width":150,"height":50,"caption":"Tejas Borja"},"image":{"@id":"https:\/\/tejasborja.com\/fr\/#\/schema\/logo\/image\/"}}]}},"_links":{"self":[{"href":"https:\/\/tejasborja.com\/fr\/wp-json\/wp\/v2\/pages\/43505","targetHints":{"allow":["GET"]}}],"collection":[{"href":"https:\/\/tejasborja.com\/fr\/wp-json\/wp\/v2\/pages"}],"about":[{"href":"https:\/\/tejasborja.com\/fr\/wp-json\/wp\/v2\/types\/page"}],"author":[{"embeddable":true,"href":"https:\/\/tejasborja.com\/fr\/wp-json\/wp\/v2\/users\/4"}],"replies":[{"embeddable":true,"href":"https:\/\/tejasborja.com\/fr\/wp-json\/wp\/v2\/comments?post=43505"}],"version-history":[{"count":0,"href":"https:\/\/tejasborja.com\/fr\/wp-json\/wp\/v2\/pages\/43505\/revisions"}],"wp:attachment":[{"href":"https:\/\/tejasborja.com\/fr\/wp-json\/wp\/v2\/media?parent=43505"}],"curies":[{"name":"wp","href":"https:\/\/api.w.org\/{rel}","templated":true}]}}