{"id":44064,"date":"2024-06-13T07:46:17","date_gmt":"2024-06-13T05:46:17","guid":{"rendered":"https:\/\/tejasborja.com\/aviso-legal\/"},"modified":"2024-11-20T13:46:29","modified_gmt":"2024-11-20T12:46:29","slug":"mentions-legales","status":"publish","type":"page","link":"https:\/\/tejasborja.com\/fr\/mentions-legales\/","title":{"rendered":"Mentions l\u00e9gales"},"content":{"rendered":"\n<p><strong>PROPRI\u00c9TAIRE DU SITE :<\/strong>&nbsp;Ce site web appartient \u00e0 TEJAS BORJA, S.A.U. (ci-apr\u00e8s TEJAS BORJA) dont le num\u00e9ro CIF est ESA46068599 , ayant son si\u00e8ge social aux fins de se conformer \u00e0 l\u2019article 10 de la Loi des Services de la Soci\u00e9t\u00e9 de l\u2019information et du Commerce \u00c9lectronique \u00e0 la Carretera Lliria-Pedralba, Km.3 S\/N, 46160 de Lliria et inscrit au Registre du Commerce de Valence au Volume 3937, Page 107, Feuille V-16953. Vous pouvez nous contacter par courrier \u00e9lectronique&nbsp;<a href=\"mailto:info@tejasborja.com\">info [a] tejasborja.com<\/a>.<\/p>\n\n\n\n<p><strong>OBJET DU SITE :<\/strong>&nbsp;TEJAS BORJA met \u00e0 la disposition du public (ci-apr\u00e8s l\u2019utilisateur), qui acc\u00e8de \u00e0&nbsp;<a href=\"https:\/\/tejasborja.com\/\">tejasborja.com<\/a>&nbsp;(ci-apr\u00e8s le SITE), l\u2019information sur les produits et designs g\u00e9n\u00e9r\u00e9s par la propre entreprise.<\/p>\n\n\n\n<p><strong>ACC\u00c8S AU SITE :<\/strong>&nbsp;Certaines sections du site Web ne n\u00e9cessite pas d\u2019inscription pr\u00e9alable des utilisateurs, pour autant, n\u2019importe quel utilisateur peut naviguer librement sur le site. L\u2019inscription est sollicit\u00e9e uniquement pour acc\u00e9der \u00e0 l\u2019espace priv\u00e9, d\u2019o\u00f9 vous pourrez t\u00e9l\u00e9charger et acc\u00e9der \u00e0 des \u00e9l\u00e9ments suppl\u00e9mentaires des produits propos\u00e9s par TEJAS BORJA. Ces conditions d\u2019utilisation s\u2019appliquent \u00e0 tout utilisateur qui navigue et visite le site Web, ind\u00e9pendamment du fait qu\u2019il soit enregistr\u00e9 ou non.<\/p>\n\n\n\n<p><strong>CORRECTE UTILISATION DES SERVICES :<\/strong>&nbsp;L\u2019utilisateur s\u2019engage \u00e0 recourir aux Services de forme diligente, correcte et l\u00e9gale et, en particulier, et sans s\u2019y limiter, il est strictement interdit de :<\/p>\n\n\n\n<ul class=\"wp-block-list\">\n<li>Utiliser les services de forme, \u00e0 des fins ou effets contraires aux lois, \u00e0 la morale et aux bonnes m\u0153urs habituellement accept\u00e9es ou \u00e0 l\u2019ordre public ou qui impliquent des dommages au droit \u00e0 l\u2019image et \u00e0 l\u2019honneur ;<\/li>\n\n\n\n<li>Reproduire ou copier, distribuer, permettre l\u2019acc\u00e8s du public par le biais de tout moyen de communication publique, transformer ou modifier tout contenu du site, \u00e0 moins de compter sur l\u2019autorisation du titulaire des droits correspondants ou que cela r\u00e9sulte \u00eatre autoris\u00e9 l\u00e9galement ;<\/li>\n\n\n\n<li>R\u00e9aliser tout acte qui pourrait \u00eatre consid\u00e9r\u00e9 comme une atteinte aux droits de propri\u00e9t\u00e9 intellectuelle ou industrielle appartenant \u00e0 TEJAS BORJA ou \u00e0 des tierces parties ;<\/li>\n\n\n\n<li>Employer les contenus et, en particulier, l\u2019information de toute nature obtenue \u00e0 travers le site Web pour \u00e9mettre de la publicit\u00e9, des communications \u00e0 des fins de vente directe ou dans tout autre but commercial, des messages non sollicit\u00e9s adress\u00e9s \u00e0 plusieurs personnes, ind\u00e9pendamment de la finalit\u00e9 de ces messages, ainsi que de commercialiser ou diffuser ces informations par quelque moyen que ce soit.<\/li>\n<\/ul>\n\n\n\n<p>L\u2019utilisateur est responsable des dommages et int\u00e9r\u00eats de quelque nature que ce soit que TEJAS BORJA pourrait subir, \u00e0 l\u2019occasion de la violation de l\u2019une des obligations pr\u00e9c\u00e9demment expos\u00e9es ainsi que de toutes autres incluses dans les pr\u00e9sentes Conditions G\u00e9n\u00e9rales et\/ou celles qui sont impos\u00e9es par la Loi en ce qui concerne l\u2019utilisation du site Web.<\/p>\n\n\n\n<p><strong>CODE DE CONDUITE :<\/strong>&nbsp;Les utilisateurs peuvent contacter TEJAS BORJA et interagir dans certaines sections du site Web, ou via le Blog ou en partageant des sections sur les r\u00e9seaux sociaux, \u00e0 condition qu\u2019ils soient en conformit\u00e9 avec le code de conduite suivant :<\/p>\n\n\n\n<ol class=\"wp-block-list\">\n<li>AUCUN UTILISATEUR NE POURRA USURPER L\u2019IDENTIT\u00c9 D\u2019UNE AUTRE PERSONNE OU ORGANISATION.<\/li>\n\n\n\n<li>LE LANGAGE IRRESPECTUEUX ET OFFENSANT NE DEVRA PAS \u00caTRE UTILIS\u00c9.<\/li>\n\n\n\n<li>IL EST TOTALEMENT INTERDIT de pr\u00e9senter, citer et recommander des entreprises ou des sites Web et en g\u00e9n\u00e9ral mener des actions de marketing ou spam. Ce type de contenu sera supprim\u00e9 ainsi que les comptes qui auront r\u00e9alis\u00e9 une telle action et l\u2019Agence Espagnole de Protection des Donn\u00e9es en sera \u00e9galement inform\u00e9e.<\/li>\n<\/ol>\n\n\n\n<p><strong>DROITS DE PROPRI\u00c9T\u00c9 :<\/strong>&nbsp;Tout le contenu du Site, tels que les textes, articles d\u2019opinion, graphiques, photographies, logos, ic\u00f4nes, images, mais aussi graphisme, code source et logiciels, sont de la propri\u00e9t\u00e9 exclusive de TEJAS BORJA ou de tierces parties, dont les droits \u00e0 cet \u00e9gard sont d\u00e9tenus l\u00e9gitimement par TEJAS BORJA, donc pour autant, prot\u00e9g\u00e9s par la l\u00e9gislation nationale et internationale.<\/p>\n\n\n\n<p>L\u2019utilisation de tous les \u00e9l\u00e9ments soumis \u00e0 la propri\u00e9t\u00e9 industrielle et intellectuelle \u00e0 des fins commerciales ainsi que leur distribution, modification, alt\u00e9ration ou d\u00e9compilation est strictement interdite avec une attention particuli\u00e8re \u00e0 tous les designs des collections affich\u00e9es.<\/p>\n\n\n\n<p><strong>EXCLUSION DE GARANTIES ET DE RESPONSABILIT\u00c9 :<\/strong>&nbsp;TEJAS BORJA se r\u00e9serve le droit de r\u00e9silier votre acc\u00e8s aux services \u00e0 tout moment et sans pr\u00e9avis, que ce soit pour des raisons techniques, de s\u00e9curit\u00e9, de contr\u00f4le, de maintenance, de pannes de courant \u00e9lectrique ou toute autre cause justifi\u00e9e.<\/p>\n\n\n\n<p>En cons\u00e9quence, TEJAS BORJA ne garantit pas la fiabilit\u00e9, la disponibilit\u00e9 ou la continuit\u00e9 du Site ou des Services, c\u2019est pourquoi, l\u2019utilisation de celui-ci par les utilisateurs est effectu\u00e9e \u00e0 ses propres risques, sans que, \u00e0 aucun moment, des responsabilit\u00e9s ne puissent \u00eatre exig\u00e9es \u00e0 TEXAS BORJA dans ce sens.<\/p>\n\n\n\n<p>En outre, TEJAS BORJA n\u2019assume aucune responsabilit\u00e9 d\u00e9riv\u00e9e, y compris mais sans s\u2019y limiter :<\/p>\n\n\n\n<ul class=\"wp-block-list\">\n<li>De l\u2019utilisation faite par les utilisateurs des mat\u00e9riaux plac\u00e9s sur le site, qu\u2019ils soient interdits ou autoris\u00e9s, en violation des droits de propri\u00e9t\u00e9 intellectuelle et\/ou industrielle du contenu du propre site Web ou des portails de tiers.<\/li>\n\n\n\n<li>Des dommages et pr\u00e9judices \u00e9ventuels caus\u00e9s par un fonctionnement normal ou anormal des outils de recherche, de l\u2019organisation ou de l\u2019emplacement du contenu et\/ou acc\u00e8s aux services et, en g\u00e9n\u00e9ral, des erreurs ou des probl\u00e8mes g\u00e9n\u00e9r\u00e9s dans l\u2019\u00e9laboration ou la mise en \u0153uvre des \u00e9l\u00e9ments techniques qui composent le service.<\/li>\n\n\n\n<li>Du contenu des pages auxquelles les utilisateurs peuvent acc\u00e9der depuis des liens inclus sur le site web.<\/li>\n\n\n\n<li>Des actes ou omissions de tiers, ind\u00e9pendamment du fait que ces tierces parties pourraient \u00eatre unies \u00e0 TEJAS BORJA par contrat.<\/li>\n<\/ul>\n\n\n\n<p>De m\u00eame, TEJAS BORJA exclut toute responsabilit\u00e9 pour les dommages ou pr\u00e9judices de toute sorte qui pourraient se devoir \u00e0 la pr\u00e9sence de virus ou \u00e0 la pr\u00e9sence d\u2019autres \u00e9l\u00e9ments dommageables dans le contenu qui produiraient des alt\u00e9rations dans les syst\u00e8mes informatiques ainsi que dans les documents ou syst\u00e8mes de stockage de ceux-ci, TEJAS BORJA ne sera pas responsable, en aucun cas, lorsque surviendront :<\/p>\n\n\n\n<ul class=\"wp-block-list\">\n<li>Des erreurs ou retards dans l\u2019acc\u00e8s aux services par l\u2019utilisateur lors de la saisie de ses donn\u00e9es dans le formulaire appropri\u00e9 ou toute anomalie pouvant survenir lors de ces incidents qu\u2019ils soient dus \u00e0 des probl\u00e8mes avec le r\u00e9seau Internet, ou bien \u00e0 des causes de cas fortuit ou de force majeure et toute autre \u00e9ventualit\u00e9 impr\u00e9visible ind\u00e9pendante de la bonne foi de TEJAS BORJA.<\/li>\n\n\n\n<li>Des pannes ou incidents qui pourraient survenir lors des communications, effacement ou transmission incompl\u00e8te, de sorte qu\u2019il n\u2019est pas garanti que les services du site web soient constamment op\u00e9rationnels.<\/li>\n\n\n\n<li>Des erreurs ou des dommages produits au site web par une utilisation du service inefficace et de mauvaise foi par l\u2019utilisateur.<\/li>\n\n\n\n<li>Du non-fonctionnement ou de probl\u00e8mes avec l\u2019adresse e-mail fournie par l\u2019utilisateur pour l\u2019envoie des informations demand\u00e9es.<\/li>\n<\/ul>\n\n\n\n<p>Dans tous les cas, TEJAS BORJA s\u2019engage \u00e0 r\u00e9soudre les probl\u00e8mes qui pourraient survenir et \u00e0 offrir \u00e0 l\u2019utilisateur tout le soutien n\u00e9cessaire pour parvenir \u00e0 une solution rapide et satisfaisante de l\u2019incidence.<\/p>\n\n\n\n<p><strong>LIENS VERS D\u2019AUTRES SITES WEB :<\/strong>&nbsp;TEJAS BORJA ne garantit pas et n\u2019assume aucune responsabilit\u00e9 pour les dommages et pr\u00e9judices subis par l\u2019acc\u00e8s aux Services\/contenu de tiers par le biais de connexions, de liens ou links des sites li\u00e9s ou de l\u2019exactitude ou fiabilit\u00e9 de ceux-ci. La fonction des liens qui apparaissent sur TEJAS BORJA est exclusivement celle d\u2019informer l\u2019utilisateur de l\u2019existence d\u2019autres sources d\u2019information sur Internet, o\u00f9 ils pourront \u00e9largir les Services offerts par le Portail. TEJAS BORJA ne sera en aucun cas responsable du r\u00e9sultat obtenu \u00e0 travers ces liens ou des cons\u00e9quences d\u00e9coulant de l\u2019acc\u00e8s par les utilisateurs \u00e0 ces derniers. Ces Prestations de tiers sont fournies par eux-m\u00eames, donc TEJAS BORJA ne peut pas contr\u00f4ler et ne contr\u00f4le pas la l\u00e9galit\u00e9 des services ou leur qualit\u00e9. En cons\u00e9quence, l\u2019utilisateur doit faire preuve de prudence en \u00e9valuant et en utilisant les informations et services sur le contenu de tierces parties.<\/p>\n\n\n\n<p>L\u2019introduction de liens hypertexte \u00e0 des fins commerciales sur des pages web externes \u00e0 TEJAS BORJA qui permettent l\u2019acc\u00e8s \u00e0 ce pr\u00e9sent portail Web sans le consentement de TEJAS BORJA est express\u00e9ment interdite. Dans tous les cas, l\u2019existence de liens hypertexte sur des sites externes \u00e0 la soci\u00e9t\u00e9, n\u2019impliquera pas, en aucun cas, l\u2019existence de relations commerciales ou mercantiles avec le propri\u00e9taire du site web o\u00f9 le lien hypertexte est \u00e9tabli, ni l\u2019acceptation par TEJAS BORJA.<\/p>\n\n\n\n<p><strong>TRAITEMENT DE DONN\u00c9ES ET UTILISATION DES COOKIES :<\/strong>\u00a0Conform\u00e9ment \u00e0 ce qui est \u00e9tabli par la normative relative \u00e0 la protection des donn\u00e9es, nous vous informons que les donn\u00e9es \u00e0 caract\u00e8re personnel que vous nous fournissez sur notre site web ou par l\u2019envoi de courriers \u00e9lectroniques seront trait\u00e9es par TEJAS BORJA en qualit\u00e9 de responsable du traitement, selon la l\u00e9gitimit\u00e9 octroy\u00e9e lors du consentement donn\u00e9 par l\u2019utilisateur pour les finalit\u00e9s d\u00e9crites dans la\u00a0<a href=\"https:\/\/tejasborja.com\/fr\/politique-de-confidentialite\/\">Politique de Confidentialit\u00e9<\/a>, qui devra \u00eatre lue,\u00a0 comprise et accept\u00e9e pour l\u2019utilisation de ce site internet.<\/p>\n\n\n\n<p>D\u2019autre part, TEJAS BORJA informe que le fait de visiter le pr\u00e9sent portail web, n\u2019entra\u00eene pas l\u2019enregistrement, de mani\u00e8re automatique, de donn\u00e9es \u00e0 caract\u00e8re personnel identifiant l\u2019usager, toutefois, il existe des informations d\u00e9termin\u00e9es \u00e0 caract\u00e8re non personnel et non identifiable relatives \u00e0 un Usager concret qui sont recueillies et enregistr\u00e9es au cours de la session en directe par l\u2019interm\u00e9diaire de dispositifs appel\u00e9s \u00ab cookies \u00bb qui nous permettent d\u2019obtenir des informations statistiques sur l\u2019utilisation du site web pour ensuite pouvoir apporter des am\u00e9liorations. Tout utilisateur doit consulter notre\u00a0<a href=\"https:\/\/tejasborja.com\/fr\/politique-de-cookies\/\">Politique de cookies<\/a>\u00a0pour naviguer sur le web.<\/p>\n\n\n\n<p>Dans tous les cas, tous les utilisateurs ont le droit d\u2019exercer, \u00e0 tout moment, les droits d\u2019acc\u00e8s, de rectification, d\u2019annulation et d\u2019opposition, en \u00e9crivant \u00e0 l\u2019adresse de messagerie de TEJAS BORJA&nbsp;<a href=\"mailto:info@tejasborja.com\">info [a] tejasborja.com<\/a>.<\/p>\n\n\n\n<p><strong>LOI APPLICABLE ET JURIDICTION :<\/strong>&nbsp;Pour toute questions interpr\u00e9tatives ou contentieuses qui pourraient surgir, la Loi Espagnole sera d\u2019application et en cas de litige, les deux parties conviennent sans exception de se soumettre, en renon\u00e7ant express\u00e9ment \u00e0 tout autre droit dont elles pourraient se pr\u00e9valoir, \u00e0 la Juridiction des Tribunaux de la ville, de Ll\u00edria (Valence \u2013 Espagne).<\/p>\n","protected":false},"excerpt":{"rendered":"<p>PROPRI\u00c9TAIRE DU SITE :&nbsp;Ce site web appartient \u00e0 TEJAS BORJA, S.A.U. (ci-apr\u00e8s TEJAS BORJA) dont le num\u00e9ro CIF est ESA46068599 , ayant son si\u00e8ge social aux fins de se conformer \u00e0 l\u2019article 10 de la Loi des Services de la Soci\u00e9t\u00e9 de l\u2019information et du Commerce \u00c9lectronique \u00e0 la Carretera Lliria-Pedralba, Km.3 S\/N, 46160 de [&hellip;]<\/p>\n","protected":false},"author":4,"featured_media":0,"parent":0,"menu_order":0,"comment_status":"closed","ping_status":"closed","template":"page-templates\/container.php","meta":{"_acf_changed":false,"_eb_attr":"","footnotes":""},"class_list":["post-44064","page","type-page","status-publish","hentry"],"acf":[],"yoast_head":"<!-- This site is optimized with the Yoast SEO plugin v27.3 - https:\/\/yoast.com\/product\/yoast-seo-wordpress\/ -->\n<title>Mentions l\u00e9gales - Tejas Borja<\/title>\n<meta name=\"robots\" content=\"index, follow, max-snippet:-1, max-image-preview:large, max-video-preview:-1\" \/>\n<link rel=\"canonical\" href=\"https:\/\/tejasborja.com\/fr\/mentions-legales\/\" \/>\n<meta property=\"og:locale\" content=\"fr_FR\" \/>\n<meta property=\"og:type\" content=\"article\" \/>\n<meta property=\"og:title\" content=\"Mentions l\u00e9gales - Tejas Borja\" \/>\n<meta property=\"og:description\" content=\"PROPRI\u00c9TAIRE DU SITE :&nbsp;Ce site web appartient \u00e0 TEJAS BORJA, S.A.U. (ci-apr\u00e8s TEJAS BORJA) dont le num\u00e9ro CIF est ESA46068599 , ayant son si\u00e8ge social aux fins de se conformer \u00e0 l\u2019article 10 de la Loi des Services de la Soci\u00e9t\u00e9 de l\u2019information et du Commerce \u00c9lectronique \u00e0 la Carretera Lliria-Pedralba, Km.3 S\/N, 46160 de [&hellip;]\" \/>\n<meta property=\"og:url\" content=\"https:\/\/tejasborja.com\/fr\/mentions-legales\/\" \/>\n<meta property=\"og:site_name\" content=\"Tejas Borja\" \/>\n<meta property=\"article:modified_time\" content=\"2024-11-20T12:46:29+00:00\" \/>\n<meta name=\"twitter:card\" content=\"summary_large_image\" \/>\n<script type=\"application\/ld+json\" class=\"yoast-schema-graph\">{\"@context\":\"https:\\\/\\\/schema.org\",\"@graph\":[{\"@type\":\"WebPage\",\"@id\":\"https:\\\/\\\/tejasborja.com\\\/fr\\\/mentions-legales\\\/\",\"url\":\"https:\\\/\\\/tejasborja.com\\\/fr\\\/mentions-legales\\\/\",\"name\":\"Mentions l\u00e9gales - Tejas Borja\",\"isPartOf\":{\"@id\":\"https:\\\/\\\/tejasborja.com\\\/fr\\\/#website\"},\"datePublished\":\"2024-06-13T05:46:17+00:00\",\"dateModified\":\"2024-11-20T12:46:29+00:00\",\"breadcrumb\":{\"@id\":\"https:\\\/\\\/tejasborja.com\\\/fr\\\/mentions-legales\\\/#breadcrumb\"},\"inLanguage\":\"fr-FR\",\"potentialAction\":[{\"@type\":\"ReadAction\",\"target\":[\"https:\\\/\\\/tejasborja.com\\\/fr\\\/mentions-legales\\\/\"]}]},{\"@type\":\"BreadcrumbList\",\"@id\":\"https:\\\/\\\/tejasborja.com\\\/fr\\\/mentions-legales\\\/#breadcrumb\",\"itemListElement\":[{\"@type\":\"ListItem\",\"position\":1,\"name\":\"Portada\",\"item\":\"https:\\\/\\\/tejasborja.com\\\/fr\\\/\"},{\"@type\":\"ListItem\",\"position\":2,\"name\":\"Mentions l\u00e9gales\"}]},{\"@type\":\"WebSite\",\"@id\":\"https:\\\/\\\/tejasborja.com\\\/fr\\\/#website\",\"url\":\"https:\\\/\\\/tejasborja.com\\\/fr\\\/\",\"name\":\"Tejas Borja\",\"description\":\"TEJAS BORJA la gama m\u00e1s amplia de tejas cer\u00e1micas del mercado. Especialistas en tejas mixtas, tejas planas y tejas curvas tanto para rehabilitaci\u00f3n de cubiertas como para tejados de obra nueva. Una marca con m\u00e1s de 110 a\u00f1os de experiencia....\",\"publisher\":{\"@id\":\"https:\\\/\\\/tejasborja.com\\\/fr\\\/#organization\"},\"potentialAction\":[{\"@type\":\"SearchAction\",\"target\":{\"@type\":\"EntryPoint\",\"urlTemplate\":\"https:\\\/\\\/tejasborja.com\\\/fr\\\/?s={search_term_string}\"},\"query-input\":{\"@type\":\"PropertyValueSpecification\",\"valueRequired\":true,\"valueName\":\"search_term_string\"}}],\"inLanguage\":\"fr-FR\"},{\"@type\":\"Organization\",\"@id\":\"https:\\\/\\\/tejasborja.com\\\/fr\\\/#organization\",\"name\":\"Tejas Borja\",\"url\":\"https:\\\/\\\/tejasborja.com\\\/fr\\\/\",\"logo\":{\"@type\":\"ImageObject\",\"inLanguage\":\"fr-FR\",\"@id\":\"https:\\\/\\\/tejasborja.com\\\/fr\\\/#\\\/schema\\\/logo\\\/image\\\/\",\"url\":\"https:\\\/\\\/tejasborja.com\\\/wp-content\\\/uploads\\\/2025\\\/08\\\/Logo-Tejas-Borja-Blanco-1.png\",\"contentUrl\":\"https:\\\/\\\/tejasborja.com\\\/wp-content\\\/uploads\\\/2025\\\/08\\\/Logo-Tejas-Borja-Blanco-1.png\",\"width\":150,\"height\":50,\"caption\":\"Tejas Borja\"},\"image\":{\"@id\":\"https:\\\/\\\/tejasborja.com\\\/fr\\\/#\\\/schema\\\/logo\\\/image\\\/\"}}]}<\/script>\n<!-- \/ Yoast SEO plugin. -->","yoast_head_json":{"title":"Mentions l\u00e9gales - Tejas Borja","robots":{"index":"index","follow":"follow","max-snippet":"max-snippet:-1","max-image-preview":"max-image-preview:large","max-video-preview":"max-video-preview:-1"},"canonical":"https:\/\/tejasborja.com\/fr\/mentions-legales\/","og_locale":"fr_FR","og_type":"article","og_title":"Mentions l\u00e9gales - Tejas Borja","og_description":"PROPRI\u00c9TAIRE DU SITE :&nbsp;Ce site web appartient \u00e0 TEJAS BORJA, S.A.U. (ci-apr\u00e8s TEJAS BORJA) dont le num\u00e9ro CIF est ESA46068599 , ayant son si\u00e8ge social aux fins de se conformer \u00e0 l\u2019article 10 de la Loi des Services de la Soci\u00e9t\u00e9 de l\u2019information et du Commerce \u00c9lectronique \u00e0 la Carretera Lliria-Pedralba, Km.3 S\/N, 46160 de [&hellip;]","og_url":"https:\/\/tejasborja.com\/fr\/mentions-legales\/","og_site_name":"Tejas Borja","article_modified_time":"2024-11-20T12:46:29+00:00","twitter_card":"summary_large_image","schema":{"@context":"https:\/\/schema.org","@graph":[{"@type":"WebPage","@id":"https:\/\/tejasborja.com\/fr\/mentions-legales\/","url":"https:\/\/tejasborja.com\/fr\/mentions-legales\/","name":"Mentions l\u00e9gales - Tejas Borja","isPartOf":{"@id":"https:\/\/tejasborja.com\/fr\/#website"},"datePublished":"2024-06-13T05:46:17+00:00","dateModified":"2024-11-20T12:46:29+00:00","breadcrumb":{"@id":"https:\/\/tejasborja.com\/fr\/mentions-legales\/#breadcrumb"},"inLanguage":"fr-FR","potentialAction":[{"@type":"ReadAction","target":["https:\/\/tejasborja.com\/fr\/mentions-legales\/"]}]},{"@type":"BreadcrumbList","@id":"https:\/\/tejasborja.com\/fr\/mentions-legales\/#breadcrumb","itemListElement":[{"@type":"ListItem","position":1,"name":"Portada","item":"https:\/\/tejasborja.com\/fr\/"},{"@type":"ListItem","position":2,"name":"Mentions l\u00e9gales"}]},{"@type":"WebSite","@id":"https:\/\/tejasborja.com\/fr\/#website","url":"https:\/\/tejasborja.com\/fr\/","name":"Tejas Borja","description":"TEJAS BORJA la gama m\u00e1s amplia de tejas cer\u00e1micas del mercado. Especialistas en tejas mixtas, tejas planas y tejas curvas tanto para rehabilitaci\u00f3n de cubiertas como para tejados de obra nueva. Una marca con m\u00e1s de 110 a\u00f1os de experiencia....","publisher":{"@id":"https:\/\/tejasborja.com\/fr\/#organization"},"potentialAction":[{"@type":"SearchAction","target":{"@type":"EntryPoint","urlTemplate":"https:\/\/tejasborja.com\/fr\/?s={search_term_string}"},"query-input":{"@type":"PropertyValueSpecification","valueRequired":true,"valueName":"search_term_string"}}],"inLanguage":"fr-FR"},{"@type":"Organization","@id":"https:\/\/tejasborja.com\/fr\/#organization","name":"Tejas Borja","url":"https:\/\/tejasborja.com\/fr\/","logo":{"@type":"ImageObject","inLanguage":"fr-FR","@id":"https:\/\/tejasborja.com\/fr\/#\/schema\/logo\/image\/","url":"https:\/\/tejasborja.com\/wp-content\/uploads\/2025\/08\/Logo-Tejas-Borja-Blanco-1.png","contentUrl":"https:\/\/tejasborja.com\/wp-content\/uploads\/2025\/08\/Logo-Tejas-Borja-Blanco-1.png","width":150,"height":50,"caption":"Tejas Borja"},"image":{"@id":"https:\/\/tejasborja.com\/fr\/#\/schema\/logo\/image\/"}}]}},"_links":{"self":[{"href":"https:\/\/tejasborja.com\/fr\/wp-json\/wp\/v2\/pages\/44064","targetHints":{"allow":["GET"]}}],"collection":[{"href":"https:\/\/tejasborja.com\/fr\/wp-json\/wp\/v2\/pages"}],"about":[{"href":"https:\/\/tejasborja.com\/fr\/wp-json\/wp\/v2\/types\/page"}],"author":[{"embeddable":true,"href":"https:\/\/tejasborja.com\/fr\/wp-json\/wp\/v2\/users\/4"}],"replies":[{"embeddable":true,"href":"https:\/\/tejasborja.com\/fr\/wp-json\/wp\/v2\/comments?post=44064"}],"version-history":[{"count":0,"href":"https:\/\/tejasborja.com\/fr\/wp-json\/wp\/v2\/pages\/44064\/revisions"}],"wp:attachment":[{"href":"https:\/\/tejasborja.com\/fr\/wp-json\/wp\/v2\/media?parent=44064"}],"curies":[{"name":"wp","href":"https:\/\/api.w.org\/{rel}","templated":true}]}}