{"id":45369,"date":"2024-06-13T07:32:01","date_gmt":"2024-06-13T05:32:01","guid":{"rendered":"https:\/\/tejasborja.com\/espace-professionnel\/tarifas\/"},"modified":"2026-02-03T17:24:41","modified_gmt":"2026-02-03T16:24:41","slug":"tarifas","status":"publish","type":"page","link":"https:\/\/tejasborja.com\/fr\/espace-professionnel\/tarifas\/","title":{"rendered":"Liste de prix"},"content":{"rendered":"\n<div id=\"Header-block_20fa1de38c44c7b510307045fc357726\" class=\"v1 Header normal\" style=\"background-color: \">\n\n    \n    <div class=\"container\">\n        <div class=\"row\">\n            <div class=\"col-12\">\n                <div class=\"titulo\"><p class=''>Liste de prix<\/p>\n<\/div>\n            <\/div>\n        <\/div>\n        <div class=\"row\">\n            <div class=\"col-12 col-lg-10 mx-auto\">\n                <div class=\"subtitulo\"><p class=''>En tant qu\u2019utilisateur du\u00a0<strong>catalogue de Tejas Borja<\/strong>, vous pouvez acc\u00e9der aux\u00a0<strong>Liste des Prix <\/strong>mis \u00e0 jour de notre gamme \u00e9tendue de produits.<\/p>\n<\/div>\n            <\/div>\n        <\/div>\n    <\/div>\n\n    \n<\/div>\n\n\n\n<div id=\"Contenedor-block_0c23b11e2fb4783591e29180e62a3cdd\" class=\"Contenedor\" style=\"background-color: #f5f5f5\">\n\n    <div class=\"container p-0\">\n        <div class=\"acf-innerblocks-container\">\n\n<div class=\"wp-block-columns is-layout-flex wp-container-core-columns-is-layout-9d6595d7 wp-block-columns-is-layout-flex\">\n<div class=\"wp-block-column is-layout-flow wp-block-column-is-layout-flow\">\n<div id=\"TituloTexto-block_e1ad835847867410bb2a7d9670b4a912\" class=\"TituloTexto v1 withoutPadding withPaddingTop \" style=\"background-color: \">\n    <div class=\"container\">\n        <div class=\"row\">\n            <div class=\"col-12\">\n                <div class=\"titulo\" style=\"margin-bottom: 5px\"><p class='textXL'>Liste des prix 2026<\/p>\n<\/div>\n                <div class=\"texto textBody\"><p>En tant que prescripteur et canal de commercialisation du catalogue Tejas Borja, vous pouvez consulter le tarif des tuiles et l&rsquo;ensemble des produits de la marque Tejas Borja.<\/p>\n<\/div>\n            <\/div>\n        <\/div>\n    <\/div>\n<\/div>\n\n\n\n<div class=\"wp-block-group is-content-justification-left is-layout-flex wp-container-core-group-is-layout-76ea2f42 wp-block-group-is-layout-flex\">\n<div id=\"BotonUrl-block_004904e40b0977c86606982b7075337f\" class=\"BotonUrl normal\">\n    <div class=\"container\">\n        <div class=\"row\">\n            <div class=\"posicion col-12 d-flex justifty-content-left\">\n                                    \n                                                            <a class=\"primaryCta\" href=\"https:\/\/tejasborja.com\/tarifas\/fr\/Liste-de-Prix-Tejas-Borja-Export-2026.pdf\" download>T\u00e9l\u00e9charger (PDF) <\/a>\n                            \n                                        <\/div>\n        <\/div>\n    <\/div>\n<\/div>\n<\/div>\n\n\n\n<p class=\"pb-0 pb-sm-5 m-0 container\">En vigueur \u00e0 partir du 15 janvier 2026<\/p>\n<\/div>\n\n\n\n<div class=\"wp-block-column is-vertically-aligned-center is-layout-flow wp-block-column-is-layout-flow\">\n<div id=\"TituloTexto-block_82039c85ca27c80c57f8e803582b39bb\" class=\"TituloTexto v1 withoutPadding withReductedTop \" style=\"background-color: \">\n    <div class=\"container\">\n        <div class=\"row\">\n            <div class=\"col-12\">\n                <div class=\"titulo\" style=\"margin-bottom: 5px\"><p class='textLG'>Consultez les Conditions G\u00e9n\u00e9rales de vente<\/p>\n<\/div>\n                <div class=\"texto textBody\"><p>En vigueur \u00e0 partir du 15 janvier 2026<\/p>\n<\/div>\n            <\/div>\n        <\/div>\n    <\/div>\n<\/div>\n\n\n\n<div id=\"BotonUrl-block_2582f29892fffdf3cd1c652b2ac2ada8\" class=\"BotonUrl bigMargin\">\n    <div class=\"container\">\n        <div class=\"row\">\n            <div class=\"posicion col-12 d-flex justifty-content-left\">\n                                    \n                                                            <a href=\"https:\/\/tejasborja.com\/wp-content\/uploads\/2025\/11\/CGV_2026_TejasBorja_FRA.pdf \"  target=\"_blank\" >\n                                    <div class=\"underlineCta\">\n                                        Conditions G\u00e9n\u00e9rales de vente                                        <img decoding=\"async\" alt=\"icon\" class=\"icon lazyload\" data-src=\"https:\/\/tejasborja.com\/wp-content\/themes\/tejasborja\/assets\/images\/right-chevron-primary.svg\" src=\"data:image\/svg+xml;base64,PHN2ZyB3aWR0aD0iMSIgaGVpZ2h0PSIxIiB4bWxucz0iaHR0cDovL3d3dy53My5vcmcvMjAwMC9zdmciPjwvc3ZnPg==\" \/>\n                                    <\/div>\n                                <\/a>\n                                                        <\/div>\n        <\/div>\n    <\/div>\n<\/div>\n<\/div>\n<\/div>\n\n<\/div>\n    <\/div>\n\n<\/div>\n","protected":false},"excerpt":{"rendered":"","protected":false},"author":4,"featured_media":0,"parent":42567,"menu_order":0,"comment_status":"closed","ping_status":"closed","template":"","meta":{"_acf_changed":true,"_eb_attr":"","footnotes":""},"class_list":["post-45369","page","type-page","status-publish","hentry"],"acf":[],"yoast_head":"<!-- This site is optimized with the Yoast SEO plugin v27.1.1 - https:\/\/yoast.com\/product\/yoast-seo-wordpress\/ -->\n<title>Liste de prix - Tejas Borja<\/title>\n<meta name=\"description\" content=\"Consultez la liste de prix actualis\u00e9e de la vaste gamme de tuiles c\u00e9ramiques et de syst\u00e8mes de couverture de Tejas Borja.\" \/>\n<meta name=\"robots\" content=\"index, follow, max-snippet:-1, max-image-preview:large, max-video-preview:-1\" \/>\n<link rel=\"canonical\" href=\"https:\/\/tejasborja.com\/fr\/espace-professionnel\/tarifas\/\" \/>\n<meta property=\"og:locale\" content=\"fr_FR\" \/>\n<meta property=\"og:type\" content=\"article\" \/>\n<meta property=\"og:title\" content=\"Liste de prix - Tejas Borja\" \/>\n<meta property=\"og:description\" content=\"Consultez la liste de prix actualis\u00e9e de la vaste gamme de tuiles c\u00e9ramiques et de syst\u00e8mes de couverture de Tejas Borja.\" \/>\n<meta property=\"og:url\" content=\"https:\/\/tejasborja.com\/fr\/espace-professionnel\/tarifas\/\" \/>\n<meta property=\"og:site_name\" content=\"Tejas Borja\" \/>\n<meta property=\"article:modified_time\" content=\"2026-02-03T16:24:41+00:00\" \/>\n<meta name=\"twitter:card\" content=\"summary_large_image\" \/>\n<script type=\"application\/ld+json\" class=\"yoast-schema-graph\">{\"@context\":\"https:\/\/schema.org\",\"@graph\":[{\"@type\":\"WebPage\",\"@id\":\"https:\/\/tejasborja.com\/fr\/espace-professionnel\/tarifas\/\",\"url\":\"https:\/\/tejasborja.com\/fr\/espace-professionnel\/tarifas\/\",\"name\":\"Liste de prix - Tejas Borja\",\"isPartOf\":{\"@id\":\"https:\/\/tejasborja.com\/fr\/#website\"},\"datePublished\":\"2024-06-13T05:32:01+00:00\",\"dateModified\":\"2026-02-03T16:24:41+00:00\",\"description\":\"Consultez la liste de prix actualis\u00e9e de la vaste gamme de tuiles c\u00e9ramiques et de syst\u00e8mes de couverture de Tejas Borja.\",\"breadcrumb\":{\"@id\":\"https:\/\/tejasborja.com\/fr\/espace-professionnel\/tarifas\/#breadcrumb\"},\"inLanguage\":\"fr-FR\",\"potentialAction\":[{\"@type\":\"ReadAction\",\"target\":[\"https:\/\/tejasborja.com\/fr\/espace-professionnel\/tarifas\/\"]}]},{\"@type\":\"BreadcrumbList\",\"@id\":\"https:\/\/tejasborja.com\/fr\/espace-professionnel\/tarifas\/#breadcrumb\",\"itemListElement\":[{\"@type\":\"ListItem\",\"position\":1,\"name\":\"Portada\",\"item\":\"https:\/\/tejasborja.com\/fr\/\"},{\"@type\":\"ListItem\",\"position\":2,\"name\":\"Espace professionnel\",\"item\":\"https:\/\/tejasborja.com\/fr\/espace-professionnel\/\"},{\"@type\":\"ListItem\",\"position\":3,\"name\":\"Liste de prix\"}]},{\"@type\":\"WebSite\",\"@id\":\"https:\/\/tejasborja.com\/fr\/#website\",\"url\":\"https:\/\/tejasborja.com\/fr\/\",\"name\":\"Tejas Borja\",\"description\":\"TEJAS BORJA la gama m\u00e1s amplia de tejas cer\u00e1micas del mercado. Especialistas en tejas mixtas, tejas planas y tejas curvas tanto para rehabilitaci\u00f3n de cubiertas como para tejados de obra nueva. Una marca con m\u00e1s de 110 a\u00f1os de experiencia....\",\"publisher\":{\"@id\":\"https:\/\/tejasborja.com\/fr\/#organization\"},\"potentialAction\":[{\"@type\":\"SearchAction\",\"target\":{\"@type\":\"EntryPoint\",\"urlTemplate\":\"https:\/\/tejasborja.com\/fr\/?s={search_term_string}\"},\"query-input\":{\"@type\":\"PropertyValueSpecification\",\"valueRequired\":true,\"valueName\":\"search_term_string\"}}],\"inLanguage\":\"fr-FR\"},{\"@type\":\"Organization\",\"@id\":\"https:\/\/tejasborja.com\/fr\/#organization\",\"name\":\"Tejas Borja\",\"url\":\"https:\/\/tejasborja.com\/fr\/\",\"logo\":{\"@type\":\"ImageObject\",\"inLanguage\":\"fr-FR\",\"@id\":\"https:\/\/tejasborja.com\/fr\/#\/schema\/logo\/image\/\",\"url\":\"https:\/\/tejasborja.com\/wp-content\/uploads\/2025\/08\/Logo-Tejas-Borja-Blanco-1.png\",\"contentUrl\":\"https:\/\/tejasborja.com\/wp-content\/uploads\/2025\/08\/Logo-Tejas-Borja-Blanco-1.png\",\"width\":150,\"height\":50,\"caption\":\"Tejas Borja\"},\"image\":{\"@id\":\"https:\/\/tejasborja.com\/fr\/#\/schema\/logo\/image\/\"}}]}<\/script>\n<!-- \/ Yoast SEO plugin. -->","yoast_head_json":{"title":"Liste de prix - Tejas Borja","description":"Consultez la liste de prix actualis\u00e9e de la vaste gamme de tuiles c\u00e9ramiques et de syst\u00e8mes de couverture de Tejas Borja.","robots":{"index":"index","follow":"follow","max-snippet":"max-snippet:-1","max-image-preview":"max-image-preview:large","max-video-preview":"max-video-preview:-1"},"canonical":"https:\/\/tejasborja.com\/fr\/espace-professionnel\/tarifas\/","og_locale":"fr_FR","og_type":"article","og_title":"Liste de prix - Tejas Borja","og_description":"Consultez la liste de prix actualis\u00e9e de la vaste gamme de tuiles c\u00e9ramiques et de syst\u00e8mes de couverture de Tejas Borja.","og_url":"https:\/\/tejasborja.com\/fr\/espace-professionnel\/tarifas\/","og_site_name":"Tejas Borja","article_modified_time":"2026-02-03T16:24:41+00:00","twitter_card":"summary_large_image","schema":{"@context":"https:\/\/schema.org","@graph":[{"@type":"WebPage","@id":"https:\/\/tejasborja.com\/fr\/espace-professionnel\/tarifas\/","url":"https:\/\/tejasborja.com\/fr\/espace-professionnel\/tarifas\/","name":"Liste de prix - Tejas Borja","isPartOf":{"@id":"https:\/\/tejasborja.com\/fr\/#website"},"datePublished":"2024-06-13T05:32:01+00:00","dateModified":"2026-02-03T16:24:41+00:00","description":"Consultez la liste de prix actualis\u00e9e de la vaste gamme de tuiles c\u00e9ramiques et de syst\u00e8mes de couverture de Tejas Borja.","breadcrumb":{"@id":"https:\/\/tejasborja.com\/fr\/espace-professionnel\/tarifas\/#breadcrumb"},"inLanguage":"fr-FR","potentialAction":[{"@type":"ReadAction","target":["https:\/\/tejasborja.com\/fr\/espace-professionnel\/tarifas\/"]}]},{"@type":"BreadcrumbList","@id":"https:\/\/tejasborja.com\/fr\/espace-professionnel\/tarifas\/#breadcrumb","itemListElement":[{"@type":"ListItem","position":1,"name":"Portada","item":"https:\/\/tejasborja.com\/fr\/"},{"@type":"ListItem","position":2,"name":"Espace professionnel","item":"https:\/\/tejasborja.com\/fr\/espace-professionnel\/"},{"@type":"ListItem","position":3,"name":"Liste de prix"}]},{"@type":"WebSite","@id":"https:\/\/tejasborja.com\/fr\/#website","url":"https:\/\/tejasborja.com\/fr\/","name":"Tejas Borja","description":"TEJAS BORJA la gama m\u00e1s amplia de tejas cer\u00e1micas del mercado. Especialistas en tejas mixtas, tejas planas y tejas curvas tanto para rehabilitaci\u00f3n de cubiertas como para tejados de obra nueva. Una marca con m\u00e1s de 110 a\u00f1os de experiencia....","publisher":{"@id":"https:\/\/tejasborja.com\/fr\/#organization"},"potentialAction":[{"@type":"SearchAction","target":{"@type":"EntryPoint","urlTemplate":"https:\/\/tejasborja.com\/fr\/?s={search_term_string}"},"query-input":{"@type":"PropertyValueSpecification","valueRequired":true,"valueName":"search_term_string"}}],"inLanguage":"fr-FR"},{"@type":"Organization","@id":"https:\/\/tejasborja.com\/fr\/#organization","name":"Tejas Borja","url":"https:\/\/tejasborja.com\/fr\/","logo":{"@type":"ImageObject","inLanguage":"fr-FR","@id":"https:\/\/tejasborja.com\/fr\/#\/schema\/logo\/image\/","url":"https:\/\/tejasborja.com\/wp-content\/uploads\/2025\/08\/Logo-Tejas-Borja-Blanco-1.png","contentUrl":"https:\/\/tejasborja.com\/wp-content\/uploads\/2025\/08\/Logo-Tejas-Borja-Blanco-1.png","width":150,"height":50,"caption":"Tejas Borja"},"image":{"@id":"https:\/\/tejasborja.com\/fr\/#\/schema\/logo\/image\/"}}]}},"_links":{"self":[{"href":"https:\/\/tejasborja.com\/fr\/wp-json\/wp\/v2\/pages\/45369","targetHints":{"allow":["GET"]}}],"collection":[{"href":"https:\/\/tejasborja.com\/fr\/wp-json\/wp\/v2\/pages"}],"about":[{"href":"https:\/\/tejasborja.com\/fr\/wp-json\/wp\/v2\/types\/page"}],"author":[{"embeddable":true,"href":"https:\/\/tejasborja.com\/fr\/wp-json\/wp\/v2\/users\/4"}],"replies":[{"embeddable":true,"href":"https:\/\/tejasborja.com\/fr\/wp-json\/wp\/v2\/comments?post=45369"}],"version-history":[{"count":0,"href":"https:\/\/tejasborja.com\/fr\/wp-json\/wp\/v2\/pages\/45369\/revisions"}],"up":[{"embeddable":true,"href":"https:\/\/tejasborja.com\/fr\/wp-json\/wp\/v2\/pages\/42567"}],"wp:attachment":[{"href":"https:\/\/tejasborja.com\/fr\/wp-json\/wp\/v2\/media?parent=45369"}],"curies":[{"name":"wp","href":"https:\/\/api.w.org\/{rel}","templated":true}]}}